{"id":10013,"date":"2025-03-11T20:30:36","date_gmt":"2025-03-11T20:30:36","guid":{"rendered":"https:\/\/alameda.institute\/?page_id=10013"},"modified":"2025-03-11T20:37:58","modified_gmt":"2025-03-11T20:37:58","slug":"event-talk","status":"publish","type":"page","link":"https:\/\/alameda.institute\/pt\/event-talk\/","title":{"rendered":"Conversa sobre eventos"},"content":{"rendered":"<div data-elementor-type=\"wp-page\" data-elementor-id=\"10013\" class=\"elementor elementor-10013\" data-elementor-post-type=\"page\">\n\t\t\t\t<div class=\"elementor-element elementor-element-22aca5b e-con-full e-flex e-con e-parent\" data-id=\"22aca5b\" data-element_type=\"container\" data-e-type=\"container\" data-settings=\"{&quot;jet_parallax_layout_list&quot;:[]}\">\n\t\t<div class=\"elementor-element elementor-element-807c9a9 e-con-full e-flex e-con e-child\" data-id=\"807c9a9\" data-element_type=\"container\" data-e-type=\"container\" data-settings=\"{&quot;jet_parallax_layout_list&quot;:[]}\">\n\t\t\t\t<div class=\"elementor-element elementor-element-b55e9e0 elementor-widget elementor-widget-spacer\" data-id=\"b55e9e0\" data-element_type=\"widget\" data-e-type=\"widget\" data-widget_type=\"spacer.default\">\n\t\t\t\t<div class=\"elementor-widget-container\">\n\t\t\t\t\t\t\t<div class=\"elementor-spacer\">\n\t\t\t<div class=\"elementor-spacer-inner\"><\/div>\n\t\t<\/div>\n\t\t\t\t\t\t<\/div>\n\t\t\t\t<\/div>\n\t\t\t\t<div class=\"elementor-element elementor-element-7575e97 elementor-widget elementor-widget-heading\" data-id=\"7575e97\" data-element_type=\"widget\" data-e-type=\"widget\" data-widget_type=\"heading.default\">\n\t\t\t\t<div class=\"elementor-widget-container\">\n\t\t\t\t\t<h2 class=\"elementor-heading-title elementor-size-default\">UBERIZA\u00c7\u00c3O<\/h2>\t\t\t\t<\/div>\n\t\t\t\t<\/div>\n\t\t\t\t<div class=\"elementor-element elementor-element-58cb168 elementor-widget elementor-widget-heading\" data-id=\"58cb168\" data-element_type=\"widget\" data-e-type=\"widget\" data-widget_type=\"heading.default\">\n\t\t\t\t<div class=\"elementor-widget-container\">\n\t\t\t\t\t<h4 class=\"elementor-heading-title elementor-size-default\">Direitos de trabalhadores de aplicativo e o desafio de regular as plataformas<\/h4>\t\t\t\t<\/div>\n\t\t\t\t<\/div>\n\t\t\t\t<div class=\"elementor-element elementor-element-abf1735 elementor-position-inline-start elementor-mobile-position-inline-start elementor-view-default elementor-widget elementor-widget-icon-box\" data-id=\"abf1735\" data-element_type=\"widget\" data-e-type=\"widget\" data-widget_type=\"icon-box.default\">\n\t\t\t\t<div class=\"elementor-widget-container\">\n\t\t\t\t\t\t\t<div class=\"elementor-icon-box-wrapper\">\n\n\t\t\t\t\t\t<div class=\"elementor-icon-box-icon\">\n\t\t\t\t<span  class=\"elementor-icon\">\n\t\t\t\t<i aria-hidden=\"true\" class=\"far fa-calendar-check\"><\/i>\t\t\t\t<\/span>\n\t\t\t<\/div>\n\t\t\t\n\t\t\t\t\t\t<div class=\"elementor-icon-box-content\">\n\n\t\t\t\t\t\t\t\t\t<span class=\"elementor-icon-box-title\">\n\t\t\t\t\t\t<span  >\n\t\t\t\t\t\t\tSexta-feira, 14 de Mar\u00e7o de 2025\t\t\t\t\t\t<\/span>\n\t\t\t\t\t<\/span>\n\t\t\t\t\n\t\t\t\t\n\t\t\t<\/div>\n\t\t\t\n\t\t<\/div>\n\t\t\t\t\t\t<\/div>\n\t\t\t\t<\/div>\n\t\t\t\t<div class=\"elementor-element elementor-element-da9a215 elementor-widget elementor-widget-spacer\" data-id=\"da9a215\" data-element_type=\"widget\" data-e-type=\"widget\" data-widget_type=\"spacer.default\">\n\t\t\t\t<div class=\"elementor-widget-container\">\n\t\t\t\t\t\t\t<div class=\"elementor-spacer\">\n\t\t\t<div class=\"elementor-spacer-inner\"><\/div>\n\t\t<\/div>\n\t\t\t\t\t\t<\/div>\n\t\t\t\t<\/div>\n\t\t\t\t<div class=\"elementor-element elementor-element-08cd793 elementor-widget elementor-widget-heading\" data-id=\"08cd793\" data-element_type=\"widget\" data-e-type=\"widget\" data-widget_type=\"heading.default\">\n\t\t\t\t<div class=\"elementor-widget-container\">\n\t\t\t\t\t<h4 class=\"elementor-heading-title elementor-size-default\">Sobre<\/h4>\t\t\t\t<\/div>\n\t\t\t\t<\/div>\n\t\t\t\t<div class=\"elementor-element elementor-element-57d4d31 elementor-widget elementor-widget-text-editor\" data-id=\"57d4d31\" data-element_type=\"widget\" data-e-type=\"widget\" data-widget_type=\"text-editor.default\">\n\t\t\t\t<div class=\"elementor-widget-container\">\n\t\t\t\t\t\t\t\t\t<p>Nesta sexta-feira (14), \u00e0s 16h30, converso com os pesquisadores Ludmila Abilio e Renan Kalil sobre o cada vez mais intenso intenso impacto dos aplicativos de grandes plataformas no mercado de trabalho.<\/p><p>\u00a0<\/p><p><strong>Participantes:<\/strong><\/p><p>Ludmila Costhek Abilio \u00e9 soci\u00f3loga, pesquisadora independente e professora colaboradora do IFCH, da Unicamp. \u00c9 autora do livro Sem Maquiagem: Uma Empresa e Um Milh\u00e3o de Revendedoras de Cosm\u00e9ticos (Boitempo), bem como de v\u00e1rios artigos que tratam da uberiza\u00e7\u00e3o do trabalho na atualidade. H\u00e1 mais de dez anos, ela realiza pesquisas sobre o trabalho e a luta dos &#8220;entregadores&#8221;.<br \/><br \/>Renan Kalil \u00e9 procurador do Trabalho, coordenador nacional da CONAFRET, Pesquisador de p\u00f3s-doc na Faculdade de Direito da USP e professor de direito no Insper.<br \/><br \/>Vanessa Oliveira \u00e9 jornalista, doutora em Ci\u00eancias Humanas e Sociais pela Paris VIII e UFABC e mestre em estudos latino-americanos pelo IHEAL, Sorbonne Nouvelle &#8211; Paris III. \u00c9 professora de jornalismo nas Universidades Mackenzie e PUC-SP. Pelo Alameda, pesquisa os intentos de regula\u00e7\u00e3o no Brasil e no Chile com intuito de proteger trabalhadores de aplicativo.<\/p>\t\t\t\t\t\t\t\t<\/div>\n\t\t\t\t<\/div>\n\t\t\t\t<\/div>\n\t\t<div class=\"elementor-element elementor-element-7e6d9ba e-con-full e-flex e-con e-child\" data-id=\"7e6d9ba\" data-element_type=\"container\" data-e-type=\"container\" data-settings=\"{&quot;jet_parallax_layout_list&quot;:[]}\">\n\t\t\t\t<div class=\"elementor-element elementor-element-9fbf0b9 elementor-widget elementor-widget-image\" data-id=\"9fbf0b9\" data-element_type=\"widget\" data-e-type=\"widget\" data-widget_type=\"image.default\">\n\t\t\t\t<div class=\"elementor-widget-container\">\n\t\t\t\t\t\t\t\t\t\t\t\t\t\t\t<img fetchpriority=\"high\" decoding=\"async\" width=\"1044\" height=\"1186\" src=\"https:\/\/alameda.institute\/wp-content\/smush-webp\/2025\/03\/Captura-de-Tela-2025-03-11-as-17.31.07.png.webp\" class=\"attachment-full size-full wp-image-10015\" alt=\"\" srcset=\"https:\/\/alameda.institute\/wp-content\/smush-webp\/2025\/03\/Captura-de-Tela-2025-03-11-as-17.31.07.png.webp 1044w, https:\/\/alameda.institute\/wp-content\/smush-webp\/2025\/03\/Captura-de-Tela-2025-03-11-as-17.31.07-264x300.png.webp 264w, https:\/\/alameda.institute\/wp-content\/smush-webp\/2025\/03\/Captura-de-Tela-2025-03-11-as-17.31.07-901x1024.png.webp 901w, https:\/\/alameda.institute\/wp-content\/smush-webp\/2025\/03\/Captura-de-Tela-2025-03-11-as-17.31.07-768x872.png.webp 768w, https:\/\/alameda.institute\/wp-content\/smush-webp\/2025\/03\/Captura-de-Tela-2025-03-11-as-17.31.07-11x12.png.webp 11w, https:\/\/alameda.institute\/wp-content\/smush-webp\/2025\/03\/Captura-de-Tela-2025-03-11-as-17.31.07-600x682.png.webp 600w\" sizes=\"(max-width: 1044px) 100vw, 1044px\" \/>\t\t\t\t\t\t\t\t\t\t\t\t\t\t\t<\/div>\n\t\t\t\t<\/div>\n\t\t\t\t<div class=\"elementor-element elementor-element-b56f7db elementor-align-justify elementor-widget elementor-widget-button\" data-id=\"b56f7db\" data-element_type=\"widget\" data-e-type=\"widget\" data-widget_type=\"button.default\">\n\t\t\t\t<div class=\"elementor-widget-container\">\n\t\t\t\t\t\t\t\t\t<div class=\"elementor-button-wrapper\">\n\t\t\t\t\t<a class=\"elementor-button elementor-button-link elementor-size-sm\" href=\"https:\/\/us02web.zoom.us\/j\/83207241669?pwd=aVnCw8OM6YAUgCbQNCp5G0cLVmShHg.1\">\n\t\t\t\t\t\t<span class=\"elementor-button-content-wrapper\">\n\t\t\t\t\t\t\t\t\t<span class=\"elementor-button-text\">ACESSE O WEBINAR<\/span>\n\t\t\t\t\t<\/span>\n\t\t\t\t\t<\/a>\n\t\t\t\t<\/div>\n\t\t\t\t\t\t\t\t<\/div>\n\t\t\t\t<\/div>\n\t\t\t\t<\/div>\n\t\t\t\t<\/div>\n\t\t<div class=\"elementor-element elementor-element-6132cab e-flex e-con-boxed e-con e-parent\" data-id=\"6132cab\" data-element_type=\"container\" data-e-type=\"container\" data-settings=\"{&quot;jet_parallax_layout_list&quot;:[]}\">\n\t\t\t\t\t<div class=\"e-con-inner\">\n\t\t\t\t\t<\/div>\n\t\t\t\t<\/div>\n\t\t\t\t<\/div>","protected":false},"excerpt":{"rendered":"<p>UBERIZA\u00c7\u00c3O Direitos de trabalhadores de aplicativo e o desafio de regular as plataformas Sexta-feira, 14 de Mar\u00e7o de 2025 Sobre Nesta sexta-feira (14), \u00e0s 16h30, converso com os pesquisadores Ludmila Abilio e Renan Kalil sobre o cada vez mais intenso intenso impacto dos aplicativos de grandes plataformas no mercado de trabalho. \u00a0 Participantes: Ludmila Costhek [&hellip;]<\/p>\n","protected":false},"author":6,"featured_media":0,"parent":0,"menu_order":0,"comment_status":"closed","ping_status":"closed","template":"","meta":{"footnotes":""},"class_list":["post-10013","page","type-page","status-publish","hentry"],"_links":{"self":[{"href":"https:\/\/alameda.institute\/pt\/wp-json\/wp\/v2\/pages\/10013","targetHints":{"allow":["GET"]}}],"collection":[{"href":"https:\/\/alameda.institute\/pt\/wp-json\/wp\/v2\/pages"}],"about":[{"href":"https:\/\/alameda.institute\/pt\/wp-json\/wp\/v2\/types\/page"}],"author":[{"embeddable":true,"href":"https:\/\/alameda.institute\/pt\/wp-json\/wp\/v2\/users\/6"}],"replies":[{"embeddable":true,"href":"https:\/\/alameda.institute\/pt\/wp-json\/wp\/v2\/comments?post=10013"}],"version-history":[{"count":0,"href":"https:\/\/alameda.institute\/pt\/wp-json\/wp\/v2\/pages\/10013\/revisions"}],"wp:attachment":[{"href":"https:\/\/alameda.institute\/pt\/wp-json\/wp\/v2\/media?parent=10013"}],"curies":[{"name":"wp","href":"https:\/\/api.w.org\/{rel}","templated":true}]}}