{"id":10114,"date":"2025-03-20T17:13:37","date_gmt":"2025-03-20T17:13:37","guid":{"rendered":"https:\/\/alameda.institute\/?page_id=10114"},"modified":"2025-03-20T17:53:37","modified_gmt":"2025-03-20T17:53:37","slug":"dossie-contendo-politica","status":"publish","type":"page","link":"https:\/\/alameda.institute\/pt\/publishing\/dossier-containing-politics\/","title":{"rendered":"Dossi\u00ea contendo pol\u00edtica"},"content":{"rendered":"\t\t<div data-elementor-type=\"wp-page\" data-elementor-id=\"10114\" class=\"elementor elementor-10114\" data-elementor-post-type=\"page\">\n\t\t\t\t<div class=\"elementor-element elementor-element-73aba353 e-con-full e-flex e-con e-parent\" data-id=\"73aba353\" data-element_type=\"container\" data-e-type=\"container\" data-settings=\"{&quot;background_background&quot;:&quot;classic&quot;,&quot;jet_parallax_layout_list&quot;:[],&quot;animation_mobile&quot;:&quot;zoomIn&quot;}\">\n\t\t<div class=\"elementor-element elementor-element-1ca1cba0 e-con-full e-flex e-con e-child\" data-id=\"1ca1cba0\" data-element_type=\"container\" data-e-type=\"container\" data-settings=\"{&quot;jet_parallax_layout_list&quot;:[]}\">\n\t\t\t\t<div class=\"elementor-element elementor-element-3488146e e-transform elementor-invisible elementor-widget elementor-widget-image\" data-id=\"3488146e\" data-element_type=\"widget\" data-e-type=\"widget\" data-settings=\"{&quot;_animation&quot;:&quot;slideInLeft&quot;,&quot;_transform_rotateZ_effect&quot;:{&quot;unit&quot;:&quot;px&quot;,&quot;size&quot;:-14,&quot;sizes&quot;:[]},&quot;_transform_rotateZ_effect_tablet&quot;:{&quot;unit&quot;:&quot;deg&quot;,&quot;size&quot;:&quot;&quot;,&quot;sizes&quot;:[]},&quot;_transform_rotateZ_effect_mobile&quot;:{&quot;unit&quot;:&quot;deg&quot;,&quot;size&quot;:&quot;&quot;,&quot;sizes&quot;:[]}}\" data-widget_type=\"image.default\">\n\t\t\t\t<div class=\"elementor-widget-container\">\n\t\t\t\t\t\t\t\t\t\t\t\t\t\t\t<img fetchpriority=\"high\" decoding=\"async\" width=\"1417\" height=\"2000\" src=\"https:\/\/alameda.institute\/wp-content\/smush-webp\/2025\/03\/Containing-Politics-cover-alameda-institute.jpg.webp\" class=\"elementor-animation-grow-rotate attachment-full size-full wp-image-10129\" alt=\"\" srcset=\"https:\/\/alameda.institute\/wp-content\/smush-webp\/2025\/03\/Containing-Politics-cover-alameda-institute.jpg.webp 1417w, https:\/\/alameda.institute\/wp-content\/smush-webp\/2025\/03\/Containing-Politics-cover-alameda-institute-213x300.jpg.webp 213w, https:\/\/alameda.institute\/wp-content\/smush-webp\/2025\/03\/Containing-Politics-cover-alameda-institute-726x1024.jpg.webp 726w, https:\/\/alameda.institute\/wp-content\/smush-webp\/2025\/03\/Containing-Politics-cover-alameda-institute-768x1084.jpg.webp 768w, https:\/\/alameda.institute\/wp-content\/smush-webp\/2025\/03\/Containing-Politics-cover-alameda-institute-1088x1536.jpg.webp 1088w, https:\/\/alameda.institute\/wp-content\/smush-webp\/2025\/03\/Containing-Politics-cover-alameda-institute-9x12.jpg.webp 9w, https:\/\/alameda.institute\/wp-content\/smush-webp\/2025\/03\/Containing-Politics-cover-alameda-institute-600x847.jpg.webp 600w\" sizes=\"(max-width: 1417px) 100vw, 1417px\" \/>\t\t\t\t\t\t\t\t\t\t\t\t\t\t\t<\/div>\n\t\t\t\t<\/div>\n\t\t\t\t<\/div>\n\t\t<div class=\"elementor-element elementor-element-2101a29d e-con-full animated-slow e-flex elementor-invisible e-con e-child\" data-id=\"2101a29d\" data-element_type=\"container\" data-e-type=\"container\" data-settings=\"{&quot;jet_parallax_layout_list&quot;:[],&quot;animation&quot;:&quot;fadeIn&quot;}\">\n\t\t\t\t<div class=\"elementor-element elementor-element-339d5f8b elementor-widget elementor-widget-heading\" data-id=\"339d5f8b\" data-element_type=\"widget\" data-e-type=\"widget\" data-widget_type=\"heading.default\">\n\t\t\t\t<div class=\"elementor-widget-container\">\n\t\t\t\t\t<p class=\"elementor-heading-title elementor-size-default\">dossier<\/p>\t\t\t\t<\/div>\n\t\t\t\t<\/div>\n\t\t\t\t<div class=\"elementor-element elementor-element-1ef42ef0 elementor-widget elementor-widget-heading\" data-id=\"1ef42ef0\" data-element_type=\"widget\" data-e-type=\"widget\" data-widget_type=\"heading.default\">\n\t\t\t\t<div class=\"elementor-widget-container\">\n\t\t\t\t\t<h3 class=\"elementor-heading-title elementor-size-default\">CONTAINING POLITICS<\/h3>\t\t\t\t<\/div>\n\t\t\t\t<\/div>\n\t\t\t\t<\/div>\n\t\t\t\t<\/div>\n\t\t<div class=\"elementor-element elementor-element-9145dcf e-con-full e-flex e-con e-parent\" data-id=\"9145dcf\" data-element_type=\"container\" data-e-type=\"container\" data-settings=\"{&quot;jet_parallax_layout_list&quot;:[],&quot;background_background&quot;:&quot;classic&quot;}\">\n\t\t<div class=\"elementor-element elementor-element-d7b8d0e e-con-full e-flex e-con e-child\" data-id=\"d7b8d0e\" data-element_type=\"container\" data-e-type=\"container\" data-settings=\"{&quot;jet_parallax_layout_list&quot;:[],&quot;background_background&quot;:&quot;classic&quot;}\">\n\t\t\t\t<div class=\"elementor-element elementor-element-91c08b9 elementor-widget elementor-widget-heading\" data-id=\"91c08b9\" data-element_type=\"widget\" data-e-type=\"widget\" data-widget_type=\"heading.default\">\n\t\t\t\t<div class=\"elementor-widget-container\">\n\t\t\t\t\t<h2 class=\"elementor-heading-title elementor-size-default\">INDEX<\/h2>\t\t\t\t<\/div>\n\t\t\t\t<\/div>\n\t\t\t\t<div class=\"elementor-element elementor-element-8f79d62 elementor-widget elementor-widget-spacer\" data-id=\"8f79d62\" data-element_type=\"widget\" data-e-type=\"widget\" data-widget_type=\"spacer.default\">\n\t\t\t\t<div class=\"elementor-widget-container\">\n\t\t\t\t\t\t\t<div class=\"elementor-spacer\">\n\t\t\t<div class=\"elementor-spacer-inner\"><\/div>\n\t\t<\/div>\n\t\t\t\t\t\t<\/div>\n\t\t\t\t<\/div>\n\t\t\t\t<div class=\"elementor-element elementor-element-2425b36 elementor-widget elementor-widget-jet-blog-smart-listing\" data-id=\"2425b36\" data-element_type=\"widget\" data-e-type=\"widget\" data-widget_type=\"jet-blog-smart-listing.default\">\n\t\t\t\t<div class=\"elementor-widget-container\">\n\t\t\t\t\t<div class=\"elementor-jet-blog-smart-listing jet-blog\"><div class=\"jet-smart-listing-wrap\" data-settings='{&quot;block_title&quot;:&quot;&quot;,&quot;title_tag&quot;:&quot;h2&quot;,&quot;featured_post&quot;:&quot;&quot;,&quot;featured_position&quot;:null,&quot;featured_width&quot;:null,&quot;featured_layout&quot;:null,&quot;featured_image_size&quot;:null,&quot;featured_image_position&quot;:null,&quot;featured_image_width&quot;:null,&quot;featured_excerpt_length&quot;:null,&quot;featured_excerpt_trimmed_ending&quot;:null,&quot;featured_read_more&quot;:null,&quot;featured_read_more_text&quot;:null,&quot;featured_show_meta&quot;:null,&quot;featured_show_author&quot;:null,&quot;featured_show_author_avatar&quot;:null,&quot;featured_show_author_from&quot;:null,&quot;featured_avatar_custom_field&quot;:null,&quot;featured_avatar_size&quot;:null,&quot;featured_show_author_icon&quot;:null,&quot;selected_featured_show_author_icon&quot;:null,&quot;featured_show_date&quot;:null,&quot;featured_show_date_icon&quot;:null,&quot;selected_featured_show_date_icon&quot;:null,&quot;featured_show_comments&quot;:null,&quot;featured_show_comments_icon&quot;:null,&quot;selected_featured_show_comments_icon&quot;:null,&quot;posts_columns_widescreen&quot;:null,&quot;posts_columns&quot;:1,&quot;posts_columns_laptop&quot;:null,&quot;posts_columns_tablet_extra&quot;:null,&quot;posts_columns_tablet&quot;:null,&quot;posts_columns_mobile_extra&quot;:null,&quot;posts_columns_mobile&quot;:null,&quot;posts_rows_widescreen&quot;:null,&quot;posts_rows&quot;:&quot;6&quot;,&quot;posts_rows_laptop&quot;:null,&quot;posts_rows_tablet_extra&quot;:null,&quot;posts_rows_tablet&quot;:null,&quot;posts_rows_mobile_extra&quot;:null,&quot;posts_rows_mobile&quot;:null,&quot;image_size&quot;:null,&quot;image_position&quot;:null,&quot;image_width&quot;:null,&quot;excerpt_length&quot;:0,&quot;excerpt_trimmed_ending&quot;:&quot;&quot;,&quot;read_more&quot;:&quot;&quot;,&quot;read_more_text&quot;:null,&quot;show_meta&quot;:&quot;&quot;,&quot;show_author&quot;:null,&quot;show_author_avatar&quot;:null,&quot;get_avatar_from&quot;:null,&quot;avatar_custom_field&quot;:null,&quot;avatar_size&quot;:null,&quot;show_author_icon&quot;:null,&quot;selected_show_author_icon&quot;:null,&quot;show_date&quot;:null,&quot;show_date_icon&quot;:null,&quot;selected_show_date_icon&quot;:null,&quot;show_comments&quot;:null,&quot;show_comments_icon&quot;:null,&quot;selected_show_comments_icon&quot;:null,&quot;query_by&quot;:null,&quot;category_ids&quot;:null,&quot;post_tag_ids&quot;:null,&quot;include_ids&quot;:null,&quot;exclude_ids&quot;:null,&quot;custom_query_by&quot;:null,&quot;custom_terms_ids&quot;:null,&quot;meta_query&quot;:null,&quot;meta_key&quot;:null,&quot;meta_value&quot;:null,&quot;show_filter&quot;:&quot;&quot;,&quot;filter_by&quot;:null,&quot;show_all_btn&quot;:null,&quot;all_btn_label&quot;:null,&quot;more_terms_icon&quot;:null,&quot;selected_more_terms_icon&quot;:null,&quot;show_arrows&quot;:&quot;&quot;,&quot;arrow_type&quot;:null,&quot;show_featured_terms&quot;:null,&quot;show_featured_terms_tax&quot;:null,&quot;show_featured_terms_num&quot;:null,&quot;show_terms&quot;:&quot;&quot;,&quot;show_terms_tax&quot;:null,&quot;show_terms_num&quot;:null,&quot;featured_meta_position&quot;:null,&quot;meta_position&quot;:null,&quot;show_image&quot;:&quot;&quot;,&quot;post_type&quot;:null,&quot;post_ids&quot;:null,&quot;content_related_meta&quot;:null,&quot;show_content_related_meta&quot;:&quot;&quot;,&quot;meta_content_related_position&quot;:null,&quot;title_related_meta&quot;:[{&quot;meta_label&quot;:&quot;By&quot;,&quot;_id&quot;:&quot;34a4f4a&quot;,&quot;meta_key&quot;:&quot;author-name&quot;,&quot;meta_format&quot;:&quot;%s&quot;,&quot;date_format&quot;:null,&quot;selected_item_icon&quot;:{&quot;value&quot;:&quot;&quot;,&quot;library&quot;:&quot;&quot;},&quot;item_use_image&quot;:&quot;false&quot;,&quot;item_image&quot;:null,&quot;meta_callback&quot;:&quot;&quot;}],&quot;show_title_related_meta&quot;:&quot;yes&quot;,&quot;meta_title_related_position&quot;:&quot;after&quot;,&quot;featured_title_length&quot;:null,&quot;title_length&quot;:0,&quot;add_button_icon&quot;:&quot;&quot;,&quot;button_icon&quot;:null,&quot;selected_button_icon&quot;:null,&quot;post_add_button_icon&quot;:&quot;&quot;,&quot;post_button_icon&quot;:null,&quot;selected_post_button_icon&quot;:null,&quot;use_custom_query&quot;:&quot;true&quot;,&quot;custom_query&quot;:&quot;{\\&quot;tag\\&quot;:\\&quot;ContainingPolitics\\&quot;,\\&quot;post_type\\&quot;:\\&quot;post\\&quot;,\\&quot;post_status\\&quot;:\\&quot;publish\\&quot;,\\&quot;order\\&quot;:\\&quot;ASC\\&quot;,\\&quot;orderby\\&quot;:\\&quot;modifid\\&quot;}&quot;,&quot;posts_offset&quot;:null,&quot;order&quot;:null,&quot;order_by&quot;:null,&quot;is_archive_template&quot;:&quot;&quot;,&quot;query_builder_id&quot;:&quot;&quot;}' data-page=\"1\" data-term=\"0\" data-scroll-top=>\n\t<div class=\"jet-smart-listing__heading\"><span class=\"jet-smart-listing__title-placeholder\"><\/span><\/div>\n\t<div class=\"jet-smart-listing rows-6 no-featured\"><div class=\"jet-smart-listing__posts\">\n\t\t\t\t<div class=\"jet-smart-listing__post-wrapper\">\n\t\t\t\t<div class=\"jet-smart-listing__post\">\n\t\t\t\t\t\t\t\t\t\t\t\t\t\t\t<div class=\"jet-smart-listing__post-content\"><div class=\"jet-smart-listing__post-title post-title-simple\"><a href=\"https:\/\/alameda.institute\/pt\/type-article\/containing-politics-dossier\/\">I. Introduction: Containing politics dossier\u00a0<\/a><\/div><div class=\"jet-title-fields\"><div class=\"jet-title-fields__item\"><div class=\"jet-title-fields__item-label\">By<\/div><div class=\"jet-title-fields__item-value\">Eleanor Davey<\/div><\/div><\/div><\/div>\n\t\t\t\t<\/div>\n\t\t\t<\/div>\n\t\t\t\t\t\t<div class=\"jet-smart-listing__post-wrapper\">\n\t\t\t\t<div class=\"jet-smart-listing__post\">\n\t\t\t\t\t\t\t\t\t\t\t\t\t\t\t<div class=\"jet-smart-listing__post-content\"><div class=\"jet-smart-listing__post-title post-title-simple\"><a href=\"https:\/\/alameda.institute\/pt\/type-article\/non-aligned-approaches-to-humanitarianism-yugoslav-interventions-in-the-international-red-cross-movement-in-the-1970s\/\">Non-Aligned approaches to humanitarianism? Yugoslav interventions in the international Red Cross movement in the 1970s<\/a><\/div><div class=\"jet-title-fields\"><div class=\"jet-title-fields__item\"><div class=\"jet-title-fields__item-label\">By<\/div><div class=\"jet-title-fields__item-value\">\u010carna Brkovi\u0107, Laura Grigoleit, Marla Heidrich, Marius Jung, Svenja Kimpel, Natalie Sadeq, Annika V\u00f6lkmann <\/div><\/div><\/div><\/div>\n\t\t\t\t<\/div>\n\t\t\t<\/div>\n\t\t\t\t\t\t<div class=\"jet-smart-listing__post-wrapper\">\n\t\t\t\t<div class=\"jet-smart-listing__post\">\n\t\t\t\t\t\t\t\t\t\t\t\t\t\t\t<div class=\"jet-smart-listing__post-content\"><div class=\"jet-smart-listing__post-title post-title-simple\"><a href=\"https:\/\/alameda.institute\/pt\/type-article\/western-humanitarianism-saving-lives-or-regulating-death\/\">Western Humanitarianism: Saving Lives or Regulating Death?<\/a><\/div><div class=\"jet-title-fields\"><div class=\"jet-title-fields__item\"><div class=\"jet-title-fields__item-label\">By<\/div><div class=\"jet-title-fields__item-value\">Mark Duffield<\/div><\/div><\/div><\/div>\n\t\t\t\t<\/div>\n\t\t\t<\/div>\n\t\t\t\t\t\t<div class=\"jet-smart-listing__post-wrapper\">\n\t\t\t\t<div class=\"jet-smart-listing__post\">\n\t\t\t\t\t\t\t\t\t\t\t\t\t\t\t<div class=\"jet-smart-listing__post-content\"><div class=\"jet-smart-listing__post-title post-title-simple\"><a href=\"https:\/\/alameda.institute\/pt\/type-article\/the-peasants-arrested-revolution\/\">The Peasant\u2019s Arrested Revolution<\/a><\/div><div class=\"jet-title-fields\"><div class=\"jet-title-fields__item\"><div class=\"jet-title-fields__item-label\">By<\/div><div class=\"jet-title-fields__item-value\">Rahmane Idrissa<\/div><\/div><\/div><\/div>\n\t\t\t\t<\/div>\n\t\t\t<\/div>\n\t\t\t\t\t\t<div class=\"jet-smart-listing__post-wrapper\">\n\t\t\t\t<div class=\"jet-smart-listing__post\">\n\t\t\t\t\t\t\t\t\t\t\t\t\t\t\t<div class=\"jet-smart-listing__post-content\"><div class=\"jet-smart-listing__post-title post-title-simple\"><a href=\"https:\/\/alameda.institute\/pt\/type-article\/race-humanitarianism-and-the-south-african-red-cross-incident-1986-7\/\">Race, Humanitarianism and the South African Red Cross Incident 1986-7<\/a><\/div><div class=\"jet-title-fields\"><div class=\"jet-title-fields__item\"><div class=\"jet-title-fields__item-label\">By<\/div><div class=\"jet-title-fields__item-value\">Mandisa Mbali <\/div><\/div><\/div><\/div>\n\t\t\t\t<\/div>\n\t\t\t<\/div>\n\t\t\t\t\t\t<div class=\"jet-smart-listing__post-wrapper\">\n\t\t\t\t<div class=\"jet-smart-listing__post\">\n\t\t\t\t\t\t\t\t\t\t\t\t\t\t\t<div class=\"jet-smart-listing__post-content\"><div class=\"jet-smart-listing__post-title post-title-simple\"><a href=\"https:\/\/alameda.institute\/pt\/type-article\/ecocide-exploring-the-roots-and-current-applications-of-the-concept\/\">Ecocide: Exploring the Roots and Current Applications of the Concept<\/a><\/div><div class=\"jet-title-fields\"><div class=\"jet-title-fields__item\"><div class=\"jet-title-fields__item-label\">By<\/div><div class=\"jet-title-fields__item-value\">Pamela McElwee<\/div><\/div><\/div><\/div>\n\t\t\t\t<\/div>\n\t\t\t<\/div>\n\t\t\t\t\t\t<div class=\"jet-smart-listing__post-wrapper\">\n\t\t\t\t<div class=\"jet-smart-listing__post\">\n\t\t\t\t\t\t\t\t\t\t\t\t\t\t\t<div class=\"jet-smart-listing__post-content\"><div class=\"jet-smart-listing__post-title post-title-simple\"><a href=\"https:\/\/alameda.institute\/pt\/type-dossier\/negotiating-the-magna-carta-of-humanitarian-action-interview-with-jan-eliasson\/\">Negotiating the \u2018Magna Carta of humanitarian action\u2019: Interview with Jan Eliasson<\/a><\/div><div class=\"jet-title-fields\"><div class=\"jet-title-fields__item\"><div class=\"jet-title-fields__item-label\">By<\/div><div class=\"jet-title-fields__item-value\">Jan Eliasson<\/div><\/div><\/div><\/div>\n\t\t\t\t<\/div>\n\t\t\t<\/div>\n\t\t\t<\/div>\n<\/div>\n\t<\/div>\n<div class=\"jet-smart-listing-loading\"><\/div><\/div>\t\t\t\t<\/div>\n\t\t\t\t<\/div>\n\t\t\t\t<\/div>\n\t\t\t\t<\/div>\n\t\t<div class=\"elementor-element elementor-element-b0f3fb4 e-flex e-con-boxed e-con e-parent\" data-id=\"b0f3fb4\" data-element_type=\"container\" data-e-type=\"container\" data-settings=\"{&quot;jet_parallax_layout_list&quot;:[],&quot;background_background&quot;:&quot;classic&quot;}\">\n\t\t\t\t\t<div class=\"e-con-inner\">\n\t\t\t\t<div class=\"elementor-element elementor-element-3550729 elementor-widget__width-inherit elementor-widget elementor-widget-heading\" data-id=\"3550729\" data-element_type=\"widget\" data-e-type=\"widget\" data-widget_type=\"heading.default\">\n\t\t\t\t<div class=\"elementor-widget-container\">\n\t\t\t\t\t<h2 class=\"elementor-heading-title elementor-size-default\">LATEST DOSSIERS<\/h2>\t\t\t\t<\/div>\n\t\t\t\t<\/div>\n\t\t<div class=\"elementor-element elementor-element-056bcd0 e-con-full e-flex e-con e-child\" data-id=\"056bcd0\" data-element_type=\"container\" data-e-type=\"container\" data-settings=\"{&quot;jet_parallax_layout_list&quot;:[]}\">\n\t\t\t\t<div class=\"elementor-element elementor-element-f276e38 e-transform elementor-widget elementor-widget-image\" data-id=\"f276e38\" data-element_type=\"widget\" data-e-type=\"widget\" data-settings=\"{&quot;_transform_scale_effect_hover&quot;:{&quot;unit&quot;:&quot;px&quot;,&quot;size&quot;:1.1,&quot;sizes&quot;:[]},&quot;_transform_scale_effect_hover_tablet&quot;:{&quot;unit&quot;:&quot;px&quot;,&quot;size&quot;:&quot;&quot;,&quot;sizes&quot;:[]},&quot;_transform_scale_effect_hover_mobile&quot;:{&quot;unit&quot;:&quot;px&quot;,&quot;size&quot;:&quot;&quot;,&quot;sizes&quot;:[]}}\" data-widget_type=\"image.default\">\n\t\t\t\t<div class=\"elementor-widget-container\">\n\t\t\t\t\t\t\t\t\t\t\t\t\t\t\t\t<a href=\"https:\/\/alameda.institute\/publishing\/energy-transitions\/\">\n\t\t\t\t\t\t\t<img decoding=\"async\" data-src=\"https:\/\/alameda.institute\/wp-content\/smush-webp\/elementor\/thumbs\/EnergyTransitions-dossier-Alameda-cover-r2pc0suid5owsxmsq6dzs11ykqih4hwzs4aunismw0.png.webp\" title=\"EnergyTransitions-dossier-Alameda-cover\" alt=\"EnergyTransitions-dossier-Alameda-cover\" width=\"285\" class=\"smush-dimensions lazyload\" style=\"--smush-image-width: 285px; --smush-image-aspect-ratio: 285\/400;\" src=\"data:image\/svg+xml;base64,PHN2ZyB3aWR0aD0iMSIgaGVpZ2h0PSIxIiB4bWxucz0iaHR0cDovL3d3dy53My5vcmcvMjAwMC9zdmciPjwvc3ZnPg==\" \/>\t\t\t\t\t\t\t\t<\/a>\n\t\t\t\t\t\t\t\t\t\t\t\t\t\t\t<\/div>\n\t\t\t\t<\/div>\n\t\t\t\t<\/div>\n\t\t<div class=\"elementor-element elementor-element-bf010ea e-con-full e-flex e-con e-child\" data-id=\"bf010ea\" data-element_type=\"container\" data-e-type=\"container\" data-settings=\"{&quot;jet_parallax_layout_list&quot;:[]}\">\n\t\t\t\t<div class=\"elementor-element elementor-element-66faf38 e-transform elementor-widget elementor-widget-image\" data-id=\"66faf38\" data-element_type=\"widget\" data-e-type=\"widget\" data-settings=\"{&quot;_transform_scale_effect_hover&quot;:{&quot;unit&quot;:&quot;px&quot;,&quot;size&quot;:1.1,&quot;sizes&quot;:[]},&quot;_transform_scale_effect_hover_tablet&quot;:{&quot;unit&quot;:&quot;px&quot;,&quot;size&quot;:&quot;&quot;,&quot;sizes&quot;:[]},&quot;_transform_scale_effect_hover_mobile&quot;:{&quot;unit&quot;:&quot;px&quot;,&quot;size&quot;:&quot;&quot;,&quot;sizes&quot;:[]}}\" data-widget_type=\"image.default\">\n\t\t\t\t<div class=\"elementor-widget-container\">\n\t\t\t\t\t\t\t\t\t\t\t\t\t\t\t\t<a href=\"https:\/\/alameda.institute\/publishing\/dossier-food-sovereignty\/\">\n\t\t\t\t\t\t\t<img decoding=\"async\" width=\"724\" height=\"1024\" data-src=\"https:\/\/alameda.institute\/wp-content\/smush-webp\/2024\/05\/Seeds-of-Sovereignty-Contesting-Politics-Food-Alameda-Institute-724x1024.jpg.webp\" class=\"attachment-large size-large wp-image-4752 lazyload\" alt=\"dossier Seeds of Sovereignty: Contesting the Politics of Food\" data-srcset=\"https:\/\/alameda.institute\/wp-content\/smush-webp\/2024\/05\/Seeds-of-Sovereignty-Contesting-Politics-Food-Alameda-Institute-724x1024.jpg.webp 724w, https:\/\/alameda.institute\/wp-content\/smush-webp\/2024\/05\/Seeds-of-Sovereignty-Contesting-Politics-Food-Alameda-Institute-212x300.jpg.webp 212w, https:\/\/alameda.institute\/wp-content\/smush-webp\/2024\/05\/Seeds-of-Sovereignty-Contesting-Politics-Food-Alameda-Institute-768x1086.jpg.webp 768w, https:\/\/alameda.institute\/wp-content\/smush-webp\/2024\/05\/Seeds-of-Sovereignty-Contesting-Politics-Food-Alameda-Institute-1086x1536.jpg.webp 1086w, https:\/\/alameda.institute\/wp-content\/smush-webp\/2024\/05\/Seeds-of-Sovereignty-Contesting-Politics-Food-Alameda-Institute-1448x2048.jpg.webp 1448w, https:\/\/alameda.institute\/wp-content\/smush-webp\/2024\/05\/Seeds-of-Sovereignty-Contesting-Politics-Food-Alameda-Institute-8x12.jpg.webp 8w, https:\/\/alameda.institute\/wp-content\/smush-webp\/2024\/05\/Seeds-of-Sovereignty-Contesting-Politics-Food-Alameda-Institute-600x849.jpg.webp 600w, https:\/\/alameda.institute\/wp-content\/smush-webp\/2024\/05\/Seeds-of-Sovereignty-Contesting-Politics-Food-Alameda-Institute-scaled.jpg.webp 1810w\" data-sizes=\"auto\" src=\"data:image\/svg+xml;base64,PHN2ZyB3aWR0aD0iMSIgaGVpZ2h0PSIxIiB4bWxucz0iaHR0cDovL3d3dy53My5vcmcvMjAwMC9zdmciPjwvc3ZnPg==\" style=\"--smush-placeholder-width: 724px; --smush-placeholder-aspect-ratio: 724\/1024;\" data-original-sizes=\"(max-width: 724px) 100vw, 724px\" \/>\t\t\t\t\t\t\t\t<\/a>\n\t\t\t\t\t\t\t\t\t\t\t\t\t\t\t<\/div>\n\t\t\t\t<\/div>\n\t\t\t\t<\/div>\n\t\t<div class=\"elementor-element elementor-element-9262342 e-con-full e-flex e-con e-child\" data-id=\"9262342\" data-element_type=\"container\" data-e-type=\"container\" data-settings=\"{&quot;jet_parallax_layout_list&quot;:[]}\">\n\t\t\t\t<div class=\"elementor-element elementor-element-af11750 e-transform elementor-widget elementor-widget-image\" data-id=\"af11750\" data-element_type=\"widget\" data-e-type=\"widget\" data-settings=\"{&quot;_transform_scale_effect_hover&quot;:{&quot;unit&quot;:&quot;px&quot;,&quot;size&quot;:1.1,&quot;sizes&quot;:[]},&quot;_transform_scale_effect_hover_tablet&quot;:{&quot;unit&quot;:&quot;px&quot;,&quot;size&quot;:&quot;&quot;,&quot;sizes&quot;:[]},&quot;_transform_scale_effect_hover_mobile&quot;:{&quot;unit&quot;:&quot;px&quot;,&quot;size&quot;:&quot;&quot;,&quot;sizes&quot;:[]}}\" data-widget_type=\"image.default\">\n\t\t\t\t<div class=\"elementor-widget-container\">\n\t\t\t\t\t\t\t\t\t\t\t\t\t\t\t\t<a href=\"https:\/\/alameda.institute\/publishing\/dossier-ukraine\/\">\n\t\t\t\t\t\t\t<img decoding=\"async\" width=\"726\" height=\"1024\" data-src=\"https:\/\/alameda.institute\/wp-content\/smush-webp\/2023\/04\/Dossier-Interationalism-war-ulraine-ALAMEDA-726x1024.jpg.webp\" class=\"attachment-large size-large wp-image-1668 lazyload\" alt=\"dossier The War in Ukraine &amp; the Question of Internationalism\" data-srcset=\"https:\/\/alameda.institute\/wp-content\/smush-webp\/2023\/04\/Dossier-Interationalism-war-ulraine-ALAMEDA-726x1024.jpg.webp 726w, https:\/\/alameda.institute\/wp-content\/smush-webp\/2023\/04\/Dossier-Interationalism-war-ulraine-ALAMEDA-213x300.jpg.webp 213w, https:\/\/alameda.institute\/wp-content\/smush-webp\/2023\/04\/Dossier-Interationalism-war-ulraine-ALAMEDA-768x1083.jpg.webp 768w, https:\/\/alameda.institute\/wp-content\/smush-webp\/2023\/04\/Dossier-Interationalism-war-ulraine-ALAMEDA-600x846.jpg.webp 600w, https:\/\/alameda.institute\/wp-content\/smush-webp\/2023\/04\/Dossier-Interationalism-war-ulraine-ALAMEDA.jpg.webp 976w\" data-sizes=\"auto\" src=\"data:image\/svg+xml;base64,PHN2ZyB3aWR0aD0iMSIgaGVpZ2h0PSIxIiB4bWxucz0iaHR0cDovL3d3dy53My5vcmcvMjAwMC9zdmciPjwvc3ZnPg==\" style=\"--smush-placeholder-width: 726px; --smush-placeholder-aspect-ratio: 726\/1024;\" data-original-sizes=\"(max-width: 726px) 100vw, 726px\" \/>\t\t\t\t\t\t\t\t<\/a>\n\t\t\t\t\t\t\t\t\t\t\t\t\t\t\t<\/div>\n\t\t\t\t<\/div>\n\t\t\t\t<\/div>\n\t\t\t\t\t<\/div>\n\t\t\t\t<\/div>\n\t\t\t\t<\/div>\n\t\t","protected":false},"excerpt":{"rendered":"<p>dossier CONTAINING POLITICS INDEX I. Introduction: Containing politics dossier\u00a0ByEleanor Davey Non-Aligned approaches to humanitarianism? Yugoslav interventions in the international Red Cross movement in the 1970sBy\u010carna Brkovi\u0107, Laura Grigoleit, Marla Heidrich, Marius Jung, Svenja Kimpel, Natalie Sadeq, Annika V\u00f6lkmann Western Humanitarianism: Saving Lives or Regulating Death?ByMark Duffield The Peasant\u2019s Arrested RevolutionByRahmane Idrissa Race, Humanitarianism and the [&hellip;]<\/p>\n","protected":false},"author":1,"featured_media":9891,"parent":480,"menu_order":0,"comment_status":"closed","ping_status":"closed","template":"elementor_header_footer","meta":{"footnotes":""},"class_list":["post-10114","page","type-page","status-publish","has-post-thumbnail","hentry"],"_links":{"self":[{"href":"https:\/\/alameda.institute\/pt\/wp-json\/wp\/v2\/pages\/10114","targetHints":{"allow":["GET"]}}],"collection":[{"href":"https:\/\/alameda.institute\/pt\/wp-json\/wp\/v2\/pages"}],"about":[{"href":"https:\/\/alameda.institute\/pt\/wp-json\/wp\/v2\/types\/page"}],"author":[{"embeddable":true,"href":"https:\/\/alameda.institute\/pt\/wp-json\/wp\/v2\/users\/1"}],"replies":[{"embeddable":true,"href":"https:\/\/alameda.institute\/pt\/wp-json\/wp\/v2\/comments?post=10114"}],"version-history":[{"count":0,"href":"https:\/\/alameda.institute\/pt\/wp-json\/wp\/v2\/pages\/10114\/revisions"}],"up":[{"embeddable":true,"href":"https:\/\/alameda.institute\/pt\/wp-json\/wp\/v2\/pages\/480"}],"wp:featuredmedia":[{"embeddable":true,"href":"https:\/\/alameda.institute\/pt\/wp-json\/wp\/v2\/media\/9891"}],"wp:attachment":[{"href":"https:\/\/alameda.institute\/pt\/wp-json\/wp\/v2\/media?parent=10114"}],"curies":[{"name":"wp","href":"https:\/\/api.w.org\/{rel}","templated":true}]}}