{"id":1586,"date":"2023-04-11T08:27:01","date_gmt":"2023-04-11T08:27:01","guid":{"rendered":"https:\/\/alameda.institute\/?page_id=1586"},"modified":"2023-09-21T11:53:23","modified_gmt":"2023-09-21T11:53:23","slug":"termos-de-compromisso-para-associados","status":"publish","type":"page","link":"https:\/\/alameda.institute\/pt\/terms-of-engagement-for-associates\/","title":{"rendered":"Termos de Compromisso para Associados"},"content":{"rendered":"<h2 class=\"wp-block-heading\">Termos de Compromisso para Associados<\/h2>\n\n\n\n<p><\/p>\n\n\n\n<p><em>1. Defini\u00e7\u00e3o de Associado<br><\/em><br>Um \u2018associado\u2019 \u00e9 um membro da rede da Alameda que tem o direito de participar de suas atividades e propor parcerias de pesquisa, mas n\u00e3o est\u00e1 vinculado a um contrato formal.<br><br><br><em>2. Termos da associa\u00e7\u00e3o<\/em><\/p>\n\n\n\n<p>Os associados poder\u00e3o usar a estrutura e os recursos da Alameda das seguintes maneiras:<br><\/p>\n\n\n\n<ol class=\"wp-block-list\">\n<li>Use as redes sociais e os canais de comunica\u00e7\u00e3o da Alameda para promover o trabalho relevante para sua proposta.<br><\/li>\n\n\n\n<li>Sugerir projetos de pesquisa em colabora\u00e7\u00e3o com a Alameda, a serem financiados externamente ou por meio de parcerias<br><\/li>\n\n\n\n<li>Aceitar financiamento de pesquisa da Alameda para novos projetos desenvolvidos por sua secretaria<br>&nbsp;<\/li>\n\n\n\n<li>Assumir comiss\u00f5es de publica\u00e7\u00e3o da Alameda para fazer interven\u00e7\u00f5es espec\u00edficas no debate p\u00fablico.<br>&nbsp;<\/li>\n\n\n\n<li>Proponha atividades relacionadas \u00e0 publica\u00e7\u00e3o (eventos, turn\u00eas de livros, podcasts, v\u00eddeos, etc.) e educa\u00e7\u00e3o pol\u00edtica (escolas de ver\u00e3o, s\u00e9ries de semin\u00e1rios, etc.) a serem apoiadas pela Alameda.<br><\/li>\n\n\n\n<li>Busque o apoio do departamento de publica\u00e7\u00e3o da Alameda para colocar os resultados da pesquisa em seus ve\u00edculos parceiros.<br><\/li>\n\n\n\n<li>Fa\u00e7a uma proposta \u00e0 Alameda para publica\u00e7\u00e3o por meio de seus canais internos, incluindo sua s\u00e9rie de livros.<br><\/li>\n\n\n\n<li>Participar de eventos p\u00fablicos e privados da Alameda, s\u00e9ries de semin\u00e1rios, etc.<br><\/li>\n\n\n\n<li>Conecte-se a indiv\u00edduos e organiza\u00e7\u00f5es pol\u00edticas na rede internacional da Alameda, compartilhando pesquisas, participando de interc\u00e2mbios intelectuais, desenvolvendo projetos colaborativos e estabelecendo novas bases para pesquisas futuras.<br><\/li>\n\n\n\n<li>Participar de reuni\u00f5es para definir a dire\u00e7\u00e3o estrat\u00e9gica da Alameda.<\/li>\n<\/ol>\n\n\n\n<p><\/p>\n\n\n\n<p><\/p>\n\n\n\n<p>3. <em>Responsabilidades<\/em><\/p>\n\n\n\n<p><br>Espera-se que os associados promovam a Alameda e seu trabalho, citando sua associa\u00e7\u00e3o com o instituto ao se envolverem em atividades relevantes (publica\u00e7\u00f5es, palestras, etc.). Esperamos tamb\u00e9m que eles possam oferecer conselhos a jovens intelectuais e ativistas da rede.<br><\/p>\n\n\n\n<p><br><em>4. Termo de associa\u00e7\u00e3o<br><\/em><\/p>\n\n\n\n<p><em>A associa\u00e7\u00e3o com a Alameda permanecer\u00e1 v\u00e1lida por tr\u00eas anos. Depois disso, ela poder\u00e1 ser renovada mediante acordo entre o associado e a secretaria da Alameda.<\/em><\/p>\n\n\n\n<p>Se alguma acusa\u00e7\u00e3o de m\u00e1 conduta for levantada contra um associado, a quest\u00e3o ser\u00e1 analisada pela secretaria da Alameda e, se necess\u00e1rio, levada ao conselho da Alameda para uma decis\u00e3o sobre a poss\u00edvel remo\u00e7\u00e3o da rede e a interrup\u00e7\u00e3o de projetos em andamento. O c\u00f3digo de conduta da Alameda est\u00e1 dispon\u00edvel em seu site.<\/p>\n\n\n\n<p><br><br><em>4. Financiamento<\/em><\/p>\n\n\n\n<p>O principal meio de financiamento dos projetos de pesquisa dos associados \u00e9 por meio de parcerias com terceiros. Nos casos em que a Alameda \u00e9 a \u00fanica fonte de financiamento para a pesquisa de um associado, espera-se que o projeto tenha benef\u00edcios claros para a rede de afiliados - permitindo atividades e oportunidades de financiamento para outros pesquisadores - e para nossa conex\u00e3o com organiza\u00e7\u00f5es pol\u00edticas.<br><br>As decis\u00f5es sobre o financiamento da pesquisa do associado s\u00e3o tomadas diretamente pela secretaria da Alameda. O financiamento para pesquisas de associados n\u00e3o segue necessariamente o ciclo de chamadas para projetos nem as categorias determinadas para a rede de afiliados.<br><br><br><\/p>","protected":false},"excerpt":{"rendered":"<p>Terms of Engagement for Associates 1. Definition of AssociateAn &#8216;associate&#8217; is a member of Alameda\u2019s network who has the right to participate in its activities and propose research partnerships, but is not bound by a formal contract. 2. Terms of the association Associates will be able to use Alameda&#8217;s structure and resources in the following [&hellip;]<\/p>\n","protected":false},"author":1,"featured_media":0,"parent":0,"menu_order":0,"comment_status":"closed","ping_status":"closed","template":"","meta":{"footnotes":""},"class_list":["post-1586","page","type-page","status-publish","hentry"],"_links":{"self":[{"href":"https:\/\/alameda.institute\/pt\/wp-json\/wp\/v2\/pages\/1586","targetHints":{"allow":["GET"]}}],"collection":[{"href":"https:\/\/alameda.institute\/pt\/wp-json\/wp\/v2\/pages"}],"about":[{"href":"https:\/\/alameda.institute\/pt\/wp-json\/wp\/v2\/types\/page"}],"author":[{"embeddable":true,"href":"https:\/\/alameda.institute\/pt\/wp-json\/wp\/v2\/users\/1"}],"replies":[{"embeddable":true,"href":"https:\/\/alameda.institute\/pt\/wp-json\/wp\/v2\/comments?post=1586"}],"version-history":[{"count":5,"href":"https:\/\/alameda.institute\/pt\/wp-json\/wp\/v2\/pages\/1586\/revisions"}],"predecessor-version":[{"id":2442,"href":"https:\/\/alameda.institute\/pt\/wp-json\/wp\/v2\/pages\/1586\/revisions\/2442"}],"wp:attachment":[{"href":"https:\/\/alameda.institute\/pt\/wp-json\/wp\/v2\/media?parent=1586"}],"curies":[{"name":"wp","href":"https:\/\/api.w.org\/{rel}","templated":true}]}}