{"id":17369,"date":"2025-09-26T08:19:09","date_gmt":"2025-09-26T08:19:09","guid":{"rendered":"https:\/\/alameda.institute\/?page_id=17369"},"modified":"2025-09-26T11:15:18","modified_gmt":"2025-09-26T11:15:18","slug":"anuncio-de-emprego-assessoria-de-imprensa","status":"publish","type":"page","link":"https:\/\/alameda.institute\/pt\/anuncio-de-emprego-assessoria-de-imprensa\/","title":{"rendered":"An\u00fancio de emprego (Assessoria de Imprensa)"},"content":{"rendered":"<div style=\"height:100px\" aria-hidden=\"true\" class=\"wp-block-spacer\"><\/div>\n\n\n\n<h2 class=\"wp-block-heading has-text-align-center\">An\u00fancio de emprego <\/h2>\n\n\n\n<h1 class=\"wp-block-heading has-text-align-center\">Consultoria para assessores de imprensa<\/h1>\n\n\n\n<div style=\"height:67px\" aria-hidden=\"true\" class=\"wp-block-spacer\"><\/div>\n\n\n\n<h4 class=\"wp-block-heading\"><strong>Assessor de imprensa (Consultoria, meio per\u00edodo, 6 meses)<br>Preferencialmente remoto, baseado em Londres (eventos presenciais ocasionais)<\/strong><\/h4>\n\n\n\n<p><strong>Sobre a Alameda<\/strong><strong><br><\/strong>A Alameda foi fundada para enfrentar o maior desafio que as sociedades humanas enfrentam atualmente: a necessidade urgente de se desviar da cat\u00e1strofe. Seu objetivo \u00e9 contribuir para respostas estrat\u00e9gicas \u00e0 cat\u00e1strofe por meio de pesquisas ligadas \u00e0s lutas sociais contempor\u00e2neas e \u00e0 organiza\u00e7\u00e3o de base.<\/p>\n\n\n\n<p>Com base em uma rede internacional diversificada - de intelectuais p\u00fablicos a jornalistas investigativos experientes e jovens escritores-ativistas talentosos - o amplo e ambicioso programa de pesquisa da Alameda oferece percep\u00e7\u00f5es cruciais sobre os problemas cr\u00edticos que o mundo enfrenta atualmente. E, por meio da dissemina\u00e7\u00e3o dessas percep\u00e7\u00f5es, tem como objetivo informar a pr\u00e1tica de organiza\u00e7\u00f5es sociais e pol\u00edticas, influenciar pol\u00edticas e debates p\u00fablicos e contribuir para a forma\u00e7\u00e3o de alian\u00e7as para a mudan\u00e7a.<\/p>\n\n\n\n<p><strong>Sobre a fun\u00e7\u00e3o<\/strong><strong><br><\/strong>Estamos buscando um assessor de imprensa (consultoria em meio per\u00edodo) para fortalecer a presen\u00e7a da Alameda na m\u00eddia do Reino Unido e internacionalmente. O consultor criar\u00e1 relacionamentos com jornalistas, garantir\u00e1 cobertura e assegurar\u00e1 que nossas pesquisas e publica\u00e7\u00f5es alcancem um p\u00fablico amplo. Essa fun\u00e7\u00e3o oferece a oportunidade \u00fanica de trabalhar com uma equipe internacional politicamente engajada na interse\u00e7\u00e3o de pesquisa, cultura e m\u00eddia, participar ativamente de pesquisas e moldar a presen\u00e7a da Alameda na m\u00eddia para conectar pesquisas cr\u00edticas a p\u00fablicos mais amplos.<\/p>\n\n\n\n<p><strong>Principais responsabilidades<\/strong><\/p>\n\n\n\n<ul class=\"wp-block-list\">\n<li>Elaborar e distribuir comunicados \u00e0 imprensa, artigos de opini\u00e3o e conte\u00fado de m\u00eddia.<\/li>\n\n\n\n<li>Criar e manter relacionamentos com jornalistas\/editores.<\/li>\n\n\n\n<li>Obtenha cobertura da m\u00eddia e apari\u00e7\u00f5es para a equipe e os afiliados da Alameda.<\/li>\n\n\n\n<li>Promova os eventos da Alameda e garanta a visibilidade na m\u00eddia.<\/li>\n\n\n\n<li>Fornecer suporte editorial\/edi\u00e7\u00e3o de c\u00f3pias para publica\u00e7\u00f5es e campanhas.<\/li>\n\n\n\n<li>Produzir relat\u00f3rios trimestrais de monitoramento de m\u00eddia e visibilidade.<\/li>\n<\/ul>\n\n\n\n<p><strong>Termos de consultoria<\/strong><\/p>\n\n\n\n<ul class=\"wp-block-list\">\n<li>Contrato: 6 meses, renov\u00e1vel<\/li>\n\n\n\n<li>N\u00edvel de esfor\u00e7o: 24 horas \/ 3 dias por semana<\/li>\n\n\n\n<li>Localiza\u00e7\u00e3o: Remoto (preferencialmente no Reino Unido)<\/li>\n\n\n\n<li>Honor\u00e1rios: \u00a342.000 pro rata<br><\/li>\n<\/ul>\n\n\n\n<p><strong>Como se inscrever<\/strong><strong><br><\/strong>Envie seu curr\u00edculo (m\u00e1ximo de 3 p\u00e1ginas) e uma carta de apresenta\u00e7\u00e3o respondendo ao ToR em anexo para Benjamin Fogel, <a href=\"mailto:benjamin.fogel@alameda.institute\">benjamin.fogel@alameda.institute<\/a>, por <strong>S\u00e1bado, 18 de outubro de 2025<\/strong>.<\/p>\n\n\n\n<p>Incentivamos especialmente as inscri\u00e7\u00f5es de mulheres, pessoas de cor e indiv\u00edduos com hist\u00f3rico no Sul Global.<\/p>\n\n\n\n<p><\/p>\n\n\n\n<div class=\"wp-block-file\"><a id=\"wp-block-file--media-c3d49556-a236-4d8d-bae3-a15cbe440800\" href=\"https:\/\/alameda.institute\/wp-content\/uploads\/2025\/09\/Press-Officer_Terms-of-Reference_Sept-2025-2.pdf\" target=\"_blank\" rel=\"noreferrer noopener\">Assessor de imprensa_Termos de refer\u00eancia_Set 2025-2<\/a><a href=\"https:\/\/alameda.institute\/wp-content\/uploads\/2025\/09\/Press-Officer_Terms-of-Reference_Sept-2025-2.pdf\" class=\"wp-block-file__button wp-element-button\" download aria-describedby=\"wp-block-file--media-c3d49556-a236-4d8d-bae3-a15cbe440800\">Baixar<\/a><\/div>\n\n\n\n<div style=\"height:100px\" aria-hidden=\"true\" class=\"wp-block-spacer\"><\/div>","protected":false},"excerpt":{"rendered":"<p>Job Advert Press Officer Consultancy Press Officer (Consultancy, Part-time, 6 months)Remote, London-based preferred (occasional in-person events) About AlamedaAlameda was founded to address the biggest challenge facing human societies today: the urgent need to divert from catastrophe. It aims to contribute to strategic responses to catastrophe through research connected to contemporary social struggles and grassroots organising. [&hellip;]<\/p>\n","protected":false},"author":1,"featured_media":0,"parent":0,"menu_order":0,"comment_status":"closed","ping_status":"closed","template":"","meta":{"footnotes":""},"class_list":["post-17369","page","type-page","status-publish","hentry"],"_links":{"self":[{"href":"https:\/\/alameda.institute\/pt\/wp-json\/wp\/v2\/pages\/17369","targetHints":{"allow":["GET"]}}],"collection":[{"href":"https:\/\/alameda.institute\/pt\/wp-json\/wp\/v2\/pages"}],"about":[{"href":"https:\/\/alameda.institute\/pt\/wp-json\/wp\/v2\/types\/page"}],"author":[{"embeddable":true,"href":"https:\/\/alameda.institute\/pt\/wp-json\/wp\/v2\/users\/1"}],"replies":[{"embeddable":true,"href":"https:\/\/alameda.institute\/pt\/wp-json\/wp\/v2\/comments?post=17369"}],"version-history":[{"count":0,"href":"https:\/\/alameda.institute\/pt\/wp-json\/wp\/v2\/pages\/17369\/revisions"}],"wp:attachment":[{"href":"https:\/\/alameda.institute\/pt\/wp-json\/wp\/v2\/media?parent=17369"}],"curies":[{"name":"wp","href":"https:\/\/api.w.org\/{rel}","templated":true}]}}