{"id":17500,"date":"2026-01-19T14:58:02","date_gmt":"2026-01-19T14:58:02","guid":{"rendered":"https:\/\/alameda.institute\/?page_id=17500"},"modified":"2026-02-03T16:13:42","modified_gmt":"2026-02-03T16:13:42","slug":"soberania-alem-do-neoliberalismo","status":"publish","type":"page","link":"https:\/\/alameda.institute\/pt\/sovereignty-beyond-neoliberalism\/","title":{"rendered":"Soberania al\u00e9m do neoliberalismo"},"content":{"rendered":"<div data-elementor-type=\"wp-page\" data-elementor-id=\"17500\" class=\"elementor elementor-17500\" data-elementor-post-type=\"page\">\n\t\t\t\t<div class=\"elementor-element elementor-element-d4b625f e-con-full e-flex e-con e-child\" data-id=\"d4b625f\" data-element_type=\"container\" data-e-type=\"container\" data-settings=\"{&quot;jet_parallax_layout_list&quot;:[]}\">\n\t\t\t\t<div class=\"elementor-element elementor-element-8d11c9b elementor-widget elementor-widget-jet-headline\" data-id=\"8d11c9b\" data-element_type=\"widget\" data-e-type=\"widget\" data-widget_type=\"jet-headline.default\">\n\t\t\t\t<div class=\"elementor-widget-container\">\n\t\t\t\t\t<h3 class=\"jet-headline jet-headline--direction-vertical\"><span class=\"jet-headline__part jet-headline__first\"><span class=\"jet-headline__label\">DEPOIS DA ORDEM<\/span><\/span><span class=\"jet-headline__part jet-headline__second\"><span class=\"jet-headline__label\">________________________<\/span><\/span><\/h3>\t\t\t\t<\/div>\n\t\t\t\t<\/div>\n\t\t\t\t<div class=\"elementor-element elementor-element-fd9e3d4 elementor-widget elementor-widget-heading\" data-id=\"fd9e3d4\" data-element_type=\"widget\" data-e-type=\"widget\" data-widget_type=\"heading.default\">\n\t\t\t\t<div class=\"elementor-widget-container\">\n\t\t\t\t\t<h3 class=\"elementor-heading-title elementor-size-default\">Soberania al\u00e9m do neoliberalismo\n<\/h3>\t\t\t\t<\/div>\n\t\t\t\t<\/div>\n\t\t\t\t<\/div>\n\t\t<div class=\"elementor-element elementor-element-e4eb054 e-con-full e-flex e-con e-parent\" data-id=\"e4eb054\" data-element_type=\"container\" data-e-type=\"container\" data-settings=\"{&quot;background_background&quot;:&quot;classic&quot;,&quot;jet_parallax_layout_list&quot;:[]}\">\n\t\t<div class=\"elementor-element elementor-element-32e2487 e-flex e-con-boxed e-con e-child\" data-id=\"32e2487\" data-element_type=\"container\" data-e-type=\"container\" data-settings=\"{&quot;jet_parallax_layout_list&quot;:[]}\">\n\t\t\t\t\t<div class=\"e-con-inner\">\n\t\t\t\t<div class=\"elementor-element elementor-element-797553c elementor-widget elementor-widget-text-editor\" data-id=\"797553c\" data-element_type=\"widget\" data-e-type=\"widget\" data-widget_type=\"text-editor.default\">\n\t\t\t\t<div class=\"elementor-widget-container\">\n\t\t\t\t\t\t\t\t\t<p><b>Como as mudan\u00e7as na economia pol\u00edtica global est\u00e3o transformando a <span style=\"color: #c41433;\"> soberania<\/span>? Quais as alternativas ao neoliberalismo que podem permitir uma transi\u00e7\u00e3o ecol\u00f3gica mais justa?<\/b><\/p>\t\t\t\t\t\t\t\t<\/div>\n\t\t\t\t<\/div>\n\t\t<div class=\"elementor-element elementor-element-e0072b3 e-grid e-con-full e-con e-child\" data-id=\"e0072b3\" data-element_type=\"container\" data-e-type=\"container\" data-settings=\"{&quot;jet_parallax_layout_list&quot;:[]}\">\n\t\t\t\t<div class=\"elementor-element elementor-element-6625cd6 elementor-widget elementor-widget-text-editor\" data-id=\"6625cd6\" data-element_type=\"widget\" data-e-type=\"widget\" data-widget_type=\"text-editor.default\">\n\t\t\t\t<div class=\"elementor-widget-container\">\n\t\t\t\t\t\t\t\t\t<p class=\"translation-block\"><span style=\"font-weight: 400\">Esta linha de pesquisa do <a style=\"color: #1e73be;text-decoration: underline\" href=\"https:\/\/alameda.institute\/pt\/depois-da-ordem\/\" target=\"_blank\" rel=\"noopener\">Depois da Ordem<\/a> analisa como o neoliberalismo, enquanto regime de acumula\u00e7\u00e3o, transformou o exerc\u00edcio da soberania e como essa transforma\u00e7\u00e3o, por sua vez, minou a ordem neoliberal.<\/span><\/p><p class=\"translation-block\">Questionando as causas e as implica\u00e7\u00f5es da crescente desordem, nossa pesquisa explora, principalmente, as mudan\u00e7as nas rela\u00e7\u00f5es entre Estado, capital, sociedade e natureza. Desse modo, revelamos as conex\u00f5es entre o exerc\u00edcio da soberania \u201cpara fora\u201d do Estado-na\u00e7\u00e3o, e seu exerc\u00edcio \u201cpara dentro\u201d, entre o Estado e os diversos componentes de sua sociedade.<\/p><p><span style=\"font-weight: 400;\">Explorando as implica\u00e7\u00f5es ecol\u00f3gicas do regime de soberania neoliberal, esta vertente do Depois da Ordem imagina as possibilidades para uma transi\u00e7\u00e3o ecol\u00f3gica justa para al\u00e9m do neoliberalismo.<\/span><\/p>\t\t\t\t\t\t\t\t<\/div>\n\t\t\t\t<\/div>\n\t\t\t\t<div class=\"elementor-element elementor-element-d93b909 elementor-widget elementor-widget-image\" data-id=\"d93b909\" data-element_type=\"widget\" data-e-type=\"widget\" data-widget_type=\"image.default\">\n\t\t\t\t<div class=\"elementor-widget-container\">\n\t\t\t\t\t\t\t\t\t\t\t\t\t\t\t<img fetchpriority=\"high\" decoding=\"async\" width=\"1024\" height=\"829\" src=\"https:\/\/alameda.institute\/wp-content\/smush-webp\/2026\/01\/subproject-1-1-1024x829.png.webp\" class=\"attachment-large size-large wp-image-17505\" alt=\"\" srcset=\"https:\/\/alameda.institute\/wp-content\/smush-webp\/2026\/01\/subproject-1-1-1024x829.png.webp 1024w, https:\/\/alameda.institute\/wp-content\/smush-webp\/2026\/01\/subproject-1-1-300x243.png.webp 300w, https:\/\/alameda.institute\/wp-content\/smush-webp\/2026\/01\/subproject-1-1-768x622.png.webp 768w, https:\/\/alameda.institute\/wp-content\/smush-webp\/2026\/01\/subproject-1-1-1536x1244.png.webp 1536w, https:\/\/alameda.institute\/wp-content\/smush-webp\/2026\/01\/subproject-1-1-2048x1659.png.webp 2048w, https:\/\/alameda.institute\/wp-content\/smush-webp\/2026\/01\/subproject-1-1-15x12.png.webp 15w, https:\/\/alameda.institute\/wp-content\/smush-webp\/2026\/01\/subproject-1-1-600x486.png.webp 600w\" sizes=\"(max-width: 1024px) 100vw, 1024px\" \/>\t\t\t\t\t\t\t\t\t\t\t\t\t\t\t<\/div>\n\t\t\t\t<\/div>\n\t\t\t\t<\/div>\n\t\t\t\t\t<\/div>\n\t\t\t\t<\/div>\n\t\t\t\t<\/div>\n\t\t<div class=\"elementor-element elementor-element-1db75be e-con-full e-flex e-con e-parent\" data-id=\"1db75be\" data-element_type=\"container\" data-e-type=\"container\" data-settings=\"{&quot;jet_parallax_layout_list&quot;:[]}\">\n\t\t\t\t<div class=\"elementor-element elementor-element-6385b7c elementor-widget elementor-widget-text-editor\" data-id=\"6385b7c\" data-element_type=\"widget\" data-e-type=\"widget\" data-widget_type=\"text-editor.default\">\n\t\t\t\t<div class=\"elementor-widget-container\">\n\t\t\t\t\t\t\t\t\t<p><a href=\"https:\/\/alameda.institute\/pt\/depois-da-ordem\/\">Voltar ao projeto After Order<\/a><\/p>\t\t\t\t\t\t\t\t<\/div>\n\t\t\t\t<\/div>\n\t\t\t\t<\/div>\n\t\t<div class=\"elementor-element elementor-element-758655f e-flex e-con-boxed e-con e-parent\" data-id=\"758655f\" data-element_type=\"container\" data-e-type=\"container\" data-settings=\"{&quot;jet_parallax_layout_list&quot;:[]}\">\n\t\t\t\t\t<div class=\"e-con-inner\">\n\t\t<div class=\"elementor-element elementor-element-2585ccc e-con-full e-flex e-con e-child\" data-id=\"2585ccc\" data-element_type=\"container\" data-e-type=\"container\" data-settings=\"{&quot;jet_parallax_layout_list&quot;:[]}\">\n\t\t<div class=\"elementor-element elementor-element-e0a1937 e-con-full e-flex e-con e-child\" data-id=\"e0a1937\" data-element_type=\"container\" data-e-type=\"container\" data-settings=\"{&quot;jet_parallax_layout_list&quot;:[]}\">\n\t\t\t\t<div class=\"elementor-element elementor-element-c80901e elementor-widget elementor-widget-spacer\" data-id=\"c80901e\" data-element_type=\"widget\" data-e-type=\"widget\" data-widget_type=\"spacer.default\">\n\t\t\t\t<div class=\"elementor-widget-container\">\n\t\t\t\t\t\t\t<div class=\"elementor-spacer\">\n\t\t\t<div class=\"elementor-spacer-inner\"><\/div>\n\t\t<\/div>\n\t\t\t\t\t\t<\/div>\n\t\t\t\t<\/div>\n\t\t\t\t<div class=\"elementor-element elementor-element-8481054 elementor-widget elementor-widget-heading\" data-id=\"8481054\" data-element_type=\"widget\" data-e-type=\"widget\" data-widget_type=\"heading.default\">\n\t\t\t\t<div class=\"elementor-widget-container\">\n\t\t\t\t\t<h2 class=\"elementor-heading-title elementor-size-default\">Coordenador<\/h2>\t\t\t\t<\/div>\n\t\t\t\t<\/div>\n\t\t\t\t<div class=\"elementor-element elementor-element-18a6cbb elementor-widget elementor-widget-heading\" data-id=\"18a6cbb\" data-element_type=\"widget\" data-e-type=\"widget\" data-widget_type=\"heading.default\">\n\t\t\t\t<div class=\"elementor-widget-container\">\n\t\t\t\t\t<h2 class=\"elementor-heading-title elementor-size-default\">______________<\/h2>\t\t\t\t<\/div>\n\t\t\t\t<\/div>\n\t\t\t\t<\/div>\n\t\t\t\t<\/div>\n\t\t\t\t<div class=\"elementor-element elementor-element-78afe0a elementor-widget elementor-widget-jet-team-member\" data-id=\"78afe0a\" data-element_type=\"widget\" data-e-type=\"widget\" data-widget_type=\"jet-team-member.default\">\n\t\t\t\t<div class=\"elementor-widget-container\">\n\t\t\t\t\t<div class=\"elementor-jet-team-member jet-elements\"><div class=\"jet-team-member\">\n\t<div class=\"jet-team-member__inner\">\n\t\t\t<div class=\"jet-team-member__image\">\n\t\t\t<div class=\"jet-team-member__cover\"><\/div>\n\t\t\t<figure class=\"jet-team-member__figure\"><img decoding=\"async\" width=\"1600\" height=\"1600\" data-src=\"https:\/\/alameda.institute\/wp-content\/uploads\/2025\/03\/Juliano-Fiori-2048x2048-1.webp\" class=\"jet-team-member__img-tag lazyload\" alt=\"Juliano-Fiori-2048x2048\" data-srcset=\"https:\/\/alameda.institute\/wp-content\/uploads\/2025\/03\/Juliano-Fiori-2048x2048-1.webp 1600w, https:\/\/alameda.institute\/wp-content\/uploads\/2025\/03\/Juliano-Fiori-2048x2048-1-300x300.webp 300w, https:\/\/alameda.institute\/wp-content\/uploads\/2025\/03\/Juliano-Fiori-2048x2048-1-1024x1024.webp 1024w, https:\/\/alameda.institute\/wp-content\/uploads\/2025\/03\/Juliano-Fiori-2048x2048-1-150x150.webp 150w, https:\/\/alameda.institute\/wp-content\/uploads\/2025\/03\/Juliano-Fiori-2048x2048-1-768x768.webp 768w, https:\/\/alameda.institute\/wp-content\/uploads\/2025\/03\/Juliano-Fiori-2048x2048-1-1536x1536.webp 1536w, https:\/\/alameda.institute\/wp-content\/uploads\/2025\/03\/Juliano-Fiori-2048x2048-1-12x12.webp 12w, https:\/\/alameda.institute\/wp-content\/uploads\/2025\/03\/Juliano-Fiori-2048x2048-1-230x230.webp 230w, https:\/\/alameda.institute\/wp-content\/uploads\/2025\/03\/Juliano-Fiori-2048x2048-1-400x400.webp 400w, https:\/\/alameda.institute\/wp-content\/uploads\/2025\/03\/Juliano-Fiori-2048x2048-1-600x600.webp 600w, https:\/\/alameda.institute\/wp-content\/uploads\/2025\/03\/Juliano-Fiori-2048x2048-1-640x640.webp 640w\" data-sizes=\"auto\" src=\"data:image\/svg+xml;base64,PHN2ZyB3aWR0aD0iMSIgaGVpZ2h0PSIxIiB4bWxucz0iaHR0cDovL3d3dy53My5vcmcvMjAwMC9zdmciPjwvc3ZnPg==\" style=\"--smush-placeholder-width: 1600px; --smush-placeholder-aspect-ratio: 1600\/1600;\" data-original-sizes=\"(max-width: 1600px) 100vw, 1600px\" \/><\/figure>\t\t<\/div>\n\t\t<div class=\"jet-team-member__content\"><h3 class=\"jet-team-member__name\"><span class=\"jet-team-member__name-first\">Juliano<\/span><span class=\"jet-team-member__name-last\"> Fiori<\/span><\/h3><div class=\"jet-team-member__position\"><span>DIRETOR<\/span><\/div><div class=\"jet-team-member__socials\"><div class=\"jet-team-member__socials-item\"><a href=\"#\" aria-label=\"\"><\/a><\/div><\/div><\/div>\n\t<\/div>\n\t<\/div>\n<\/div>\t\t\t\t<\/div>\n\t\t\t\t<\/div>\n\t\t\t\t\t<\/div>\n\t\t\t\t<\/div>\n\t\t\t\t<\/div>","protected":false},"excerpt":{"rendered":"<p>AFTER ORDER________________________ Sovereignty Beyond Neoliberalism How are changes in the global political economy transforming sovereignty, and what alternatives to neoliberalism could enable more just green transitions? This research stream of the After Order project considers how neoliberalism, as a regime of accumulation, has transformed the exercise of sovereignty, and how, in turn, such transformation has [&hellip;]<\/p>\n","protected":false},"author":26,"featured_media":0,"parent":0,"menu_order":0,"comment_status":"closed","ping_status":"closed","template":"","meta":{"footnotes":""},"class_list":["post-17500","page","type-page","status-publish","hentry"],"_links":{"self":[{"href":"https:\/\/alameda.institute\/pt\/wp-json\/wp\/v2\/pages\/17500","targetHints":{"allow":["GET"]}}],"collection":[{"href":"https:\/\/alameda.institute\/pt\/wp-json\/wp\/v2\/pages"}],"about":[{"href":"https:\/\/alameda.institute\/pt\/wp-json\/wp\/v2\/types\/page"}],"author":[{"embeddable":true,"href":"https:\/\/alameda.institute\/pt\/wp-json\/wp\/v2\/users\/26"}],"replies":[{"embeddable":true,"href":"https:\/\/alameda.institute\/pt\/wp-json\/wp\/v2\/comments?post=17500"}],"version-history":[{"count":0,"href":"https:\/\/alameda.institute\/pt\/wp-json\/wp\/v2\/pages\/17500\/revisions"}],"wp:attachment":[{"href":"https:\/\/alameda.institute\/pt\/wp-json\/wp\/v2\/media?parent=17500"}],"curies":[{"name":"wp","href":"https:\/\/api.w.org\/{rel}","templated":true}]}}