{"id":17519,"date":"2026-01-19T14:59:14","date_gmt":"2026-01-19T14:59:14","guid":{"rendered":"https:\/\/alameda.institute\/?page_id=17519"},"modified":"2026-03-12T15:40:09","modified_gmt":"2026-03-12T15:40:09","slug":"soberanias-digitais","status":"publish","type":"page","link":"https:\/\/alameda.institute\/pt\/digital-sovereignties\/","title":{"rendered":"Soberanias digitais"},"content":{"rendered":"<div data-elementor-type=\"wp-page\" data-elementor-id=\"17519\" class=\"elementor elementor-17519\" data-elementor-post-type=\"page\">\n\t\t\t\t<div class=\"elementor-element elementor-element-d4b625f e-con-full e-flex e-con e-child\" data-id=\"d4b625f\" data-element_type=\"container\" data-e-type=\"container\" data-settings=\"{&quot;jet_parallax_layout_list&quot;:[]}\">\n\t\t\t\t<div class=\"elementor-element elementor-element-8d11c9b elementor-widget elementor-widget-jet-headline\" data-id=\"8d11c9b\" data-element_type=\"widget\" data-e-type=\"widget\" data-widget_type=\"jet-headline.default\">\n\t\t\t\t<div class=\"elementor-widget-container\">\n\t\t\t\t\t<h3 class=\"jet-headline jet-headline--direction-vertical\"><span class=\"jet-headline__part jet-headline__first\"><span class=\"jet-headline__label\">DEPOIS DA ORDEM<\/span><\/span><span class=\"jet-headline__part jet-headline__second\"><span class=\"jet-headline__label\">________________________<\/span><\/span><\/h3>\t\t\t\t<\/div>\n\t\t\t\t<\/div>\n\t\t\t\t<div class=\"elementor-element elementor-element-fd9e3d4 elementor-widget elementor-widget-heading\" data-id=\"fd9e3d4\" data-element_type=\"widget\" data-e-type=\"widget\" data-widget_type=\"heading.default\">\n\t\t\t\t<div class=\"elementor-widget-container\">\n\t\t\t\t\t<h3 class=\"elementor-heading-title elementor-size-default\">Soberanias digitais\t\n<\/h3>\t\t\t\t<\/div>\n\t\t\t\t<\/div>\n\t\t\t\t<\/div>\n\t\t<div class=\"elementor-element elementor-element-e4eb054 e-con-full e-flex e-con e-parent\" data-id=\"e4eb054\" data-element_type=\"container\" data-e-type=\"container\" data-settings=\"{&quot;background_background&quot;:&quot;classic&quot;,&quot;jet_parallax_layout_list&quot;:[]}\">\n\t\t<div class=\"elementor-element elementor-element-32e2487 e-flex e-con-boxed e-con e-child\" data-id=\"32e2487\" data-element_type=\"container\" data-e-type=\"container\" data-settings=\"{&quot;jet_parallax_layout_list&quot;:[]}\">\n\t\t\t\t\t<div class=\"e-con-inner\">\n\t\t\t\t<div class=\"elementor-element elementor-element-7e1f0f5 elementor-widget elementor-widget-text-editor\" data-id=\"7e1f0f5\" data-element_type=\"widget\" data-e-type=\"widget\" data-widget_type=\"text-editor.default\">\n\t\t\t\t<div class=\"elementor-widget-container\">\n\t\t\t\t\t\t\t\t\t<p class=\"translation-block\"><b>Como o crescimento das grandes empresas de tecnologia est\u00e1 sendo desafiado? Como as sociedades est\u00e3o buscando a <strong><span style=\"color: #c41433\">soberania digital <\/span><\/strong> atrav\u00e9s de um maior controle sobre a infraestrutura digital e de dados? <\/b><\/p>\t\t\t\t\t\t\t\t<\/div>\n\t\t\t\t<\/div>\n\t\t<div class=\"elementor-element elementor-element-e0072b3 e-grid e-con-full e-con e-child\" data-id=\"e0072b3\" data-element_type=\"container\" data-e-type=\"container\" data-settings=\"{&quot;jet_parallax_layout_list&quot;:[]}\">\n\t\t\t\t<div class=\"elementor-element elementor-element-6625cd6 elementor-widget elementor-widget-text-editor\" data-id=\"6625cd6\" data-element_type=\"widget\" data-e-type=\"widget\" data-widget_type=\"text-editor.default\">\n\t\t\t\t<div class=\"elementor-widget-container\">\n\t\t\t\t\t\t\t\t\t<p class=\"translation-block\"><span style=\"font-weight: 400\">Esta linha de pesquisa do projeto <a style=\"color: #1e73be;text-decoration: underline\" href=\"https:\/\/alameda.institute\/pt\/depois-da-ordem\/\" target=\"_blank\" rel=\"noopener\">Depois da Ordem<\/a>\u00a0reflete sobre como a tecnologia transforma o poder estatal. \u201cSoberanias digitais\u201d explora as tens\u00f5es e a coopera\u00e7\u00e3o m\u00fatua no dom\u00ednio digital entre Estados, empresas e cidad\u00e3os. Aborda tamb\u00e9m as lutas pela soberania digital, a crescente hegemonia cultural no espa\u00e7o digital e a intera\u00e7\u00e3o entre as tecnologias digitais e as emo\u00e7\u00f5es humanas. <\/span><\/p><p><span style=\"font-weight: 400;\">Fundamentalmente, em \u201cSoberanias digitais\u201d, questionamos se as tecnologias ir\u00e3o aprofundar as desigualdades globais, criando e perpetuando novas formas de subordina\u00e7\u00e3o digital, ou se ir\u00e3o abrir espa\u00e7os para a a\u00e7\u00e3o coletiva, a solidariedade e a justi\u00e7a social.<\/span><\/p>\t\t\t\t\t\t\t\t<\/div>\n\t\t\t\t<\/div>\n\t\t\t\t<div class=\"elementor-element elementor-element-f25f884 elementor-widget elementor-widget-image\" data-id=\"f25f884\" data-element_type=\"widget\" data-e-type=\"widget\" data-widget_type=\"image.default\">\n\t\t\t\t<div class=\"elementor-widget-container\">\n\t\t\t\t\t\t\t\t\t\t\t\t\t\t\t<img fetchpriority=\"high\" decoding=\"async\" width=\"768\" height=\"674\" src=\"https:\/\/alameda.institute\/wp-content\/smush-webp\/2026\/01\/subproject-2-1-768x674.png.webp\" class=\"attachment-medium_large size-medium_large wp-image-17521\" alt=\"\" srcset=\"https:\/\/alameda.institute\/wp-content\/smush-webp\/2026\/01\/subproject-2-1-768x674.png.webp 768w, https:\/\/alameda.institute\/wp-content\/smush-webp\/2026\/01\/subproject-2-1-300x263.png.webp 300w, https:\/\/alameda.institute\/wp-content\/smush-webp\/2026\/01\/subproject-2-1-1024x898.png.webp 1024w, https:\/\/alameda.institute\/wp-content\/smush-webp\/2026\/01\/subproject-2-1-1536x1347.png.webp 1536w, https:\/\/alameda.institute\/wp-content\/smush-webp\/2026\/01\/subproject-2-1-2048x1796.png.webp 2048w, https:\/\/alameda.institute\/wp-content\/smush-webp\/2026\/01\/subproject-2-1-14x12.png.webp 14w, https:\/\/alameda.institute\/wp-content\/smush-webp\/2026\/01\/subproject-2-1-600x526.png.webp 600w\" sizes=\"(max-width: 768px) 100vw, 768px\" \/>\t\t\t\t\t\t\t\t\t\t\t\t\t\t\t<\/div>\n\t\t\t\t<\/div>\n\t\t\t\t<\/div>\n\t\t\t\t<div class=\"elementor-element elementor-element-127c50f elementor-widget elementor-widget-spacer\" data-id=\"127c50f\" data-element_type=\"widget\" data-e-type=\"widget\" data-widget_type=\"spacer.default\">\n\t\t\t\t<div class=\"elementor-widget-container\">\n\t\t\t\t\t\t\t<div class=\"elementor-spacer\">\n\t\t\t<div class=\"elementor-spacer-inner\"><\/div>\n\t\t<\/div>\n\t\t\t\t\t\t<\/div>\n\t\t\t\t<\/div>\n\t\t\t\t<div class=\"elementor-element elementor-element-2204631 elementor-widget elementor-widget-heading\" data-id=\"2204631\" data-element_type=\"widget\" data-e-type=\"widget\" data-widget_type=\"heading.default\">\n\t\t\t\t<div class=\"elementor-widget-container\">\n\t\t\t\t\t<h2 class=\"elementor-heading-title elementor-size-default\">\u00daltimas publica\u00e7\u00f5es:<\/h2>\t\t\t\t<\/div>\n\t\t\t\t<\/div>\n\t\t<div class=\"elementor-element elementor-element-87f2bcc e-con-full e-flex e-con e-child\" data-id=\"87f2bcc\" data-element_type=\"container\" data-e-type=\"container\" data-settings=\"{&quot;jet_parallax_layout_list&quot;:[]}\">\n\t\t<div class=\"elementor-element elementor-element-0859855 e-grid e-con-full e-con e-child\" data-id=\"0859855\" data-element_type=\"container\" data-e-type=\"container\" data-settings=\"{&quot;jet_parallax_layout_list&quot;:[]}\">\n\t\t<div class=\"elementor-element elementor-element-57f9f9b e-con-full e-transform e-flex e-con e-child\" data-id=\"57f9f9b\" data-element_type=\"container\" data-e-type=\"container\" data-settings=\"{&quot;jet_parallax_layout_list&quot;:[],&quot;background_background&quot;:&quot;classic&quot;,&quot;_transform_scale_effect_hover&quot;:{&quot;unit&quot;:&quot;px&quot;,&quot;size&quot;:0.99,&quot;sizes&quot;:[]},&quot;_transform_scale_effect_hover_tablet&quot;:{&quot;unit&quot;:&quot;px&quot;,&quot;size&quot;:&quot;&quot;,&quot;sizes&quot;:[]},&quot;_transform_scale_effect_hover_mobile&quot;:{&quot;unit&quot;:&quot;px&quot;,&quot;size&quot;:&quot;&quot;,&quot;sizes&quot;:[]}}\">\n\t\t\t\t<div class=\"elementor-element elementor-element-4485e83 elementor-widget elementor-widget-heading\" data-id=\"4485e83\" data-element_type=\"widget\" data-e-type=\"widget\" data-widget_type=\"heading.default\">\n\t\t\t\t<div class=\"elementor-widget-container\">\n\t\t\t\t\t<h2 class=\"elementor-heading-title elementor-size-default\">A Big Tech est\u00e1 tentando acabar com a democracia?\n<\/h2>\t\t\t\t<\/div>\n\t\t\t\t<\/div>\n\t\t\t\t<div class=\"elementor-element elementor-element-c908d3b elementor-widget elementor-widget-spacer\" data-id=\"c908d3b\" data-element_type=\"widget\" data-e-type=\"widget\" data-widget_type=\"spacer.default\">\n\t\t\t\t<div class=\"elementor-widget-container\">\n\t\t\t\t\t\t\t<div class=\"elementor-spacer\">\n\t\t\t<div class=\"elementor-spacer-inner\"><\/div>\n\t\t<\/div>\n\t\t\t\t\t\t<\/div>\n\t\t\t\t<\/div>\n\t\t\t\t<div class=\"elementor-element elementor-element-84878a1 elementor-widget elementor-widget-text-editor\" data-id=\"84878a1\" data-element_type=\"widget\" data-e-type=\"widget\" data-widget_type=\"text-editor.default\">\n\t\t\t\t<div class=\"elementor-widget-container\">\n\t\t\t\t\t\t\t\t\t<p>11 de fevereiro de 2026<\/p>\t\t\t\t\t\t\t\t<\/div>\n\t\t\t\t<\/div>\n\t\t\t\t<div class=\"elementor-element elementor-element-3c68e2e elementor-widget elementor-widget-text-editor\" data-id=\"3c68e2e\" data-element_type=\"widget\" data-e-type=\"widget\" data-widget_type=\"text-editor.default\">\n\t\t\t\t<div class=\"elementor-widget-container\">\n\t\t\t\t\t\t\t\t\t<p>Publicado por <em><strong>Tribuna<\/strong><\/em><\/p>\t\t\t\t\t\t\t\t<\/div>\n\t\t\t\t<\/div>\n\t\t\t\t<div class=\"elementor-element elementor-element-9ad8e04 elementor-widget elementor-widget-image\" data-id=\"9ad8e04\" data-element_type=\"widget\" data-e-type=\"widget\" data-widget_type=\"image.default\">\n\t\t\t\t<div class=\"elementor-widget-container\">\n\t\t\t\t\t\t\t\t\t\t\t\t\t\t\t<img decoding=\"async\" width=\"1024\" height=\"664\" data-src=\"https:\/\/alameda.institute\/wp-content\/smush-webp\/2026\/03\/IsBigTech-1024x664.jpg.webp\" class=\"attachment-large size-large wp-image-24138 lazyload\" alt=\"\" data-srcset=\"https:\/\/alameda.institute\/wp-content\/smush-webp\/2026\/03\/IsBigTech-1024x664.jpg.webp 1024w, https:\/\/alameda.institute\/wp-content\/smush-webp\/2026\/03\/IsBigTech-300x195.jpg.webp 300w, https:\/\/alameda.institute\/wp-content\/smush-webp\/2026\/03\/IsBigTech-768x498.jpg.webp 768w, https:\/\/alameda.institute\/wp-content\/smush-webp\/2026\/03\/IsBigTech-1536x997.jpg.webp 1536w, https:\/\/alameda.institute\/wp-content\/smush-webp\/2026\/03\/IsBigTech-2048x1329.jpg.webp 2048w, https:\/\/alameda.institute\/wp-content\/smush-webp\/2026\/03\/IsBigTech-18x12.jpg.webp 18w, https:\/\/alameda.institute\/wp-content\/smush-webp\/2026\/03\/IsBigTech-600x389.jpg.webp 600w\" data-sizes=\"auto\" src=\"data:image\/svg+xml;base64,PHN2ZyB3aWR0aD0iMSIgaGVpZ2h0PSIxIiB4bWxucz0iaHR0cDovL3d3dy53My5vcmcvMjAwMC9zdmciPjwvc3ZnPg==\" style=\"--smush-placeholder-width: 1024px; --smush-placeholder-aspect-ratio: 1024\/664;\" data-original-sizes=\"(max-width: 1024px) 100vw, 1024px\" \/>\t\t\t\t\t\t\t\t\t\t\t\t\t\t\t<\/div>\n\t\t\t\t<\/div>\n\t\t\t\t<div class=\"elementor-element elementor-element-deed72f elementor-widget elementor-widget-button\" data-id=\"deed72f\" data-element_type=\"widget\" data-e-type=\"widget\" data-widget_type=\"button.default\">\n\t\t\t\t<div class=\"elementor-widget-container\">\n\t\t\t\t\t\t\t\t\t<div class=\"elementor-button-wrapper\">\n\t\t\t\t\t<a class=\"elementor-button elementor-button-link elementor-size-sm\" href=\"https:\/\/alameda.institute\/pt\/artigo\/as-grandes-empresas-de-tecnologia-estao-tentando-acabar-com-a-democracia\/\" target=\"_blank\">\n\t\t\t\t\t\t<span class=\"elementor-button-content-wrapper\">\n\t\t\t\t\t\t\t\t\t<span class=\"elementor-button-text\">LEIA O ARTIGO<\/span>\n\t\t\t\t\t<\/span>\n\t\t\t\t\t<\/a>\n\t\t\t\t<\/div>\n\t\t\t\t\t\t\t\t<\/div>\n\t\t\t\t<\/div>\n\t\t\t\t<\/div>\n\t\t<div class=\"elementor-element elementor-element-e22da43 e-con-full e-transform e-flex e-con e-child\" data-id=\"e22da43\" data-element_type=\"container\" data-e-type=\"container\" data-settings=\"{&quot;jet_parallax_layout_list&quot;:[],&quot;background_background&quot;:&quot;classic&quot;,&quot;_transform_scale_effect_hover&quot;:{&quot;unit&quot;:&quot;px&quot;,&quot;size&quot;:0.99,&quot;sizes&quot;:[]},&quot;_transform_scale_effect_hover_tablet&quot;:{&quot;unit&quot;:&quot;px&quot;,&quot;size&quot;:&quot;&quot;,&quot;sizes&quot;:[]},&quot;_transform_scale_effect_hover_mobile&quot;:{&quot;unit&quot;:&quot;px&quot;,&quot;size&quot;:&quot;&quot;,&quot;sizes&quot;:[]}}\">\n\t\t\t\t<div class=\"elementor-element elementor-element-8e7c1bd elementor-widget elementor-widget-heading\" data-id=\"8e7c1bd\" data-element_type=\"widget\" data-e-type=\"widget\" data-widget_type=\"heading.default\">\n\t\t\t\t<div class=\"elementor-widget-container\">\n\t\t\t\t\t<h2 class=\"elementor-heading-title elementor-size-default\">Por que a soberania digital \u00e9 importante\n<\/h2>\t\t\t\t<\/div>\n\t\t\t\t<\/div>\n\t\t\t\t<div class=\"elementor-element elementor-element-7f39c81 elementor-widget elementor-widget-spacer\" data-id=\"7f39c81\" data-element_type=\"widget\" data-e-type=\"widget\" data-widget_type=\"spacer.default\">\n\t\t\t\t<div class=\"elementor-widget-container\">\n\t\t\t\t\t\t\t<div class=\"elementor-spacer\">\n\t\t\t<div class=\"elementor-spacer-inner\"><\/div>\n\t\t<\/div>\n\t\t\t\t\t\t<\/div>\n\t\t\t\t<\/div>\n\t\t\t\t<div class=\"elementor-element elementor-element-a82a9c8 elementor-widget elementor-widget-text-editor\" data-id=\"a82a9c8\" data-element_type=\"widget\" data-e-type=\"widget\" data-widget_type=\"text-editor.default\">\n\t\t\t\t<div class=\"elementor-widget-container\">\n\t\t\t\t\t\t\t\t\t<p>11 de novembro de 2025<\/p>\t\t\t\t\t\t\t\t<\/div>\n\t\t\t\t<\/div>\n\t\t\t\t<div class=\"elementor-element elementor-element-6323266 elementor-widget elementor-widget-text-editor\" data-id=\"6323266\" data-element_type=\"widget\" data-e-type=\"widget\" data-widget_type=\"text-editor.default\">\n\t\t\t\t<div class=\"elementor-widget-container\">\n\t\t\t\t\t\t\t\t\t<p>Publicado por <em><strong>Tribuna<\/strong><\/em><\/p>\t\t\t\t\t\t\t\t<\/div>\n\t\t\t\t<\/div>\n\t\t\t\t<div class=\"elementor-element elementor-element-77ee087 elementor-widget elementor-widget-image\" data-id=\"77ee087\" data-element_type=\"widget\" data-e-type=\"widget\" data-widget_type=\"image.default\">\n\t\t\t\t<div class=\"elementor-widget-container\">\n\t\t\t\t\t\t\t\t\t\t\t\t\t\t\t<img decoding=\"async\" width=\"1024\" height=\"683\" data-src=\"https:\/\/alameda.institute\/wp-content\/smush-webp\/2026\/01\/GettyImages-2209933021.jpg.webp\" class=\"attachment-large size-large wp-image-17522 lazyload\" alt=\"\" data-srcset=\"https:\/\/alameda.institute\/wp-content\/smush-webp\/2026\/01\/GettyImages-2209933021.jpg.webp 1024w, https:\/\/alameda.institute\/wp-content\/smush-webp\/2026\/01\/GettyImages-2209933021-300x200.jpg.webp 300w, https:\/\/alameda.institute\/wp-content\/smush-webp\/2026\/01\/GettyImages-2209933021-768x512.jpg.webp 768w, https:\/\/alameda.institute\/wp-content\/smush-webp\/2026\/01\/GettyImages-2209933021-18x12.jpg.webp 18w, https:\/\/alameda.institute\/wp-content\/smush-webp\/2026\/01\/GettyImages-2209933021-600x400.jpg.webp 600w\" data-sizes=\"auto\" src=\"data:image\/svg+xml;base64,PHN2ZyB3aWR0aD0iMSIgaGVpZ2h0PSIxIiB4bWxucz0iaHR0cDovL3d3dy53My5vcmcvMjAwMC9zdmciPjwvc3ZnPg==\" style=\"--smush-placeholder-width: 1024px; --smush-placeholder-aspect-ratio: 1024\/683;\" data-original-sizes=\"(max-width: 1024px) 100vw, 1024px\" \/>\t\t\t\t\t\t\t\t\t\t\t\t\t\t\t<\/div>\n\t\t\t\t<\/div>\n\t\t\t\t<div class=\"elementor-element elementor-element-355659b elementor-widget elementor-widget-button\" data-id=\"355659b\" data-element_type=\"widget\" data-e-type=\"widget\" data-widget_type=\"button.default\">\n\t\t\t\t<div class=\"elementor-widget-container\">\n\t\t\t\t\t\t\t\t\t<div class=\"elementor-button-wrapper\">\n\t\t\t\t\t<a class=\"elementor-button elementor-button-link elementor-size-sm\" href=\"https:\/\/www.tribunemag.co.uk\/2025\/11\/why-digital-sovereignty-matters\" target=\"_blank\">\n\t\t\t\t\t\t<span class=\"elementor-button-content-wrapper\">\n\t\t\t\t\t\t\t\t\t<span class=\"elementor-button-text\">LEIA O ARTIGO<\/span>\n\t\t\t\t\t<\/span>\n\t\t\t\t\t<\/a>\n\t\t\t\t<\/div>\n\t\t\t\t\t\t\t\t<\/div>\n\t\t\t\t<\/div>\n\t\t\t\t<\/div>\n\t\t<div class=\"elementor-element elementor-element-43fe343 e-con-full e-transform e-flex e-con e-child\" data-id=\"43fe343\" data-element_type=\"container\" data-e-type=\"container\" data-settings=\"{&quot;jet_parallax_layout_list&quot;:[],&quot;background_background&quot;:&quot;classic&quot;,&quot;_transform_scale_effect_hover&quot;:{&quot;unit&quot;:&quot;px&quot;,&quot;size&quot;:0.99,&quot;sizes&quot;:[]},&quot;_transform_scale_effect_hover_tablet&quot;:{&quot;unit&quot;:&quot;px&quot;,&quot;size&quot;:&quot;&quot;,&quot;sizes&quot;:[]},&quot;_transform_scale_effect_hover_mobile&quot;:{&quot;unit&quot;:&quot;px&quot;,&quot;size&quot;:&quot;&quot;,&quot;sizes&quot;:[]}}\">\n\t\t\t\t<div class=\"elementor-element elementor-element-0033a09 elementor-widget elementor-widget-heading\" data-id=\"0033a09\" data-element_type=\"widget\" data-e-type=\"widget\" data-widget_type=\"heading.default\">\n\t\t\t\t<div class=\"elementor-widget-container\">\n\t\t\t\t\t<h2 class=\"elementor-heading-title elementor-size-default\">Recuperando a soberania digital\n<\/h2>\t\t\t\t<\/div>\n\t\t\t\t<\/div>\n\t\t\t\t<div class=\"elementor-element elementor-element-94159e5 elementor-widget elementor-widget-spacer\" data-id=\"94159e5\" data-element_type=\"widget\" data-e-type=\"widget\" data-widget_type=\"spacer.default\">\n\t\t\t\t<div class=\"elementor-widget-container\">\n\t\t\t\t\t\t\t<div class=\"elementor-spacer\">\n\t\t\t<div class=\"elementor-spacer-inner\"><\/div>\n\t\t<\/div>\n\t\t\t\t\t\t<\/div>\n\t\t\t\t<\/div>\n\t\t\t\t<div class=\"elementor-element elementor-element-0faee0b elementor-widget elementor-widget-text-editor\" data-id=\"0faee0b\" data-element_type=\"widget\" data-e-type=\"widget\" data-widget_type=\"text-editor.default\">\n\t\t\t\t<div class=\"elementor-widget-container\">\n\t\t\t\t\t\t\t\t\t<p>29 de abril de 2025<\/p>\t\t\t\t\t\t\t\t<\/div>\n\t\t\t\t<\/div>\n\t\t\t\t<div class=\"elementor-element elementor-element-41a5883 elementor-widget elementor-widget-text-editor\" data-id=\"41a5883\" data-element_type=\"widget\" data-e-type=\"widget\" data-widget_type=\"text-editor.default\">\n\t\t\t\t<div class=\"elementor-widget-container\">\n\t\t\t\t\t\t\t\t\t<p>Publicado por <em><strong>Alameda\u00a0<\/strong><\/em><\/p>\t\t\t\t\t\t\t\t<\/div>\n\t\t\t\t<\/div>\n\t\t\t\t<div class=\"elementor-element elementor-element-ded4e89 elementor-widget elementor-widget-image\" data-id=\"ded4e89\" data-element_type=\"widget\" data-e-type=\"widget\" data-widget_type=\"image.default\">\n\t\t\t\t<div class=\"elementor-widget-container\">\n\t\t\t\t\t\t\t\t\t\t\t\t\t\t\t<img decoding=\"async\" width=\"491\" height=\"312\" data-src=\"https:\/\/alameda.institute\/wp-content\/smush-webp\/2026\/01\/Captura-de-pantalla-2026-01-19-095840.png.webp\" class=\"attachment-large size-large wp-image-17523 lazyload\" alt=\"\" data-srcset=\"https:\/\/alameda.institute\/wp-content\/smush-webp\/2026\/01\/Captura-de-pantalla-2026-01-19-095840.png.webp 491w, https:\/\/alameda.institute\/wp-content\/smush-webp\/2026\/01\/Captura-de-pantalla-2026-01-19-095840-300x191.png.webp 300w, https:\/\/alameda.institute\/wp-content\/smush-webp\/2026\/01\/Captura-de-pantalla-2026-01-19-095840-18x12.png.webp 18w\" data-sizes=\"auto\" src=\"data:image\/svg+xml;base64,PHN2ZyB3aWR0aD0iMSIgaGVpZ2h0PSIxIiB4bWxucz0iaHR0cDovL3d3dy53My5vcmcvMjAwMC9zdmciPjwvc3ZnPg==\" style=\"--smush-placeholder-width: 491px; --smush-placeholder-aspect-ratio: 491\/312;\" data-original-sizes=\"(max-width: 491px) 100vw, 491px\" \/>\t\t\t\t\t\t\t\t\t\t\t\t\t\t\t<\/div>\n\t\t\t\t<\/div>\n\t\t\t\t<div class=\"elementor-element elementor-element-cf87a21 elementor-widget elementor-widget-button\" data-id=\"cf87a21\" data-element_type=\"widget\" data-e-type=\"widget\" data-widget_type=\"button.default\">\n\t\t\t\t<div class=\"elementor-widget-container\">\n\t\t\t\t\t\t\t\t\t<div class=\"elementor-button-wrapper\">\n\t\t\t\t\t<a class=\"elementor-button elementor-button-link elementor-size-sm\" href=\"https:\/\/alameda.institute\/pt\/relatorio\/recuperando-a-soberania-digital-um-roteiro-para-construir-uma-pilha-digital-para-as-pessoas-e-o-planeta\/\" target=\"_blank\">\n\t\t\t\t\t\t<span class=\"elementor-button-content-wrapper\">\n\t\t\t\t\t\t\t\t\t<span class=\"elementor-button-text\">LEIA O ARTIGO<\/span>\n\t\t\t\t\t<\/span>\n\t\t\t\t\t<\/a>\n\t\t\t\t<\/div>\n\t\t\t\t\t\t\t\t<\/div>\n\t\t\t\t<\/div>\n\t\t\t\t<\/div>\n\t\t\t\t<\/div>\n\t\t\t\t<\/div>\n\t\t\t\t\t<\/div>\n\t\t\t\t<\/div>\n\t\t\t\t<\/div>\n\t\t<div class=\"elementor-element elementor-element-bb1ba1f e-con-full e-flex e-con e-parent\" data-id=\"bb1ba1f\" data-element_type=\"container\" data-e-type=\"container\" data-settings=\"{&quot;jet_parallax_layout_list&quot;:[]}\">\n\t\t\t\t<div class=\"elementor-element elementor-element-38a0b70 elementor-widget elementor-widget-text-editor\" data-id=\"38a0b70\" data-element_type=\"widget\" data-e-type=\"widget\" data-widget_type=\"text-editor.default\">\n\t\t\t\t<div class=\"elementor-widget-container\">\n\t\t\t\t\t\t\t\t\t<p><a href=\"https:\/\/alameda.institute\/pt\/depois-da-ordem\/\">Voltar ao projeto After Order<\/a><\/p>\t\t\t\t\t\t\t\t<\/div>\n\t\t\t\t<\/div>\n\t\t\t\t<\/div>\n\t\t<div class=\"elementor-element elementor-element-758655f e-flex e-con-boxed e-con e-parent\" data-id=\"758655f\" data-element_type=\"container\" data-e-type=\"container\" data-settings=\"{&quot;jet_parallax_layout_list&quot;:[]}\">\n\t\t\t\t\t<div class=\"e-con-inner\">\n\t\t<div class=\"elementor-element elementor-element-2585ccc e-con-full e-flex e-con e-child\" data-id=\"2585ccc\" data-element_type=\"container\" data-e-type=\"container\" data-settings=\"{&quot;jet_parallax_layout_list&quot;:[]}\">\n\t\t<div class=\"elementor-element elementor-element-22f2e98 e-con-full e-flex e-con e-child\" data-id=\"22f2e98\" data-element_type=\"container\" data-e-type=\"container\" data-settings=\"{&quot;jet_parallax_layout_list&quot;:[]}\">\n\t\t\t\t<div class=\"elementor-element elementor-element-f69fa8c elementor-widget elementor-widget-spacer\" data-id=\"f69fa8c\" data-element_type=\"widget\" data-e-type=\"widget\" data-widget_type=\"spacer.default\">\n\t\t\t\t<div class=\"elementor-widget-container\">\n\t\t\t\t\t\t\t<div class=\"elementor-spacer\">\n\t\t\t<div class=\"elementor-spacer-inner\"><\/div>\n\t\t<\/div>\n\t\t\t\t\t\t<\/div>\n\t\t\t\t<\/div>\n\t\t\t\t<div class=\"elementor-element elementor-element-11e5d78 elementor-widget elementor-widget-heading\" data-id=\"11e5d78\" data-element_type=\"widget\" data-e-type=\"widget\" data-widget_type=\"heading.default\">\n\t\t\t\t<div class=\"elementor-widget-container\">\n\t\t\t\t\t<h2 class=\"elementor-heading-title elementor-size-default\">Coordenador<\/h2>\t\t\t\t<\/div>\n\t\t\t\t<\/div>\n\t\t\t\t<div class=\"elementor-element elementor-element-d9ec218 elementor-widget elementor-widget-heading\" data-id=\"d9ec218\" data-element_type=\"widget\" data-e-type=\"widget\" data-widget_type=\"heading.default\">\n\t\t\t\t<div class=\"elementor-widget-container\">\n\t\t\t\t\t<h2 class=\"elementor-heading-title elementor-size-default\">______________<\/h2>\t\t\t\t<\/div>\n\t\t\t\t<\/div>\n\t\t\t\t<\/div>\n\t\t\t\t<\/div>\n\t\t\t\t<div class=\"elementor-element elementor-element-78afe0a elementor-widget elementor-widget-jet-team-member\" data-id=\"78afe0a\" data-element_type=\"widget\" data-e-type=\"widget\" data-widget_type=\"jet-team-member.default\">\n\t\t\t\t<div class=\"elementor-widget-container\">\n\t\t\t\t\t<div class=\"elementor-jet-team-member jet-elements\"><div class=\"jet-team-member\">\n\t<div class=\"jet-team-member__inner\">\n\t\t\t<div class=\"jet-team-member__image\">\n\t\t\t<div class=\"jet-team-member__cover\"><\/div>\n\t\t\t<figure class=\"jet-team-member__figure\"><img decoding=\"async\" width=\"750\" height=\"750\" data-src=\"https:\/\/alameda.institute\/wp-content\/smush-webp\/2023\/04\/Paolo-Gerbaudo-Alameda-Institute-Associate.png.webp\" class=\"jet-team-member__img-tag lazyload\" alt=\"Paolo Gerbaudo - Instituto Alameda - Associado\" data-srcset=\"https:\/\/alameda.institute\/wp-content\/smush-webp\/2023\/04\/Paolo-Gerbaudo-Alameda-Institute-Associate.png.webp 750w, https:\/\/alameda.institute\/wp-content\/smush-webp\/2023\/04\/Paolo-Gerbaudo-Alameda-Institute-Associate-300x300.png.webp 300w, https:\/\/alameda.institute\/wp-content\/smush-webp\/2023\/04\/Paolo-Gerbaudo-Alameda-Institute-Associate-150x150.png.webp 150w, https:\/\/alameda.institute\/wp-content\/smush-webp\/2023\/04\/Paolo-Gerbaudo-Alameda-Institute-Associate-230x230.png.webp 230w, https:\/\/alameda.institute\/wp-content\/smush-webp\/2023\/04\/Paolo-Gerbaudo-Alameda-Institute-Associate-400x400.png.webp 400w, https:\/\/alameda.institute\/wp-content\/smush-webp\/2023\/04\/Paolo-Gerbaudo-Alameda-Institute-Associate-600x600.png.webp 600w, https:\/\/alameda.institute\/wp-content\/smush-webp\/2023\/04\/Paolo-Gerbaudo-Alameda-Institute-Associate-640x640.png.webp 640w\" data-sizes=\"auto\" src=\"data:image\/svg+xml;base64,PHN2ZyB3aWR0aD0iMSIgaGVpZ2h0PSIxIiB4bWxucz0iaHR0cDovL3d3dy53My5vcmcvMjAwMC9zdmciPjwvc3ZnPg==\" style=\"--smush-placeholder-width: 750px; --smush-placeholder-aspect-ratio: 750\/750;\" data-original-sizes=\"(max-width: 750px) 100vw, 750px\" \/><\/figure>\t\t<\/div>\n\t\t<div class=\"jet-team-member__content\"><h3 class=\"jet-team-member__name\"><span class=\"jet-team-member__name-first\">Paolo<\/span><span class=\"jet-team-member__name-last\"> Gerbaudo<\/span><\/h3><div class=\"jet-team-member__position\"><span>Pesquisador S\u00eanior<\/span><\/div><div class=\"jet-team-member__socials\"><div class=\"jet-team-member__socials-item\"><a href=\"#\" aria-label=\"\"><\/a><\/div><\/div><\/div>\n\t<\/div>\n\t<\/div>\n<\/div>\t\t\t\t<\/div>\n\t\t\t\t<\/div>\n\t\t\t\t\t<\/div>\n\t\t\t\t<\/div>\n\t\t\t\t<\/div>","protected":false},"excerpt":{"rendered":"<p>AFTER ORDER________________________ Digital Sovereignties How is the rise of big tech being challenged, and how are societies seeking digital sovereignty through greater control over digital infrastructure and data? This research stream of After Order\u00a0project reflects on how technology transforms state power. It also explores the tensions and the mutual cooperation in the digital realm between [&hellip;]<\/p>\n","protected":false},"author":26,"featured_media":0,"parent":0,"menu_order":0,"comment_status":"closed","ping_status":"closed","template":"","meta":{"footnotes":""},"class_list":["post-17519","page","type-page","status-publish","hentry"],"_links":{"self":[{"href":"https:\/\/alameda.institute\/pt\/wp-json\/wp\/v2\/pages\/17519","targetHints":{"allow":["GET"]}}],"collection":[{"href":"https:\/\/alameda.institute\/pt\/wp-json\/wp\/v2\/pages"}],"about":[{"href":"https:\/\/alameda.institute\/pt\/wp-json\/wp\/v2\/types\/page"}],"author":[{"embeddable":true,"href":"https:\/\/alameda.institute\/pt\/wp-json\/wp\/v2\/users\/26"}],"replies":[{"embeddable":true,"href":"https:\/\/alameda.institute\/pt\/wp-json\/wp\/v2\/comments?post=17519"}],"version-history":[{"count":0,"href":"https:\/\/alameda.institute\/pt\/wp-json\/wp\/v2\/pages\/17519\/revisions"}],"wp:attachment":[{"href":"https:\/\/alameda.institute\/pt\/wp-json\/wp\/v2\/media?parent=17519"}],"curies":[{"name":"wp","href":"https:\/\/api.w.org\/{rel}","templated":true}]}}