{"id":17524,"date":"2026-01-19T14:56:38","date_gmt":"2026-01-19T14:56:38","guid":{"rendered":"https:\/\/alameda.institute\/?page_id=17524"},"modified":"2026-01-28T15:20:09","modified_gmt":"2026-01-28T15:20:09","slug":"soberanias-fragmentadas-e-a-politica-da-desordem","status":"publish","type":"page","link":"https:\/\/alameda.institute\/pt\/fragmented-sovereignties-and-the-politics-of-disorder\/","title":{"rendered":"Soberanias fragmentadas e a pol\u00edtica da desordem\u00a0"},"content":{"rendered":"<div data-elementor-type=\"wp-page\" data-elementor-id=\"17524\" class=\"elementor elementor-17524\" data-elementor-post-type=\"page\">\n\t\t\t\t<div class=\"elementor-element elementor-element-d4b625f e-con-full e-flex e-con e-child\" data-id=\"d4b625f\" data-element_type=\"container\" data-e-type=\"container\" data-settings=\"{&quot;jet_parallax_layout_list&quot;:[]}\">\n\t\t\t\t<div class=\"elementor-element elementor-element-8d11c9b elementor-widget elementor-widget-jet-headline\" data-id=\"8d11c9b\" data-element_type=\"widget\" data-e-type=\"widget\" data-widget_type=\"jet-headline.default\">\n\t\t\t\t<div class=\"elementor-widget-container\">\n\t\t\t\t\t<h3 class=\"jet-headline jet-headline--direction-vertical\"><span class=\"jet-headline__part jet-headline__first\"><span class=\"jet-headline__label\">DEPOIS DA ORDEM<\/span><\/span><span class=\"jet-headline__part jet-headline__second\"><span class=\"jet-headline__label\">________________________<\/span><\/span><\/h3>\t\t\t\t<\/div>\n\t\t\t\t<\/div>\n\t\t\t\t<div class=\"elementor-element elementor-element-fd9e3d4 elementor-widget elementor-widget-heading\" data-id=\"fd9e3d4\" data-element_type=\"widget\" data-e-type=\"widget\" data-widget_type=\"heading.default\">\n\t\t\t\t<div class=\"elementor-widget-container\">\n\t\t\t\t\t<h3 class=\"elementor-heading-title elementor-size-default\">Soberanias fragmentadas e a Pol\u00edtica da Desordem \n\n<\/h3>\t\t\t\t<\/div>\n\t\t\t\t<\/div>\n\t\t\t\t<\/div>\n\t\t<div class=\"elementor-element elementor-element-e4eb054 e-con-full e-flex e-con e-parent\" data-id=\"e4eb054\" data-element_type=\"container\" data-e-type=\"container\" data-settings=\"{&quot;background_background&quot;:&quot;classic&quot;,&quot;jet_parallax_layout_list&quot;:[]}\">\n\t\t<div class=\"elementor-element elementor-element-32e2487 e-flex e-con-boxed e-con e-child\" data-id=\"32e2487\" data-element_type=\"container\" data-e-type=\"container\" data-settings=\"{&quot;jet_parallax_layout_list&quot;:[]}\">\n\t\t\t\t\t<div class=\"e-con-inner\">\n\t\t\t\t<div class=\"elementor-element elementor-element-7e1f0f5 elementor-widget elementor-widget-text-editor\" data-id=\"7e1f0f5\" data-element_type=\"widget\" data-e-type=\"widget\" data-widget_type=\"text-editor.default\">\n\t\t\t\t<div class=\"elementor-widget-container\">\n\t\t\t\t\t\t\t\t\t<p class=\"translation-block\"><b>Como a dispers\u00e3o de <span style=\"color: #c41433\">soberania <\/span><\/b><b>entre atores estatais e n\u00e3o estatais, tais como organiza\u00e7\u00f5es criminosas, mercen\u00e1rios, grupos religiosos, m\u00e1fias e mil\u00edcias paraestatais, tem modificado a ideia de autoridade, o exerc\u00edcio do poder e a economia pol\u00edtica que os sustenta?<\/b><\/p>\t\t\t\t\t\t\t\t<\/div>\n\t\t\t\t<\/div>\n\t\t<div class=\"elementor-element elementor-element-e0072b3 e-grid e-con-full e-con e-child\" data-id=\"e0072b3\" data-element_type=\"container\" data-e-type=\"container\" data-settings=\"{&quot;jet_parallax_layout_list&quot;:[]}\">\n\t\t\t\t<div class=\"elementor-element elementor-element-6625cd6 elementor-widget elementor-widget-text-editor\" data-id=\"6625cd6\" data-element_type=\"widget\" data-e-type=\"widget\" data-widget_type=\"text-editor.default\">\n\t\t\t\t<div class=\"elementor-widget-container\">\n\t\t\t\t\t\t\t\t\t<p class=\"translation-block\"><span style=\"font-weight: 400\">Esta linha de pesquisa do projeto <a style=\"color: #1e73be;text-decoration: underline\" href=\"https:\/\/alameda.institute\/pt\/depois-da-ordem\/\" target=\"_blank\" rel=\"noopener\">Depois da Ordem<\/a>\u00a0investiga como a ordem pol\u00edtica atual depende de uma distribui\u00e7\u00e3o cada vez mais descentralizada do poder. Examinamos aqui como essa reconfigura\u00e7\u00e3o resultou em um sistema no qual a autoridade pol\u00edtica \u00e9 exercida por meio da viol\u00eancia. Observamos como as autoridades \u201cleg\u00edtimas\u201d \u2013 cada vez mais coercivas e autocr\u00e1ticas \u2013 agora compartilham a prerrogativa da soberania com atores n\u00e3o estatais, como corpora\u00e7\u00f5es, grupos paramilitares e at\u00e9 mesmo organiza\u00e7\u00f5es criminosas. \u00a0<\/span><\/p><p class=\"translation-block\">\u201cSoberanias fragmentadas\u201d examina como a desordem resultante dessa dispers\u00e3o de poder \u00e9 gerenciada. Exploramos como novas formas de poder emergem nas margens da legitimidade \u2013  e tamb\u00e9m em lugares onde a desordem tamb\u00e9m \u00e9 invocada por plataformas autocr\u00e1ticas, agora baseadas na ruptura, captura e destrui\u00e7\u00e3o do Estado democr\u00e1tico.<\/p><p><span style=\"font-weight: 400;\">Movimentos autorit\u00e1rios contempor\u00e2neos surgem agora dentro de democracias liberais, reivindicando legitimidade eleitoral enquanto minam a escolha democr\u00e1tica. \u00c0 medida que esses novos atores pol\u00edticos autorit\u00e1rios ganham influ\u00eancia e apoio popular, eles reivindicam a soberania como uma bandeira poderosa para justificar seus governos violentos, que desafiam qualquer ordem estabelecida \u2013 internacional ou constitucional.<\/span><\/p>\t\t\t\t\t\t\t\t<\/div>\n\t\t\t\t<\/div>\n\t\t\t\t<div class=\"elementor-element elementor-element-d93b909 elementor-widget elementor-widget-image\" data-id=\"d93b909\" data-element_type=\"widget\" data-e-type=\"widget\" data-widget_type=\"image.default\">\n\t\t\t\t<div class=\"elementor-widget-container\">\n\t\t\t\t\t\t\t\t\t\t\t\t\t\t\t<img fetchpriority=\"high\" decoding=\"async\" width=\"1010\" height=\"1024\" src=\"https:\/\/alameda.institute\/wp-content\/smush-webp\/2026\/01\/subproject-3-1010x1024.png.webp\" class=\"attachment-large size-large wp-image-17533\" alt=\"\" srcset=\"https:\/\/alameda.institute\/wp-content\/smush-webp\/2026\/01\/subproject-3-1010x1024.png.webp 1010w, https:\/\/alameda.institute\/wp-content\/smush-webp\/2026\/01\/subproject-3-296x300.png.webp 296w, https:\/\/alameda.institute\/wp-content\/smush-webp\/2026\/01\/subproject-3-768x778.png.webp 768w, https:\/\/alameda.institute\/wp-content\/smush-webp\/2026\/01\/subproject-3-1515x1536.png.webp 1515w, https:\/\/alameda.institute\/wp-content\/smush-webp\/2026\/01\/subproject-3-2021x2048.png.webp 2021w, https:\/\/alameda.institute\/wp-content\/smush-webp\/2026\/01\/subproject-3-12x12.png.webp 12w, https:\/\/alameda.institute\/wp-content\/smush-webp\/2026\/01\/subproject-3-600x608.png.webp 600w\" sizes=\"(max-width: 1010px) 100vw, 1010px\" \/>\t\t\t\t\t\t\t\t\t\t\t\t\t\t\t<\/div>\n\t\t\t\t<\/div>\n\t\t\t\t<\/div>\n\t\t<div class=\"elementor-element elementor-element-1b38f6e e-con-full e-flex e-con e-child\" data-id=\"1b38f6e\" data-element_type=\"container\" data-e-type=\"container\" data-settings=\"{&quot;jet_parallax_layout_list&quot;:[]}\">\n\t\t\t\t<div class=\"elementor-element elementor-element-b144cd2 elementor-widget elementor-widget-text-editor\" data-id=\"b144cd2\" data-element_type=\"widget\" data-e-type=\"widget\" data-widget_type=\"text-editor.default\">\n\t\t\t\t<div class=\"elementor-widget-container\">\n\t\t\t\t\t\t\t\t\t<p><span style=\"font-weight: 400;\">Ouvindo vozes diversas, tanto do Sul como do Norte Global, esta linha de pesquisa reflete sobre o agravamento da crise de autoridade, a propaga\u00e7\u00e3o da desordem violenta e a crescente normaliza\u00e7\u00e3o do colapso democr\u00e1tico. <\/span><span style=\"font-weight: 400;\">\u00a0<\/span><\/p>\t\t\t\t\t\t\t\t<\/div>\n\t\t\t\t<\/div>\n\t\t\t\t<\/div>\n\t\t\t\t<div class=\"elementor-element elementor-element-c612554 elementor-widget elementor-widget-spacer\" data-id=\"c612554\" data-element_type=\"widget\" data-e-type=\"widget\" data-widget_type=\"spacer.default\">\n\t\t\t\t<div class=\"elementor-widget-container\">\n\t\t\t\t\t\t\t<div class=\"elementor-spacer\">\n\t\t\t<div class=\"elementor-spacer-inner\"><\/div>\n\t\t<\/div>\n\t\t\t\t\t\t<\/div>\n\t\t\t\t<\/div>\n\t\t\t\t<div class=\"elementor-element elementor-element-2204631 elementor-widget elementor-widget-heading\" data-id=\"2204631\" data-element_type=\"widget\" data-e-type=\"widget\" data-widget_type=\"heading.default\">\n\t\t\t\t<div class=\"elementor-widget-container\">\n\t\t\t\t\t<h2 class=\"elementor-heading-title elementor-size-default\">\u00daltimas publica\u00e7\u00f5es:<\/h2>\t\t\t\t<\/div>\n\t\t\t\t<\/div>\n\t\t<div class=\"elementor-element elementor-element-87f2bcc e-con-full e-flex e-con e-child\" data-id=\"87f2bcc\" data-element_type=\"container\" data-e-type=\"container\" data-settings=\"{&quot;jet_parallax_layout_list&quot;:[]}\">\n\t\t<div class=\"elementor-element elementor-element-0859855 e-grid e-con-full e-con e-child\" data-id=\"0859855\" data-element_type=\"container\" data-e-type=\"container\" data-settings=\"{&quot;jet_parallax_layout_list&quot;:[]}\">\n\t\t<div class=\"elementor-element elementor-element-55aa897 e-con-full e-transform e-flex e-con e-child\" data-id=\"55aa897\" data-element_type=\"container\" data-e-type=\"container\" data-settings=\"{&quot;jet_parallax_layout_list&quot;:[],&quot;background_background&quot;:&quot;classic&quot;,&quot;_transform_scale_effect_hover&quot;:{&quot;unit&quot;:&quot;px&quot;,&quot;size&quot;:0.99,&quot;sizes&quot;:[]},&quot;_transform_scale_effect_hover_tablet&quot;:{&quot;unit&quot;:&quot;px&quot;,&quot;size&quot;:&quot;&quot;,&quot;sizes&quot;:[]},&quot;_transform_scale_effect_hover_mobile&quot;:{&quot;unit&quot;:&quot;px&quot;,&quot;size&quot;:&quot;&quot;,&quot;sizes&quot;:[]}}\">\n\t\t\t\t<div class=\"elementor-element elementor-element-2bb083f elementor-widget elementor-widget-heading\" data-id=\"2bb083f\" data-element_type=\"widget\" data-e-type=\"widget\" data-widget_type=\"heading.default\">\n\t\t\t\t<div class=\"elementor-widget-container\">\n\t\t\t\t\t<h2 class=\"elementor-heading-title elementor-size-default\">Soberanos de um Brasil fragmentado\n<\/h2>\t\t\t\t<\/div>\n\t\t\t\t<\/div>\n\t\t\t\t<div class=\"elementor-element elementor-element-6980df2 elementor-widget elementor-widget-spacer\" data-id=\"6980df2\" data-element_type=\"widget\" data-e-type=\"widget\" data-widget_type=\"spacer.default\">\n\t\t\t\t<div class=\"elementor-widget-container\">\n\t\t\t\t\t\t\t<div class=\"elementor-spacer\">\n\t\t\t<div class=\"elementor-spacer-inner\"><\/div>\n\t\t<\/div>\n\t\t\t\t\t\t<\/div>\n\t\t\t\t<\/div>\n\t\t\t\t<div class=\"elementor-element elementor-element-525a183 elementor-widget elementor-widget-text-editor\" data-id=\"525a183\" data-element_type=\"widget\" data-e-type=\"widget\" data-widget_type=\"text-editor.default\">\n\t\t\t\t<div class=\"elementor-widget-container\">\n\t\t\t\t\t\t\t\t\t<p>19 de janeiro de 2026<\/p>\t\t\t\t\t\t\t\t<\/div>\n\t\t\t\t<\/div>\n\t\t\t\t<div class=\"elementor-element elementor-element-9804fae elementor-widget elementor-widget-text-editor\" data-id=\"9804fae\" data-element_type=\"widget\" data-e-type=\"widget\" data-widget_type=\"text-editor.default\">\n\t\t\t\t<div class=\"elementor-widget-container\">\n\t\t\t\t\t\t\t\t\t<p>Publicado por <strong><em>Piau\u00ed<\/em><\/strong><\/p>\t\t\t\t\t\t\t\t<\/div>\n\t\t\t\t<\/div>\n\t\t\t\t<div class=\"elementor-element elementor-element-a8b7a73 elementor-widget elementor-widget-image\" data-id=\"a8b7a73\" data-element_type=\"widget\" data-e-type=\"widget\" data-widget_type=\"image.default\">\n\t\t\t\t<div class=\"elementor-widget-container\">\n\t\t\t\t\t\t\t\t\t\t\t\t\t\t\t<img decoding=\"async\" width=\"768\" height=\"488\" data-src=\"https:\/\/alameda.institute\/wp-content\/uploads\/2026\/01\/soberania-11-e1769084352699-768x488.jpeg\" class=\"attachment-medium_large size-medium_large wp-image-17764 lazyload\" alt=\"\" data-srcset=\"https:\/\/alameda.institute\/wp-content\/uploads\/2026\/01\/soberania-11-e1769084352699-768x488.jpeg 768w, https:\/\/alameda.institute\/wp-content\/uploads\/2026\/01\/soberania-11-e1769084352699-300x190.jpeg 300w, https:\/\/alameda.institute\/wp-content\/uploads\/2026\/01\/soberania-11-e1769084352699-18x12.jpeg 18w, https:\/\/alameda.institute\/wp-content\/uploads\/2026\/01\/soberania-11-e1769084352699-600x381.jpeg 600w, https:\/\/alameda.institute\/wp-content\/uploads\/2026\/01\/soberania-11-e1769084352699.jpeg 1024w\" data-sizes=\"auto\" src=\"data:image\/svg+xml;base64,PHN2ZyB3aWR0aD0iMSIgaGVpZ2h0PSIxIiB4bWxucz0iaHR0cDovL3d3dy53My5vcmcvMjAwMC9zdmciPjwvc3ZnPg==\" style=\"--smush-placeholder-width: 768px; --smush-placeholder-aspect-ratio: 768\/488;\" data-original-sizes=\"(max-width: 768px) 100vw, 768px\" \/>\t\t\t\t\t\t\t\t\t\t\t\t\t\t\t<\/div>\n\t\t\t\t<\/div>\n\t\t\t\t<div class=\"elementor-element elementor-element-bb11da5 elementor-widget elementor-widget-button\" data-id=\"bb11da5\" data-element_type=\"widget\" data-e-type=\"widget\" data-widget_type=\"button.default\">\n\t\t\t\t<div class=\"elementor-widget-container\">\n\t\t\t\t\t\t\t\t\t<div class=\"elementor-button-wrapper\">\n\t\t\t\t\t<a class=\"elementor-button elementor-button-link elementor-size-sm\" href=\"https:\/\/piaui.folha.uol.com.br\/soberania-naciona-fragmentada-juliano-fiori\/\" target=\"_blank\">\n\t\t\t\t\t\t<span class=\"elementor-button-content-wrapper\">\n\t\t\t\t\t\t\t\t\t<span class=\"elementor-button-text\">LEIA O ARTIGO<\/span>\n\t\t\t\t\t<\/span>\n\t\t\t\t\t<\/a>\n\t\t\t\t<\/div>\n\t\t\t\t\t\t\t\t<\/div>\n\t\t\t\t<\/div>\n\t\t\t\t<\/div>\n\t\t<div class=\"elementor-element elementor-element-049d9a5 e-con-full e-transform e-flex e-con e-child\" data-id=\"049d9a5\" data-element_type=\"container\" data-e-type=\"container\" data-settings=\"{&quot;jet_parallax_layout_list&quot;:[],&quot;background_background&quot;:&quot;classic&quot;,&quot;_transform_scale_effect_hover&quot;:{&quot;unit&quot;:&quot;px&quot;,&quot;size&quot;:0.99,&quot;sizes&quot;:[]},&quot;_transform_scale_effect_hover_tablet&quot;:{&quot;unit&quot;:&quot;px&quot;,&quot;size&quot;:&quot;&quot;,&quot;sizes&quot;:[]},&quot;_transform_scale_effect_hover_mobile&quot;:{&quot;unit&quot;:&quot;px&quot;,&quot;size&quot;:&quot;&quot;,&quot;sizes&quot;:[]}}\">\n\t\t\t\t<div class=\"elementor-element elementor-element-86d54d3 elementor-widget elementor-widget-heading\" data-id=\"86d54d3\" data-element_type=\"widget\" data-e-type=\"widget\" data-widget_type=\"heading.default\">\n\t\t\t\t<div class=\"elementor-widget-container\">\n\t\t\t\t\t<h2 class=\"elementor-heading-title elementor-size-default\">Uma administra\u00e7\u00e3o sem lei de Trump se descontrola no Caribe\n<\/h2>\t\t\t\t<\/div>\n\t\t\t\t<\/div>\n\t\t\t\t<div class=\"elementor-element elementor-element-00d2a90 elementor-widget elementor-widget-spacer\" data-id=\"00d2a90\" data-element_type=\"widget\" data-e-type=\"widget\" data-widget_type=\"spacer.default\">\n\t\t\t\t<div class=\"elementor-widget-container\">\n\t\t\t\t\t\t\t<div class=\"elementor-spacer\">\n\t\t\t<div class=\"elementor-spacer-inner\"><\/div>\n\t\t<\/div>\n\t\t\t\t\t\t<\/div>\n\t\t\t\t<\/div>\n\t\t\t\t<div class=\"elementor-element elementor-element-a211dfb elementor-widget elementor-widget-text-editor\" data-id=\"a211dfb\" data-element_type=\"widget\" data-e-type=\"widget\" data-widget_type=\"text-editor.default\">\n\t\t\t\t<div class=\"elementor-widget-container\">\n\t\t\t\t\t\t\t\t\t<p>29 de outubro de 2025<\/p>\t\t\t\t\t\t\t\t<\/div>\n\t\t\t\t<\/div>\n\t\t\t\t<div class=\"elementor-element elementor-element-1349549 elementor-widget elementor-widget-text-editor\" data-id=\"1349549\" data-element_type=\"widget\" data-e-type=\"widget\" data-widget_type=\"text-editor.default\">\n\t\t\t\t<div class=\"elementor-widget-container\">\n\t\t\t\t\t\t\t\t\t<p>Publicado por <strong><em>Jacobina<\/em><\/strong><\/p>\t\t\t\t\t\t\t\t<\/div>\n\t\t\t\t<\/div>\n\t\t\t\t<div class=\"elementor-element elementor-element-4f83d23 elementor-widget elementor-widget-image\" data-id=\"4f83d23\" data-element_type=\"widget\" data-e-type=\"widget\" data-widget_type=\"image.default\">\n\t\t\t\t<div class=\"elementor-widget-container\">\n\t\t\t\t\t\t\t\t\t\t\t\t\t\t\t<img decoding=\"async\" width=\"768\" height=\"512\" data-src=\"https:\/\/alameda.institute\/wp-content\/smush-webp\/2026\/01\/GettyImages-2212639895-768x512.jpg.webp\" class=\"attachment-medium_large size-medium_large wp-image-17526 lazyload\" alt=\"\" data-srcset=\"https:\/\/alameda.institute\/wp-content\/smush-webp\/2026\/01\/GettyImages-2212639895-768x512.jpg.webp 768w, https:\/\/alameda.institute\/wp-content\/smush-webp\/2026\/01\/GettyImages-2212639895-300x200.jpg.webp 300w, https:\/\/alameda.institute\/wp-content\/smush-webp\/2026\/01\/GettyImages-2212639895-18x12.jpg.webp 18w, https:\/\/alameda.institute\/wp-content\/smush-webp\/2026\/01\/GettyImages-2212639895-600x400.jpg.webp 600w, https:\/\/alameda.institute\/wp-content\/smush-webp\/2026\/01\/GettyImages-2212639895.jpg.webp 1024w\" data-sizes=\"auto\" src=\"data:image\/svg+xml;base64,PHN2ZyB3aWR0aD0iMSIgaGVpZ2h0PSIxIiB4bWxucz0iaHR0cDovL3d3dy53My5vcmcvMjAwMC9zdmciPjwvc3ZnPg==\" style=\"--smush-placeholder-width: 768px; --smush-placeholder-aspect-ratio: 768\/512;\" data-original-sizes=\"(max-width: 768px) 100vw, 768px\" \/>\t\t\t\t\t\t\t\t\t\t\t\t\t\t\t<\/div>\n\t\t\t\t<\/div>\n\t\t\t\t<div class=\"elementor-element elementor-element-a1bc7a3 elementor-widget elementor-widget-button\" data-id=\"a1bc7a3\" data-element_type=\"widget\" data-e-type=\"widget\" data-widget_type=\"button.default\">\n\t\t\t\t<div class=\"elementor-widget-container\">\n\t\t\t\t\t\t\t\t\t<div class=\"elementor-button-wrapper\">\n\t\t\t\t\t<a class=\"elementor-button elementor-button-link elementor-size-sm\" href=\"https:\/\/jacobin.com\/2025\/10\/venezuela-trump-law-war-sovereignty\" target=\"_blank\">\n\t\t\t\t\t\t<span class=\"elementor-button-content-wrapper\">\n\t\t\t\t\t\t\t\t\t<span class=\"elementor-button-text\">LEIA O ARTIGO<\/span>\n\t\t\t\t\t<\/span>\n\t\t\t\t\t<\/a>\n\t\t\t\t<\/div>\n\t\t\t\t\t\t\t\t<\/div>\n\t\t\t\t<\/div>\n\t\t\t\t<\/div>\n\t\t\t\t<\/div>\n\t\t\t\t<\/div>\n\t\t\t\t\t<\/div>\n\t\t\t\t<\/div>\n\t\t\t\t<\/div>\n\t\t<div class=\"elementor-element elementor-element-09b3ba3 e-con-full e-flex e-con e-parent\" data-id=\"09b3ba3\" data-element_type=\"container\" data-e-type=\"container\" data-settings=\"{&quot;jet_parallax_layout_list&quot;:[]}\">\n\t\t\t\t<div class=\"elementor-element elementor-element-d5051d5 elementor-widget elementor-widget-text-editor\" data-id=\"d5051d5\" data-element_type=\"widget\" data-e-type=\"widget\" data-widget_type=\"text-editor.default\">\n\t\t\t\t<div class=\"elementor-widget-container\">\n\t\t\t\t\t\t\t\t\t<p><a href=\"https:\/\/alameda.institute\/pt\/depois-da-ordem\/\">Voltar ao projeto After Order<\/a><\/p>\t\t\t\t\t\t\t\t<\/div>\n\t\t\t\t<\/div>\n\t\t\t\t<\/div>\n\t\t<div class=\"elementor-element elementor-element-758655f e-flex e-con-boxed e-con e-parent\" data-id=\"758655f\" data-element_type=\"container\" data-e-type=\"container\" data-settings=\"{&quot;jet_parallax_layout_list&quot;:[]}\">\n\t\t\t\t\t<div class=\"e-con-inner\">\n\t\t<div class=\"elementor-element elementor-element-2585ccc e-con-full e-flex e-con e-child\" data-id=\"2585ccc\" data-element_type=\"container\" data-e-type=\"container\" data-settings=\"{&quot;jet_parallax_layout_list&quot;:[]}\">\n\t\t\t\t<div class=\"elementor-element elementor-element-8013e13 elementor-widget elementor-widget-spacer\" data-id=\"8013e13\" data-element_type=\"widget\" data-e-type=\"widget\" data-widget_type=\"spacer.default\">\n\t\t\t\t<div class=\"elementor-widget-container\">\n\t\t\t\t\t\t\t<div class=\"elementor-spacer\">\n\t\t\t<div class=\"elementor-spacer-inner\"><\/div>\n\t\t<\/div>\n\t\t\t\t\t\t<\/div>\n\t\t\t\t<\/div>\n\t\t\t\t<div class=\"elementor-element elementor-element-0b801eb elementor-widget elementor-widget-heading\" data-id=\"0b801eb\" data-element_type=\"widget\" data-e-type=\"widget\" data-widget_type=\"heading.default\">\n\t\t\t\t<div class=\"elementor-widget-container\">\n\t\t\t\t\t<h2 class=\"elementor-heading-title elementor-size-default\">Coordenadores<\/h2>\t\t\t\t<\/div>\n\t\t\t\t<\/div>\n\t\t\t\t<div class=\"elementor-element elementor-element-d56d98b elementor-widget elementor-widget-heading\" data-id=\"d56d98b\" data-element_type=\"widget\" data-e-type=\"widget\" data-widget_type=\"heading.default\">\n\t\t\t\t<div class=\"elementor-widget-container\">\n\t\t\t\t\t<h2 class=\"elementor-heading-title elementor-size-default\">_______________<\/h2>\t\t\t\t<\/div>\n\t\t\t\t<\/div>\n\t\t\t\t<\/div>\n\t\t<div class=\"elementor-element elementor-element-c1f0271 e-grid e-con-boxed e-con e-child\" data-id=\"c1f0271\" data-element_type=\"container\" data-e-type=\"container\" data-settings=\"{&quot;jet_parallax_layout_list&quot;:[]}\">\n\t\t\t\t\t<div class=\"e-con-inner\">\n\t\t\t\t<div class=\"elementor-element elementor-element-78afe0a elementor-widget__width-initial elementor-widget elementor-widget-jet-team-member\" data-id=\"78afe0a\" data-element_type=\"widget\" data-e-type=\"widget\" data-widget_type=\"jet-team-member.default\">\n\t\t\t\t<div class=\"elementor-widget-container\">\n\t\t\t\t\t<div class=\"elementor-jet-team-member jet-elements\"><div class=\"jet-team-member\">\n\t<div class=\"jet-team-member__inner\">\n\t\t\t<div class=\"jet-team-member__image\">\n\t\t\t<div class=\"jet-team-member__cover\"><\/div>\n\t\t\t<figure class=\"jet-team-member__figure\"><img decoding=\"async\" width=\"448\" height=\"449\" data-src=\"https:\/\/alameda.institute\/wp-content\/smush-webp\/2023\/04\/Benjamin-Fogel-2-e1682585856299.jpg.webp\" class=\"jet-team-member__img-tag lazyload\" alt=\"Benjamin Fogel\" data-srcset=\"https:\/\/alameda.institute\/wp-content\/smush-webp\/2023\/04\/Benjamin-Fogel-2-e1682585856299.jpg.webp 448w, https:\/\/alameda.institute\/wp-content\/smush-webp\/2023\/04\/Benjamin-Fogel-2-e1682585856299-300x300.jpg.webp 300w, https:\/\/alameda.institute\/wp-content\/smush-webp\/2023\/04\/Benjamin-Fogel-2-e1682585856299-150x150.jpg.webp 150w, https:\/\/alameda.institute\/wp-content\/smush-webp\/2023\/04\/Benjamin-Fogel-2-e1682585856299-230x230.jpg.webp 230w, https:\/\/alameda.institute\/wp-content\/smush-webp\/2023\/04\/Benjamin-Fogel-2-e1682585856299-400x400.jpg.webp 400w\" data-sizes=\"auto\" src=\"data:image\/svg+xml;base64,PHN2ZyB3aWR0aD0iMSIgaGVpZ2h0PSIxIiB4bWxucz0iaHR0cDovL3d3dy53My5vcmcvMjAwMC9zdmciPjwvc3ZnPg==\" style=\"--smush-placeholder-width: 448px; --smush-placeholder-aspect-ratio: 448\/449;\" data-original-sizes=\"(max-width: 448px) 100vw, 448px\" \/><\/figure>\t\t<\/div>\n\t\t<div class=\"jet-team-member__content\"><h3 class=\"jet-team-member__name\"><span class=\"jet-team-member__name-first\">Ben<\/span><span class=\"jet-team-member__name-last\"> Fogel<\/span><\/h3><div class=\"jet-team-member__position\"><span>Diretor Editorial<\/span><\/div><div class=\"jet-team-member__socials\"><div class=\"jet-team-member__socials-item\"><a href=\"#\" aria-label=\"\"><\/a><\/div><\/div><\/div>\n\t<\/div>\n\t<\/div>\n<\/div>\t\t\t\t<\/div>\n\t\t\t\t<\/div>\n\t\t\t\t<div class=\"elementor-element elementor-element-c433662 elementor-widget__width-initial elementor-widget elementor-widget-jet-team-member\" data-id=\"c433662\" data-element_type=\"widget\" data-e-type=\"widget\" data-widget_type=\"jet-team-member.default\">\n\t\t\t\t<div class=\"elementor-widget-container\">\n\t\t\t\t\t<div class=\"elementor-jet-team-member jet-elements\"><div class=\"jet-team-member\">\n\t<div class=\"jet-team-member__inner\">\n\t\t\t<div class=\"jet-team-member__image\">\n\t\t\t<div class=\"jet-team-member__cover\"><\/div>\n\t\t\t<figure class=\"jet-team-member__figure\"><img decoding=\"async\" width=\"448\" height=\"448\" data-src=\"https:\/\/alameda.institute\/wp-content\/uploads\/2026\/01\/Anna-e1768922003673.jpeg\" class=\"jet-team-member__img-tag lazyload\" alt=\"Anna\" data-srcset=\"https:\/\/alameda.institute\/wp-content\/uploads\/2026\/01\/Anna-e1768922003673.jpeg 448w, https:\/\/alameda.institute\/wp-content\/uploads\/2026\/01\/Anna-e1768922003673-300x300.jpeg 300w, https:\/\/alameda.institute\/wp-content\/uploads\/2026\/01\/Anna-e1768922003673-150x150.jpeg 150w, https:\/\/alameda.institute\/wp-content\/uploads\/2026\/01\/Anna-e1768922003673-12x12.jpeg 12w, https:\/\/alameda.institute\/wp-content\/uploads\/2026\/01\/Anna-e1768922003673-230x230.jpeg 230w, https:\/\/alameda.institute\/wp-content\/uploads\/2026\/01\/Anna-e1768922003673-400x400.jpeg 400w\" data-sizes=\"auto\" src=\"data:image\/svg+xml;base64,PHN2ZyB3aWR0aD0iMSIgaGVpZ2h0PSIxIiB4bWxucz0iaHR0cDovL3d3dy53My5vcmcvMjAwMC9zdmciPjwvc3ZnPg==\" style=\"--smush-placeholder-width: 448px; --smush-placeholder-aspect-ratio: 448\/448;\" data-original-sizes=\"(max-width: 448px) 100vw, 448px\" \/><\/figure>\t\t<\/div>\n\t\t<div class=\"jet-team-member__content\"><h3 class=\"jet-team-member__name\"><span class=\"jet-team-member__name-first\">Anna<\/span><span class=\"jet-team-member__name-last\"> Mello<\/span><\/h3><div class=\"jet-team-member__position\"><span>Coordenadora do Projeto \"Depois da Ordem\"<\/span><\/div><div class=\"jet-team-member__socials\"><div class=\"jet-team-member__socials-item\"><a href=\"#\" aria-label=\"\"><\/a><\/div><\/div><\/div>\n\t<\/div>\n\t<\/div>\n<\/div>\t\t\t\t<\/div>\n\t\t\t\t<\/div>\n\t\t\t\t\t<\/div>\n\t\t\t\t<\/div>\n\t\t\t\t\t<\/div>\n\t\t\t\t<\/div>\n\t\t\t\t<\/div>","protected":false},"excerpt":{"rendered":"<p>AFTER ORDER________________________ Fragmented Sovereignties and the Politics of Disorder How has the dispersion of sovereignty among state and non-state actors \u2014 such as mercenaries, religious groups, mafias, and parastate militias \u2014 reshaped authority, the exercise of power, and the political economy that underpins it? This research stream of After Order\u00a0project investigates how today\u2019s political order [&hellip;]<\/p>\n","protected":false},"author":26,"featured_media":0,"parent":0,"menu_order":0,"comment_status":"closed","ping_status":"closed","template":"","meta":{"footnotes":""},"class_list":["post-17524","page","type-page","status-publish","hentry"],"_links":{"self":[{"href":"https:\/\/alameda.institute\/pt\/wp-json\/wp\/v2\/pages\/17524","targetHints":{"allow":["GET"]}}],"collection":[{"href":"https:\/\/alameda.institute\/pt\/wp-json\/wp\/v2\/pages"}],"about":[{"href":"https:\/\/alameda.institute\/pt\/wp-json\/wp\/v2\/types\/page"}],"author":[{"embeddable":true,"href":"https:\/\/alameda.institute\/pt\/wp-json\/wp\/v2\/users\/26"}],"replies":[{"embeddable":true,"href":"https:\/\/alameda.institute\/pt\/wp-json\/wp\/v2\/comments?post=17524"}],"version-history":[{"count":0,"href":"https:\/\/alameda.institute\/pt\/wp-json\/wp\/v2\/pages\/17524\/revisions"}],"wp:attachment":[{"href":"https:\/\/alameda.institute\/pt\/wp-json\/wp\/v2\/media?parent=17524"}],"curies":[{"name":"wp","href":"https:\/\/api.w.org\/{rel}","templated":true}]}}