{"id":17534,"date":"2026-01-19T14:55:38","date_gmt":"2026-01-19T14:55:38","guid":{"rendered":"https:\/\/alameda.institute\/?page_id=17534"},"modified":"2026-01-28T15:20:51","modified_gmt":"2026-01-28T15:20:51","slug":"novas-soberanias-populares","status":"publish","type":"page","link":"https:\/\/alameda.institute\/pt\/new-popular-sovereignties\/","title":{"rendered":"Novas soberanias populares"},"content":{"rendered":"<div data-elementor-type=\"wp-page\" data-elementor-id=\"17534\" class=\"elementor elementor-17534\" data-elementor-post-type=\"page\">\n\t\t\t\t<div class=\"elementor-element elementor-element-d4b625f e-con-full e-flex e-con e-child\" data-id=\"d4b625f\" data-element_type=\"container\" data-e-type=\"container\" data-settings=\"{&quot;jet_parallax_layout_list&quot;:[]}\">\n\t\t\t\t<div class=\"elementor-element elementor-element-8d11c9b elementor-widget elementor-widget-jet-headline\" data-id=\"8d11c9b\" data-element_type=\"widget\" data-e-type=\"widget\" data-widget_type=\"jet-headline.default\">\n\t\t\t\t<div class=\"elementor-widget-container\">\n\t\t\t\t\t<h3 class=\"jet-headline jet-headline--direction-vertical\"><span class=\"jet-headline__part jet-headline__first\"><span class=\"jet-headline__label\">DEPOIS DA ORDEM<\/span><\/span><span class=\"jet-headline__part jet-headline__second\"><span class=\"jet-headline__label\">________________________<\/span><\/span><\/h3>\t\t\t\t<\/div>\n\t\t\t\t<\/div>\n\t\t\t\t<div class=\"elementor-element elementor-element-fd9e3d4 elementor-widget elementor-widget-heading\" data-id=\"fd9e3d4\" data-element_type=\"widget\" data-e-type=\"widget\" data-widget_type=\"heading.default\">\n\t\t\t\t<div class=\"elementor-widget-container\">\n\t\t\t\t\t<h3 class=\"elementor-heading-title elementor-size-default\">Novas soberanias populares\n<\/h3>\t\t\t\t<\/div>\n\t\t\t\t<\/div>\n\t\t\t\t<\/div>\n\t\t<div class=\"elementor-element elementor-element-e4eb054 e-con-full e-flex e-con e-parent\" data-id=\"e4eb054\" data-element_type=\"container\" data-e-type=\"container\" data-settings=\"{&quot;background_background&quot;:&quot;classic&quot;,&quot;jet_parallax_layout_list&quot;:[]}\">\n\t\t<div class=\"elementor-element elementor-element-32e2487 e-flex e-con-boxed e-con e-child\" data-id=\"32e2487\" data-element_type=\"container\" data-e-type=\"container\" data-settings=\"{&quot;jet_parallax_layout_list&quot;:[]}\">\n\t\t\t\t\t<div class=\"e-con-inner\">\n\t\t\t\t<div class=\"elementor-element elementor-element-7e1f0f5 elementor-widget elementor-widget-text-editor\" data-id=\"7e1f0f5\" data-element_type=\"widget\" data-e-type=\"widget\" data-widget_type=\"text-editor.default\">\n\t\t\t\t<div class=\"elementor-widget-container\">\n\t\t\t\t\t\t\t\t\t<p class=\"translation-block\"><b>Como as pr\u00e1ticas de autonomia lideradas pela comunidade dentro dos movimentos sociais fortalecem a <span style=\"color: #c41433\">soberania <\/span>alimentar, energ\u00e9tica e de \u00e1gua? <\/b><\/p>\t\t\t\t\t\t\t\t<\/div>\n\t\t\t\t<\/div>\n\t\t<div class=\"elementor-element elementor-element-e0072b3 e-grid e-con-full e-con e-child\" data-id=\"e0072b3\" data-element_type=\"container\" data-e-type=\"container\" data-settings=\"{&quot;jet_parallax_layout_list&quot;:[]}\">\n\t\t\t\t<div class=\"elementor-element elementor-element-6625cd6 elementor-widget elementor-widget-text-editor\" data-id=\"6625cd6\" data-element_type=\"widget\" data-e-type=\"widget\" data-widget_type=\"text-editor.default\">\n\t\t\t\t<div class=\"elementor-widget-container\">\n\t\t\t\t\t\t\t\t\t<p><span style=\"font-weight: 400;\">Esta linha de pesquisa entende a soberania n\u00e3o como uma prerrogativa dos Estados, mas como um conceito contestado e em evolu\u00e7\u00e3o, reivindicado por movimentos populares e grupos sociais como condi\u00e7\u00e3o justa e leg\u00edtima para uma exist\u00eancia digna.\u00a0<\/span><\/p><p><span style=\"font-weight: 400;\">Um dos principais insights do projeto <a style=\"color: #1e73be; text-decoration: underline;\" href=\"https:\/\/alameda.institute\/pt\/depois-da-ordem\/\" target=\"_blank\" rel=\"noopener\">Depois da Ordem<\/a> \u00e9 que, em muitas partes do mundo \u2014 especialmente na periferia do sistema capitalista \u2014 formas de soberania popular emergiram como resposta a profundas desigualdades e \u00e0 aus\u00eancia ou neglig\u00eancia do Estado. Mais do que simples rea\u00e7\u00f5es, essas novas formas de poder popular s\u00e3o experimentos de constru\u00e7\u00e3o \u2014 e de imagina\u00e7\u00e3o \u2014 de novas maneiras de organizar a vida coletiva, a governan\u00e7a e a autossufici\u00eancia. Essas abordagens frequentemente combinam ideias inovadoras com formas muito antigas de organiza\u00e7\u00e3o social.<\/span><\/p><p>Em \u201cNovas soberanias populares\u201d tamb\u00e9m abordamos a no\u00e7\u00e3o de soberania popular a partir de uma perspectiva te\u00f3rica e internacionalista, explorando o conceito de \u201cperiferiza\u00e7\u00e3o\u201d \u2014 ou seja, a dispers\u00e3o global de condi\u00e7\u00f5es sociais e pol\u00edticas antes restritas \u00e0s margens do sistema. A partir dessa perspectiva, a quest\u00e3o da soberania popular ganha urg\u00eancia: a soberania deve ser repensada n\u00e3o apenas al\u00e9m do Estado, mas tamb\u00e9m al\u00e9m da esfera nacional.<\/p>\t\t\t\t\t\t\t\t<\/div>\n\t\t\t\t<\/div>\n\t\t\t\t<div class=\"elementor-element elementor-element-d93b909 elementor-widget elementor-widget-image\" data-id=\"d93b909\" data-element_type=\"widget\" data-e-type=\"widget\" data-widget_type=\"image.default\">\n\t\t\t\t<div class=\"elementor-widget-container\">\n\t\t\t\t\t\t\t\t\t\t\t\t\t\t\t<img fetchpriority=\"high\" decoding=\"async\" width=\"768\" height=\"625\" src=\"https:\/\/alameda.institute\/wp-content\/smush-webp\/2026\/01\/subproject-4-768x625.png.webp\" class=\"attachment-medium_large size-medium_large wp-image-17536\" alt=\"\" srcset=\"https:\/\/alameda.institute\/wp-content\/smush-webp\/2026\/01\/subproject-4-768x625.png.webp 768w, https:\/\/alameda.institute\/wp-content\/smush-webp\/2026\/01\/subproject-4-300x244.png.webp 300w, https:\/\/alameda.institute\/wp-content\/smush-webp\/2026\/01\/subproject-4-1024x833.png.webp 1024w, https:\/\/alameda.institute\/wp-content\/smush-webp\/2026\/01\/subproject-4-1536x1250.png.webp 1536w, https:\/\/alameda.institute\/wp-content\/smush-webp\/2026\/01\/subproject-4-2048x1666.png.webp 2048w, https:\/\/alameda.institute\/wp-content\/smush-webp\/2026\/01\/subproject-4-15x12.png.webp 15w, https:\/\/alameda.institute\/wp-content\/smush-webp\/2026\/01\/subproject-4-600x488.png.webp 600w\" sizes=\"(max-width: 768px) 100vw, 768px\" \/>\t\t\t\t\t\t\t\t\t\t\t\t\t\t\t<\/div>\n\t\t\t\t<\/div>\n\t\t\t\t<\/div>\n\t\t\t\t<div class=\"elementor-element elementor-element-6894a5e elementor-widget elementor-widget-spacer\" data-id=\"6894a5e\" data-element_type=\"widget\" data-e-type=\"widget\" data-widget_type=\"spacer.default\">\n\t\t\t\t<div class=\"elementor-widget-container\">\n\t\t\t\t\t\t\t<div class=\"elementor-spacer\">\n\t\t\t<div class=\"elementor-spacer-inner\"><\/div>\n\t\t<\/div>\n\t\t\t\t\t\t<\/div>\n\t\t\t\t<\/div>\n\t\t\t\t<div class=\"elementor-element elementor-element-a72576c elementor-widget elementor-widget-heading\" data-id=\"a72576c\" data-element_type=\"widget\" data-e-type=\"widget\" data-widget_type=\"heading.default\">\n\t\t\t\t<div class=\"elementor-widget-container\">\n\t\t\t\t\t<h2 class=\"elementor-heading-title elementor-size-default\">\u00daltimas publica\u00e7\u00f5es:<\/h2>\t\t\t\t<\/div>\n\t\t\t\t<\/div>\n\t\t<div class=\"elementor-element elementor-element-58fd800 e-con-full e-flex e-con e-child\" data-id=\"58fd800\" data-element_type=\"container\" data-e-type=\"container\" data-settings=\"{&quot;jet_parallax_layout_list&quot;:[]}\">\n\t\t<div class=\"elementor-element elementor-element-0efdab2 e-grid e-con-full e-con e-child\" data-id=\"0efdab2\" data-element_type=\"container\" data-e-type=\"container\" data-settings=\"{&quot;jet_parallax_layout_list&quot;:[]}\">\n\t\t<div class=\"elementor-element elementor-element-7ef8961 e-con-full e-transform e-flex e-con e-child\" data-id=\"7ef8961\" data-element_type=\"container\" data-e-type=\"container\" data-settings=\"{&quot;jet_parallax_layout_list&quot;:[],&quot;background_background&quot;:&quot;classic&quot;,&quot;_transform_scale_effect_hover&quot;:{&quot;unit&quot;:&quot;px&quot;,&quot;size&quot;:0.99,&quot;sizes&quot;:[]},&quot;_transform_scale_effect_hover_tablet&quot;:{&quot;unit&quot;:&quot;px&quot;,&quot;size&quot;:&quot;&quot;,&quot;sizes&quot;:[]},&quot;_transform_scale_effect_hover_mobile&quot;:{&quot;unit&quot;:&quot;px&quot;,&quot;size&quot;:&quot;&quot;,&quot;sizes&quot;:[]}}\">\n\t\t\t\t<div class=\"elementor-element elementor-element-137092c elementor-widget elementor-widget-heading\" data-id=\"137092c\" data-element_type=\"widget\" data-e-type=\"widget\" data-widget_type=\"heading.default\">\n\t\t\t\t<div class=\"elementor-widget-container\">\n\t\t\t\t\t<h2 class=\"elementor-heading-title elementor-size-default\">'Festival Sabores da Liberdade\n<\/h2>\t\t\t\t<\/div>\n\t\t\t\t<\/div>\n\t\t\t\t<div class=\"elementor-element elementor-element-b44dcc4 elementor-widget elementor-widget-spacer\" data-id=\"b44dcc4\" data-element_type=\"widget\" data-e-type=\"widget\" data-widget_type=\"spacer.default\">\n\t\t\t\t<div class=\"elementor-widget-container\">\n\t\t\t\t\t\t\t<div class=\"elementor-spacer\">\n\t\t\t<div class=\"elementor-spacer-inner\"><\/div>\n\t\t<\/div>\n\t\t\t\t\t\t<\/div>\n\t\t\t\t<\/div>\n\t\t\t\t<div class=\"elementor-element elementor-element-eeea8b1 elementor-widget elementor-widget-text-editor\" data-id=\"eeea8b1\" data-element_type=\"widget\" data-e-type=\"widget\" data-widget_type=\"text-editor.default\">\n\t\t\t\t<div class=\"elementor-widget-container\">\n\t\t\t\t\t\t\t\t\t<p>9 de Outubro de 2025<\/p>\t\t\t\t\t\t\t\t<\/div>\n\t\t\t\t<\/div>\n\t\t\t\t<div class=\"elementor-element elementor-element-b9986b0 elementor-widget elementor-widget-text-editor\" data-id=\"b9986b0\" data-element_type=\"widget\" data-e-type=\"widget\" data-widget_type=\"text-editor.default\">\n\t\t\t\t<div class=\"elementor-widget-container\">\n\t\t\t\t\t\t\t\t\t<p><em><strong>Alameda<\/strong><\/em> Instagram<\/p>\t\t\t\t\t\t\t\t<\/div>\n\t\t\t\t<\/div>\n\t\t\t\t<div class=\"elementor-element elementor-element-da8461d elementor-widget elementor-widget-image\" data-id=\"da8461d\" data-element_type=\"widget\" data-e-type=\"widget\" data-widget_type=\"image.default\">\n\t\t\t\t<div class=\"elementor-widget-container\">\n\t\t\t\t\t\t\t\t\t\t\t\t\t\t\t<img decoding=\"async\" width=\"647\" height=\"462\" data-src=\"https:\/\/alameda.institute\/wp-content\/smush-webp\/2026\/01\/Captura-de-pantalla-2026-01-28-101450.png.webp\" class=\"attachment-large size-large wp-image-17840 lazyload\" alt=\"\" data-srcset=\"https:\/\/alameda.institute\/wp-content\/smush-webp\/2026\/01\/Captura-de-pantalla-2026-01-28-101450.png.webp 647w, https:\/\/alameda.institute\/wp-content\/smush-webp\/2026\/01\/Captura-de-pantalla-2026-01-28-101450-300x214.png.webp 300w, https:\/\/alameda.institute\/wp-content\/smush-webp\/2026\/01\/Captura-de-pantalla-2026-01-28-101450-18x12.png.webp 18w, https:\/\/alameda.institute\/wp-content\/smush-webp\/2026\/01\/Captura-de-pantalla-2026-01-28-101450-370x265.png.webp 370w, https:\/\/alameda.institute\/wp-content\/smush-webp\/2026\/01\/Captura-de-pantalla-2026-01-28-101450-600x428.png.webp 600w\" data-sizes=\"auto\" src=\"data:image\/svg+xml;base64,PHN2ZyB3aWR0aD0iMSIgaGVpZ2h0PSIxIiB4bWxucz0iaHR0cDovL3d3dy53My5vcmcvMjAwMC9zdmciPjwvc3ZnPg==\" style=\"--smush-placeholder-width: 647px; --smush-placeholder-aspect-ratio: 647\/462;\" data-original-sizes=\"(max-width: 647px) 100vw, 647px\" \/>\t\t\t\t\t\t\t\t\t\t\t\t\t\t\t<\/div>\n\t\t\t\t<\/div>\n\t\t\t\t<div class=\"elementor-element elementor-element-b35ec55 elementor-widget elementor-widget-button\" data-id=\"b35ec55\" data-element_type=\"widget\" data-e-type=\"widget\" data-widget_type=\"button.default\">\n\t\t\t\t<div class=\"elementor-widget-container\">\n\t\t\t\t\t\t\t\t\t<div class=\"elementor-button-wrapper\">\n\t\t\t\t\t<a class=\"elementor-button elementor-button-link elementor-size-sm\" href=\"https:\/\/www.instagram.com\/p\/DPl6ShSkTXC\/?img_index=14\" target=\"_blank\">\n\t\t\t\t\t\t<span class=\"elementor-button-content-wrapper\">\n\t\t\t\t\t\t\t\t\t<span class=\"elementor-button-text\">LEIA MAIS<\/span>\n\t\t\t\t\t<\/span>\n\t\t\t\t\t<\/a>\n\t\t\t\t<\/div>\n\t\t\t\t\t\t\t\t<\/div>\n\t\t\t\t<\/div>\n\t\t\t\t<\/div>\n\t\t\t\t<\/div>\n\t\t\t\t<\/div>\n\t\t\t\t\t<\/div>\n\t\t\t\t<\/div>\n\t\t\t\t<\/div>\n\t\t<div class=\"elementor-element elementor-element-0105e70 e-con-full e-flex e-con e-parent\" data-id=\"0105e70\" data-element_type=\"container\" data-e-type=\"container\" data-settings=\"{&quot;jet_parallax_layout_list&quot;:[]}\">\n\t\t\t\t<div class=\"elementor-element elementor-element-0b5c5b0 elementor-widget elementor-widget-text-editor\" data-id=\"0b5c5b0\" data-element_type=\"widget\" data-e-type=\"widget\" data-widget_type=\"text-editor.default\">\n\t\t\t\t<div class=\"elementor-widget-container\">\n\t\t\t\t\t\t\t\t\t<p><a href=\"https:\/\/alameda.institute\/pt\/depois-da-ordem\/\">Voltar ao projeto After Order<\/a><\/p>\t\t\t\t\t\t\t\t<\/div>\n\t\t\t\t<\/div>\n\t\t\t\t<\/div>\n\t\t<div class=\"elementor-element elementor-element-758655f e-flex e-con-boxed e-con e-parent\" data-id=\"758655f\" data-element_type=\"container\" data-e-type=\"container\" data-settings=\"{&quot;jet_parallax_layout_list&quot;:[]}\">\n\t\t\t\t\t<div class=\"e-con-inner\">\n\t\t<div class=\"elementor-element elementor-element-2585ccc e-con-full e-flex e-con e-child\" data-id=\"2585ccc\" data-element_type=\"container\" data-e-type=\"container\" data-settings=\"{&quot;jet_parallax_layout_list&quot;:[]}\">\n\t\t<div class=\"elementor-element elementor-element-e0a1937 e-con-full e-flex e-con e-child\" data-id=\"e0a1937\" data-element_type=\"container\" data-e-type=\"container\" data-settings=\"{&quot;jet_parallax_layout_list&quot;:[]}\">\n\t\t\t\t<div class=\"elementor-element elementor-element-c80901e elementor-widget elementor-widget-spacer\" data-id=\"c80901e\" data-element_type=\"widget\" data-e-type=\"widget\" data-widget_type=\"spacer.default\">\n\t\t\t\t<div class=\"elementor-widget-container\">\n\t\t\t\t\t\t\t<div class=\"elementor-spacer\">\n\t\t\t<div class=\"elementor-spacer-inner\"><\/div>\n\t\t<\/div>\n\t\t\t\t\t\t<\/div>\n\t\t\t\t<\/div>\n\t\t\t\t<div class=\"elementor-element elementor-element-8481054 elementor-widget elementor-widget-heading\" data-id=\"8481054\" data-element_type=\"widget\" data-e-type=\"widget\" data-widget_type=\"heading.default\">\n\t\t\t\t<div class=\"elementor-widget-container\">\n\t\t\t\t\t<h2 class=\"elementor-heading-title elementor-size-default\">Coordenador<\/h2>\t\t\t\t<\/div>\n\t\t\t\t<\/div>\n\t\t\t\t<div class=\"elementor-element elementor-element-18a6cbb elementor-widget elementor-widget-heading\" data-id=\"18a6cbb\" data-element_type=\"widget\" data-e-type=\"widget\" data-widget_type=\"heading.default\">\n\t\t\t\t<div class=\"elementor-widget-container\">\n\t\t\t\t\t<h2 class=\"elementor-heading-title elementor-size-default\">_____________<\/h2>\t\t\t\t<\/div>\n\t\t\t\t<\/div>\n\t\t\t\t<\/div>\n\t\t\t\t<\/div>\n\t\t\t\t<div class=\"elementor-element elementor-element-78afe0a elementor-widget elementor-widget-jet-team-member\" data-id=\"78afe0a\" data-element_type=\"widget\" data-e-type=\"widget\" data-widget_type=\"jet-team-member.default\">\n\t\t\t\t<div class=\"elementor-widget-container\">\n\t\t\t\t\t<div class=\"elementor-jet-team-member jet-elements\"><div class=\"jet-team-member\">\n\t<div class=\"jet-team-member__inner\">\n\t\t\t<div class=\"jet-team-member__image\">\n\t\t\t<div class=\"jet-team-member__cover\"><\/div>\n\t\t\t<figure class=\"jet-team-member__figure\"><img decoding=\"async\" width=\"750\" height=\"750\" data-src=\"https:\/\/alameda.institute\/wp-content\/smush-webp\/2023\/04\/Gabriel-Tupinamba-Alameda-Insititute.png.webp\" class=\"jet-team-member__img-tag lazyload\" alt=\"Gabriel Tupinamba - Instituto Alameda\" data-srcset=\"https:\/\/alameda.institute\/wp-content\/smush-webp\/2023\/04\/Gabriel-Tupinamba-Alameda-Insititute.png.webp 750w, https:\/\/alameda.institute\/wp-content\/smush-webp\/2023\/04\/Gabriel-Tupinamba-Alameda-Insititute-300x300.png.webp 300w, https:\/\/alameda.institute\/wp-content\/smush-webp\/2023\/04\/Gabriel-Tupinamba-Alameda-Insititute-150x150.png.webp 150w, https:\/\/alameda.institute\/wp-content\/smush-webp\/2023\/04\/Gabriel-Tupinamba-Alameda-Insititute-230x230.png.webp 230w, https:\/\/alameda.institute\/wp-content\/smush-webp\/2023\/04\/Gabriel-Tupinamba-Alameda-Insititute-400x400.png.webp 400w, https:\/\/alameda.institute\/wp-content\/smush-webp\/2023\/04\/Gabriel-Tupinamba-Alameda-Insititute-600x600.png.webp 600w, https:\/\/alameda.institute\/wp-content\/smush-webp\/2023\/04\/Gabriel-Tupinamba-Alameda-Insititute-640x640.png.webp 640w\" data-sizes=\"auto\" src=\"data:image\/svg+xml;base64,PHN2ZyB3aWR0aD0iMSIgaGVpZ2h0PSIxIiB4bWxucz0iaHR0cDovL3d3dy53My5vcmcvMjAwMC9zdmciPjwvc3ZnPg==\" style=\"--smush-placeholder-width: 750px; --smush-placeholder-aspect-ratio: 750\/750;\" data-original-sizes=\"(max-width: 750px) 100vw, 750px\" \/><\/figure>\t\t<\/div>\n\t\t<div class=\"jet-team-member__content\"><h3 class=\"jet-team-member__name\"><span class=\"jet-team-member__name-first\">Gabriel<\/span><span class=\"jet-team-member__name-last\"> Tupinamb\u00e1<\/span><\/h3><div class=\"jet-team-member__position\"><span>Diretor de Estrat\u00e9gia Social<\/span><\/div><div class=\"jet-team-member__socials\"><div class=\"jet-team-member__socials-item\"><a href=\"#\" aria-label=\"\"><\/a><\/div><\/div><\/div>\n\t<\/div>\n\t<\/div>\n<\/div>\t\t\t\t<\/div>\n\t\t\t\t<\/div>\n\t\t\t\t\t<\/div>\n\t\t\t\t<\/div>\n\t\t\t\t<\/div>","protected":false},"excerpt":{"rendered":"<p>AFTER ORDER________________________ New Popular Sovereignties How do community-led practices of autonomy within social movements strengthen food, energy, and water sovereignty? This research stream understands sovereignty not as a prerogative of states, but as a contested and evolving concept, reclaimed by popular movements and social groups as a just and legitimate condition for a dignified existence.\u00a0 [&hellip;]<\/p>\n","protected":false},"author":26,"featured_media":0,"parent":0,"menu_order":0,"comment_status":"closed","ping_status":"closed","template":"","meta":{"footnotes":""},"class_list":["post-17534","page","type-page","status-publish","hentry"],"_links":{"self":[{"href":"https:\/\/alameda.institute\/pt\/wp-json\/wp\/v2\/pages\/17534","targetHints":{"allow":["GET"]}}],"collection":[{"href":"https:\/\/alameda.institute\/pt\/wp-json\/wp\/v2\/pages"}],"about":[{"href":"https:\/\/alameda.institute\/pt\/wp-json\/wp\/v2\/types\/page"}],"author":[{"embeddable":true,"href":"https:\/\/alameda.institute\/pt\/wp-json\/wp\/v2\/users\/26"}],"replies":[{"embeddable":true,"href":"https:\/\/alameda.institute\/pt\/wp-json\/wp\/v2\/comments?post=17534"}],"version-history":[{"count":0,"href":"https:\/\/alameda.institute\/pt\/wp-json\/wp\/v2\/pages\/17534\/revisions"}],"wp:attachment":[{"href":"https:\/\/alameda.institute\/pt\/wp-json\/wp\/v2\/media?parent=17534"}],"curies":[{"name":"wp","href":"https:\/\/api.w.org\/{rel}","templated":true}]}}