{"id":17537,"date":"2026-01-19T14:57:15","date_gmt":"2026-01-19T14:57:15","guid":{"rendered":"https:\/\/alameda.institute\/?page_id=17537"},"modified":"2026-01-28T15:19:42","modified_gmt":"2026-01-28T15:19:42","slug":"estados-e-povos-nao-soberanos","status":"publish","type":"page","link":"https:\/\/alameda.institute\/pt\/non-sovereign-states-and-peoples\/","title":{"rendered":"Estados e povos n\u00e3o soberanos"},"content":{"rendered":"<div data-elementor-type=\"wp-page\" data-elementor-id=\"17537\" class=\"elementor elementor-17537\" data-elementor-post-type=\"page\">\n\t\t\t\t<div class=\"elementor-element elementor-element-d4b625f e-con-full e-flex e-con e-child\" data-id=\"d4b625f\" data-element_type=\"container\" data-e-type=\"container\" data-settings=\"{&quot;jet_parallax_layout_list&quot;:[]}\">\n\t\t\t\t<div class=\"elementor-element elementor-element-8d11c9b elementor-widget elementor-widget-jet-headline\" data-id=\"8d11c9b\" data-element_type=\"widget\" data-e-type=\"widget\" data-widget_type=\"jet-headline.default\">\n\t\t\t\t<div class=\"elementor-widget-container\">\n\t\t\t\t\t<h3 class=\"jet-headline jet-headline--direction-vertical\"><span class=\"jet-headline__part jet-headline__first\"><span class=\"jet-headline__label\">DEPOIS DA ORDEM<\/span><\/span><span class=\"jet-headline__part jet-headline__second\"><span class=\"jet-headline__label\">________________________<\/span><\/span><\/h3>\t\t\t\t<\/div>\n\t\t\t\t<\/div>\n\t\t\t\t<div class=\"elementor-element elementor-element-fd9e3d4 elementor-widget elementor-widget-heading\" data-id=\"fd9e3d4\" data-element_type=\"widget\" data-e-type=\"widget\" data-widget_type=\"heading.default\">\n\t\t\t\t<div class=\"elementor-widget-container\">\n\t\t\t\t\t<h3 class=\"elementor-heading-title elementor-size-default\">Estados e povos n\u00e3o soberanos<\/h3>\t\t\t\t<\/div>\n\t\t\t\t<\/div>\n\t\t\t\t<\/div>\n\t\t<div class=\"elementor-element elementor-element-e4eb054 e-con-full e-flex e-con e-parent\" data-id=\"e4eb054\" data-element_type=\"container\" data-e-type=\"container\" data-settings=\"{&quot;background_background&quot;:&quot;classic&quot;,&quot;jet_parallax_layout_list&quot;:[]}\">\n\t\t<div class=\"elementor-element elementor-element-32e2487 e-flex e-con-boxed e-con e-child\" data-id=\"32e2487\" data-element_type=\"container\" data-e-type=\"container\" data-settings=\"{&quot;jet_parallax_layout_list&quot;:[]}\">\n\t\t\t\t\t<div class=\"e-con-inner\">\n\t\t\t\t<div class=\"elementor-element elementor-element-7e1f0f5 elementor-widget elementor-widget-text-editor\" data-id=\"7e1f0f5\" data-element_type=\"widget\" data-e-type=\"widget\" data-widget_type=\"text-editor.default\">\n\t\t\t\t<div class=\"elementor-widget-container\">\n\t\t\t\t\t\t\t\t\t<p><b>Como a <span style=\"color: #c41433;\">soberania<\/span> \u00e9 reprimida pelo com\u00e9rcio, pelo sistema financeiro, pela guerra e por outros sistemas de domina\u00e7\u00e3o colonial e racial?<\/b><\/p>\t\t\t\t\t\t\t\t<\/div>\n\t\t\t\t<\/div>\n\t\t<div class=\"elementor-element elementor-element-e0072b3 e-grid e-con-full e-con e-child\" data-id=\"e0072b3\" data-element_type=\"container\" data-e-type=\"container\" data-settings=\"{&quot;jet_parallax_layout_list&quot;:[]}\">\n\t\t\t\t<div class=\"elementor-element elementor-element-6625cd6 elementor-widget elementor-widget-text-editor\" data-id=\"6625cd6\" data-element_type=\"widget\" data-e-type=\"widget\" data-widget_type=\"text-editor.default\">\n\t\t\t\t<div class=\"elementor-widget-container\">\n\t\t\t\t\t\t\t\t\t<p class=\"translation-block\">Esta linha de pesquisa do <a style=\"color: #1e73be;text-decoration: underline\" href=\"https:\/\/alameda.institute\/pt\/depois-da-ordem\/\" target=\"_blank\" rel=\"noopener\">After Order<\/a> se debru\u00e7a sobre a adversidade enfrentada por popula\u00e7\u00f5es e Estados cuja soberania n\u00e3o \u00e9 reconhecida ou \u00e9 prejudicada pela manuten\u00e7\u00e3o de sistemas pol\u00edticos e econ\u00f4micos prejudiciais. \u201cEstados e povos n\u00e3o soberanos\u201d questiona at\u00e9 que ponto a crescente concentra\u00e7\u00e3o do poder pol\u00edtico e econ\u00f4mico depende da reprodu\u00e7\u00e3o da \u201cn\u00e3o-soberania\u201d.<\/p><p><span style=\"font-weight: 400;\">Abordamos tamb\u00e9m a rela\u00e7\u00e3o entre continuidade e mudan\u00e7a na repress\u00e3o hist\u00f3rica da soberania e nas lutas para super\u00e1-la. Analisando as formas contempor\u00e2neas de organiza\u00e7\u00e3o pol\u00edtica e de solidariedade internacional relacionadas a essas lutas, refletimos sobre as novas oportunidades para o seu sucesso.<\/span><\/p>\t\t\t\t\t\t\t\t<\/div>\n\t\t\t\t<\/div>\n\t\t\t\t<div class=\"elementor-element elementor-element-f25f884 elementor-widget elementor-widget-image\" data-id=\"f25f884\" data-element_type=\"widget\" data-e-type=\"widget\" data-widget_type=\"image.default\">\n\t\t\t\t<div class=\"elementor-widget-container\">\n\t\t\t\t\t\t\t\t\t\t\t\t\t\t\t<img fetchpriority=\"high\" decoding=\"async\" width=\"1024\" height=\"908\" src=\"https:\/\/alameda.institute\/wp-content\/smush-webp\/2026\/01\/subproject-5-B-1024x908.png.webp\" class=\"attachment-large size-large wp-image-17539\" alt=\"\" srcset=\"https:\/\/alameda.institute\/wp-content\/smush-webp\/2026\/01\/subproject-5-B-1024x908.png.webp 1024w, https:\/\/alameda.institute\/wp-content\/smush-webp\/2026\/01\/subproject-5-B-300x266.png.webp 300w, https:\/\/alameda.institute\/wp-content\/smush-webp\/2026\/01\/subproject-5-B-768x681.png.webp 768w, https:\/\/alameda.institute\/wp-content\/smush-webp\/2026\/01\/subproject-5-B-1536x1362.png.webp 1536w, https:\/\/alameda.institute\/wp-content\/smush-webp\/2026\/01\/subproject-5-B-2048x1817.png.webp 2048w, https:\/\/alameda.institute\/wp-content\/smush-webp\/2026\/01\/subproject-5-B-14x12.png.webp 14w, https:\/\/alameda.institute\/wp-content\/smush-webp\/2026\/01\/subproject-5-B-600x532.png.webp 600w\" sizes=\"(max-width: 1024px) 100vw, 1024px\" \/>\t\t\t\t\t\t\t\t\t\t\t\t\t\t\t<\/div>\n\t\t\t\t<\/div>\n\t\t\t\t<\/div>\n\t\t\t\t<div class=\"elementor-element elementor-element-127c50f elementor-widget elementor-widget-spacer\" data-id=\"127c50f\" data-element_type=\"widget\" data-e-type=\"widget\" data-widget_type=\"spacer.default\">\n\t\t\t\t<div class=\"elementor-widget-container\">\n\t\t\t\t\t\t\t<div class=\"elementor-spacer\">\n\t\t\t<div class=\"elementor-spacer-inner\"><\/div>\n\t\t<\/div>\n\t\t\t\t\t\t<\/div>\n\t\t\t\t<\/div>\n\t\t\t\t<div class=\"elementor-element elementor-element-2204631 elementor-widget elementor-widget-heading\" data-id=\"2204631\" data-element_type=\"widget\" data-e-type=\"widget\" data-widget_type=\"heading.default\">\n\t\t\t\t<div class=\"elementor-widget-container\">\n\t\t\t\t\t<h2 class=\"elementor-heading-title elementor-size-default\">\u00daltimas publica\u00e7\u00f5es:<\/h2>\t\t\t\t<\/div>\n\t\t\t\t<\/div>\n\t\t<div class=\"elementor-element elementor-element-87f2bcc e-con-full e-flex e-con e-child\" data-id=\"87f2bcc\" data-element_type=\"container\" data-e-type=\"container\" data-settings=\"{&quot;jet_parallax_layout_list&quot;:[]}\">\n\t\t<div class=\"elementor-element elementor-element-1f8bf13 e-grid e-con-full e-transform e-con e-child\" data-id=\"1f8bf13\" data-element_type=\"container\" data-e-type=\"container\" data-settings=\"{&quot;jet_parallax_layout_list&quot;:[],&quot;_transform_scale_effect_hover&quot;:{&quot;unit&quot;:&quot;px&quot;,&quot;size&quot;:0.99,&quot;sizes&quot;:[]},&quot;_transform_scale_effect_hover_tablet&quot;:{&quot;unit&quot;:&quot;px&quot;,&quot;size&quot;:&quot;&quot;,&quot;sizes&quot;:[]},&quot;_transform_scale_effect_hover_mobile&quot;:{&quot;unit&quot;:&quot;px&quot;,&quot;size&quot;:&quot;&quot;,&quot;sizes&quot;:[]}}\">\n\t\t<div class=\"elementor-element elementor-element-160f42f e-con-full e-flex e-con e-child\" data-id=\"160f42f\" data-element_type=\"container\" data-e-type=\"container\" data-settings=\"{&quot;jet_parallax_layout_list&quot;:[],&quot;background_background&quot;:&quot;classic&quot;}\">\n\t\t\t\t<div class=\"elementor-element elementor-element-6aca92a elementor-widget elementor-widget-heading\" data-id=\"6aca92a\" data-element_type=\"widget\" data-e-type=\"widget\" data-widget_type=\"heading.default\">\n\t\t\t\t<div class=\"elementor-widget-container\">\n\t\t\t\t\t<h2 class=\"elementor-heading-title elementor-size-default\">Quem s\u00e3o os humanit\u00e1rios?\n<\/h2>\t\t\t\t<\/div>\n\t\t\t\t<\/div>\n\t\t\t\t<div class=\"elementor-element elementor-element-c1b302e elementor-widget elementor-widget-spacer\" data-id=\"c1b302e\" data-element_type=\"widget\" data-e-type=\"widget\" data-widget_type=\"spacer.default\">\n\t\t\t\t<div class=\"elementor-widget-container\">\n\t\t\t\t\t\t\t<div class=\"elementor-spacer\">\n\t\t\t<div class=\"elementor-spacer-inner\"><\/div>\n\t\t<\/div>\n\t\t\t\t\t\t<\/div>\n\t\t\t\t<\/div>\n\t\t\t\t<div class=\"elementor-element elementor-element-34ad804 elementor-widget elementor-widget-text-editor\" data-id=\"34ad804\" data-element_type=\"widget\" data-e-type=\"widget\" data-widget_type=\"text-editor.default\">\n\t\t\t\t<div class=\"elementor-widget-container\">\n\t\t\t\t\t\t\t\t\t<p>11 de novembro de 2025<\/p>\t\t\t\t\t\t\t\t<\/div>\n\t\t\t\t<\/div>\n\t\t\t\t<div class=\"elementor-element elementor-element-2e38797 elementor-widget elementor-widget-text-editor\" data-id=\"2e38797\" data-element_type=\"widget\" data-e-type=\"widget\" data-widget_type=\"text-editor.default\">\n\t\t\t\t<div class=\"elementor-widget-container\">\n\t\t\t\t\t\t\t\t\t<p>Publicado por <em><strong>Tribuna<\/strong><\/em><\/p>\t\t\t\t\t\t\t\t<\/div>\n\t\t\t\t<\/div>\n\t\t\t\t<div class=\"elementor-element elementor-element-ea2099e elementor-widget elementor-widget-image\" data-id=\"ea2099e\" data-element_type=\"widget\" data-e-type=\"widget\" data-widget_type=\"image.default\">\n\t\t\t\t<div class=\"elementor-widget-container\">\n\t\t\t\t\t\t\t\t\t\t\t\t\t\t\t<img decoding=\"async\" width=\"819\" height=\"598\" data-src=\"https:\/\/alameda.institute\/wp-content\/smush-webp\/2026\/01\/Captura-de-pantalla-2026-01-13-122618.png.webp\" class=\"attachment-large size-large wp-image-17503 lazyload\" alt=\"\" data-srcset=\"https:\/\/alameda.institute\/wp-content\/smush-webp\/2026\/01\/Captura-de-pantalla-2026-01-13-122618.png.webp 819w, https:\/\/alameda.institute\/wp-content\/smush-webp\/2026\/01\/Captura-de-pantalla-2026-01-13-122618-300x219.png.webp 300w, https:\/\/alameda.institute\/wp-content\/smush-webp\/2026\/01\/Captura-de-pantalla-2026-01-13-122618-768x561.png.webp 768w, https:\/\/alameda.institute\/wp-content\/smush-webp\/2026\/01\/Captura-de-pantalla-2026-01-13-122618-16x12.png.webp 16w, https:\/\/alameda.institute\/wp-content\/smush-webp\/2026\/01\/Captura-de-pantalla-2026-01-13-122618-600x438.png.webp 600w\" data-sizes=\"auto\" src=\"data:image\/svg+xml;base64,PHN2ZyB3aWR0aD0iMSIgaGVpZ2h0PSIxIiB4bWxucz0iaHR0cDovL3d3dy53My5vcmcvMjAwMC9zdmciPjwvc3ZnPg==\" style=\"--smush-placeholder-width: 819px; --smush-placeholder-aspect-ratio: 819\/598;\" data-original-sizes=\"(max-width: 819px) 100vw, 819px\" \/>\t\t\t\t\t\t\t\t\t\t\t\t\t\t\t<\/div>\n\t\t\t\t<\/div>\n\t\t\t\t<div class=\"elementor-element elementor-element-bef78a1 elementor-widget elementor-widget-button\" data-id=\"bef78a1\" data-element_type=\"widget\" data-e-type=\"widget\" data-widget_type=\"button.default\">\n\t\t\t\t<div class=\"elementor-widget-container\">\n\t\t\t\t\t\t\t\t\t<div class=\"elementor-button-wrapper\">\n\t\t\t\t\t<a class=\"elementor-button elementor-button-link elementor-size-sm\" href=\"https:\/\/www.tribunemag.co.uk\/2025\/11\/who-are-the-humanitarians\">\n\t\t\t\t\t\t<span class=\"elementor-button-content-wrapper\">\n\t\t\t\t\t\t\t\t\t<span class=\"elementor-button-text\">LEIA O ARTIGO<\/span>\n\t\t\t\t\t<\/span>\n\t\t\t\t\t<\/a>\n\t\t\t\t<\/div>\n\t\t\t\t\t\t\t\t<\/div>\n\t\t\t\t<\/div>\n\t\t\t\t<\/div>\n\t\t\t\t<\/div>\n\t\t\t\t<\/div>\n\t\t\t\t\t<\/div>\n\t\t\t\t<\/div>\n\t\t\t\t<\/div>\n\t\t<div class=\"elementor-element elementor-element-6933aa6 e-con-full e-flex e-con e-parent\" data-id=\"6933aa6\" data-element_type=\"container\" data-e-type=\"container\" data-settings=\"{&quot;jet_parallax_layout_list&quot;:[]}\">\n\t\t\t\t<div class=\"elementor-element elementor-element-7356016 elementor-widget elementor-widget-text-editor\" data-id=\"7356016\" data-element_type=\"widget\" data-e-type=\"widget\" data-widget_type=\"text-editor.default\">\n\t\t\t\t<div class=\"elementor-widget-container\">\n\t\t\t\t\t\t\t\t\t<p><a href=\"https:\/\/alameda.institute\/pt\/depois-da-ordem\/\">Voltar ao projeto After Order<\/a><\/p>\t\t\t\t\t\t\t\t<\/div>\n\t\t\t\t<\/div>\n\t\t\t\t<\/div>\n\t\t<div class=\"elementor-element elementor-element-758655f e-flex e-con-boxed e-con e-parent\" data-id=\"758655f\" data-element_type=\"container\" data-e-type=\"container\" data-settings=\"{&quot;jet_parallax_layout_list&quot;:[]}\">\n\t\t\t\t\t<div class=\"e-con-inner\">\n\t\t<div class=\"elementor-element elementor-element-2585ccc e-con-full e-flex e-con e-child\" data-id=\"2585ccc\" data-element_type=\"container\" data-e-type=\"container\" data-settings=\"{&quot;jet_parallax_layout_list&quot;:[]}\">\n\t\t<div class=\"elementor-element elementor-element-2845c62 e-con-full e-flex e-con e-child\" data-id=\"2845c62\" data-element_type=\"container\" data-e-type=\"container\" data-settings=\"{&quot;jet_parallax_layout_list&quot;:[]}\">\n\t\t\t\t<div class=\"elementor-element elementor-element-3a420df elementor-widget elementor-widget-spacer\" data-id=\"3a420df\" data-element_type=\"widget\" data-e-type=\"widget\" data-widget_type=\"spacer.default\">\n\t\t\t\t<div class=\"elementor-widget-container\">\n\t\t\t\t\t\t\t<div class=\"elementor-spacer\">\n\t\t\t<div class=\"elementor-spacer-inner\"><\/div>\n\t\t<\/div>\n\t\t\t\t\t\t<\/div>\n\t\t\t\t<\/div>\n\t\t\t\t<div class=\"elementor-element elementor-element-3cae27d elementor-widget elementor-widget-heading\" data-id=\"3cae27d\" data-element_type=\"widget\" data-e-type=\"widget\" data-widget_type=\"heading.default\">\n\t\t\t\t<div class=\"elementor-widget-container\">\n\t\t\t\t\t<h2 class=\"elementor-heading-title elementor-size-default\">Coordenador<\/h2>\t\t\t\t<\/div>\n\t\t\t\t<\/div>\n\t\t\t\t<div class=\"elementor-element elementor-element-3cff4a7 elementor-widget elementor-widget-heading\" data-id=\"3cff4a7\" data-element_type=\"widget\" data-e-type=\"widget\" data-widget_type=\"heading.default\">\n\t\t\t\t<div class=\"elementor-widget-container\">\n\t\t\t\t\t<h2 class=\"elementor-heading-title elementor-size-default\">______________<\/h2>\t\t\t\t<\/div>\n\t\t\t\t<\/div>\n\t\t\t\t<\/div>\n\t\t\t\t<\/div>\n\t\t\t\t<div class=\"elementor-element elementor-element-1d2561f elementor-widget elementor-widget-jet-team-member\" data-id=\"1d2561f\" data-element_type=\"widget\" data-e-type=\"widget\" data-widget_type=\"jet-team-member.default\">\n\t\t\t\t<div class=\"elementor-widget-container\">\n\t\t\t\t\t<div class=\"elementor-jet-team-member jet-elements\"><div class=\"jet-team-member\">\n\t<div class=\"jet-team-member__inner\">\n\t\t\t<div class=\"jet-team-member__image\">\n\t\t\t<div class=\"jet-team-member__cover\"><\/div>\n\t\t\t<figure class=\"jet-team-member__figure\"><img decoding=\"async\" width=\"1600\" height=\"1600\" data-src=\"https:\/\/alameda.institute\/wp-content\/uploads\/2025\/03\/Juliano-Fiori-2048x2048-1.webp\" class=\"jet-team-member__img-tag lazyload\" alt=\"Juliano-Fiori-2048x2048\" data-srcset=\"https:\/\/alameda.institute\/wp-content\/uploads\/2025\/03\/Juliano-Fiori-2048x2048-1.webp 1600w, https:\/\/alameda.institute\/wp-content\/uploads\/2025\/03\/Juliano-Fiori-2048x2048-1-300x300.webp 300w, https:\/\/alameda.institute\/wp-content\/uploads\/2025\/03\/Juliano-Fiori-2048x2048-1-1024x1024.webp 1024w, https:\/\/alameda.institute\/wp-content\/uploads\/2025\/03\/Juliano-Fiori-2048x2048-1-150x150.webp 150w, https:\/\/alameda.institute\/wp-content\/uploads\/2025\/03\/Juliano-Fiori-2048x2048-1-768x768.webp 768w, https:\/\/alameda.institute\/wp-content\/uploads\/2025\/03\/Juliano-Fiori-2048x2048-1-1536x1536.webp 1536w, https:\/\/alameda.institute\/wp-content\/uploads\/2025\/03\/Juliano-Fiori-2048x2048-1-12x12.webp 12w, https:\/\/alameda.institute\/wp-content\/uploads\/2025\/03\/Juliano-Fiori-2048x2048-1-230x230.webp 230w, https:\/\/alameda.institute\/wp-content\/uploads\/2025\/03\/Juliano-Fiori-2048x2048-1-400x400.webp 400w, https:\/\/alameda.institute\/wp-content\/uploads\/2025\/03\/Juliano-Fiori-2048x2048-1-600x600.webp 600w, https:\/\/alameda.institute\/wp-content\/uploads\/2025\/03\/Juliano-Fiori-2048x2048-1-640x640.webp 640w\" data-sizes=\"auto\" src=\"data:image\/svg+xml;base64,PHN2ZyB3aWR0aD0iMSIgaGVpZ2h0PSIxIiB4bWxucz0iaHR0cDovL3d3dy53My5vcmcvMjAwMC9zdmciPjwvc3ZnPg==\" style=\"--smush-placeholder-width: 1600px; --smush-placeholder-aspect-ratio: 1600\/1600;\" data-original-sizes=\"(max-width: 1600px) 100vw, 1600px\" \/><\/figure>\t\t<\/div>\n\t\t<div class=\"jet-team-member__content\"><h3 class=\"jet-team-member__name\"><span class=\"jet-team-member__name-first\">Juliano<\/span><span class=\"jet-team-member__name-last\"> Fiori<\/span><\/h3><div class=\"jet-team-member__position\"><span>DIRETOR<\/span><\/div><div class=\"jet-team-member__socials\"><div class=\"jet-team-member__socials-item\"><a href=\"#\" aria-label=\"\"><\/a><\/div><\/div><\/div>\n\t<\/div>\n\t<\/div>\n<\/div>\t\t\t\t<\/div>\n\t\t\t\t<\/div>\n\t\t\t\t\t<\/div>\n\t\t\t\t<\/div>\n\t\t\t\t<\/div>","protected":false},"excerpt":{"rendered":"<p>AFTER ORDER________________________ Non-sovereign states and peoples How is sovereignty repressed by trade, finance, and war, and other systems of colonial and racial domination? This research stream of After Order explores the predicament of populations and states whose sovereignty is not recognised or is undermined by the persistence of established political and economic systems. It also [&hellip;]<\/p>\n","protected":false},"author":26,"featured_media":0,"parent":0,"menu_order":0,"comment_status":"closed","ping_status":"closed","template":"","meta":{"footnotes":""},"class_list":["post-17537","page","type-page","status-publish","hentry"],"_links":{"self":[{"href":"https:\/\/alameda.institute\/pt\/wp-json\/wp\/v2\/pages\/17537","targetHints":{"allow":["GET"]}}],"collection":[{"href":"https:\/\/alameda.institute\/pt\/wp-json\/wp\/v2\/pages"}],"about":[{"href":"https:\/\/alameda.institute\/pt\/wp-json\/wp\/v2\/types\/page"}],"author":[{"embeddable":true,"href":"https:\/\/alameda.institute\/pt\/wp-json\/wp\/v2\/users\/26"}],"replies":[{"embeddable":true,"href":"https:\/\/alameda.institute\/pt\/wp-json\/wp\/v2\/comments?post=17537"}],"version-history":[{"count":0,"href":"https:\/\/alameda.institute\/pt\/wp-json\/wp\/v2\/pages\/17537\/revisions"}],"wp:attachment":[{"href":"https:\/\/alameda.institute\/pt\/wp-json\/wp\/v2\/media?parent=17537"}],"curies":[{"name":"wp","href":"https:\/\/api.w.org\/{rel}","templated":true}]}}