{"id":17864,"date":"2026-01-28T16:08:11","date_gmt":"2026-01-28T16:08:11","guid":{"rendered":"https:\/\/alameda.institute\/?page_id=17864"},"modified":"2026-02-25T13:03:43","modified_gmt":"2026-02-25T13:03:43","slug":"boletim-informativo","status":"publish","type":"page","link":"https:\/\/alameda.institute\/pt\/boletim-informativo\/","title":{"rendered":"NEWSLETTER"},"content":{"rendered":"<div data-elementor-type=\"wp-page\" data-elementor-id=\"17864\" class=\"elementor elementor-17864\" data-elementor-post-type=\"page\">\n\t\t\t\t<div class=\"elementor-element elementor-element-8cdf07e e-flex e-con-boxed e-con e-parent\" data-id=\"8cdf07e\" data-element_type=\"container\" data-e-type=\"container\" data-settings=\"{&quot;jet_parallax_layout_list&quot;:[]}\">\n\t\t\t\t\t<div class=\"e-con-inner\">\n\t\t<div class=\"elementor-element elementor-element-966363c e-con-full e-flex e-con e-child\" data-id=\"966363c\" data-element_type=\"container\" data-e-type=\"container\" data-settings=\"{&quot;jet_parallax_layout_list&quot;:[]}\">\n\t\t\t\t<div class=\"elementor-element elementor-element-b5e2652 elementor-widget elementor-widget-jet-headline\" data-id=\"b5e2652\" data-element_type=\"widget\" data-e-type=\"widget\" data-widget_type=\"jet-headline.default\">\n\t\t\t\t<div class=\"elementor-widget-container\">\n\t\t\t\t\t<h3 class=\"jet-headline jet-headline--direction-vertical\"><span class=\"jet-headline__part jet-headline__first\"><span class=\"jet-headline__label\">boletim informativo<\/span><\/span><span class=\"jet-headline__part jet-headline__second\"><span class=\"jet-headline__label\">_________<\/span><\/span><\/h3>\t\t\t\t<\/div>\n\t\t\t\t<\/div>\n\t\t\t\t<div class=\"elementor-element elementor-element-6ece4ed elementor-widget elementor-widget-text-editor\" data-id=\"6ece4ed\" data-element_type=\"widget\" data-e-type=\"widget\" data-widget_type=\"text-editor.default\">\n\t\t\t\t<div class=\"elementor-widget-container\">\n\t\t\t\t\t\t\t\t\t<p><span style=\"font-weight: 400;\">Registre-se no <strong>Alameda <\/strong>newsletter para ficar por dentro de nossas \u00faltimas novidades <strong>pesquisa<\/strong>, <strong>\/ PUBLICA\u00c7\u00d5ES<\/strong> e <strong>m\u00eddia<\/strong>.<\/span><\/p>\t\t\t\t\t\t\t\t<\/div>\n\t\t\t\t<\/div>\n\t\t<div class=\"elementor-element elementor-element-753040b e-con-full e-flex e-con e-child\" data-id=\"753040b\" data-element_type=\"container\" data-e-type=\"container\" data-settings=\"{&quot;jet_parallax_layout_list&quot;:[],&quot;background_background&quot;:&quot;classic&quot;}\">\n\t\t<div class=\"elementor-element elementor-element-97b6632 e-grid e-con-full e-con e-child\" data-id=\"97b6632\" data-element_type=\"container\" data-e-type=\"container\" data-settings=\"{&quot;jet_parallax_layout_list&quot;:[]}\">\n\t\t<div class=\"elementor-element elementor-element-899f99d e-con-full e-flex e-con e-child\" data-id=\"899f99d\" data-element_type=\"container\" data-e-type=\"container\" data-settings=\"{&quot;jet_parallax_layout_list&quot;:[]}\">\n\t\t\t\t<div class=\"elementor-element elementor-element-0bc77a0 elementor-widget elementor-widget-image\" data-id=\"0bc77a0\" data-element_type=\"widget\" data-e-type=\"widget\" data-widget_type=\"image.default\">\n\t\t\t\t<div class=\"elementor-widget-container\">\n\t\t\t\t\t\t\t\t\t\t\t\t\t\t\t<img fetchpriority=\"high\" decoding=\"async\" width=\"1024\" height=\"819\" src=\"https:\/\/alameda.institute\/wp-content\/smush-webp\/2026\/02\/sign-up-newsletter-site-1024x819.png.webp\" class=\"attachment-large size-large wp-image-23579\" alt=\"\" srcset=\"https:\/\/alameda.institute\/wp-content\/smush-webp\/2026\/02\/sign-up-newsletter-site-1024x819.png.webp 1024w, https:\/\/alameda.institute\/wp-content\/smush-webp\/2026\/02\/sign-up-newsletter-site-300x240.png.webp 300w, https:\/\/alameda.institute\/wp-content\/smush-webp\/2026\/02\/sign-up-newsletter-site-768x614.png.webp 768w, https:\/\/alameda.institute\/wp-content\/smush-webp\/2026\/02\/sign-up-newsletter-site-1536x1229.png.webp 1536w, https:\/\/alameda.institute\/wp-content\/smush-webp\/2026\/02\/sign-up-newsletter-site-2048x1638.png.webp 2048w, https:\/\/alameda.institute\/wp-content\/smush-webp\/2026\/02\/sign-up-newsletter-site-15x12.png.webp 15w, https:\/\/alameda.institute\/wp-content\/smush-webp\/2026\/02\/sign-up-newsletter-site-600x480.png.webp 600w\" sizes=\"(max-width: 1024px) 100vw, 1024px\" \/>\t\t\t\t\t\t\t\t\t\t\t\t\t\t\t<\/div>\n\t\t\t\t<\/div>\n\t\t\t\t<\/div>\n\t\t<div class=\"elementor-element elementor-element-e37fdd4 e-flex e-con-boxed e-con e-child\" data-id=\"e37fdd4\" data-element_type=\"container\" data-e-type=\"container\" data-settings=\"{&quot;background_background&quot;:&quot;classic&quot;,&quot;jet_parallax_layout_list&quot;:[]}\">\n\t\t\t\t\t<div class=\"e-con-inner\">\n\t\t\t\t<div class=\"elementor-element elementor-element-41d02d7 elementor-widget elementor-widget-shortcode\" data-id=\"41d02d7\" data-element_type=\"widget\" data-e-type=\"widget\" data-widget_type=\"shortcode.default\">\n\t\t\t\t<div class=\"elementor-widget-container\">\n\t\t\t\t\t\t\t<div class=\"elementor-shortcode\"><div class=\"forminator-ui forminator-custom-form forminator-custom-form-17495 forminator-design--flat  forminator_ajax\" data-forminator-render=\"0\" data-form=\"forminator-module-17495\" data-uid=\"69d8a97b286cb\"><br\/><\/div><form\r\n\t\t\t\tid=\"forminator-module-17495\"\r\n\t\t\t\tclass=\"forminator-ui forminator-custom-form forminator-custom-form-17495 forminator-design--flat  forminator_ajax\"\r\n\t\t\t\tmethod=\"post\"\r\n\t\t\t\tdata-forminator-render=\"0\"\r\n\t\t\t\tdata-form-id=\"17495\"\r\n\t\t\t\t data-color-option=\"default\" data-design=\"flat\" data-grid=\"open\" style=\"display: none;\"\r\n\t\t\t\tdata-uid=\"69d8a97b286cb\" action=\"\"\r\n\t\t\t><div role=\"alert\" aria-live=\"polite\" class=\"forminator-response-message forminator-error\" aria-hidden=\"true\"><\/div><div class=\"forminator-row\"><div id=\"name-1\" class=\"forminator-field-name forminator-col forminator-col-12\"><div class=\"forminator-field\"><label for=\"forminator-field-name-1_69d8a97b286cb\" id=\"forminator-field-name-1_69d8a97b286cb-label\" class=\"forminator-label\">Nome Completo <span class=\"forminator-required\">*<\/span><\/label><input type=\"text\" name=\"name-1\" value=\"\" placeholder=\"\" id=\"forminator-field-name-1_69d8a97b286cb\" class=\"forminator-input forminator-name--field\" aria-required=\"true\" autocomplete=\"name\" \/><\/div><\/div><\/div><div class=\"forminator-row\"><div id=\"email-1\" class=\"forminator-field-email forminator-col forminator-col-12\"><div class=\"forminator-field\"><label for=\"forminator-field-email-1_69d8a97b286cb\" id=\"forminator-field-email-1_69d8a97b286cb-label\" class=\"forminator-label\">E-mail <span class=\"forminator-required\">*<\/span><\/label><input type=\"email\" name=\"email-1\" value=\"\" placeholder=\"\" id=\"forminator-field-email-1_69d8a97b286cb\" class=\"forminator-input forminator-email--field\" data-required=\"true\" aria-required=\"true\" autocomplete=\"email\" \/><\/div><\/div><\/div><div class=\"forminator-row\"><div id=\"text-1\" class=\"forminator-field-text forminator-col forminator-col-12\"><div class=\"forminator-field\"><label for=\"forminator-field-text-1_69d8a97b286cb\" id=\"forminator-field-text-1_69d8a97b286cb-label\" class=\"forminator-label\">Organiza\u00e7\u00e3o<\/label><input type=\"text\" name=\"text-1\" value=\"\" placeholder=\"\" id=\"forminator-field-text-1_69d8a97b286cb\" class=\"forminator-input forminator-name--field\" data-required=\"\" \/><\/div><\/div><\/div><div class=\"forminator-row\"><div id=\"select-1\" class=\"forminator-field-select forminator-col forminator-col-12\"><div class=\"forminator-field\"><label for=\"forminator-form-17495__field--select-1_69d8a97b286cb\" id=\"forminator-form-17495__field--select-1_69d8a97b286cb-label\" class=\"forminator-label\">Idioma <span class=\"forminator-required\">*<\/span><\/label><select  id=\"forminator-form-17495__field--select-1_69d8a97b286cb\" class=\"forminator-select--field forminator-select2 forminator-select2-multiple\" data-required=\"1\" name=\"select-1\" data-default-value=\"\" data-hidden-behavior=\"zero\" data-placeholder=\"...\" data-search=\"false\" data-search-placeholder=\"...\" data-checkbox=\"false\" data-allow-clear=\"false\" aria-labelledby=\"forminator-form-17495__field--select-1_69d8a97b286cb-label\"><option value=\"\"  >...<\/option><option value=\"English\"  data-calculation=\"0\">Ingl\u00eas<\/option><option value=\"Portugu\u00eas\"  data-calculation=\"0\">Portugu\u00eas<\/option><\/select><\/div><\/div><\/div><div class=\"forminator-row\"><div id=\"checkbox-1\" class=\"forminator-field-checkbox forminator-col forminator-col-12\"><div role=\"group\" class=\"forminator-field required\" aria-labelledby=\"forminator-checkbox-group-forminator-field-checkbox-1-69d8a97b286cb-label\"><label id=\"forminator-field-checkbox-1-1-69d8a97b286cb-label\" for=\"forminator-field-checkbox-1-1-69d8a97b286cb\" class=\"forminator-checkbox forminator-checkbox-inline\" title=\"Eu concordo com a &lt;a href=&quot;https:\/\/alameda.institute\/pt\/politica-de-privacidade\/&quot; target=&quot;&rdquo;_blank&rdquo;&quot;&gt; Politica de Privacidade&lt;\/a&gt;\"><input type=\"checkbox\" name=\"checkbox-1[]\" value=\"one\" id=\"forminator-field-checkbox-1-1-69d8a97b286cb\" aria-labelledby=\"forminator-field-checkbox-1-1-69d8a97b286cb-label\" data-calculation=\"0\"  \/><span class=\"forminator-checkbox-box\" aria-hidden=\"true\"><\/span><span class=\"forminator-checkbox-label\">Eu concordo com a <a href=\"https:\/\/alameda.institute\/pt\/politica-de-privacidade\/\" target=\"\u201d_blank\u201d\"> Politica de Privacidade<\/a><\/span><\/label><\/div><\/div><\/div><input type=\"hidden\" name=\"referer_url\" value=\"\" \/><div class=\"forminator-row forminator-row-last\"><div class=\"forminator-col\"><div class=\"forminator-field\"><button class=\"forminator-button forminator-button-submit\">INSCREVA-SE<\/button><\/div><\/div><\/div><input type=\"hidden\" id=\"forminator_nonce\" name=\"forminator_nonce\" value=\"d8f8d6df86\" \/><input type=\"hidden\" name=\"_wp_http_referer\" value=\"\/pt\/wp-json\/wp\/v2\/pages\/17864\" \/><input type=\"hidden\" name=\"form_id\" value=\"17495\"><input type=\"hidden\" name=\"page_id\" value=\"17864\"><input type=\"hidden\" name=\"form_type\" value=\"default\"><input type=\"hidden\" name=\"current_url\" value=\"https:\/\/alameda.institute\/pt\/boletim-informativo\/\"><input type=\"hidden\" name=\"render_id\" value=\"0\"><input type=\"hidden\" name=\"action\" value=\"forminator_submit_form_custom-forms\"><label for=\"input_6\" class=\"forminator-hidden\" aria-hidden=\"true\">Por favor, n\u00e3o preencha este campo. <input id=\"input_6\" type=\"text\" name=\"input_6\" value=\"\" autocomplete=\"off\"><\/label><input type=\"hidden\" name=\"trp-form-language\" value=\"pt\"\/><\/form><\/div>\n\t\t\t\t\t\t<\/div>\n\t\t\t\t<\/div>\n\t\t\t\t\t<\/div>\n\t\t\t\t<\/div>\n\t\t\t\t<\/div>\n\t\t\t\t<\/div>\n\t\t\t\t<div class=\"elementor-element elementor-element-1a7b811 elementor-widget elementor-widget-text-editor\" data-id=\"1a7b811\" data-element_type=\"widget\" data-e-type=\"widget\" data-widget_type=\"text-editor.default\">\n\t\t\t\t<div class=\"elementor-widget-container\">\n\t\t\t\t\t\t\t\t\t<p><span style=\"font-weight: 400;\">Veja uma pr\u00e9via do boletim informativo no qual voc\u00ea est\u00e1 se inscrevendo <a href=\"https:\/\/mailchi.mp\/alameda\/why-digital-sovereignty-matters-the-alameda-newsletter-january-2026?e=0cff5571a1\" target=\"_blank\" rel=\"noopener\"><span style=\"text-decoration: underline;\"><strong>aqui<\/strong><\/span><\/a>.<\/span><\/p>\t\t\t\t\t\t\t\t<\/div>\n\t\t\t\t<\/div>\n\t\t\t\t<\/div>\n\t\t\t\t\t<\/div>\n\t\t\t\t<\/div>\n\t\t\t\t<\/div>","protected":false},"excerpt":{"rendered":"<p>newsletter_________ Assine o boletim informativo da Alameda para se manter atualizado com nossas pesquisas, publica\u00e7\u00f5es e m\u00eddias mais recentes. Veja uma pr\u00e9via do boletim informativo para o qual voc\u00ea est\u00e1 se inscrevendo aqui.<\/p>","protected":false},"author":26,"featured_media":2006,"parent":0,"menu_order":0,"comment_status":"closed","ping_status":"closed","template":"elementor_header_footer","meta":{"footnotes":""},"class_list":["post-17864","page","type-page","status-publish","has-post-thumbnail","hentry"],"_links":{"self":[{"href":"https:\/\/alameda.institute\/pt\/wp-json\/wp\/v2\/pages\/17864","targetHints":{"allow":["GET"]}}],"collection":[{"href":"https:\/\/alameda.institute\/pt\/wp-json\/wp\/v2\/pages"}],"about":[{"href":"https:\/\/alameda.institute\/pt\/wp-json\/wp\/v2\/types\/page"}],"author":[{"embeddable":true,"href":"https:\/\/alameda.institute\/pt\/wp-json\/wp\/v2\/users\/26"}],"replies":[{"embeddable":true,"href":"https:\/\/alameda.institute\/pt\/wp-json\/wp\/v2\/comments?post=17864"}],"version-history":[{"count":0,"href":"https:\/\/alameda.institute\/pt\/wp-json\/wp\/v2\/pages\/17864\/revisions"}],"wp:featuredmedia":[{"embeddable":true,"href":"https:\/\/alameda.institute\/pt\/wp-json\/wp\/v2\/media\/2006"}],"wp:attachment":[{"href":"https:\/\/alameda.institute\/pt\/wp-json\/wp\/v2\/media?parent=17864"}],"curies":[{"name":"wp","href":"https:\/\/api.w.org\/{rel}","templated":true}]}}