{"id":18043,"date":"2026-02-01T15:46:17","date_gmt":"2026-02-01T15:46:17","guid":{"rendered":"https:\/\/royalblue-hornet-859388.hostingersite.com\/?page_id=18043"},"modified":"2026-04-27T22:22:48","modified_gmt":"2026-04-27T22:22:48","slug":"zara-qadir","status":"publish","type":"page","link":"https:\/\/alameda.institute\/pt\/zara-qadir\/","title":{"rendered":"Zara Qadir"},"content":{"rendered":"<div data-elementor-type=\"wp-page\" data-elementor-id=\"18043\" class=\"elementor elementor-18043\" data-elementor-post-type=\"page\">\n\t\t\t\t<div class=\"elementor-element elementor-element-0e23d4b elementor-hidden-mobile e-flex e-con-boxed e-con e-parent\" data-id=\"0e23d4b\" data-element_type=\"container\" data-e-type=\"container\" data-settings=\"{&quot;jet_parallax_layout_list&quot;:[]}\">\n\t\t\t\t\t<div class=\"e-con-inner\">\n\t\t<div class=\"elementor-element elementor-element-4d86373 e-con-full e-flex e-con e-child\" data-id=\"4d86373\" data-element_type=\"container\" data-e-type=\"container\" data-settings=\"{&quot;jet_parallax_layout_list&quot;:[]}\">\n\t\t<div class=\"elementor-element elementor-element-2e4c06b e-con-full e-flex e-con e-child\" data-id=\"2e4c06b\" data-element_type=\"container\" data-e-type=\"container\" data-settings=\"{&quot;jet_parallax_layout_list&quot;:[]}\">\n\t\t\t\t<\/div>\n\t\t<div class=\"elementor-element elementor-element-8d022d1 e-con-full e-flex e-con e-child\" data-id=\"8d022d1\" data-element_type=\"container\" data-e-type=\"container\" data-settings=\"{&quot;background_background&quot;:&quot;classic&quot;,&quot;jet_parallax_layout_list&quot;:[]}\">\n\t\t<div class=\"elementor-element elementor-element-9d19d8a e-con-full e-flex e-con e-child\" data-id=\"9d19d8a\" data-element_type=\"container\" data-e-type=\"container\" data-settings=\"{&quot;jet_parallax_layout_list&quot;:[]}\">\n\t\t\t\t<div class=\"elementor-element elementor-element-52bbba8 elementor-widget__width-inherit elementor-widget elementor-widget-jet-headline\" data-id=\"52bbba8\" data-element_type=\"widget\" data-e-type=\"widget\" data-widget_type=\"jet-headline.default\">\n\t\t\t\t<div class=\"elementor-widget-container\">\n\t\t\t\t\t<h2 class=\"jet-headline jet-headline--direction-vertical\"><span class=\"jet-headline__part jet-headline__first\"><span class=\"jet-headline__label\">Zara Qadir<\/span><\/span><\/h2>\t\t\t\t<\/div>\n\t\t\t\t<\/div>\n\t\t\t\t<div class=\"elementor-element elementor-element-fd05599 elementor-widget-divider--view-line elementor-widget elementor-widget-divider\" data-id=\"fd05599\" data-element_type=\"widget\" data-e-type=\"widget\" data-widget_type=\"divider.default\">\n\t\t\t\t<div class=\"elementor-widget-container\">\n\t\t\t\t\t\t\t<div class=\"elementor-divider\">\n\t\t\t<span class=\"elementor-divider-separator\">\n\t\t\t\t\t\t<\/span>\n\t\t<\/div>\n\t\t\t\t\t\t<\/div>\n\t\t\t\t<\/div>\n\t\t\t\t<div class=\"elementor-element elementor-element-9570eeb elementor-widget elementor-widget-text-editor\" data-id=\"9570eeb\" data-element_type=\"widget\" data-e-type=\"widget\" data-widget_type=\"text-editor.default\">\n\t\t\t\t<div class=\"elementor-widget-container\">\n\t\t\t\t\t\t\t\t\t<p>GERENTE DE COMUNICA\u00c7\u00d5ES<\/p>\t\t\t\t\t\t\t\t<\/div>\n\t\t\t\t<\/div>\n\t\t\t\t<div class=\"elementor-element elementor-element-c1d6b81 elementor-widget-mobile__width-initial elementor-widget__width-initial elementor-widget elementor-widget-text-editor\" data-id=\"c1d6b81\" data-element_type=\"widget\" data-e-type=\"widget\" data-widget_type=\"text-editor.default\">\n\t\t\t\t<div class=\"elementor-widget-container\">\n\t\t\t\t\t\t\t\t\t<p><span style=\"font-weight: 400;\">Zara Qadir \u00e9 uma profissional de comunica\u00e7\u00e3o e jornalismo com mais de quinze anos de experi\u00eancia em sa\u00fade, tecnologia, sustentabilidade e pesquisa interdisciplinar. Trabalhou com universidades, institutos de pesquisa e organiza\u00e7\u00f5es sem fins lucrativos no Reino Unido, na Su\u00ed\u00e7a, no Brasil e na China.<\/span><\/p><p>\u00a0<\/p><p><span style=\"font-weight: 400;\">Seu trabalho se concentra em contar hist\u00f3rias claras e convincentes sobre pesquisas e suas implica\u00e7\u00f5es no mundo real. Ela est\u00e1 particularmente interessada em tornar ideias complexas acess\u00edveis a p\u00fablicos mais amplos e em apoiar trabalhos que questionem o poder, a desigualdade e as consequ\u00eancias sociais de pol\u00edticas e mudan\u00e7as tecnol\u00f3gicas.<\/span><\/p>\t\t\t\t\t\t\t\t<\/div>\n\t\t\t\t<\/div>\n\t\t\t\t<div class=\"elementor-element elementor-element-91b4705 elementor-shape-circle e-grid-align-left elementor-widget__width-inherit elementor-grid-0 elementor-widget elementor-widget-social-icons\" data-id=\"91b4705\" data-element_type=\"widget\" data-e-type=\"widget\" data-widget_type=\"social-icons.default\">\n\t\t\t\t<div class=\"elementor-widget-container\">\n\t\t\t\t\t\t\t<div class=\"elementor-social-icons-wrapper elementor-grid\" role=\"list\">\n\t\t\t\t\t\t\t<span class=\"elementor-grid-item\" role=\"listitem\">\n\t\t\t\t\t<a class=\"elementor-icon elementor-social-icon elementor-social-icon-linkedin elementor-repeater-item-5ae6430\" href=\"https:\/\/www.linkedin.com\/in\/zaraqadir\/\" target=\"_blank\">\n\t\t\t\t\t\t<span class=\"elementor-screen-only\">Linkedin<\/span>\n\t\t\t\t\t\t<i aria-hidden=\"true\" class=\"fab fa-linkedin\"><\/i>\t\t\t\t\t<\/a>\n\t\t\t\t<\/span>\n\t\t\t\t\t\t\t<span class=\"elementor-grid-item\" role=\"listitem\">\n\t\t\t\t\t<a class=\"elementor-icon elementor-social-icon elementor-social-icon-icon-bluesky_2D3040 elementor-repeater-item-52782e1\" href=\"https:\/\/bsky.app\/profile\/zaraqadir.bsky.social.\" target=\"_blank\">\n\t\t\t\t\t\t<span class=\"elementor-screen-only\">\u00cdcone-bluesky_2D3040<\/span>\n\t\t\t\t\t\t<i aria-hidden=\"true\" class=\"icon icon-bluesky_2D3040\"><\/i>\t\t\t\t\t<\/a>\n\t\t\t\t<\/span>\n\t\t\t\t\t<\/div>\n\t\t\t\t\t\t<\/div>\n\t\t\t\t<\/div>\n\t\t\t\t<\/div>\n\t\t<div class=\"elementor-element elementor-element-038ae12 e-con-full e-flex e-con e-child\" data-id=\"038ae12\" data-element_type=\"container\" data-e-type=\"container\" data-settings=\"{&quot;background_background&quot;:&quot;classic&quot;,&quot;jet_parallax_layout_list&quot;:[]}\">\n\t\t\t\t<div class=\"elementor-element elementor-element-40ddb70 elementor-widget elementor-widget-image\" data-id=\"40ddb70\" data-element_type=\"widget\" data-e-type=\"widget\" data-widget_type=\"image.default\">\n\t\t\t\t<div class=\"elementor-widget-container\">\n\t\t\t\t\t\t\t\t\t\t\t\t\t\t\t<img decoding=\"async\" data-src=\"https:\/\/royalblue-hornet-859388.hostingersite.com\/wp-content\/uploads\/2026\/01\/zara-profile.png\" title=\"\" alt=\"\" src=\"data:image\/svg+xml;base64,PHN2ZyB3aWR0aD0iMSIgaGVpZ2h0PSIxIiB4bWxucz0iaHR0cDovL3d3dy53My5vcmcvMjAwMC9zdmciPjwvc3ZnPg==\" class=\"lazyload\" \/>\t\t\t\t\t\t\t\t\t\t\t\t\t\t\t<\/div>\n\t\t\t\t<\/div>\n\t\t\t\t<div class=\"elementor-element elementor-element-808c838 elementor-widget elementor-widget-spacer\" data-id=\"808c838\" data-element_type=\"widget\" data-e-type=\"widget\" data-widget_type=\"spacer.default\">\n\t\t\t\t<div class=\"elementor-widget-container\">\n\t\t\t\t\t\t\t<div class=\"elementor-spacer\">\n\t\t\t<div class=\"elementor-spacer-inner\"><\/div>\n\t\t<\/div>\n\t\t\t\t\t\t<\/div>\n\t\t\t\t<\/div>\n\t\t\t\t<\/div>\n\t\t\t\t<\/div>\n\t\t\t\t<\/div>\n\t\t\t\t\t<\/div>\n\t\t\t\t<\/div>\n\t\t<div class=\"elementor-element elementor-element-c926bac elementor-hidden-desktop elementor-hidden-tablet e-flex e-con-boxed e-con e-parent\" data-id=\"c926bac\" data-element_type=\"container\" data-e-type=\"container\" data-settings=\"{&quot;jet_parallax_layout_list&quot;:[]}\">\n\t\t\t\t\t<div class=\"e-con-inner\">\n\t\t<div class=\"elementor-element elementor-element-ddbe3f7 e-con-full e-flex e-con e-child\" data-id=\"ddbe3f7\" data-element_type=\"container\" data-e-type=\"container\" data-settings=\"{&quot;jet_parallax_layout_list&quot;:[]}\">\n\t\t<div class=\"elementor-element elementor-element-34ffe84 e-con-full e-flex e-con e-child\" data-id=\"34ffe84\" data-element_type=\"container\" data-e-type=\"container\" data-settings=\"{&quot;jet_parallax_layout_list&quot;:[]}\">\n\t\t\t\t<\/div>\n\t\t<div class=\"elementor-element elementor-element-d1e94ef e-con-full e-flex e-con e-child\" data-id=\"d1e94ef\" data-element_type=\"container\" data-e-type=\"container\" data-settings=\"{&quot;background_background&quot;:&quot;classic&quot;,&quot;jet_parallax_layout_list&quot;:[]}\">\n\t\t<div class=\"elementor-element elementor-element-f224c69 e-con-full e-flex e-con e-child\" data-id=\"f224c69\" data-element_type=\"container\" data-e-type=\"container\" data-settings=\"{&quot;jet_parallax_layout_list&quot;:[]}\">\n\t\t\t\t<div class=\"elementor-element elementor-element-7492ef9 elementor-widget__width-inherit elementor-widget elementor-widget-jet-headline\" data-id=\"7492ef9\" data-element_type=\"widget\" data-e-type=\"widget\" data-widget_type=\"jet-headline.default\">\n\t\t\t\t<div class=\"elementor-widget-container\">\n\t\t\t\t\t<h2 class=\"jet-headline jet-headline--direction-vertical\"><span class=\"jet-headline__part jet-headline__first\"><span class=\"jet-headline__label\">Zara Qadir<\/span><\/span><\/h2>\t\t\t\t<\/div>\n\t\t\t\t<\/div>\n\t\t\t\t<div class=\"elementor-element elementor-element-8e8ea21 elementor-widget-divider--view-line elementor-widget elementor-widget-divider\" data-id=\"8e8ea21\" data-element_type=\"widget\" data-e-type=\"widget\" data-widget_type=\"divider.default\">\n\t\t\t\t<div class=\"elementor-widget-container\">\n\t\t\t\t\t\t\t<div class=\"elementor-divider\">\n\t\t\t<span class=\"elementor-divider-separator\">\n\t\t\t\t\t\t<\/span>\n\t\t<\/div>\n\t\t\t\t\t\t<\/div>\n\t\t\t\t<\/div>\n\t\t\t\t<div class=\"elementor-element elementor-element-c995aee elementor-widget elementor-widget-text-editor\" data-id=\"c995aee\" data-element_type=\"widget\" data-e-type=\"widget\" data-widget_type=\"text-editor.default\">\n\t\t\t\t<div class=\"elementor-widget-container\">\n\t\t\t\t\t\t\t\t\t<p>GERENTE DE COMUNICA\u00c7\u00d5ES<\/p>\t\t\t\t\t\t\t\t<\/div>\n\t\t\t\t<\/div>\n\t\t\t\t<div class=\"elementor-element elementor-element-7541fce elementor-widget-mobile__width-initial elementor-widget__width-initial elementor-widget elementor-widget-text-editor\" data-id=\"7541fce\" data-element_type=\"widget\" data-e-type=\"widget\" data-widget_type=\"text-editor.default\">\n\t\t\t\t<div class=\"elementor-widget-container\">\n\t\t\t\t\t\t\t\t\t<p><span style=\"font-weight: 400;\">Zara Qadir \u00e9 uma profissional de comunica\u00e7\u00e3o e jornalismo com mais de quinze anos de experi\u00eancia em sa\u00fade, tecnologia, sustentabilidade e pesquisa interdisciplinar. Trabalhou com universidades, institutos de pesquisa e organiza\u00e7\u00f5es sem fins lucrativos no Reino Unido, na Su\u00ed\u00e7a, no Brasil e na China.<\/span><\/p><p><span style=\"font-weight: 400;\">Seu trabalho se concentra em contar hist\u00f3rias claras e convincentes sobre pesquisas e suas implica\u00e7\u00f5es no mundo real. Ela est\u00e1 particularmente interessada em tornar ideias complexas acess\u00edveis a p\u00fablicos mais amplos e em apoiar trabalhos que questionem o poder, a desigualdade e as consequ\u00eancias sociais de pol\u00edticas e mudan\u00e7as tecnol\u00f3gicas.<\/span><\/p>\t\t\t\t\t\t\t\t<\/div>\n\t\t\t\t<\/div>\n\t\t\t\t<div class=\"elementor-element elementor-element-f0405c7 elementor-widget elementor-widget-image\" data-id=\"f0405c7\" data-element_type=\"widget\" data-e-type=\"widget\" data-widget_type=\"image.default\">\n\t\t\t\t<div class=\"elementor-widget-container\">\n\t\t\t\t\t\t\t\t\t\t\t\t\t\t\t<img decoding=\"async\" data-src=\"https:\/\/royalblue-hornet-859388.hostingersite.com\/wp-content\/uploads\/2026\/01\/zara-profile.png\" title=\"\" alt=\"\" src=\"data:image\/svg+xml;base64,PHN2ZyB3aWR0aD0iMSIgaGVpZ2h0PSIxIiB4bWxucz0iaHR0cDovL3d3dy53My5vcmcvMjAwMC9zdmciPjwvc3ZnPg==\" class=\"lazyload\" \/>\t\t\t\t\t\t\t\t\t\t\t\t\t\t\t<\/div>\n\t\t\t\t<\/div>\n\t\t\t\t<div class=\"elementor-element elementor-element-74c610b elementor-shape-circle e-grid-align-left elementor-widget__width-inherit e-grid-align-mobile-center elementor-grid-0 elementor-widget elementor-widget-social-icons\" data-id=\"74c610b\" data-element_type=\"widget\" data-e-type=\"widget\" data-widget_type=\"social-icons.default\">\n\t\t\t\t<div class=\"elementor-widget-container\">\n\t\t\t\t\t\t\t<div class=\"elementor-social-icons-wrapper elementor-grid\" role=\"list\">\n\t\t\t\t\t\t\t<span class=\"elementor-grid-item\" role=\"listitem\">\n\t\t\t\t\t<a class=\"elementor-icon elementor-social-icon elementor-social-icon-linkedin elementor-repeater-item-5ae6430\" href=\"https:\/\/www.linkedin.com\/in\/zaraqadir\/\" target=\"_blank\">\n\t\t\t\t\t\t<span class=\"elementor-screen-only\">Linkedin<\/span>\n\t\t\t\t\t\t<i aria-hidden=\"true\" class=\"fab fa-linkedin\"><\/i>\t\t\t\t\t<\/a>\n\t\t\t\t<\/span>\n\t\t\t\t\t\t\t<span class=\"elementor-grid-item\" role=\"listitem\">\n\t\t\t\t\t<a class=\"elementor-icon elementor-social-icon elementor-social-icon-icon-bluesky_2D3040 elementor-repeater-item-52782e1\" href=\"https:\/\/bsky.app\/profile\/zaraqadir.bsky.social.\" target=\"_blank\">\n\t\t\t\t\t\t<span class=\"elementor-screen-only\">\u00cdcone-bluesky_2D3040<\/span>\n\t\t\t\t\t\t<i aria-hidden=\"true\" class=\"icon icon-bluesky_2D3040\"><\/i>\t\t\t\t\t<\/a>\n\t\t\t\t<\/span>\n\t\t\t\t\t<\/div>\n\t\t\t\t\t\t<\/div>\n\t\t\t\t<\/div>\n\t\t\t\t<\/div>\n\t\t<div class=\"elementor-element elementor-element-235b4b3 e-con-full e-flex e-con e-child\" data-id=\"235b4b3\" data-element_type=\"container\" data-e-type=\"container\" data-settings=\"{&quot;background_background&quot;:&quot;classic&quot;,&quot;jet_parallax_layout_list&quot;:[]}\">\n\t\t\t\t<div class=\"elementor-element elementor-element-ea133fc elementor-widget elementor-widget-spacer\" data-id=\"ea133fc\" data-element_type=\"widget\" data-e-type=\"widget\" data-widget_type=\"spacer.default\">\n\t\t\t\t<div class=\"elementor-widget-container\">\n\t\t\t\t\t\t\t<div class=\"elementor-spacer\">\n\t\t\t<div class=\"elementor-spacer-inner\"><\/div>\n\t\t<\/div>\n\t\t\t\t\t\t<\/div>\n\t\t\t\t<\/div>\n\t\t\t\t<\/div>\n\t\t\t\t<\/div>\n\t\t\t\t<\/div>\n\t\t\t\t\t<\/div>\n\t\t\t\t<\/div>\n\t\t<div class=\"elementor-element elementor-element-6a0984e e-flex e-con-boxed e-con e-parent\" data-id=\"6a0984e\" data-element_type=\"container\" data-e-type=\"container\" data-settings=\"{&quot;jet_parallax_layout_list&quot;:[]}\">\n\t\t\t\t\t<div class=\"e-con-inner\">\n\t\t\t\t<div class=\"elementor-element elementor-element-f6ddddf elementor-widget elementor-widget-text-editor\" data-id=\"f6ddddf\" data-element_type=\"widget\" data-e-type=\"widget\" data-widget_type=\"text-editor.default\">\n\t\t\t\t<div class=\"elementor-widget-container\">\n\t\t\t\t\t\t\t\t\t<p><a href=\"https:\/\/alameda.institute\/people\/\" target=\"_blank\" rel=\"noopener\">Voltar para a p\u00e1gina do People<\/a><\/p>\t\t\t\t\t\t\t\t<\/div>\n\t\t\t\t<\/div>\n\t\t\t\t\t<\/div>\n\t\t\t\t<\/div>\n\t\t\t\t<\/div>","protected":false},"excerpt":{"rendered":"<p>Zara Qadir COMMUNICATIONS MANAGER Zara Qadir is a communications and journalism professional with over fifteen years of experience working across health, technology, sustainability, and interdisciplinary research. She has worked with universities, research institutes, and nonprofit organisations in the United Kingdom, Switzerland, Brazil, and China. \u00a0 Her work centres on telling clear, compelling stories about research [&hellip;]<\/p>\n","protected":false},"author":26,"featured_media":0,"parent":0,"menu_order":0,"comment_status":"closed","ping_status":"closed","template":"","meta":{"footnotes":""},"class_list":["post-18043","page","type-page","status-publish","hentry"],"_links":{"self":[{"href":"https:\/\/alameda.institute\/pt\/wp-json\/wp\/v2\/pages\/18043","targetHints":{"allow":["GET"]}}],"collection":[{"href":"https:\/\/alameda.institute\/pt\/wp-json\/wp\/v2\/pages"}],"about":[{"href":"https:\/\/alameda.institute\/pt\/wp-json\/wp\/v2\/types\/page"}],"author":[{"embeddable":true,"href":"https:\/\/alameda.institute\/pt\/wp-json\/wp\/v2\/users\/26"}],"replies":[{"embeddable":true,"href":"https:\/\/alameda.institute\/pt\/wp-json\/wp\/v2\/comments?post=18043"}],"version-history":[{"count":18,"href":"https:\/\/alameda.institute\/pt\/wp-json\/wp\/v2\/pages\/18043\/revisions"}],"predecessor-version":[{"id":29881,"href":"https:\/\/alameda.institute\/pt\/wp-json\/wp\/v2\/pages\/18043\/revisions\/29881"}],"wp:attachment":[{"href":"https:\/\/alameda.institute\/pt\/wp-json\/wp\/v2\/media?parent=18043"}],"curies":[{"name":"wp","href":"https:\/\/api.w.org\/{rel}","templated":true}]}}