{"id":2099,"date":"2023-06-22T12:45:53","date_gmt":"2023-06-22T12:45:53","guid":{"rendered":"https:\/\/alameda.institute\/?page_id=2099"},"modified":"2023-06-28T14:20:15","modified_gmt":"2023-06-28T14:20:15","slug":"arquivo-junho-2013","status":"publish","type":"page","link":"https:\/\/alameda.institute\/pt\/arquivo-junho-2013\/","title":{"rendered":"Arquivo Junho de 2013"},"content":{"rendered":"<div data-elementor-type=\"wp-page\" data-elementor-id=\"2099\" class=\"elementor elementor-2099\" data-elementor-post-type=\"page\">\n\t\t\t\t<div class=\"elementor-element elementor-element-959bcac e-flex e-con-boxed e-con e-parent\" data-id=\"959bcac\" data-element_type=\"container\" data-e-type=\"container\" data-settings=\"{&quot;background_background&quot;:&quot;classic&quot;,&quot;jet_parallax_layout_list&quot;:[]}\">\n\t\t\t\t\t<div class=\"e-con-inner\">\n\t\t<div class=\"elementor-element elementor-element-facb45d e-con-full e-flex e-con e-parent\" data-id=\"facb45d\" data-element_type=\"container\" data-e-type=\"container\" data-settings=\"{&quot;jet_parallax_layout_list&quot;:[]}\">\n\t\t\t\t<div class=\"elementor-element elementor-element-f4db75d elementor-widget elementor-widget-spacer\" data-id=\"f4db75d\" data-element_type=\"widget\" data-e-type=\"widget\" data-widget_type=\"spacer.default\">\n\t\t\t\t<div class=\"elementor-widget-container\">\n\t\t\t\t\t\t\t<div class=\"elementor-spacer\">\n\t\t\t<div class=\"elementor-spacer-inner\"><\/div>\n\t\t<\/div>\n\t\t\t\t\t\t<\/div>\n\t\t\t\t<\/div>\n\t\t\t\t<\/div>\n\t\t\t\t\t<\/div>\n\t\t\t\t<\/div>\n\t\t<div class=\"elementor-element elementor-element-864a884 e-con-full e-flex e-con e-parent\" data-id=\"864a884\" data-element_type=\"container\" data-e-type=\"container\" data-settings=\"{&quot;jet_parallax_layout_list&quot;:[]}\">\n\t\t\t\t<div class=\"elementor-element elementor-element-39ff03e elementor-widget elementor-widget-jet-slider\" data-id=\"39ff03e\" data-element_type=\"widget\" data-e-type=\"widget\" data-settings=\"{&quot;slider_height&quot;:{&quot;unit&quot;:&quot;px&quot;,&quot;size&quot;:300,&quot;sizes&quot;:[]},&quot;slider_height_tablet&quot;:{&quot;unit&quot;:&quot;px&quot;,&quot;size&quot;:200,&quot;sizes&quot;:[]},&quot;slider_height_mobile&quot;:{&quot;unit&quot;:&quot;px&quot;,&quot;size&quot;:310,&quot;sizes&quot;:[]}}\" data-widget_type=\"jet-slider.default\">\n\t\t\t\t<div class=\"elementor-widget-container\">\n\t\t\t\t\t<div class=\"elementor-jet-slider jet-elements\">\n<div class=\"jet-slider jet-slider__image-exact\" data-settings='{&quot;sliderWidth&quot;:1,&quot;sliderHeight&quot;:1,&quot;sliderNavigation&quot;:false,&quot;sliderNavigationIcon&quot;:&quot;jet-slider__arrow-icon-39ff03e&quot;,&quot;sliderNaviOnHover&quot;:false,&quot;sliderPagination&quot;:false,&quot;sliderAutoplay&quot;:false,&quot;sliderAutoplayDelay&quot;:5000,&quot;sliderAutoplayOnHover&quot;:&quot;pause&quot;,&quot;sliderFullScreen&quot;:false,&quot;sliderFullscreenIcon&quot;:&quot;jet-slider__fullscreen-icon-39ff03e&quot;,&quot;sliderShuffle&quot;:false,&quot;sliderLoop&quot;:false,&quot;sliderFadeMode&quot;:false,&quot;slideDistance&quot;:1,&quot;slideDuration&quot;:500,&quot;imageScaleMode&quot;:&quot;exact&quot;,&quot;thumbnails&quot;:false,&quot;thumbnailWidth&quot;:120,&quot;thumbnailHeight&quot;:80,&quot;rightToLeft&quot;:false,&quot;touchswipe&quot;:false,&quot;fractionPag&quot;:false,&quot;fractionPrefix&quot;:&quot;&quot;,&quot;fractionSeparator&quot;:&quot;\\\/&quot;,&quot;fractionSuffix&quot;:&quot;&quot;,&quot;autoSliderHeight&quot;:false}'>\n\t\n<div  class=\"slider-pro\">\n\t<div class=\"jet-slider__arrow-icon-39ff03e hidden-html\"><\/div><div class=\"jet-slider__fullscreen-icon-39ff03e hidden-html\"><\/div>\t<div class=\"jet-slider__items sp-slides\">\n\n\n<div  class=\"jet-slider__item sp-slide elementor-repeater-item-8ed4c99\"><img decoding=\"async\" class=\"sp-image smush-dimensions lazyload\" data-src=\"https:\/\/alameda.institute\/wp-content\/smush-webp\/2023\/06\/Top-banner-site-ALA.jpg.webp\" alt=\"Top-banner-site-ALA\" width=\"1450\" style=\"--smush-image-width: 1450px; --smush-image-aspect-ratio: 1450\/300;\" src=\"data:image\/svg+xml;base64,PHN2ZyB3aWR0aD0iMSIgaGVpZ2h0PSIxIiB4bWxucz0iaHR0cDovL3d3dy53My5vcmcvMjAwMC9zdmciPjwvc3ZnPg==\" data-srcset=\"https:\/\/alameda.institute\/wp-content\/smush-webp\/2023\/06\/Top-banner-site-ALA.jpg.webp 1450w, https:\/\/alameda.institute\/wp-content\/smush-webp\/2023\/06\/Top-banner-site-ALA-300x62.jpg.webp 300w, https:\/\/alameda.institute\/wp-content\/smush-webp\/2023\/06\/Top-banner-site-ALA-1024x212.jpg.webp 1024w, https:\/\/alameda.institute\/wp-content\/smush-webp\/2023\/06\/Top-banner-site-ALA-768x159.jpg.webp 768w, https:\/\/alameda.institute\/wp-content\/smush-webp\/2023\/06\/Top-banner-site-ALA-18x4.jpg.webp 18w, https:\/\/alameda.institute\/wp-content\/smush-webp\/2023\/06\/Top-banner-site-ALA-600x124.jpg.webp 600w\" data-sizes=\"auto\" data-original-sizes=\"(max-width: 1450px) 100vw, 1450px\"><div class=\"jet-slider__content sp-layer\" data-position=\"centerCenter\" data-width=\"100%\" data-height=\"100%\" data-horizontal=\"0%\" data-show-transition=\"up\" data-show-duration=\"400\" data-show-delay=\"400\" >\n\t\t<div class=\"jet-slider__content-item\">\n\t\t\t<div class=\"jet-slider__content-inner\"><h1 class=\"jet-slider__title\">ARQUIVO DE JUNHO<\/h1><h5 class=\"jet-slider__subtitle\">IMAGENS INVIS\u00cdVEIS<\/h5> \n\n\t\t\t\t\t\t<div class=\"jet-slider__button-wrapper\">\t\t\t\t\t\t<\/div><\/div>\n\t\t<\/div>\n\t\t\t<\/div>\n<\/div>\n\n<\/div>\n<\/div>\n<\/div>\n<\/div>\t\t\t\t<\/div>\n\t\t\t\t<\/div>\n\t\t\t\t<\/div>\n\t\t<div class=\"elementor-element elementor-element-d426cf9 e-flex e-con-boxed e-con e-parent\" data-id=\"d426cf9\" data-element_type=\"container\" data-e-type=\"container\" data-settings=\"{&quot;background_background&quot;:&quot;classic&quot;,&quot;jet_parallax_layout_list&quot;:[]}\">\n\t\t\t\t\t<div class=\"e-con-inner\">\n\t\t\t\t<div class=\"elementor-element elementor-element-43d941b elementor-widget elementor-widget-heading\" data-id=\"43d941b\" data-element_type=\"widget\" data-e-type=\"widget\" data-widget_type=\"heading.default\">\n\t\t\t\t<div class=\"elementor-widget-container\">\n\t\t\t\t\t<h5 class=\"elementor-heading-title elementor-size-default\">Em 2023 as Jornadas de Junho completam 10 anos, s\u00edmbolo n\u00e3o apenas do maior ciclo de protestos da hist\u00f3ria do Brasil, mas tamb\u00e9m de um tenso enigma que permanece vivo, reaceso por qualquer tentativa de revisitar sua hist\u00f3ria.<\/h5>\t\t\t\t<\/div>\n\t\t\t\t<\/div>\n\t\t\t\t\t<\/div>\n\t\t\t\t<\/div>\n\t\t<div class=\"elementor-element elementor-element-77eb6a3 e-flex e-con-boxed e-con e-parent\" data-id=\"77eb6a3\" data-element_type=\"container\" data-e-type=\"container\" data-settings=\"{&quot;jet_parallax_layout_list&quot;:[]}\">\n\t\t\t\t\t<div class=\"e-con-inner\">\n\t\t<div class=\"elementor-element elementor-element-0dd0c22 e-con-full e-flex e-con e-parent\" data-id=\"0dd0c22\" data-element_type=\"container\" data-e-type=\"container\" data-settings=\"{&quot;jet_parallax_layout_list&quot;:[],&quot;background_background&quot;:&quot;classic&quot;}\">\n\t\t\t\t<div class=\"elementor-element elementor-element-f0442be elementor-widget elementor-widget-spacer\" data-id=\"f0442be\" data-element_type=\"widget\" data-e-type=\"widget\" data-widget_type=\"spacer.default\">\n\t\t\t\t<div class=\"elementor-widget-container\">\n\t\t\t\t\t\t\t<div class=\"elementor-spacer\">\n\t\t\t<div class=\"elementor-spacer-inner\"><\/div>\n\t\t<\/div>\n\t\t\t\t\t\t<\/div>\n\t\t\t\t<\/div>\n\t\t\t\t<\/div>\n\t\t<div class=\"elementor-element elementor-element-0625f2c e-con-full e-flex e-con e-parent\" data-id=\"0625f2c\" data-element_type=\"container\" data-e-type=\"container\" data-settings=\"{&quot;jet_parallax_layout_list&quot;:[]}\">\n\t\t\t\t<div class=\"elementor-element elementor-element-aa3a357 elementor-widget elementor-widget-text-editor\" data-id=\"aa3a357\" data-element_type=\"widget\" data-e-type=\"widget\" data-widget_type=\"text-editor.default\">\n\t\t\t\t<div class=\"elementor-widget-container\">\n\t\t\t\t\t\t\t\t\t<p>Para muitos, junho de 2013 representou um marco nas atribula\u00e7\u00f5es e reviravoltas da \u00faltima d\u00e9cada, que englobam n\u00e3o apenas a pandemia mundial, mas tamb\u00e9m revoltas, ocupa\u00e7\u00f5es, um golpe parlamentar, a ascens\u00e3o da extrema-direita e o retorno do PT ao governo, bem como o agravamento da crise ambiental. O significado desse per\u00edodo ainda \u00e9 objeto de disputa, assim como as li\u00e7\u00f5es que dele podem ser aprendidas.<\/p><p>\u00c9 not\u00e1vel, no entanto, a assimetria na recupera\u00e7\u00e3o e balan\u00e7o desse legado. Para a direita brasileira, que atualmente monopoliza as narrativas de indigna\u00e7\u00e3o popular contra o status quo, tornou-se cada vez mais f\u00e1cil a simplifica\u00e7\u00e3o e revis\u00e3o hist\u00f3rica das Jornadas de Junho, transformada em sinal de um descontentamento com a corrup\u00e7\u00e3o e os descaminhos da esquerda. Para a esquerda, o acerto de contas com Junho n\u00e3o \u00e9 t\u00e3o f\u00e1cil e depende da possibilidade de reconstruir a complexidade desse per\u00edodo, na contracorrente das narrativas simplificadoras que transformam os protestos em prel\u00fadio da consolida\u00e7\u00e3o da nova direita brasileira.<\/p><p>Por\u00e9m, essa reconstru\u00e7\u00e3o e elabora\u00e7\u00e3o bate de frente com a pr\u00f3pria natureza e singularidade das Jornadas: muito daquilo que fez de 2013 uma novidade - a dispers\u00e3o e descentraliza\u00e7\u00e3o das mobiliza\u00e7\u00f5es, seu car\u00e1ter nacional, a for\u00e7a das redes e m\u00eddias sociais, a explos\u00e3o de tens\u00f5es internas \u00e0s esquerdas - tamb\u00e9m faz obst\u00e1culo a retra\u00e7ar seus caminhos, facilitando an\u00e1lises redutoras e recortes narrativos que dificultam a compreens\u00e3o dos desafios que vieram \u00e0 tona ali e que permanecem conosco hoje.<\/p>\t\t\t\t\t\t\t\t<\/div>\n\t\t\t\t<\/div>\n\t\t\t\t<\/div>\n\t\t\t\t\t<\/div>\n\t\t\t\t<\/div>\n\t\t<div class=\"elementor-element elementor-element-716d426 e-flex e-con-boxed e-con e-parent\" data-id=\"716d426\" data-element_type=\"container\" data-e-type=\"container\" data-settings=\"{&quot;background_background&quot;:&quot;classic&quot;,&quot;jet_parallax_layout_list&quot;:[]}\">\n\t\t\t\t\t<div class=\"e-con-inner\">\n\t\t\t\t<div class=\"elementor-element elementor-element-d83535c elementor-widget elementor-widget-heading\" data-id=\"d83535c\" data-element_type=\"widget\" data-e-type=\"widget\" data-widget_type=\"heading.default\">\n\t\t\t\t<div class=\"elementor-widget-container\">\n\t\t\t\t\t<h5 class=\"elementor-heading-title elementor-size-default\">O projeto Arquivo de Junho \u00e9 uma oportunidade de explorarmos a dimens\u00e3o invis\u00edvel daquilo que ficou conhecido como as Jornadas de Junho, colaborando na constru\u00e7\u00e3o coletiva de uma mem\u00f3ria pol\u00edtica da \u00faltima d\u00e9cada atrav\u00e9s da consolida\u00e7\u00e3o de um arquivo digital, de acesso gratuito, de grava\u00e7\u00f5es de v\u00eddeo feitas em 2013 por todo o Brasil. <\/h5>\t\t\t\t<\/div>\n\t\t\t\t<\/div>\n\t\t\t\t\t<\/div>\n\t\t\t\t<\/div>\n\t\t<div class=\"elementor-element elementor-element-b20d039 e-flex e-con-boxed e-con e-parent\" data-id=\"b20d039\" data-element_type=\"container\" data-e-type=\"container\" data-settings=\"{&quot;jet_parallax_layout_list&quot;:[]}\">\n\t\t\t\t\t<div class=\"e-con-inner\">\n\t\t<div class=\"elementor-element elementor-element-d210bb9 e-con-full e-flex e-con e-parent\" data-id=\"d210bb9\" data-element_type=\"container\" data-e-type=\"container\" data-settings=\"{&quot;jet_parallax_layout_list&quot;:[],&quot;background_background&quot;:&quot;classic&quot;}\">\n\t\t\t\t<div class=\"elementor-element elementor-element-87cd08f elementor-widget elementor-widget-spacer\" data-id=\"87cd08f\" data-element_type=\"widget\" data-e-type=\"widget\" data-widget_type=\"spacer.default\">\n\t\t\t\t<div class=\"elementor-widget-container\">\n\t\t\t\t\t\t\t<div class=\"elementor-spacer\">\n\t\t\t<div class=\"elementor-spacer-inner\"><\/div>\n\t\t<\/div>\n\t\t\t\t\t\t<\/div>\n\t\t\t\t<\/div>\n\t\t\t\t<\/div>\n\t\t<div class=\"elementor-element elementor-element-90f02a3 e-con-full e-flex e-con e-parent\" data-id=\"90f02a3\" data-element_type=\"container\" data-e-type=\"container\" data-settings=\"{&quot;jet_parallax_layout_list&quot;:[]}\">\n\t\t\t\t<div class=\"elementor-element elementor-element-3f99e2f elementor-widget elementor-widget-text-editor\" data-id=\"3f99e2f\" data-element_type=\"widget\" data-e-type=\"widget\" data-widget_type=\"text-editor.default\">\n\t\t\t\t<div class=\"elementor-widget-container\">\n\t\t\t\t\t\t\t\t\t<p><span style=\"font-weight: 400;\">O processo de mapeamento, sele\u00e7\u00e3o e cataloga\u00e7\u00e3o das imagens ser\u00e1 iniciado ao longo do segundo semestre, em di\u00e1logo e colabora\u00e7\u00e3o com movimentos, coletivos e quaisquer indiv\u00edduos interessados em compartilhar seus registros desse per\u00edodo hist\u00f3rico. Para n\u00f3s, esse evento come\u00e7a muito antes de 2013 e se estende al\u00e9m desse ano, cobrindo todo o territ\u00f3rio nacional, bem como as mais diversas express\u00f5es pol\u00edticas: os conflitos em Belo Monte, as mais diversas greves por todo o Brasil, os enfrentamentos no congresso, depoimentos casuais gravados na rua, marchas camponesas, quilombolas e feministas, as diferentes frentes da luta ind\u00edgena - do apoio aos Tupinamb\u00e1s na Serra do Padeiro, ao combate dos Guarani Kaiow\u00e1 - e o que mais podemos encontrar \u00e0 sombra dessa sequ\u00eancia pol\u00edtica.\u00a0<\/span><\/p><p><span style=\"font-weight: 400;\">Desde o in\u00edcio, a seguran\u00e7a digital e jur\u00eddica da plataforma est\u00e1 sendo pensada em conjunto com consultores especializados, e estamos construindo a interface final para que seja poss\u00edvel contar com as descri\u00e7\u00f5es adicionadas pelos pr\u00f3prios usu\u00e1rios para aprimorar a estrutura de classifica\u00e7\u00e3o das imagens, que \u00e9 como a ferramenta de busca associa termos espec\u00edficos a cada v\u00eddeo.\u00a0<\/span><\/p>\t\t\t\t\t\t\t\t<\/div>\n\t\t\t\t<\/div>\n\t\t\t\t<\/div>\n\t\t\t\t\t<\/div>\n\t\t\t\t<\/div>\n\t\t<div class=\"elementor-element elementor-element-215b48f e-flex e-con-boxed e-con e-parent\" data-id=\"215b48f\" data-element_type=\"container\" data-e-type=\"container\" data-settings=\"{&quot;background_background&quot;:&quot;classic&quot;,&quot;jet_parallax_layout_list&quot;:[]}\">\n\t\t\t\t\t<div class=\"e-con-inner\">\n\t\t\t\t<div class=\"elementor-element elementor-element-bd5f4f6 elementor-widget elementor-widget-heading\" data-id=\"bd5f4f6\" data-element_type=\"widget\" data-e-type=\"widget\" data-widget_type=\"heading.default\">\n\t\t\t\t<div class=\"elementor-widget-container\">\n\t\t\t\t\t<h5 class=\"elementor-heading-title elementor-size-default\">Para quaisquer d\u00favidas ou propostas de colabora\u00e7\u00e3o sobre o arquivo:<\/h5>\t\t\t\t<\/div>\n\t\t\t\t<\/div>\n\t\t\t\t<div class=\"elementor-element elementor-element-451de93 elementor-widget elementor-widget-button\" data-id=\"451de93\" data-element_type=\"widget\" data-e-type=\"widget\" data-widget_type=\"button.default\">\n\t\t\t\t<div class=\"elementor-widget-container\">\n\t\t\t\t\t\t\t\t\t<div class=\"elementor-button-wrapper\">\n\t\t\t\t\t<a class=\"elementor-button elementor-button-link elementor-size-sm\" href=\"mailto:%20gabriel.tupinamba@alameda.institute\">\n\t\t\t\t\t\t<span class=\"elementor-button-content-wrapper\">\n\t\t\t\t\t\t\t\t\t<span class=\"elementor-button-text\">ENTRE EM CONTATO<\/span>\n\t\t\t\t\t<\/span>\n\t\t\t\t\t<\/a>\n\t\t\t\t<\/div>\n\t\t\t\t\t\t\t\t<\/div>\n\t\t\t\t<\/div>\n\t\t\t\t\t<\/div>\n\t\t\t\t<\/div>\n\t\t<div class=\"elementor-element elementor-element-93832ae e-flex e-con-boxed e-con e-parent\" data-id=\"93832ae\" data-element_type=\"container\" data-e-type=\"container\" data-settings=\"{&quot;background_background&quot;:&quot;classic&quot;,&quot;jet_parallax_layout_list&quot;:[]}\">\n\t\t\t\t\t<div class=\"e-con-inner\">\n\t\t<div class=\"elementor-element elementor-element-12c8e33 e-con-full e-flex e-con e-parent\" data-id=\"12c8e33\" data-element_type=\"container\" data-e-type=\"container\" data-settings=\"{&quot;jet_parallax_layout_list&quot;:[]}\">\n\t\t\t\t<div class=\"elementor-element elementor-element-cd6221e elementor-widget elementor-widget-spacer\" data-id=\"cd6221e\" data-element_type=\"widget\" data-e-type=\"widget\" data-widget_type=\"spacer.default\">\n\t\t\t\t<div class=\"elementor-widget-container\">\n\t\t\t\t\t\t\t<div class=\"elementor-spacer\">\n\t\t\t<div class=\"elementor-spacer-inner\"><\/div>\n\t\t<\/div>\n\t\t\t\t\t\t<\/div>\n\t\t\t\t<\/div>\n\t\t\t\t<\/div>\n\t\t\t\t\t<\/div>\n\t\t\t\t<\/div>\n\t\t\t\t<\/div>","protected":false},"excerpt":{"rendered":"<p>ARQUIVO DE JUNHO IMAGENS INVIS\u00cdVEIS Em 2023 as Jornadas de Junho completam 10 anos, s\u00edmbolo n\u00e3o apenas do maior ciclo de protestos da hist\u00f3ria do Brasil, mas tamb\u00e9m de um tenso enigma que permanece vivo, reaceso por qualquer tentativa de revisitar sua hist\u00f3ria. Para muitos, Junho de 2013 representou um marco nas atribula\u00e7\u00f5es e reviravoltas [&hellip;]<\/p>\n","protected":false},"author":1,"featured_media":2160,"parent":0,"menu_order":0,"comment_status":"closed","ping_status":"closed","template":"elementor_canvas","meta":{"footnotes":""},"class_list":["post-2099","page","type-page","status-publish","has-post-thumbnail","hentry"],"_links":{"self":[{"href":"https:\/\/alameda.institute\/pt\/wp-json\/wp\/v2\/pages\/2099","targetHints":{"allow":["GET"]}}],"collection":[{"href":"https:\/\/alameda.institute\/pt\/wp-json\/wp\/v2\/pages"}],"about":[{"href":"https:\/\/alameda.institute\/pt\/wp-json\/wp\/v2\/types\/page"}],"author":[{"embeddable":true,"href":"https:\/\/alameda.institute\/pt\/wp-json\/wp\/v2\/users\/1"}],"replies":[{"embeddable":true,"href":"https:\/\/alameda.institute\/pt\/wp-json\/wp\/v2\/comments?post=2099"}],"version-history":[{"count":0,"href":"https:\/\/alameda.institute\/pt\/wp-json\/wp\/v2\/pages\/2099\/revisions"}],"wp:featuredmedia":[{"embeddable":true,"href":"https:\/\/alameda.institute\/pt\/wp-json\/wp\/v2\/media\/2160"}],"wp:attachment":[{"href":"https:\/\/alameda.institute\/pt\/wp-json\/wp\/v2\/media?parent=2099"}],"curies":[{"name":"wp","href":"https:\/\/api.w.org\/{rel}","templated":true}]}}