{"id":2327,"date":"2023-06-25T14:38:49","date_gmt":"2023-06-25T14:38:49","guid":{"rendered":"https:\/\/alameda.institute\/?page_id=2327"},"modified":"2024-05-28T14:22:17","modified_gmt":"2024-05-28T14:22:17","slug":"dossie-junho","status":"publish","type":"page","link":"https:\/\/alameda.institute\/pt\/publishing\/dossier-june\/","title":{"rendered":"Dossi\u00ea junho"},"content":{"rendered":"\t\t<div data-elementor-type=\"wp-page\" data-elementor-id=\"2327\" class=\"elementor elementor-2327\" data-elementor-post-type=\"page\">\n\t\t\t\t<div class=\"elementor-element elementor-element-73aba353 e-con-full e-flex e-con e-parent\" data-id=\"73aba353\" data-element_type=\"container\" data-e-type=\"container\" data-settings=\"{&quot;background_background&quot;:&quot;classic&quot;,&quot;jet_parallax_layout_list&quot;:[],&quot;animation_mobile&quot;:&quot;zoomIn&quot;}\">\n\t\t<div class=\"elementor-element elementor-element-1ca1cba0 e-con-full e-flex e-con e-child\" data-id=\"1ca1cba0\" data-element_type=\"container\" data-e-type=\"container\" data-settings=\"{&quot;jet_parallax_layout_list&quot;:[]}\">\n\t\t\t\t<div class=\"elementor-element elementor-element-3488146e e-transform elementor-invisible elementor-widget elementor-widget-image\" data-id=\"3488146e\" data-element_type=\"widget\" data-e-type=\"widget\" data-settings=\"{&quot;_animation&quot;:&quot;slideInLeft&quot;,&quot;_transform_rotateZ_effect&quot;:{&quot;unit&quot;:&quot;px&quot;,&quot;size&quot;:-14,&quot;sizes&quot;:[]},&quot;_transform_rotateZ_effect_tablet&quot;:{&quot;unit&quot;:&quot;deg&quot;,&quot;size&quot;:&quot;&quot;,&quot;sizes&quot;:[]},&quot;_transform_rotateZ_effect_mobile&quot;:{&quot;unit&quot;:&quot;deg&quot;,&quot;size&quot;:&quot;&quot;,&quot;sizes&quot;:[]}}\" data-widget_type=\"image.default\">\n\t\t\t\t<div class=\"elementor-widget-container\">\n\t\t\t\t\t\t\t\t\t\t\t\t\t\t\t<img fetchpriority=\"high\" decoding=\"async\" width=\"1128\" height=\"1416\" src=\"https:\/\/alameda.institute\/wp-content\/smush-webp\/2023\/07\/Cover-alameda-dossier-junho2013.png.webp\" class=\"elementor-animation-grow-rotate attachment-full size-full wp-image-2330\" alt=\"dossier 10 anos antes de junho de 2013\" srcset=\"https:\/\/alameda.institute\/wp-content\/smush-webp\/2023\/07\/Cover-alameda-dossier-junho2013.png.webp 1128w, https:\/\/alameda.institute\/wp-content\/smush-webp\/2023\/07\/Cover-alameda-dossier-junho2013-239x300.png.webp 239w, https:\/\/alameda.institute\/wp-content\/smush-webp\/2023\/07\/Cover-alameda-dossier-junho2013-816x1024.png.webp 816w, https:\/\/alameda.institute\/wp-content\/smush-webp\/2023\/07\/Cover-alameda-dossier-junho2013-768x964.png.webp 768w, https:\/\/alameda.institute\/wp-content\/smush-webp\/2023\/07\/Cover-alameda-dossier-junho2013-10x12.png.webp 10w, https:\/\/alameda.institute\/wp-content\/smush-webp\/2023\/07\/Cover-alameda-dossier-junho2013-600x753.png.webp 600w\" sizes=\"(max-width: 1128px) 100vw, 1128px\" \/>\t\t\t\t\t\t\t\t\t\t\t\t\t\t\t<\/div>\n\t\t\t\t<\/div>\n\t\t\t\t<\/div>\n\t\t<div class=\"elementor-element elementor-element-2101a29d e-con-full animated-slow e-flex elementor-invisible e-con e-child\" data-id=\"2101a29d\" data-element_type=\"container\" data-e-type=\"container\" data-settings=\"{&quot;jet_parallax_layout_list&quot;:[],&quot;animation&quot;:&quot;fadeIn&quot;}\">\n\t\t\t\t<div class=\"elementor-element elementor-element-339d5f8b elementor-widget elementor-widget-heading\" data-id=\"339d5f8b\" data-element_type=\"widget\" data-e-type=\"widget\" data-widget_type=\"heading.default\">\n\t\t\t\t<div class=\"elementor-widget-container\">\n\t\t\t\t\t<p class=\"elementor-heading-title elementor-size-default\">dossier<\/p>\t\t\t\t<\/div>\n\t\t\t\t<\/div>\n\t\t\t\t<div class=\"elementor-element elementor-element-1ef42ef0 elementor-widget elementor-widget-heading\" data-id=\"1ef42ef0\" data-element_type=\"widget\" data-e-type=\"widget\" data-widget_type=\"heading.default\">\n\t\t\t\t<div class=\"elementor-widget-container\">\n\t\t\t\t\t<h3 class=\"elementor-heading-title elementor-size-default\">10 anos antes<br>de junho de 2013<\/h3>\t\t\t\t<\/div>\n\t\t\t\t<\/div>\n\t\t\t\t<div class=\"elementor-element elementor-element-35b9913 elementor-widget elementor-widget-jet-download-button\" data-id=\"35b9913\" data-element_type=\"widget\" data-e-type=\"widget\" data-widget_type=\"jet-download-button.default\">\n\t\t\t\t<div class=\"elementor-widget-container\">\n\t\t\t\t\t<div class=\"elementor-jet-download-button jet-elements\"><a class=\"elementor-button elementor-size-md jet-download jet-download-icon-position-left\" data-e-disable-page-transition=\"true\" href=\"https:\/\/alameda.institute\/pt\/?jet_download=e0fe9a337145a6c520a457d660b1ad2712ce8735\"  rel=\"nofollow\"><span class=\"jet-download__text\"><span class=\"jet-download__label\">Download<\/span><span class=\"jet-download__file-name\"><\/span><small class=\"jet-download__sub-label\"><\/small><\/span><\/a>\n<\/div>\t\t\t\t<\/div>\n\t\t\t\t<\/div>\n\t\t\t\t<\/div>\n\t\t\t\t<\/div>\n\t\t<div class=\"elementor-element elementor-element-9145dcf e-con-full e-flex e-con e-parent\" data-id=\"9145dcf\" data-element_type=\"container\" data-e-type=\"container\" data-settings=\"{&quot;jet_parallax_layout_list&quot;:[],&quot;background_background&quot;:&quot;classic&quot;}\">\n\t\t<div class=\"elementor-element elementor-element-d7b8d0e e-con-full e-flex e-con e-child\" data-id=\"d7b8d0e\" data-element_type=\"container\" data-e-type=\"container\" data-settings=\"{&quot;jet_parallax_layout_list&quot;:[],&quot;background_background&quot;:&quot;classic&quot;}\">\n\t\t\t\t<div class=\"elementor-element elementor-element-91c08b9 elementor-widget elementor-widget-heading\" data-id=\"91c08b9\" data-element_type=\"widget\" data-e-type=\"widget\" data-widget_type=\"heading.default\">\n\t\t\t\t<div class=\"elementor-widget-container\">\n\t\t\t\t\t<h2 class=\"elementor-heading-title elementor-size-default\">SUM\u00c1RIO<\/h2>\t\t\t\t<\/div>\n\t\t\t\t<\/div>\n\t\t\t\t<div class=\"elementor-element elementor-element-2425b36 elementor-widget elementor-widget-jet-blog-smart-listing\" data-id=\"2425b36\" data-element_type=\"widget\" data-e-type=\"widget\" data-widget_type=\"jet-blog-smart-listing.default\">\n\t\t\t\t<div class=\"elementor-widget-container\">\n\t\t\t\t\t<div class=\"elementor-jet-blog-smart-listing jet-blog\"><div class=\"jet-smart-listing-wrap\" data-settings='{&quot;block_title&quot;:&quot;&quot;,&quot;title_tag&quot;:&quot;h2&quot;,&quot;featured_post&quot;:&quot;&quot;,&quot;featured_position&quot;:null,&quot;featured_width&quot;:null,&quot;featured_layout&quot;:null,&quot;featured_image_size&quot;:null,&quot;featured_image_position&quot;:null,&quot;featured_image_width&quot;:null,&quot;featured_excerpt_length&quot;:null,&quot;featured_excerpt_trimmed_ending&quot;:null,&quot;featured_read_more&quot;:null,&quot;featured_read_more_text&quot;:null,&quot;featured_show_meta&quot;:null,&quot;featured_show_author&quot;:null,&quot;featured_show_author_avatar&quot;:null,&quot;featured_show_author_from&quot;:null,&quot;featured_avatar_custom_field&quot;:null,&quot;featured_avatar_size&quot;:null,&quot;featured_show_author_icon&quot;:null,&quot;selected_featured_show_author_icon&quot;:null,&quot;featured_show_date&quot;:null,&quot;featured_show_date_icon&quot;:null,&quot;selected_featured_show_date_icon&quot;:null,&quot;featured_show_comments&quot;:null,&quot;featured_show_comments_icon&quot;:null,&quot;selected_featured_show_comments_icon&quot;:null,&quot;posts_columns_widescreen&quot;:null,&quot;posts_columns&quot;:1,&quot;posts_columns_laptop&quot;:null,&quot;posts_columns_tablet_extra&quot;:null,&quot;posts_columns_tablet&quot;:null,&quot;posts_columns_mobile_extra&quot;:null,&quot;posts_columns_mobile&quot;:null,&quot;posts_rows_widescreen&quot;:null,&quot;posts_rows&quot;:&quot;6&quot;,&quot;posts_rows_laptop&quot;:null,&quot;posts_rows_tablet_extra&quot;:null,&quot;posts_rows_tablet&quot;:null,&quot;posts_rows_mobile_extra&quot;:null,&quot;posts_rows_mobile&quot;:null,&quot;image_size&quot;:null,&quot;image_position&quot;:null,&quot;image_width&quot;:null,&quot;excerpt_length&quot;:0,&quot;excerpt_trimmed_ending&quot;:&quot;&quot;,&quot;read_more&quot;:&quot;&quot;,&quot;read_more_text&quot;:null,&quot;show_meta&quot;:&quot;&quot;,&quot;show_author&quot;:null,&quot;show_author_avatar&quot;:null,&quot;get_avatar_from&quot;:null,&quot;avatar_custom_field&quot;:null,&quot;avatar_size&quot;:null,&quot;show_author_icon&quot;:null,&quot;selected_show_author_icon&quot;:null,&quot;show_date&quot;:null,&quot;show_date_icon&quot;:null,&quot;selected_show_date_icon&quot;:null,&quot;show_comments&quot;:null,&quot;show_comments_icon&quot;:null,&quot;selected_show_comments_icon&quot;:null,&quot;query_by&quot;:null,&quot;category_ids&quot;:null,&quot;post_tag_ids&quot;:null,&quot;include_ids&quot;:null,&quot;exclude_ids&quot;:null,&quot;custom_query_by&quot;:null,&quot;custom_terms_ids&quot;:null,&quot;meta_query&quot;:null,&quot;meta_key&quot;:null,&quot;meta_value&quot;:null,&quot;show_filter&quot;:&quot;&quot;,&quot;filter_by&quot;:null,&quot;show_all_btn&quot;:null,&quot;all_btn_label&quot;:null,&quot;more_terms_icon&quot;:null,&quot;selected_more_terms_icon&quot;:null,&quot;show_arrows&quot;:&quot;&quot;,&quot;arrow_type&quot;:null,&quot;show_featured_terms&quot;:null,&quot;show_featured_terms_tax&quot;:null,&quot;show_featured_terms_num&quot;:null,&quot;show_terms&quot;:&quot;&quot;,&quot;show_terms_tax&quot;:null,&quot;show_terms_num&quot;:null,&quot;featured_meta_position&quot;:null,&quot;meta_position&quot;:null,&quot;show_image&quot;:&quot;&quot;,&quot;post_type&quot;:null,&quot;post_ids&quot;:null,&quot;content_related_meta&quot;:null,&quot;show_content_related_meta&quot;:&quot;&quot;,&quot;meta_content_related_position&quot;:null,&quot;title_related_meta&quot;:[{&quot;meta_label&quot;:&quot;By&quot;,&quot;_id&quot;:&quot;34a4f4a&quot;,&quot;meta_key&quot;:&quot;author-name&quot;,&quot;meta_format&quot;:&quot;%s&quot;,&quot;date_format&quot;:null,&quot;item_use_image&quot;:&quot;false&quot;,&quot;selected_item_icon&quot;:{&quot;value&quot;:&quot;fas fa-arrow-circle-right&quot;,&quot;library&quot;:&quot;fa-solid&quot;},&quot;item_image&quot;:null,&quot;meta_callback&quot;:&quot;&quot;}],&quot;show_title_related_meta&quot;:&quot;yes&quot;,&quot;meta_title_related_position&quot;:&quot;after&quot;,&quot;featured_title_length&quot;:null,&quot;title_length&quot;:0,&quot;add_button_icon&quot;:&quot;&quot;,&quot;button_icon&quot;:null,&quot;selected_button_icon&quot;:null,&quot;post_add_button_icon&quot;:&quot;&quot;,&quot;post_button_icon&quot;:null,&quot;selected_post_button_icon&quot;:null,&quot;use_custom_query&quot;:&quot;true&quot;,&quot;custom_query&quot;:&quot;{\\&quot;tag\\&quot;:\\&quot;DossierJunho2013\\&quot;,\\&quot;post_type\\&quot;:\\&quot;post\\&quot;,\\&quot;post_status\\&quot;:\\&quot;publish\\&quot;,\\&quot;order\\&quot;:\\&quot;ASC\\&quot;}&quot;,&quot;posts_offset&quot;:null,&quot;order&quot;:null,&quot;order_by&quot;:null,&quot;is_archive_template&quot;:&quot;&quot;,&quot;query_builder_id&quot;:&quot;&quot;}' data-page=\"1\" data-term=\"0\" data-scroll-top=>\n\t<div class=\"jet-smart-listing__heading\"><span class=\"jet-smart-listing__title-placeholder\"><\/span><\/div>\n\t<div class=\"jet-smart-listing rows-6 no-featured\"><div class=\"jet-smart-listing__posts\">\n\t\t\t\t<div class=\"jet-smart-listing__post-wrapper\">\n\t\t\t\t<div class=\"jet-smart-listing__post\">\n\t\t\t\t\t\t\t\t\t\t\t\t\t\t\t<div class=\"jet-smart-listing__post-content\"><div class=\"jet-smart-listing__post-title post-title-simple\"><a href=\"https:\/\/alameda.institute\/pt\/type-article\/dez-anos-antes-de-junho-de-2023\/\">Dez anos antes de junho de 2023<\/a><\/div><div class=\"jet-title-fields\"><div class=\"jet-title-fields__item\"><div class=\"jet-title-fields__item-icon\"><i aria-hidden=\"true\" class=\"fas fa-arrow-circle-right\"><\/i><\/div><div class=\"jet-title-fields__item-label\">By<\/div><div class=\"jet-title-fields__item-value\">Gabriel Tupinamb\u00e1<\/div><\/div><\/div><\/div>\n\t\t\t\t<\/div>\n\t\t\t<\/div>\n\t\t\t\t\t\t<div class=\"jet-smart-listing__post-wrapper\">\n\t\t\t\t<div class=\"jet-smart-listing__post\">\n\t\t\t\t\t\t\t\t\t\t\t\t\t\t\t<div class=\"jet-smart-listing__post-content\"><div class=\"jet-smart-listing__post-title post-title-simple\"><a href=\"https:\/\/alameda.institute\/pt\/type-article\/fragmentos-de-2013\/\">Fragmentos de 2013<\/a><\/div><div class=\"jet-title-fields\"><div class=\"jet-title-fields__item\"><div class=\"jet-title-fields__item-icon\"><i aria-hidden=\"true\" class=\"fas fa-arrow-circle-right\"><\/i><\/div><div class=\"jet-title-fields__item-label\">By<\/div><div class=\"jet-title-fields__item-value\">Tr\u00eas militantes na neblina<\/div><\/div><\/div><\/div>\n\t\t\t\t<\/div>\n\t\t\t<\/div>\n\t\t\t\t\t\t<div class=\"jet-smart-listing__post-wrapper\">\n\t\t\t\t<div class=\"jet-smart-listing__post\">\n\t\t\t\t\t\t\t\t\t\t\t\t\t\t\t<div class=\"jet-smart-listing__post-content\"><div class=\"jet-smart-listing__post-title post-title-simple\"><a href=\"https:\/\/alameda.institute\/pt\/type-article\/o-ovo-do-ornitorrinco\/\">O ovo do ornitorrinco<\/a><\/div><div class=\"jet-title-fields\"><div class=\"jet-title-fields__item\"><div class=\"jet-title-fields__item-icon\"><i aria-hidden=\"true\" class=\"fas fa-arrow-circle-right\"><\/i><\/div><div class=\"jet-title-fields__item-label\">By<\/div><div class=\"jet-title-fields__item-value\">Ludmila Costhek Abilio<\/div><\/div><\/div><\/div>\n\t\t\t\t<\/div>\n\t\t\t<\/div>\n\t\t\t\t\t\t<div class=\"jet-smart-listing__post-wrapper\">\n\t\t\t\t<div class=\"jet-smart-listing__post\">\n\t\t\t\t\t\t\t\t\t\t\t\t\t\t\t<div class=\"jet-smart-listing__post-content\"><div class=\"jet-smart-listing__post-title post-title-simple\"><a href=\"https:\/\/alameda.institute\/pt\/type-article\/para-escovar-a-historia-a-contrapelo-junho-uma-montagem\/\">Para escovar a hist\u00f3ria a contrapelo: junho, uma montagem<\/a><\/div><div class=\"jet-title-fields\"><div class=\"jet-title-fields__item\"><div class=\"jet-title-fields__item-icon\"><i aria-hidden=\"true\" class=\"fas fa-arrow-circle-right\"><\/i><\/div><div class=\"jet-title-fields__item-label\">By<\/div><div class=\"jet-title-fields__item-value\">Carla Rodrigues<\/div><\/div><\/div><\/div>\n\t\t\t\t<\/div>\n\t\t\t<\/div>\n\t\t\t\t\t\t<div class=\"jet-smart-listing__post-wrapper\">\n\t\t\t\t<div class=\"jet-smart-listing__post\">\n\t\t\t\t\t\t\t\t\t\t\t\t\t\t\t<div class=\"jet-smart-listing__post-content\"><div class=\"jet-smart-listing__post-title post-title-simple\"><a href=\"https:\/\/alameda.institute\/pt\/type-article\/post-scriptum-sobre-o-decimo-aniversario\/\">Post-scriptum sobre o d\u00e9cimo anivers\u00e1rio<\/a><\/div><div class=\"jet-title-fields\"><div class=\"jet-title-fields__item\"><div class=\"jet-title-fields__item-icon\"><i aria-hidden=\"true\" class=\"fas fa-arrow-circle-right\"><\/i><\/div><div class=\"jet-title-fields__item-label\">By<\/div><div class=\"jet-title-fields__item-value\">Paulo Arantes<\/div><\/div><\/div><\/div>\n\t\t\t\t<\/div>\n\t\t\t<\/div>\n\t\t\t<\/div>\n<\/div>\n\t<\/div>\n<div class=\"jet-smart-listing-loading\"><\/div><\/div>\t\t\t\t<\/div>\n\t\t\t\t<\/div>\n\t\t\t\t<\/div>\n\t\t\t\t<\/div>\n\t\t<div class=\"elementor-element elementor-element-dcea3e5 e-flex e-con-boxed e-con e-parent\" data-id=\"dcea3e5\" data-element_type=\"container\" data-e-type=\"container\" data-settings=\"{&quot;jet_parallax_layout_list&quot;:[],&quot;background_background&quot;:&quot;classic&quot;}\">\n\t\t\t\t\t<div class=\"e-con-inner\">\n\t\t\t\t<div class=\"elementor-element elementor-element-ffac988 elementor-widget__width-inherit elementor-widget elementor-widget-heading\" data-id=\"ffac988\" data-element_type=\"widget\" data-e-type=\"widget\" data-widget_type=\"heading.default\">\n\t\t\t\t<div class=\"elementor-widget-container\">\n\t\t\t\t\t<h2 class=\"elementor-heading-title elementor-size-default\">LATEST DOSSIERS<\/h2>\t\t\t\t<\/div>\n\t\t\t\t<\/div>\n\t\t<div class=\"elementor-element elementor-element-4e70151 e-con-full e-flex e-con e-child\" data-id=\"4e70151\" data-element_type=\"container\" data-e-type=\"container\" data-settings=\"{&quot;jet_parallax_layout_list&quot;:[]}\">\n\t\t\t\t<div class=\"elementor-element elementor-element-0f5d7f5 e-transform elementor-widget elementor-widget-image\" data-id=\"0f5d7f5\" data-element_type=\"widget\" data-e-type=\"widget\" data-settings=\"{&quot;_transform_scale_effect_hover&quot;:{&quot;unit&quot;:&quot;px&quot;,&quot;size&quot;:1.1,&quot;sizes&quot;:[]},&quot;_transform_scale_effect_hover_tablet&quot;:{&quot;unit&quot;:&quot;px&quot;,&quot;size&quot;:&quot;&quot;,&quot;sizes&quot;:[]},&quot;_transform_scale_effect_hover_mobile&quot;:{&quot;unit&quot;:&quot;px&quot;,&quot;size&quot;:&quot;&quot;,&quot;sizes&quot;:[]}}\" data-widget_type=\"image.default\">\n\t\t\t\t<div class=\"elementor-widget-container\">\n\t\t\t\t\t\t\t\t\t\t\t\t\t\t\t\t<a href=\"https:\/\/alameda.institute\/publishing\/dossier-food-sovereignty\/\">\n\t\t\t\t\t\t\t<img decoding=\"async\" width=\"724\" height=\"1024\" data-src=\"https:\/\/alameda.institute\/wp-content\/smush-webp\/2024\/05\/Seeds-of-Sovereignty-Contesting-Politics-Food-Alameda-Institute-724x1024.jpg.webp\" class=\"attachment-large size-large wp-image-4752 lazyload\" alt=\"dossier Seeds of Sovereignty: Contesting the Politics of Food\" data-srcset=\"https:\/\/alameda.institute\/wp-content\/smush-webp\/2024\/05\/Seeds-of-Sovereignty-Contesting-Politics-Food-Alameda-Institute-724x1024.jpg.webp 724w, https:\/\/alameda.institute\/wp-content\/smush-webp\/2024\/05\/Seeds-of-Sovereignty-Contesting-Politics-Food-Alameda-Institute-212x300.jpg.webp 212w, https:\/\/alameda.institute\/wp-content\/smush-webp\/2024\/05\/Seeds-of-Sovereignty-Contesting-Politics-Food-Alameda-Institute-768x1086.jpg.webp 768w, https:\/\/alameda.institute\/wp-content\/smush-webp\/2024\/05\/Seeds-of-Sovereignty-Contesting-Politics-Food-Alameda-Institute-1086x1536.jpg.webp 1086w, https:\/\/alameda.institute\/wp-content\/smush-webp\/2024\/05\/Seeds-of-Sovereignty-Contesting-Politics-Food-Alameda-Institute-1448x2048.jpg.webp 1448w, https:\/\/alameda.institute\/wp-content\/smush-webp\/2024\/05\/Seeds-of-Sovereignty-Contesting-Politics-Food-Alameda-Institute-8x12.jpg.webp 8w, https:\/\/alameda.institute\/wp-content\/smush-webp\/2024\/05\/Seeds-of-Sovereignty-Contesting-Politics-Food-Alameda-Institute-600x849.jpg.webp 600w, https:\/\/alameda.institute\/wp-content\/smush-webp\/2024\/05\/Seeds-of-Sovereignty-Contesting-Politics-Food-Alameda-Institute-scaled.jpg.webp 1810w\" data-sizes=\"auto\" src=\"data:image\/svg+xml;base64,PHN2ZyB3aWR0aD0iMSIgaGVpZ2h0PSIxIiB4bWxucz0iaHR0cDovL3d3dy53My5vcmcvMjAwMC9zdmciPjwvc3ZnPg==\" style=\"--smush-placeholder-width: 724px; --smush-placeholder-aspect-ratio: 724\/1024;\" data-original-sizes=\"(max-width: 724px) 100vw, 724px\" \/>\t\t\t\t\t\t\t\t<\/a>\n\t\t\t\t\t\t\t\t\t\t\t\t\t\t\t<\/div>\n\t\t\t\t<\/div>\n\t\t\t\t<\/div>\n\t\t<div class=\"elementor-element elementor-element-6ffe1d1 e-con-full e-flex e-con e-child\" data-id=\"6ffe1d1\" data-element_type=\"container\" data-e-type=\"container\" data-settings=\"{&quot;jet_parallax_layout_list&quot;:[]}\">\n\t\t\t\t<div class=\"elementor-element elementor-element-2f128e3 e-transform elementor-widget elementor-widget-image\" data-id=\"2f128e3\" data-element_type=\"widget\" data-e-type=\"widget\" data-settings=\"{&quot;_transform_scale_effect_hover&quot;:{&quot;unit&quot;:&quot;px&quot;,&quot;size&quot;:1.1,&quot;sizes&quot;:[]},&quot;_transform_scale_effect_hover_tablet&quot;:{&quot;unit&quot;:&quot;px&quot;,&quot;size&quot;:&quot;&quot;,&quot;sizes&quot;:[]},&quot;_transform_scale_effect_hover_mobile&quot;:{&quot;unit&quot;:&quot;px&quot;,&quot;size&quot;:&quot;&quot;,&quot;sizes&quot;:[]}}\" data-widget_type=\"image.default\">\n\t\t\t\t<div class=\"elementor-widget-container\">\n\t\t\t\t\t\t\t\t\t\t\t\t\t\t\t\t<a href=\"https:\/\/alameda.institute\/publishing\/dossier-ukraine\/\">\n\t\t\t\t\t\t\t<img decoding=\"async\" width=\"726\" height=\"1024\" data-src=\"https:\/\/alameda.institute\/wp-content\/smush-webp\/2023\/04\/Dossier-Interationalism-war-ulraine-ALAMEDA-726x1024.jpg.webp\" class=\"attachment-large size-large wp-image-1668 lazyload\" alt=\"dossier The War in Ukraine &amp; the Question of Internationalism\" data-srcset=\"https:\/\/alameda.institute\/wp-content\/smush-webp\/2023\/04\/Dossier-Interationalism-war-ulraine-ALAMEDA-726x1024.jpg.webp 726w, https:\/\/alameda.institute\/wp-content\/smush-webp\/2023\/04\/Dossier-Interationalism-war-ulraine-ALAMEDA-213x300.jpg.webp 213w, https:\/\/alameda.institute\/wp-content\/smush-webp\/2023\/04\/Dossier-Interationalism-war-ulraine-ALAMEDA-768x1083.jpg.webp 768w, https:\/\/alameda.institute\/wp-content\/smush-webp\/2023\/04\/Dossier-Interationalism-war-ulraine-ALAMEDA-600x846.jpg.webp 600w, https:\/\/alameda.institute\/wp-content\/smush-webp\/2023\/04\/Dossier-Interationalism-war-ulraine-ALAMEDA.jpg.webp 976w\" data-sizes=\"auto\" src=\"data:image\/svg+xml;base64,PHN2ZyB3aWR0aD0iMSIgaGVpZ2h0PSIxIiB4bWxucz0iaHR0cDovL3d3dy53My5vcmcvMjAwMC9zdmciPjwvc3ZnPg==\" style=\"--smush-placeholder-width: 726px; --smush-placeholder-aspect-ratio: 726\/1024;\" data-original-sizes=\"(max-width: 726px) 100vw, 726px\" \/>\t\t\t\t\t\t\t\t<\/a>\n\t\t\t\t\t\t\t\t\t\t\t\t\t\t\t<\/div>\n\t\t\t\t<\/div>\n\t\t\t\t<\/div>\n\t\t<div class=\"elementor-element elementor-element-ef90282 e-con-full e-flex e-con e-child\" data-id=\"ef90282\" data-element_type=\"container\" data-e-type=\"container\" data-settings=\"{&quot;jet_parallax_layout_list&quot;:[]}\">\n\t\t\t\t<div class=\"elementor-element elementor-element-42e1044 e-transform elementor-widget elementor-widget-image\" data-id=\"42e1044\" data-element_type=\"widget\" data-e-type=\"widget\" data-settings=\"{&quot;_transform_scale_effect_hover&quot;:{&quot;unit&quot;:&quot;px&quot;,&quot;size&quot;:1.1,&quot;sizes&quot;:[]},&quot;_transform_scale_effect_hover_tablet&quot;:{&quot;unit&quot;:&quot;px&quot;,&quot;size&quot;:&quot;&quot;,&quot;sizes&quot;:[]},&quot;_transform_scale_effect_hover_mobile&quot;:{&quot;unit&quot;:&quot;px&quot;,&quot;size&quot;:&quot;&quot;,&quot;sizes&quot;:[]}}\" data-widget_type=\"image.default\">\n\t\t\t\t<div class=\"elementor-widget-container\">\n\t\t\t\t\t\t\t\t\t\t\t\t\t\t\t\t<a href=\"https:\/\/alameda.institute\/publishing\/dossier-june\/\">\n\t\t\t\t\t\t\t<img decoding=\"async\" width=\"1128\" height=\"1416\" data-src=\"https:\/\/alameda.institute\/wp-content\/smush-webp\/2023\/07\/Cover-alameda-dossier-junho2013.png.webp\" class=\"attachment-full size-full wp-image-2330 lazyload\" alt=\"dossier 10 anos antes de junho de 2013\" data-srcset=\"https:\/\/alameda.institute\/wp-content\/smush-webp\/2023\/07\/Cover-alameda-dossier-junho2013.png.webp 1128w, https:\/\/alameda.institute\/wp-content\/smush-webp\/2023\/07\/Cover-alameda-dossier-junho2013-239x300.png.webp 239w, https:\/\/alameda.institute\/wp-content\/smush-webp\/2023\/07\/Cover-alameda-dossier-junho2013-816x1024.png.webp 816w, https:\/\/alameda.institute\/wp-content\/smush-webp\/2023\/07\/Cover-alameda-dossier-junho2013-768x964.png.webp 768w, https:\/\/alameda.institute\/wp-content\/smush-webp\/2023\/07\/Cover-alameda-dossier-junho2013-10x12.png.webp 10w, https:\/\/alameda.institute\/wp-content\/smush-webp\/2023\/07\/Cover-alameda-dossier-junho2013-600x753.png.webp 600w\" data-sizes=\"auto\" src=\"data:image\/svg+xml;base64,PHN2ZyB3aWR0aD0iMSIgaGVpZ2h0PSIxIiB4bWxucz0iaHR0cDovL3d3dy53My5vcmcvMjAwMC9zdmciPjwvc3ZnPg==\" style=\"--smush-placeholder-width: 1128px; --smush-placeholder-aspect-ratio: 1128\/1416;\" data-original-sizes=\"(max-width: 1128px) 100vw, 1128px\" \/>\t\t\t\t\t\t\t\t<\/a>\n\t\t\t\t\t\t\t\t\t\t\t\t\t\t\t<\/div>\n\t\t\t\t<\/div>\n\t\t\t\t<\/div>\n\t\t\t\t\t<\/div>\n\t\t\t\t<\/div>\n\t\t\t\t<\/div>\n\t\t","protected":false},"excerpt":{"rendered":"<p>dossi\u00ea 10 anos antesde junho de 2013 Download SUM\u00c1RIO Dez anos antes de junho de 2023ByGabriel Tupinamb\u00e1 Fragmentos de 2013ByTr\u00eas militantes na neblina O ovo do ornitorrincoByLudmila Costhek Abilio Para escovar a hist\u00f3ria a contrapelo: junho, uma montagemByCarla Rodrigues Post-scriptum sobre o d\u00e9cimo anivers\u00e1rioByPaulo Arantes LATEST DOSSIERS<\/p>","protected":false},"author":1,"featured_media":0,"parent":480,"menu_order":0,"comment_status":"closed","ping_status":"closed","template":"elementor_header_footer","meta":{"footnotes":""},"class_list":["post-2327","page","type-page","status-publish","hentry"],"_links":{"self":[{"href":"https:\/\/alameda.institute\/pt\/wp-json\/wp\/v2\/pages\/2327","targetHints":{"allow":["GET"]}}],"collection":[{"href":"https:\/\/alameda.institute\/pt\/wp-json\/wp\/v2\/pages"}],"about":[{"href":"https:\/\/alameda.institute\/pt\/wp-json\/wp\/v2\/types\/page"}],"author":[{"embeddable":true,"href":"https:\/\/alameda.institute\/pt\/wp-json\/wp\/v2\/users\/1"}],"replies":[{"embeddable":true,"href":"https:\/\/alameda.institute\/pt\/wp-json\/wp\/v2\/comments?post=2327"}],"version-history":[{"count":43,"href":"https:\/\/alameda.institute\/pt\/wp-json\/wp\/v2\/pages\/2327\/revisions"}],"predecessor-version":[{"id":5061,"href":"https:\/\/alameda.institute\/pt\/wp-json\/wp\/v2\/pages\/2327\/revisions\/5061"}],"up":[{"embeddable":true,"href":"https:\/\/alameda.institute\/pt\/wp-json\/wp\/v2\/pages\/480"}],"wp:attachment":[{"href":"https:\/\/alameda.institute\/pt\/wp-json\/wp\/v2\/media?parent=2327"}],"curies":[{"name":"wp","href":"https:\/\/api.w.org\/{rel}","templated":true}]}}