{"id":24993,"date":"2026-01-01T18:14:03","date_gmt":"2026-01-01T18:14:03","guid":{"rendered":"https:\/\/royalblue-hornet-859388.hostingersite.com\/?page_id=17682"},"modified":"2026-04-27T22:24:43","modified_gmt":"2026-04-27T22:24:43","slug":"anna-raposo-de-mello","status":"publish","type":"page","link":"https:\/\/alameda.institute\/pt\/anna-raposo-de-mello\/","title":{"rendered":"Anna Raposo de Mello"},"content":{"rendered":"<div data-elementor-type=\"wp-page\" data-elementor-id=\"24993\" class=\"elementor elementor-24993\" data-elementor-post-type=\"page\">\n\t\t\t\t<div class=\"elementor-element elementor-element-1e60ca9 elementor-hidden-mobile e-flex e-con-boxed e-con e-parent\" data-id=\"1e60ca9\" data-element_type=\"container\" data-e-type=\"container\" data-settings=\"{&quot;jet_parallax_layout_list&quot;:[]}\">\n\t\t\t\t\t<div class=\"e-con-inner\">\n\t\t<div class=\"elementor-element elementor-element-35ffd09 e-con-full e-flex e-con e-child\" data-id=\"35ffd09\" data-element_type=\"container\" data-e-type=\"container\" data-settings=\"{&quot;jet_parallax_layout_list&quot;:[]}\">\n\t\t<div class=\"elementor-element elementor-element-1899bbf e-con-full e-flex e-con e-child\" data-id=\"1899bbf\" data-element_type=\"container\" data-e-type=\"container\" data-settings=\"{&quot;jet_parallax_layout_list&quot;:[]}\">\n\t\t\t\t<\/div>\n\t\t<div class=\"elementor-element elementor-element-8dcb1c0 e-con-full e-flex e-con e-child\" data-id=\"8dcb1c0\" data-element_type=\"container\" data-e-type=\"container\" data-settings=\"{&quot;background_background&quot;:&quot;classic&quot;,&quot;jet_parallax_layout_list&quot;:[]}\">\n\t\t<div class=\"elementor-element elementor-element-72fafe0 e-con-full e-flex e-con e-child\" data-id=\"72fafe0\" data-element_type=\"container\" data-e-type=\"container\" data-settings=\"{&quot;jet_parallax_layout_list&quot;:[]}\">\n\t\t\t\t<div class=\"elementor-element elementor-element-3a5911a elementor-widget__width-inherit elementor-widget elementor-widget-jet-headline\" data-id=\"3a5911a\" data-element_type=\"widget\" data-e-type=\"widget\" data-widget_type=\"jet-headline.default\">\n\t\t\t\t<div class=\"elementor-widget-container\">\n\t\t\t\t\t<h2 class=\"jet-headline jet-headline--direction-vertical\"><span class=\"jet-headline__part jet-headline__first\"><span class=\"jet-headline__label\">Anna Raposo de Mello<\/span><\/span><\/h2>\t\t\t\t<\/div>\n\t\t\t\t<\/div>\n\t\t\t\t<div class=\"elementor-element elementor-element-d868541 elementor-widget-divider--view-line elementor-widget elementor-widget-divider\" data-id=\"d868541\" data-element_type=\"widget\" data-e-type=\"widget\" data-widget_type=\"divider.default\">\n\t\t\t\t<div class=\"elementor-widget-container\">\n\t\t\t\t\t\t\t<div class=\"elementor-divider\">\n\t\t\t<span class=\"elementor-divider-separator\">\n\t\t\t\t\t\t<\/span>\n\t\t<\/div>\n\t\t\t\t\t\t<\/div>\n\t\t\t\t<\/div>\n\t\t\t\t<div class=\"elementor-element elementor-element-7818c7a elementor-widget elementor-widget-text-editor\" data-id=\"7818c7a\" data-element_type=\"widget\" data-e-type=\"widget\" data-widget_type=\"text-editor.default\">\n\t\t\t\t<div class=\"elementor-widget-container\">\n\t\t\t\t\t\t\t\t\t<p>COORDENADOR DE PROJETOS P\u00d3S-PEDIDO<\/p>\t\t\t\t\t\t\t\t<\/div>\n\t\t\t\t<\/div>\n\t\t\t\t<div class=\"elementor-element elementor-element-df4cac7 elementor-widget-mobile__width-initial elementor-widget__width-initial elementor-widget elementor-widget-text-editor\" data-id=\"df4cac7\" data-element_type=\"widget\" data-e-type=\"widget\" data-widget_type=\"text-editor.default\">\n\t\t\t\t<div class=\"elementor-widget-container\">\n\t\t\t\t\t\t\t\t\t<p><span style=\"font-weight: 400;\">Anna \u00e9 pesquisadora e coordenadora de projetos na Alameda. Tem um doutorado conjunto em Rela\u00e7\u00f5es Internacionais pelo King's College London e pela Universidade de S\u00e3o Paulo. Sua pesquisa mais recente examina o discurso pol\u00edtico nas m\u00eddias sociais e suas implica\u00e7\u00f5es para a pol\u00edtica, com foco especial na rela\u00e7\u00e3o entre a politiza\u00e7\u00e3o digital, o autoritarismo contempor\u00e2neo e o crescente extremismo de direita.\u00a0<\/span><\/p><p><span style=\"font-weight: 400;\">Ela tamb\u00e9m contribuiu para projetos sobre pol\u00edticas antidemocr\u00e1ticas, multilateralismo, institui\u00e7\u00f5es financeiras internacionais e rela\u00e7\u00f5es entre os EUA e o Brasil. Antes de se dedicar \u00e0 pesquisa acad\u00eamica, Anna trabalhou como jornalista por dez anos. Seus interesses mais amplos incluem pol\u00edtica digital, tecnologia, epistemologia social e estudos de m\u00eddia.<\/span><\/p>\t\t\t\t\t\t\t\t<\/div>\n\t\t\t\t<\/div>\n\t\t\t\t<div class=\"elementor-element elementor-element-eea702e elementor-shape-circle e-grid-align-left elementor-widget__width-inherit elementor-grid-0 elementor-widget elementor-widget-social-icons\" data-id=\"eea702e\" data-element_type=\"widget\" data-e-type=\"widget\" data-widget_type=\"social-icons.default\">\n\t\t\t\t<div class=\"elementor-widget-container\">\n\t\t\t\t\t\t\t<div class=\"elementor-social-icons-wrapper elementor-grid\" role=\"list\">\n\t\t\t\t\t\t\t<span class=\"elementor-grid-item\" role=\"listitem\">\n\t\t\t\t\t<a class=\"elementor-icon elementor-social-icon elementor-social-icon-linkedin elementor-repeater-item-5ae6430\" href=\"https:\/\/www.linkedin.com\/in\/anna-carolina-raposo-de-mello-52ab29185\/?originalSubdomain=br%20\" target=\"_blank\">\n\t\t\t\t\t\t<span class=\"elementor-screen-only\">Linkedin<\/span>\n\t\t\t\t\t\t<i aria-hidden=\"true\" class=\"fab fa-linkedin\"><\/i>\t\t\t\t\t<\/a>\n\t\t\t\t<\/span>\n\t\t\t\t\t\t\t<span class=\"elementor-grid-item\" role=\"listitem\">\n\t\t\t\t\t<a class=\"elementor-icon elementor-social-icon elementor-social-icon-orcid elementor-repeater-item-bf229d6\" href=\"https:\/\/orcid.org\/0000-0002-1753-0847\" target=\"_blank\">\n\t\t\t\t\t\t<span class=\"elementor-screen-only\">Orqu\u00eddea<\/span>\n\t\t\t\t\t\t<i aria-hidden=\"true\" class=\"fab fa-orcid\"><\/i>\t\t\t\t\t<\/a>\n\t\t\t\t<\/span>\n\t\t\t\t\t\t\t<span class=\"elementor-grid-item\" role=\"listitem\">\n\t\t\t\t\t<a class=\"elementor-icon elementor-social-icon elementor-social-icon-newspaper elementor-repeater-item-7deb5f9\" href=\"https:\/\/scholar.google.com\/citations?user=vTCQoHcAAAAJ&#038;hl=pt-BR\" target=\"_blank\">\n\t\t\t\t\t\t<span class=\"elementor-screen-only\">Jornal<\/span>\n\t\t\t\t\t\t<i aria-hidden=\"true\" class=\"far fa-newspaper\"><\/i>\t\t\t\t\t<\/a>\n\t\t\t\t<\/span>\n\t\t\t\t\t\t\t<span class=\"elementor-grid-item\" role=\"listitem\">\n\t\t\t\t\t<a class=\"elementor-icon elementor-social-icon elementor-social-icon-icon-substack_2D3040 elementor-repeater-item-24be882\" href=\"https:\/\/substack.com\/@annaraposodemello649627?utm_source=top-search\" target=\"_blank\">\n\t\t\t\t\t\t<span class=\"elementor-screen-only\">\u00cdcone-subpilha_2D3040<\/span>\n\t\t\t\t\t\t<i aria-hidden=\"true\" class=\"icon icon-substack_2D3040\"><\/i>\t\t\t\t\t<\/a>\n\t\t\t\t<\/span>\n\t\t\t\t\t\t\t<span class=\"elementor-grid-item\" role=\"listitem\">\n\t\t\t\t\t<a class=\"elementor-icon elementor-social-icon elementor-social-icon-icon-bluesky_2D3040 elementor-repeater-item-eb9492f\" href=\"https:\/\/bsky.app\/profile\/annacomdoisenes.bsky.social\" target=\"_blank\">\n\t\t\t\t\t\t<span class=\"elementor-screen-only\">\u00cdcone-bluesky_2D3040<\/span>\n\t\t\t\t\t\t<i aria-hidden=\"true\" class=\"icon icon-bluesky_2D3040\"><\/i>\t\t\t\t\t<\/a>\n\t\t\t\t<\/span>\n\t\t\t\t\t<\/div>\n\t\t\t\t\t\t<\/div>\n\t\t\t\t<\/div>\n\t\t\t\t<\/div>\n\t\t<div class=\"elementor-element elementor-element-e7a4e49 e-con-full e-flex e-con e-child\" data-id=\"e7a4e49\" data-element_type=\"container\" data-e-type=\"container\" data-settings=\"{&quot;background_background&quot;:&quot;classic&quot;,&quot;jet_parallax_layout_list&quot;:[]}\">\n\t\t\t\t<div class=\"elementor-element elementor-element-1d0cdf9 elementor-widget elementor-widget-image\" data-id=\"1d0cdf9\" data-element_type=\"widget\" data-e-type=\"widget\" data-widget_type=\"image.default\">\n\t\t\t\t<div class=\"elementor-widget-container\">\n\t\t\t\t\t\t\t\t\t\t\t\t\t\t\t<img fetchpriority=\"high\" decoding=\"async\" width=\"522\" height=\"522\" src=\"https:\/\/alameda.institute\/wp-content\/smush-webp\/2026\/04\/Anna-e1768842726746.jpeg.webp\" class=\"attachment-1536x1536 size-1536x1536 wp-image-25103\" alt=\"\" srcset=\"https:\/\/alameda.institute\/wp-content\/smush-webp\/2026\/04\/Anna-e1768842726746.jpeg.webp 522w, https:\/\/alameda.institute\/wp-content\/smush-webp\/2026\/04\/Anna-e1768842726746-300x300.jpeg.webp 300w, https:\/\/alameda.institute\/wp-content\/smush-webp\/2026\/04\/Anna-e1768842726746-150x150.jpeg.webp 150w, https:\/\/alameda.institute\/wp-content\/smush-webp\/2026\/04\/Anna-e1768842726746-12x12.jpeg.webp 12w, https:\/\/alameda.institute\/wp-content\/smush-webp\/2026\/04\/Anna-e1768842726746-230x230.jpeg.webp 230w, https:\/\/alameda.institute\/wp-content\/smush-webp\/2026\/04\/Anna-e1768842726746-400x400.jpeg.webp 400w\" sizes=\"(max-width: 522px) 100vw, 522px\" \/>\t\t\t\t\t\t\t\t\t\t\t\t\t\t\t<\/div>\n\t\t\t\t<\/div>\n\t\t\t\t<div class=\"elementor-element elementor-element-c69a636 elementor-widget elementor-widget-spacer\" data-id=\"c69a636\" data-element_type=\"widget\" data-e-type=\"widget\" data-widget_type=\"spacer.default\">\n\t\t\t\t<div class=\"elementor-widget-container\">\n\t\t\t\t\t\t\t<div class=\"elementor-spacer\">\n\t\t\t<div class=\"elementor-spacer-inner\"><\/div>\n\t\t<\/div>\n\t\t\t\t\t\t<\/div>\n\t\t\t\t<\/div>\n\t\t\t\t<\/div>\n\t\t\t\t<\/div>\n\t\t\t\t<\/div>\n\t\t\t\t\t<\/div>\n\t\t\t\t<\/div>\n\t\t<div class=\"elementor-element elementor-element-56e6d27 elementor-hidden-desktop elementor-hidden-tablet e-flex e-con-boxed e-con e-parent\" data-id=\"56e6d27\" data-element_type=\"container\" data-e-type=\"container\" data-settings=\"{&quot;jet_parallax_layout_list&quot;:[]}\">\n\t\t\t\t\t<div class=\"e-con-inner\">\n\t\t<div class=\"elementor-element elementor-element-a3831bc e-con-full e-flex e-con e-child\" data-id=\"a3831bc\" data-element_type=\"container\" data-e-type=\"container\" data-settings=\"{&quot;jet_parallax_layout_list&quot;:[]}\">\n\t\t<div class=\"elementor-element elementor-element-5704a5d e-con-full e-flex e-con e-child\" data-id=\"5704a5d\" data-element_type=\"container\" data-e-type=\"container\" data-settings=\"{&quot;jet_parallax_layout_list&quot;:[]}\">\n\t\t\t\t<\/div>\n\t\t<div class=\"elementor-element elementor-element-19c2b93 e-con-full e-flex e-con e-child\" data-id=\"19c2b93\" data-element_type=\"container\" data-e-type=\"container\" data-settings=\"{&quot;background_background&quot;:&quot;classic&quot;,&quot;jet_parallax_layout_list&quot;:[]}\">\n\t\t<div class=\"elementor-element elementor-element-a93fea4 e-con-full e-flex e-con e-child\" data-id=\"a93fea4\" data-element_type=\"container\" data-e-type=\"container\" data-settings=\"{&quot;jet_parallax_layout_list&quot;:[]}\">\n\t\t\t\t<div class=\"elementor-element elementor-element-1a07dae elementor-widget__width-inherit elementor-widget elementor-widget-jet-headline\" data-id=\"1a07dae\" data-element_type=\"widget\" data-e-type=\"widget\" data-widget_type=\"jet-headline.default\">\n\t\t\t\t<div class=\"elementor-widget-container\">\n\t\t\t\t\t<h2 class=\"jet-headline jet-headline--direction-vertical\"><span class=\"jet-headline__part jet-headline__first\"><span class=\"jet-headline__label\">Anna Raposo de Mello<\/span><\/span><\/h2>\t\t\t\t<\/div>\n\t\t\t\t<\/div>\n\t\t\t\t<div class=\"elementor-element elementor-element-7a879ff elementor-widget-divider--view-line elementor-widget elementor-widget-divider\" data-id=\"7a879ff\" data-element_type=\"widget\" data-e-type=\"widget\" data-widget_type=\"divider.default\">\n\t\t\t\t<div class=\"elementor-widget-container\">\n\t\t\t\t\t\t\t<div class=\"elementor-divider\">\n\t\t\t<span class=\"elementor-divider-separator\">\n\t\t\t\t\t\t<\/span>\n\t\t<\/div>\n\t\t\t\t\t\t<\/div>\n\t\t\t\t<\/div>\n\t\t\t\t<div class=\"elementor-element elementor-element-786a59d elementor-widget elementor-widget-text-editor\" data-id=\"786a59d\" data-element_type=\"widget\" data-e-type=\"widget\" data-widget_type=\"text-editor.default\">\n\t\t\t\t<div class=\"elementor-widget-container\">\n\t\t\t\t\t\t\t\t\t<p>COORDENADOR DE PROJETOS P\u00d3S-PEDIDO<\/p>\t\t\t\t\t\t\t\t<\/div>\n\t\t\t\t<\/div>\n\t\t\t\t<div class=\"elementor-element elementor-element-79af9d0 elementor-widget-mobile__width-initial elementor-widget__width-initial elementor-widget elementor-widget-text-editor\" data-id=\"79af9d0\" data-element_type=\"widget\" data-e-type=\"widget\" data-widget_type=\"text-editor.default\">\n\t\t\t\t<div class=\"elementor-widget-container\">\n\t\t\t\t\t\t\t\t\t<p><span style=\"font-weight: 400;\">Anna \u00e9 pesquisadora e coordenadora de projetos na Alameda. Tem um doutorado conjunto em Rela\u00e7\u00f5es Internacionais pelo King's College London e pela Universidade de S\u00e3o Paulo. Sua pesquisa mais recente examina o discurso pol\u00edtico nas m\u00eddias sociais e suas implica\u00e7\u00f5es para a pol\u00edtica, com foco especial na rela\u00e7\u00e3o entre a politiza\u00e7\u00e3o digital, o autoritarismo contempor\u00e2neo e o crescente extremismo de direita.\u00a0<\/span><\/p><p><span style=\"font-weight: 400;\">Ela tamb\u00e9m contribuiu para projetos sobre pol\u00edticas antidemocr\u00e1ticas, multilateralismo, institui\u00e7\u00f5es financeiras internacionais e rela\u00e7\u00f5es entre os EUA e o Brasil. Antes de se dedicar \u00e0 pesquisa acad\u00eamica, Anna trabalhou como jornalista por dez anos. Seus interesses mais amplos incluem pol\u00edtica digital, tecnologia, epistemologia social e estudos de m\u00eddia.<\/span><\/p>\t\t\t\t\t\t\t\t<\/div>\n\t\t\t\t<\/div>\n\t\t\t\t<div class=\"elementor-element elementor-element-136d78d elementor-widget elementor-widget-image\" data-id=\"136d78d\" data-element_type=\"widget\" data-e-type=\"widget\" data-widget_type=\"image.default\">\n\t\t\t\t<div class=\"elementor-widget-container\">\n\t\t\t\t\t\t\t\t\t\t\t\t\t\t\t<img fetchpriority=\"high\" decoding=\"async\" width=\"522\" height=\"522\" src=\"https:\/\/alameda.institute\/wp-content\/smush-webp\/2026\/04\/Anna-e1768842726746.jpeg.webp\" class=\"attachment-1536x1536 size-1536x1536 wp-image-25103\" alt=\"\" srcset=\"https:\/\/alameda.institute\/wp-content\/smush-webp\/2026\/04\/Anna-e1768842726746.jpeg.webp 522w, https:\/\/alameda.institute\/wp-content\/smush-webp\/2026\/04\/Anna-e1768842726746-300x300.jpeg.webp 300w, https:\/\/alameda.institute\/wp-content\/smush-webp\/2026\/04\/Anna-e1768842726746-150x150.jpeg.webp 150w, https:\/\/alameda.institute\/wp-content\/smush-webp\/2026\/04\/Anna-e1768842726746-12x12.jpeg.webp 12w, https:\/\/alameda.institute\/wp-content\/smush-webp\/2026\/04\/Anna-e1768842726746-230x230.jpeg.webp 230w, https:\/\/alameda.institute\/wp-content\/smush-webp\/2026\/04\/Anna-e1768842726746-400x400.jpeg.webp 400w\" sizes=\"(max-width: 522px) 100vw, 522px\" \/>\t\t\t\t\t\t\t\t\t\t\t\t\t\t\t<\/div>\n\t\t\t\t<\/div>\n\t\t\t\t<div class=\"elementor-element elementor-element-85e43b1 elementor-shape-circle e-grid-align-left elementor-widget__width-inherit e-grid-align-mobile-center elementor-grid-0 elementor-widget elementor-widget-social-icons\" data-id=\"85e43b1\" data-element_type=\"widget\" data-e-type=\"widget\" data-widget_type=\"social-icons.default\">\n\t\t\t\t<div class=\"elementor-widget-container\">\n\t\t\t\t\t\t\t<div class=\"elementor-social-icons-wrapper elementor-grid\" role=\"list\">\n\t\t\t\t\t\t\t<span class=\"elementor-grid-item\" role=\"listitem\">\n\t\t\t\t\t<a class=\"elementor-icon elementor-social-icon elementor-social-icon-linkedin elementor-repeater-item-5ae6430\" href=\"https:\/\/www.linkedin.com\/in\/anna-carolina-raposo-de-mello-52ab29185\/?originalSubdomain=br%20\" target=\"_blank\">\n\t\t\t\t\t\t<span class=\"elementor-screen-only\">Linkedin<\/span>\n\t\t\t\t\t\t<i aria-hidden=\"true\" class=\"fab fa-linkedin\"><\/i>\t\t\t\t\t<\/a>\n\t\t\t\t<\/span>\n\t\t\t\t\t\t\t<span class=\"elementor-grid-item\" role=\"listitem\">\n\t\t\t\t\t<a class=\"elementor-icon elementor-social-icon elementor-social-icon-orcid elementor-repeater-item-bf229d6\" href=\"https:\/\/orcid.org\/0000-0002-1753-0847\" target=\"_blank\">\n\t\t\t\t\t\t<span class=\"elementor-screen-only\">Orqu\u00eddea<\/span>\n\t\t\t\t\t\t<i aria-hidden=\"true\" class=\"fab fa-orcid\"><\/i>\t\t\t\t\t<\/a>\n\t\t\t\t<\/span>\n\t\t\t\t\t\t\t<span class=\"elementor-grid-item\" role=\"listitem\">\n\t\t\t\t\t<a class=\"elementor-icon elementor-social-icon elementor-social-icon-newspaper elementor-repeater-item-7deb5f9\" href=\"https:\/\/scholar.google.com\/citations?user=vTCQoHcAAAAJ&#038;hl=pt-BR\" target=\"_blank\">\n\t\t\t\t\t\t<span class=\"elementor-screen-only\">Jornal<\/span>\n\t\t\t\t\t\t<i aria-hidden=\"true\" class=\"far fa-newspaper\"><\/i>\t\t\t\t\t<\/a>\n\t\t\t\t<\/span>\n\t\t\t\t\t\t\t<span class=\"elementor-grid-item\" role=\"listitem\">\n\t\t\t\t\t<a class=\"elementor-icon elementor-social-icon elementor-social-icon-icon-substack_2D3040 elementor-repeater-item-24be882\" href=\"https:\/\/substack.com\/@annaraposodemello649627?utm_source=top-search\" target=\"_blank\">\n\t\t\t\t\t\t<span class=\"elementor-screen-only\">\u00cdcone-subpilha_2D3040<\/span>\n\t\t\t\t\t\t<i aria-hidden=\"true\" class=\"icon icon-substack_2D3040\"><\/i>\t\t\t\t\t<\/a>\n\t\t\t\t<\/span>\n\t\t\t\t\t\t\t<span class=\"elementor-grid-item\" role=\"listitem\">\n\t\t\t\t\t<a class=\"elementor-icon elementor-social-icon elementor-social-icon-icon-bluesky_2D3040 elementor-repeater-item-eb9492f\" href=\"https:\/\/bsky.app\/profile\/annacomdoisenes.bsky.social\" target=\"_blank\">\n\t\t\t\t\t\t<span class=\"elementor-screen-only\">\u00cdcone-bluesky_2D3040<\/span>\n\t\t\t\t\t\t<i aria-hidden=\"true\" class=\"icon icon-bluesky_2D3040\"><\/i>\t\t\t\t\t<\/a>\n\t\t\t\t<\/span>\n\t\t\t\t\t<\/div>\n\t\t\t\t\t\t<\/div>\n\t\t\t\t<\/div>\n\t\t\t\t<\/div>\n\t\t<div class=\"elementor-element elementor-element-01653e2 e-con-full e-flex e-con e-child\" data-id=\"01653e2\" data-element_type=\"container\" data-e-type=\"container\" data-settings=\"{&quot;background_background&quot;:&quot;classic&quot;,&quot;jet_parallax_layout_list&quot;:[]}\">\n\t\t\t\t<div class=\"elementor-element elementor-element-ed5e69b elementor-widget elementor-widget-spacer\" data-id=\"ed5e69b\" data-element_type=\"widget\" data-e-type=\"widget\" data-widget_type=\"spacer.default\">\n\t\t\t\t<div class=\"elementor-widget-container\">\n\t\t\t\t\t\t\t<div class=\"elementor-spacer\">\n\t\t\t<div class=\"elementor-spacer-inner\"><\/div>\n\t\t<\/div>\n\t\t\t\t\t\t<\/div>\n\t\t\t\t<\/div>\n\t\t\t\t<\/div>\n\t\t\t\t<\/div>\n\t\t\t\t<\/div>\n\t\t\t\t\t<\/div>\n\t\t\t\t<\/div>\n\t\t<div class=\"elementor-element elementor-element-ba1ae2d e-flex e-con-boxed e-con e-parent\" data-id=\"ba1ae2d\" data-element_type=\"container\" data-e-type=\"container\" data-settings=\"{&quot;jet_parallax_layout_list&quot;:[]}\">\n\t\t\t\t\t<div class=\"e-con-inner\">\n\t\t\t\t<div class=\"elementor-element elementor-element-29c9156 elementor-widget elementor-widget-text-editor\" data-id=\"29c9156\" data-element_type=\"widget\" data-e-type=\"widget\" data-widget_type=\"text-editor.default\">\n\t\t\t\t<div class=\"elementor-widget-container\">\n\t\t\t\t\t\t\t\t\t<p><a href=\"https:\/\/alameda.institute\/people\/\" target=\"_blank\" rel=\"noopener\">Voltar para a p\u00e1gina do People<\/a><\/p>\t\t\t\t\t\t\t\t<\/div>\n\t\t\t\t<\/div>\n\t\t\t\t\t<\/div>\n\t\t\t\t<\/div>\n\t\t\t\t<\/div>","protected":false},"excerpt":{"rendered":"<p>Anna Raposo de Mello AFTER ORDER PROJECT COORDINATOR Anna is a researcher and project coordinator at Alameda. She holds a joint PhD in International Relations from King\u2019s College London and the University of S\u00e3o Paulo. Her most recent research examines political discourse on social media and its implications for politics, with a particular focus on [&hellip;]<\/p>\n","protected":false},"author":26,"featured_media":0,"parent":0,"menu_order":0,"comment_status":"closed","ping_status":"closed","template":"","meta":{"footnotes":""},"class_list":["post-24993","page","type-page","status-publish","hentry"],"_links":{"self":[{"href":"https:\/\/alameda.institute\/pt\/wp-json\/wp\/v2\/pages\/24993","targetHints":{"allow":["GET"]}}],"collection":[{"href":"https:\/\/alameda.institute\/pt\/wp-json\/wp\/v2\/pages"}],"about":[{"href":"https:\/\/alameda.institute\/pt\/wp-json\/wp\/v2\/types\/page"}],"author":[{"embeddable":true,"href":"https:\/\/alameda.institute\/pt\/wp-json\/wp\/v2\/users\/26"}],"replies":[{"embeddable":true,"href":"https:\/\/alameda.institute\/pt\/wp-json\/wp\/v2\/comments?post=24993"}],"version-history":[{"count":48,"href":"https:\/\/alameda.institute\/pt\/wp-json\/wp\/v2\/pages\/24993\/revisions"}],"predecessor-version":[{"id":29896,"href":"https:\/\/alameda.institute\/pt\/wp-json\/wp\/v2\/pages\/24993\/revisions\/29896"}],"wp:attachment":[{"href":"https:\/\/alameda.institute\/pt\/wp-json\/wp\/v2\/media?parent=24993"}],"curies":[{"name":"wp","href":"https:\/\/api.w.org\/{rel}","templated":true}]}}