{"id":24994,"date":"2026-01-01T18:49:04","date_gmt":"2026-01-01T18:49:04","guid":{"rendered":"https:\/\/royalblue-hornet-859388.hostingersite.com\/?page_id=17685"},"modified":"2026-04-15T16:50:14","modified_gmt":"2026-04-15T16:50:14","slug":"benjamin-fogel","status":"publish","type":"page","link":"https:\/\/alameda.institute\/pt\/benjamin-fogel\/","title":{"rendered":"Benjamin Fogel"},"content":{"rendered":"<div data-elementor-type=\"wp-page\" data-elementor-id=\"24994\" class=\"elementor elementor-24994\" data-elementor-post-type=\"page\">\n\t\t\t\t<div class=\"elementor-element elementor-element-0e23d4b e-flex e-con-boxed e-con e-parent\" data-id=\"0e23d4b\" data-element_type=\"container\" data-e-type=\"container\" data-settings=\"{&quot;jet_parallax_layout_list&quot;:[]}\">\n\t\t\t\t\t<div class=\"e-con-inner\">\n\t\t<div class=\"elementor-element elementor-element-4d86373 e-con-full e-flex e-con e-child\" data-id=\"4d86373\" data-element_type=\"container\" data-e-type=\"container\" data-settings=\"{&quot;jet_parallax_layout_list&quot;:[]}\">\n\t\t<div class=\"elementor-element elementor-element-2e4c06b e-con-full e-flex e-con e-child\" data-id=\"2e4c06b\" data-element_type=\"container\" data-e-type=\"container\" data-settings=\"{&quot;jet_parallax_layout_list&quot;:[]}\">\n\t\t\t\t<\/div>\n\t\t<div class=\"elementor-element elementor-element-8d022d1 e-con-full e-flex e-con e-child\" data-id=\"8d022d1\" data-element_type=\"container\" data-e-type=\"container\" data-settings=\"{&quot;background_background&quot;:&quot;classic&quot;,&quot;jet_parallax_layout_list&quot;:[]}\">\n\t\t<div class=\"elementor-element elementor-element-9d19d8a e-con-full e-flex e-con e-child\" data-id=\"9d19d8a\" data-element_type=\"container\" data-e-type=\"container\" data-settings=\"{&quot;jet_parallax_layout_list&quot;:[]}\">\n\t\t\t\t<div class=\"elementor-element elementor-element-52bbba8 elementor-widget__width-inherit elementor-widget elementor-widget-jet-headline\" data-id=\"52bbba8\" data-element_type=\"widget\" data-e-type=\"widget\" data-widget_type=\"jet-headline.default\">\n\t\t\t\t<div class=\"elementor-widget-container\">\n\t\t\t\t\t<h2 class=\"jet-headline jet-headline--direction-vertical\"><span class=\"jet-headline__part jet-headline__first\"><span class=\"jet-headline__label\">Benjamin Fogel <\/span><\/span><\/h2>\t\t\t\t<\/div>\n\t\t\t\t<\/div>\n\t\t\t\t<div class=\"elementor-element elementor-element-fd05599 elementor-widget-divider--view-line elementor-widget elementor-widget-divider\" data-id=\"fd05599\" data-element_type=\"widget\" data-e-type=\"widget\" data-widget_type=\"divider.default\">\n\t\t\t\t<div class=\"elementor-widget-container\">\n\t\t\t\t\t\t\t<div class=\"elementor-divider\">\n\t\t\t<span class=\"elementor-divider-separator\">\n\t\t\t\t\t\t<\/span>\n\t\t<\/div>\n\t\t\t\t\t\t<\/div>\n\t\t\t\t<\/div>\n\t\t\t\t<div class=\"elementor-element elementor-element-a78bacc elementor-widget elementor-widget-text-editor\" data-id=\"a78bacc\" data-element_type=\"widget\" data-e-type=\"widget\" data-widget_type=\"text-editor.default\">\n\t\t\t\t<div class=\"elementor-widget-container\">\n\t\t\t\t\t\t\t\t\t<p>DIRETOR DE PUBLICA\u00c7\u00c3O\u00a0<\/p>\t\t\t\t\t\t\t\t<\/div>\n\t\t\t\t<\/div>\n\t\t\t\t<div class=\"elementor-element elementor-element-c1d6b81 elementor-widget-mobile__width-initial elementor-widget__width-initial elementor-widget elementor-widget-text-editor\" data-id=\"c1d6b81\" data-element_type=\"widget\" data-e-type=\"widget\" data-widget_type=\"text-editor.default\">\n\t\t\t\t<div class=\"elementor-widget-container\">\n\t\t\t\t\t\t\t\t\t<p><span style=\"font-weight: 400;\">O Dr. Benjamin Fogel \u00e9 historiador, editor e jornalista nascido e criado na Rep\u00fablica da \u00c1frica do Sul. Seu trabalho foi publicado em importantes ve\u00edculos, como o t<\/span><i><span style=\"font-weight: 400;\">O Guardi\u00e3o<\/span><\/i><span style=\"font-weight: 400;\">, <\/span><i><span style=\"font-weight: 400;\">the Nation, the New Statesman e the Baffler, <\/span><\/i><span style=\"font-weight: 400;\">bem como na imprensa sul-africana. Ele tamb\u00e9m \u00e9 editor colaborador da Jacobin Magazine. Seu doutorado em Hist\u00f3ria da Am\u00e9rica Latina na Universidade de Nova York examinou o surgimento de pol\u00edticas anticorrup\u00e7\u00e3o de direita no Brasil das d\u00e9cadas de 1950 e 1960 como uma resposta \u00e0s contradi\u00e7\u00f5es do desenvolvimento. Seus interesses de pesquisa incluem a sociologia hist\u00f3rica do desdesenvolvimento e da deprava\u00e7\u00e3o comparativa, a pol\u00edtica do crime organizado, mercen\u00e1rios e outros atores n\u00e3o estatais que regulam seus mercados por meios violentos, bem como a pol\u00edtica de direita do Brasil \u00e0 \u00c1frica do Sul. Ele \u00e9 um internacionalista convicto e um torcedor de r\u00fagbi do Springbok.<\/span><\/p>\t\t\t\t\t\t\t\t<\/div>\n\t\t\t\t<\/div>\n\t\t\t\t<div class=\"elementor-element elementor-element-91b4705 elementor-shape-circle e-grid-align-left elementor-widget__width-inherit elementor-grid-0 elementor-widget elementor-widget-social-icons\" data-id=\"91b4705\" data-element_type=\"widget\" data-e-type=\"widget\" data-widget_type=\"social-icons.default\">\n\t\t\t\t<div class=\"elementor-widget-container\">\n\t\t\t\t\t\t\t<div class=\"elementor-social-icons-wrapper elementor-grid\" role=\"list\">\n\t\t\t\t\t\t\t<span class=\"elementor-grid-item\" role=\"listitem\">\n\t\t\t\t\t<a class=\"elementor-icon elementor-social-icon elementor-social-icon-linkedin elementor-repeater-item-5ae6430\" href=\"https:\/\/www.linkedin.com\/in\/benjamin-fogel-a31b43234\/\" target=\"_blank\">\n\t\t\t\t\t\t<span class=\"elementor-screen-only\">Linkedin<\/span>\n\t\t\t\t\t\t<i aria-hidden=\"true\" class=\"fab fa-linkedin\"><\/i>\t\t\t\t\t<\/a>\n\t\t\t\t<\/span>\n\t\t\t\t\t\t\t<span class=\"elementor-grid-item\" role=\"listitem\">\n\t\t\t\t\t<a class=\"elementor-icon elementor-social-icon elementor-social-icon-icon-bluesky_2D3040 elementor-repeater-item-0599e7c\" href=\"https:\/\/blueskydirectory.com\/profiles\/benjaminfogel.bsky.social\" target=\"_blank\">\n\t\t\t\t\t\t<span class=\"elementor-screen-only\">\u00cdcone-bluesky_2D3040<\/span>\n\t\t\t\t\t\t<i aria-hidden=\"true\" class=\"icon icon-bluesky_2D3040\"><\/i>\t\t\t\t\t<\/a>\n\t\t\t\t<\/span>\n\t\t\t\t\t\t\t<span class=\"elementor-grid-item\" role=\"listitem\">\n\t\t\t\t\t<a class=\"elementor-icon elementor-social-icon elementor-social-icon-x-twitter elementor-repeater-item-971990c\" href=\"https:\/\/x.com\/BenjaminFogel\" target=\"_blank\">\n\t\t\t\t\t\t<span class=\"elementor-screen-only\">X-twitter<\/span>\n\t\t\t\t\t\t<i aria-hidden=\"true\" class=\"fab fa-x-twitter\"><\/i>\t\t\t\t\t<\/a>\n\t\t\t\t<\/span>\n\t\t\t\t\t<\/div>\n\t\t\t\t\t\t<\/div>\n\t\t\t\t<\/div>\n\t\t\t\t<\/div>\n\t\t<div class=\"elementor-element elementor-element-038ae12 e-con-full e-flex e-con e-child\" data-id=\"038ae12\" data-element_type=\"container\" data-e-type=\"container\" data-settings=\"{&quot;background_background&quot;:&quot;classic&quot;,&quot;jet_parallax_layout_list&quot;:[]}\">\n\t\t\t\t<div class=\"elementor-element elementor-element-40ddb70 elementor-widget elementor-widget-image\" data-id=\"40ddb70\" data-element_type=\"widget\" data-e-type=\"widget\" data-widget_type=\"image.default\">\n\t\t\t\t<div class=\"elementor-widget-container\">\n\t\t\t\t\t\t\t\t\t\t\t\t\t\t\t<img fetchpriority=\"high\" decoding=\"async\" width=\"448\" height=\"449\" src=\"https:\/\/alameda.institute\/wp-content\/smush-webp\/2023\/04\/Benjamin-Fogel-2-e1682585856299.jpg.webp\" class=\"attachment-1536x1536 size-1536x1536 wp-image-1525\" alt=\"\" srcset=\"https:\/\/alameda.institute\/wp-content\/smush-webp\/2023\/04\/Benjamin-Fogel-2-e1682585856299.jpg.webp 448w, https:\/\/alameda.institute\/wp-content\/smush-webp\/2023\/04\/Benjamin-Fogel-2-e1682585856299-300x300.jpg.webp 300w, https:\/\/alameda.institute\/wp-content\/smush-webp\/2023\/04\/Benjamin-Fogel-2-e1682585856299-150x150.jpg.webp 150w, https:\/\/alameda.institute\/wp-content\/smush-webp\/2023\/04\/Benjamin-Fogel-2-e1682585856299-230x230.jpg.webp 230w, https:\/\/alameda.institute\/wp-content\/smush-webp\/2023\/04\/Benjamin-Fogel-2-e1682585856299-400x400.jpg.webp 400w\" sizes=\"(max-width: 448px) 100vw, 448px\" \/>\t\t\t\t\t\t\t\t\t\t\t\t\t\t\t<\/div>\n\t\t\t\t<\/div>\n\t\t\t\t<div class=\"elementor-element elementor-element-808c838 elementor-widget elementor-widget-spacer\" data-id=\"808c838\" data-element_type=\"widget\" data-e-type=\"widget\" data-widget_type=\"spacer.default\">\n\t\t\t\t<div class=\"elementor-widget-container\">\n\t\t\t\t\t\t\t<div class=\"elementor-spacer\">\n\t\t\t<div class=\"elementor-spacer-inner\"><\/div>\n\t\t<\/div>\n\t\t\t\t\t\t<\/div>\n\t\t\t\t<\/div>\n\t\t\t\t<\/div>\n\t\t\t\t<\/div>\n\t\t\t\t<\/div>\n\t\t\t\t\t<\/div>\n\t\t\t\t<\/div>\n\t\t<div class=\"elementor-element elementor-element-1f54c5b e-flex e-con-boxed e-con e-parent\" data-id=\"1f54c5b\" data-element_type=\"container\" data-e-type=\"container\" data-settings=\"{&quot;jet_parallax_layout_list&quot;:[]}\">\n\t\t\t\t\t<div class=\"e-con-inner\">\n\t\t\t\t<div class=\"elementor-element elementor-element-74cf49c elementor-widget elementor-widget-text-editor\" data-id=\"74cf49c\" data-element_type=\"widget\" data-e-type=\"widget\" data-widget_type=\"text-editor.default\">\n\t\t\t\t<div class=\"elementor-widget-container\">\n\t\t\t\t\t\t\t\t\t<p><a href=\"https:\/\/alameda.institute\/pt\/pessoas\/\" target=\"_blank\" rel=\"noopener\">Voltar para a p\u00e1gina do People<\/a><\/p>\t\t\t\t\t\t\t\t<\/div>\n\t\t\t\t<\/div>\n\t\t\t\t\t<\/div>\n\t\t\t\t<\/div>\n\t\t\t\t<\/div>","protected":false},"excerpt":{"rendered":"<p>Benjamin Fogel HEAD OF PUBLISHING\u00a0 Dr. Benjamin Fogel is a historian, editor, and journalist born and raised in the Republic of South Africa. His work has been published in leading outlets such as the Guardian, the Nation, the New Statesman and the Baffler, as well as the South African press. He is also a contributing [&hellip;]<\/p>\n","protected":false},"author":26,"featured_media":0,"parent":0,"menu_order":0,"comment_status":"closed","ping_status":"closed","template":"","meta":{"footnotes":""},"class_list":["post-24994","page","type-page","status-publish","hentry"],"_links":{"self":[{"href":"https:\/\/alameda.institute\/pt\/wp-json\/wp\/v2\/pages\/24994","targetHints":{"allow":["GET"]}}],"collection":[{"href":"https:\/\/alameda.institute\/pt\/wp-json\/wp\/v2\/pages"}],"about":[{"href":"https:\/\/alameda.institute\/pt\/wp-json\/wp\/v2\/types\/page"}],"author":[{"embeddable":true,"href":"https:\/\/alameda.institute\/pt\/wp-json\/wp\/v2\/users\/26"}],"replies":[{"embeddable":true,"href":"https:\/\/alameda.institute\/pt\/wp-json\/wp\/v2\/comments?post=24994"}],"version-history":[{"count":0,"href":"https:\/\/alameda.institute\/pt\/wp-json\/wp\/v2\/pages\/24994\/revisions"}],"wp:attachment":[{"href":"https:\/\/alameda.institute\/pt\/wp-json\/wp\/v2\/media?parent=24994"}],"curies":[{"name":"wp","href":"https:\/\/api.w.org\/{rel}","templated":true}]}}