{"id":24999,"date":"2026-01-01T20:39:54","date_gmt":"2026-01-01T20:39:54","guid":{"rendered":"https:\/\/royalblue-hornet-859388.hostingersite.com\/?page_id=17733"},"modified":"2026-04-27T22:21:54","modified_gmt":"2026-04-27T22:21:54","slug":"paolo-gerbaudo","status":"publish","type":"page","link":"https:\/\/alameda.institute\/pt\/paolo-gerbaudo\/","title":{"rendered":"Paolo Gerbaudo"},"content":{"rendered":"<div data-elementor-type=\"wp-page\" data-elementor-id=\"24999\" class=\"elementor elementor-24999\" data-elementor-post-type=\"page\">\n\t\t\t\t<div class=\"elementor-element elementor-element-0e23d4b elementor-hidden-tablet elementor-hidden-mobile e-flex e-con-boxed e-con e-parent\" data-id=\"0e23d4b\" data-element_type=\"container\" data-e-type=\"container\" data-settings=\"{&quot;jet_parallax_layout_list&quot;:[]}\">\n\t\t\t\t\t<div class=\"e-con-inner\">\n\t\t<div class=\"elementor-element elementor-element-4d86373 e-con-full e-flex e-con e-child\" data-id=\"4d86373\" data-element_type=\"container\" data-e-type=\"container\" data-settings=\"{&quot;jet_parallax_layout_list&quot;:[]}\">\n\t\t<div class=\"elementor-element elementor-element-2e4c06b e-con-full e-flex e-con e-child\" data-id=\"2e4c06b\" data-element_type=\"container\" data-e-type=\"container\" data-settings=\"{&quot;jet_parallax_layout_list&quot;:[]}\">\n\t\t\t\t<\/div>\n\t\t<div class=\"elementor-element elementor-element-8d022d1 e-con-full e-flex e-con e-child\" data-id=\"8d022d1\" data-element_type=\"container\" data-e-type=\"container\" data-settings=\"{&quot;background_background&quot;:&quot;classic&quot;,&quot;jet_parallax_layout_list&quot;:[]}\">\n\t\t<div class=\"elementor-element elementor-element-9d19d8a e-con-full e-flex e-con e-child\" data-id=\"9d19d8a\" data-element_type=\"container\" data-e-type=\"container\" data-settings=\"{&quot;jet_parallax_layout_list&quot;:[]}\">\n\t\t\t\t<div class=\"elementor-element elementor-element-52bbba8 elementor-widget__width-inherit elementor-widget elementor-widget-jet-headline\" data-id=\"52bbba8\" data-element_type=\"widget\" data-e-type=\"widget\" data-widget_type=\"jet-headline.default\">\n\t\t\t\t<div class=\"elementor-widget-container\">\n\t\t\t\t\t<h2 class=\"jet-headline jet-headline--direction-vertical\"><span class=\"jet-headline__part jet-headline__first\"><span class=\"jet-headline__label\">Paolo Gerbaudo<\/span><\/span><\/h2>\t\t\t\t<\/div>\n\t\t\t\t<\/div>\n\t\t\t\t<div class=\"elementor-element elementor-element-fd05599 elementor-widget-divider--view-line elementor-widget elementor-widget-divider\" data-id=\"fd05599\" data-element_type=\"widget\" data-e-type=\"widget\" data-widget_type=\"divider.default\">\n\t\t\t\t<div class=\"elementor-widget-container\">\n\t\t\t\t\t\t\t<div class=\"elementor-divider\">\n\t\t\t<span class=\"elementor-divider-separator\">\n\t\t\t\t\t\t<\/span>\n\t\t<\/div>\n\t\t\t\t\t\t<\/div>\n\t\t\t\t<\/div>\n\t\t\t\t<div class=\"elementor-element elementor-element-9131186 elementor-widget elementor-widget-text-editor\" data-id=\"9131186\" data-element_type=\"widget\" data-e-type=\"widget\" data-widget_type=\"text-editor.default\">\n\t\t\t\t<div class=\"elementor-widget-container\">\n\t\t\t\t\t\t\t\t\t<p>PESQUISADOR S\u00caNIOR<\/p>\t\t\t\t\t\t\t\t<\/div>\n\t\t\t\t<\/div>\n\t\t\t\t<div class=\"elementor-element elementor-element-c1d6b81 elementor-widget-mobile__width-initial elementor-widget__width-initial elementor-widget elementor-widget-text-editor\" data-id=\"c1d6b81\" data-element_type=\"widget\" data-e-type=\"widget\" data-widget_type=\"text-editor.default\">\n\t\t\t\t<div class=\"elementor-widget-container\">\n\t\t\t\t\t\t\t\t\t<p><span style=\"font-weight: 400;\">Paolo Gerbaudo \u00e9 Pesquisador S\u00eanior do Instituto Alameda e Pesquisador S\u00eanior da Universidade Complutense de Madri com uma bolsa Talento Investigador. Anteriormente, foi leitor de Pol\u00edtica Digital no King's College London, onde fundou o Centre for Digital Culture, e bolsista Marie Curie na Scuola Normale Superiore, em Floren\u00e7a, e na Fudan University, em Xangai. Seus interesses de pesquisa se concentram na transforma\u00e7\u00e3o da pol\u00edtica na era digital. Ele \u00e9 autor de Tweets and the Streets: Social Media and Contemporary Activism (2012), The Mask and the Flag: Populism, Citizenism and Global Protest (2017), The Digital Party: Political Organisation and Online Democracy (2019) e The Great Recoil: Politics After Populism and Pandemic (Pol\u00edtica ap\u00f3s o populismo e a pandemia) (2021). Atualmente, ele est\u00e1 trabalhando na natureza mut\u00e1vel do Estado e na geopol\u00edtica da tecnologia.<\/span><\/p>\t\t\t\t\t\t\t\t<\/div>\n\t\t\t\t<\/div>\n\t\t\t\t<div class=\"elementor-element elementor-element-91b4705 elementor-shape-circle e-grid-align-left elementor-widget__width-inherit elementor-grid-0 elementor-widget elementor-widget-social-icons\" data-id=\"91b4705\" data-element_type=\"widget\" data-e-type=\"widget\" data-widget_type=\"social-icons.default\">\n\t\t\t\t<div class=\"elementor-widget-container\">\n\t\t\t\t\t\t\t<div class=\"elementor-social-icons-wrapper elementor-grid\" role=\"list\">\n\t\t\t\t\t\t\t<span class=\"elementor-grid-item\" role=\"listitem\">\n\t\t\t\t\t<a class=\"elementor-icon elementor-social-icon elementor-social-icon-linkedin elementor-repeater-item-5ae6430\" href=\"https:\/\/www.linkedin.com\/in\/paolo-gerbaudo-1b683a1a\/\" target=\"_blank\">\n\t\t\t\t\t\t<span class=\"elementor-screen-only\">Linkedin<\/span>\n\t\t\t\t\t\t<i aria-hidden=\"true\" class=\"fab fa-linkedin\"><\/i>\t\t\t\t\t<\/a>\n\t\t\t\t<\/span>\n\t\t\t\t\t\t\t<span class=\"elementor-grid-item\" role=\"listitem\">\n\t\t\t\t\t<a class=\"elementor-icon elementor-social-icon elementor-social-icon-icon-bluesky_2D3040 elementor-repeater-item-1fb5130\" href=\"https:\/\/blueskydirectory.com\/profiles\/paologerbaudo.bsky.social\" target=\"_blank\">\n\t\t\t\t\t\t<span class=\"elementor-screen-only\">\u00cdcone-bluesky_2D3040<\/span>\n\t\t\t\t\t\t<i aria-hidden=\"true\" class=\"icon icon-bluesky_2D3040\"><\/i>\t\t\t\t\t<\/a>\n\t\t\t\t<\/span>\n\t\t\t\t\t\t\t<span class=\"elementor-grid-item\" role=\"listitem\">\n\t\t\t\t\t<a class=\"elementor-icon elementor-social-icon elementor-social-icon-newspaper elementor-repeater-item-d6837ef\" href=\"https:\/\/scholar.google.com\/citations?user=J9Hr1QsAAAAJ&#038;hl=en%20\" target=\"_blank\">\n\t\t\t\t\t\t<span class=\"elementor-screen-only\">Jornal<\/span>\n\t\t\t\t\t\t<i aria-hidden=\"true\" class=\"far fa-newspaper\"><\/i>\t\t\t\t\t<\/a>\n\t\t\t\t<\/span>\n\t\t\t\t\t\t\t<span class=\"elementor-grid-item\" role=\"listitem\">\n\t\t\t\t\t<a class=\"elementor-icon elementor-social-icon elementor-social-icon-x-twitter elementor-repeater-item-971990c\" href=\"https:\/\/x.com\/paologerbaudo\" target=\"_blank\">\n\t\t\t\t\t\t<span class=\"elementor-screen-only\">X-twitter<\/span>\n\t\t\t\t\t\t<i aria-hidden=\"true\" class=\"fab fa-x-twitter\"><\/i>\t\t\t\t\t<\/a>\n\t\t\t\t<\/span>\n\t\t\t\t\t<\/div>\n\t\t\t\t\t\t<\/div>\n\t\t\t\t<\/div>\n\t\t\t\t<\/div>\n\t\t<div class=\"elementor-element elementor-element-038ae12 e-con-full e-flex e-con e-child\" data-id=\"038ae12\" data-element_type=\"container\" data-e-type=\"container\" data-settings=\"{&quot;background_background&quot;:&quot;classic&quot;,&quot;jet_parallax_layout_list&quot;:[]}\">\n\t\t\t\t<div class=\"elementor-element elementor-element-40ddb70 elementor-widget elementor-widget-image\" data-id=\"40ddb70\" data-element_type=\"widget\" data-e-type=\"widget\" data-widget_type=\"image.default\">\n\t\t\t\t<div class=\"elementor-widget-container\">\n\t\t\t\t\t\t\t\t\t\t\t\t\t\t\t<img fetchpriority=\"high\" decoding=\"async\" width=\"750\" height=\"750\" src=\"https:\/\/alameda.institute\/wp-content\/smush-webp\/2023\/04\/Paolo-Gerbaudo-Alameda-Institute-Associate.png.webp\" class=\"attachment-1536x1536 size-1536x1536 wp-image-1387\" alt=\"\" srcset=\"https:\/\/alameda.institute\/wp-content\/smush-webp\/2023\/04\/Paolo-Gerbaudo-Alameda-Institute-Associate.png.webp 750w, https:\/\/alameda.institute\/wp-content\/smush-webp\/2023\/04\/Paolo-Gerbaudo-Alameda-Institute-Associate-300x300.png.webp 300w, https:\/\/alameda.institute\/wp-content\/smush-webp\/2023\/04\/Paolo-Gerbaudo-Alameda-Institute-Associate-150x150.png.webp 150w, https:\/\/alameda.institute\/wp-content\/smush-webp\/2023\/04\/Paolo-Gerbaudo-Alameda-Institute-Associate-230x230.png.webp 230w, https:\/\/alameda.institute\/wp-content\/smush-webp\/2023\/04\/Paolo-Gerbaudo-Alameda-Institute-Associate-400x400.png.webp 400w, https:\/\/alameda.institute\/wp-content\/smush-webp\/2023\/04\/Paolo-Gerbaudo-Alameda-Institute-Associate-600x600.png.webp 600w, https:\/\/alameda.institute\/wp-content\/smush-webp\/2023\/04\/Paolo-Gerbaudo-Alameda-Institute-Associate-640x640.png.webp 640w\" sizes=\"(max-width: 750px) 100vw, 750px\" \/>\t\t\t\t\t\t\t\t\t\t\t\t\t\t\t<\/div>\n\t\t\t\t<\/div>\n\t\t\t\t<div class=\"elementor-element elementor-element-808c838 elementor-widget elementor-widget-spacer\" data-id=\"808c838\" data-element_type=\"widget\" data-e-type=\"widget\" data-widget_type=\"spacer.default\">\n\t\t\t\t<div class=\"elementor-widget-container\">\n\t\t\t\t\t\t\t<div class=\"elementor-spacer\">\n\t\t\t<div class=\"elementor-spacer-inner\"><\/div>\n\t\t<\/div>\n\t\t\t\t\t\t<\/div>\n\t\t\t\t<\/div>\n\t\t\t\t<\/div>\n\t\t\t\t<\/div>\n\t\t\t\t<\/div>\n\t\t\t\t\t<\/div>\n\t\t\t\t<\/div>\n\t\t<div class=\"elementor-element elementor-element-315da81 elementor-hidden-desktop elementor-hidden-tablet e-flex e-con-boxed e-con e-parent\" data-id=\"315da81\" data-element_type=\"container\" data-e-type=\"container\" data-settings=\"{&quot;jet_parallax_layout_list&quot;:[]}\">\n\t\t\t\t\t<div class=\"e-con-inner\">\n\t\t<div class=\"elementor-element elementor-element-1997be0 e-con-full e-flex e-con e-child\" data-id=\"1997be0\" data-element_type=\"container\" data-e-type=\"container\" data-settings=\"{&quot;jet_parallax_layout_list&quot;:[]}\">\n\t\t<div class=\"elementor-element elementor-element-cfb8e7a e-con-full e-flex e-con e-child\" data-id=\"cfb8e7a\" data-element_type=\"container\" data-e-type=\"container\" data-settings=\"{&quot;jet_parallax_layout_list&quot;:[]}\">\n\t\t\t\t<\/div>\n\t\t<div class=\"elementor-element elementor-element-5ef6e66 e-con-full e-flex e-con e-child\" data-id=\"5ef6e66\" data-element_type=\"container\" data-e-type=\"container\" data-settings=\"{&quot;background_background&quot;:&quot;classic&quot;,&quot;jet_parallax_layout_list&quot;:[]}\">\n\t\t<div class=\"elementor-element elementor-element-b670cdb e-con-full e-flex e-con e-child\" data-id=\"b670cdb\" data-element_type=\"container\" data-e-type=\"container\" data-settings=\"{&quot;jet_parallax_layout_list&quot;:[]}\">\n\t\t\t\t<div class=\"elementor-element elementor-element-2c7a6a5 elementor-widget__width-inherit elementor-widget elementor-widget-jet-headline\" data-id=\"2c7a6a5\" data-element_type=\"widget\" data-e-type=\"widget\" data-widget_type=\"jet-headline.default\">\n\t\t\t\t<div class=\"elementor-widget-container\">\n\t\t\t\t\t<h2 class=\"jet-headline jet-headline--direction-vertical\"><span class=\"jet-headline__part jet-headline__first\"><span class=\"jet-headline__label\">Paolo Gerbaudo<\/span><\/span><\/h2>\t\t\t\t<\/div>\n\t\t\t\t<\/div>\n\t\t\t\t<div class=\"elementor-element elementor-element-612bb05 elementor-widget-divider--view-line elementor-widget elementor-widget-divider\" data-id=\"612bb05\" data-element_type=\"widget\" data-e-type=\"widget\" data-widget_type=\"divider.default\">\n\t\t\t\t<div class=\"elementor-widget-container\">\n\t\t\t\t\t\t\t<div class=\"elementor-divider\">\n\t\t\t<span class=\"elementor-divider-separator\">\n\t\t\t\t\t\t<\/span>\n\t\t<\/div>\n\t\t\t\t\t\t<\/div>\n\t\t\t\t<\/div>\n\t\t\t\t<div class=\"elementor-element elementor-element-361e520 elementor-widget elementor-widget-text-editor\" data-id=\"361e520\" data-element_type=\"widget\" data-e-type=\"widget\" data-widget_type=\"text-editor.default\">\n\t\t\t\t<div class=\"elementor-widget-container\">\n\t\t\t\t\t\t\t\t\t<p>PESQUISADOR S\u00caNIOR<\/p>\t\t\t\t\t\t\t\t<\/div>\n\t\t\t\t<\/div>\n\t\t\t\t<div class=\"elementor-element elementor-element-aa95a9a elementor-widget-mobile__width-initial elementor-widget__width-initial elementor-widget elementor-widget-text-editor\" data-id=\"aa95a9a\" data-element_type=\"widget\" data-e-type=\"widget\" data-widget_type=\"text-editor.default\">\n\t\t\t\t<div class=\"elementor-widget-container\">\n\t\t\t\t\t\t\t\t\t<p><span style=\"font-weight: 400;\">Paolo Gerbaudo \u00e9 Pesquisador S\u00eanior do Instituto Alameda e Pesquisador S\u00eanior da Universidade Complutense de Madri com uma bolsa Talento Investigador. Anteriormente, foi leitor de Pol\u00edtica Digital no King's College London, onde fundou o Centre for Digital Culture, e bolsista Marie Curie na Scuola Normale Superiore, em Floren\u00e7a, e na Fudan University, em Xangai. Seus interesses de pesquisa se concentram na transforma\u00e7\u00e3o da pol\u00edtica na era digital. Ele \u00e9 autor de Tweets and the Streets: Social Media and Contemporary Activism (2012), The Mask and the Flag: Populism, Citizenism and Global Protest (2017), The Digital Party: Political Organisation and Online Democracy (2019) e The Great Recoil: Politics After Populism and Pandemic (Pol\u00edtica ap\u00f3s o populismo e a pandemia) (2021). Atualmente, ele est\u00e1 trabalhando na natureza mut\u00e1vel do Estado e na geopol\u00edtica da tecnologia.<\/span><\/p>\t\t\t\t\t\t\t\t<\/div>\n\t\t\t\t<\/div>\n\t\t\t\t<div class=\"elementor-element elementor-element-cb78543 elementor-widget elementor-widget-image\" data-id=\"cb78543\" data-element_type=\"widget\" data-e-type=\"widget\" data-widget_type=\"image.default\">\n\t\t\t\t<div class=\"elementor-widget-container\">\n\t\t\t\t\t\t\t\t\t\t\t\t\t\t\t<img fetchpriority=\"high\" decoding=\"async\" width=\"750\" height=\"750\" src=\"https:\/\/alameda.institute\/wp-content\/smush-webp\/2023\/04\/Paolo-Gerbaudo-Alameda-Institute-Associate.png.webp\" class=\"attachment-1536x1536 size-1536x1536 wp-image-1387\" alt=\"\" srcset=\"https:\/\/alameda.institute\/wp-content\/smush-webp\/2023\/04\/Paolo-Gerbaudo-Alameda-Institute-Associate.png.webp 750w, https:\/\/alameda.institute\/wp-content\/smush-webp\/2023\/04\/Paolo-Gerbaudo-Alameda-Institute-Associate-300x300.png.webp 300w, https:\/\/alameda.institute\/wp-content\/smush-webp\/2023\/04\/Paolo-Gerbaudo-Alameda-Institute-Associate-150x150.png.webp 150w, https:\/\/alameda.institute\/wp-content\/smush-webp\/2023\/04\/Paolo-Gerbaudo-Alameda-Institute-Associate-230x230.png.webp 230w, https:\/\/alameda.institute\/wp-content\/smush-webp\/2023\/04\/Paolo-Gerbaudo-Alameda-Institute-Associate-400x400.png.webp 400w, https:\/\/alameda.institute\/wp-content\/smush-webp\/2023\/04\/Paolo-Gerbaudo-Alameda-Institute-Associate-600x600.png.webp 600w, https:\/\/alameda.institute\/wp-content\/smush-webp\/2023\/04\/Paolo-Gerbaudo-Alameda-Institute-Associate-640x640.png.webp 640w\" sizes=\"(max-width: 750px) 100vw, 750px\" \/>\t\t\t\t\t\t\t\t\t\t\t\t\t\t\t<\/div>\n\t\t\t\t<\/div>\n\t\t\t\t<div class=\"elementor-element elementor-element-98c2085 elementor-shape-circle e-grid-align-left elementor-widget__width-inherit e-grid-align-mobile-center elementor-grid-0 elementor-widget elementor-widget-social-icons\" data-id=\"98c2085\" data-element_type=\"widget\" data-e-type=\"widget\" data-widget_type=\"social-icons.default\">\n\t\t\t\t<div class=\"elementor-widget-container\">\n\t\t\t\t\t\t\t<div class=\"elementor-social-icons-wrapper elementor-grid\" role=\"list\">\n\t\t\t\t\t\t\t<span class=\"elementor-grid-item\" role=\"listitem\">\n\t\t\t\t\t<a class=\"elementor-icon elementor-social-icon elementor-social-icon-linkedin elementor-repeater-item-5ae6430\" href=\"https:\/\/www.linkedin.com\/in\/paolo-gerbaudo-1b683a1a\/\" target=\"_blank\">\n\t\t\t\t\t\t<span class=\"elementor-screen-only\">Linkedin<\/span>\n\t\t\t\t\t\t<i aria-hidden=\"true\" class=\"fab fa-linkedin\"><\/i>\t\t\t\t\t<\/a>\n\t\t\t\t<\/span>\n\t\t\t\t\t\t\t<span class=\"elementor-grid-item\" role=\"listitem\">\n\t\t\t\t\t<a class=\"elementor-icon elementor-social-icon elementor-social-icon-icon-bluesky_2D3040 elementor-repeater-item-1fb5130\" href=\"https:\/\/blueskydirectory.com\/profiles\/paologerbaudo.bsky.social\" target=\"_blank\">\n\t\t\t\t\t\t<span class=\"elementor-screen-only\">\u00cdcone-bluesky_2D3040<\/span>\n\t\t\t\t\t\t<i aria-hidden=\"true\" class=\"icon icon-bluesky_2D3040\"><\/i>\t\t\t\t\t<\/a>\n\t\t\t\t<\/span>\n\t\t\t\t\t\t\t<span class=\"elementor-grid-item\" role=\"listitem\">\n\t\t\t\t\t<a class=\"elementor-icon elementor-social-icon elementor-social-icon-newspaper elementor-repeater-item-d6837ef\" href=\"https:\/\/scholar.google.com\/citations?user=J9Hr1QsAAAAJ&#038;hl=en%20\" target=\"_blank\">\n\t\t\t\t\t\t<span class=\"elementor-screen-only\">Jornal<\/span>\n\t\t\t\t\t\t<i aria-hidden=\"true\" class=\"far fa-newspaper\"><\/i>\t\t\t\t\t<\/a>\n\t\t\t\t<\/span>\n\t\t\t\t\t\t\t<span class=\"elementor-grid-item\" role=\"listitem\">\n\t\t\t\t\t<a class=\"elementor-icon elementor-social-icon elementor-social-icon-x-twitter elementor-repeater-item-971990c\" href=\"https:\/\/x.com\/paologerbaudo\" target=\"_blank\">\n\t\t\t\t\t\t<span class=\"elementor-screen-only\">X-twitter<\/span>\n\t\t\t\t\t\t<i aria-hidden=\"true\" class=\"fab fa-x-twitter\"><\/i>\t\t\t\t\t<\/a>\n\t\t\t\t<\/span>\n\t\t\t\t\t<\/div>\n\t\t\t\t\t\t<\/div>\n\t\t\t\t<\/div>\n\t\t\t\t<\/div>\n\t\t<div class=\"elementor-element elementor-element-842c933 e-con-full e-flex e-con e-child\" data-id=\"842c933\" data-element_type=\"container\" data-e-type=\"container\" data-settings=\"{&quot;background_background&quot;:&quot;classic&quot;,&quot;jet_parallax_layout_list&quot;:[]}\">\n\t\t\t\t<div class=\"elementor-element elementor-element-36b01fe elementor-widget elementor-widget-spacer\" data-id=\"36b01fe\" data-element_type=\"widget\" data-e-type=\"widget\" data-widget_type=\"spacer.default\">\n\t\t\t\t<div class=\"elementor-widget-container\">\n\t\t\t\t\t\t\t<div class=\"elementor-spacer\">\n\t\t\t<div class=\"elementor-spacer-inner\"><\/div>\n\t\t<\/div>\n\t\t\t\t\t\t<\/div>\n\t\t\t\t<\/div>\n\t\t\t\t<\/div>\n\t\t\t\t<\/div>\n\t\t\t\t<\/div>\n\t\t\t\t\t<\/div>\n\t\t\t\t<\/div>\n\t\t<div class=\"elementor-element elementor-element-4e136dd e-flex e-con-boxed e-con e-parent\" data-id=\"4e136dd\" data-element_type=\"container\" data-e-type=\"container\" data-settings=\"{&quot;jet_parallax_layout_list&quot;:[]}\">\n\t\t\t\t\t<div class=\"e-con-inner\">\n\t\t\t\t<div class=\"elementor-element elementor-element-01691a2 elementor-widget elementor-widget-text-editor\" data-id=\"01691a2\" data-element_type=\"widget\" data-e-type=\"widget\" data-widget_type=\"text-editor.default\">\n\t\t\t\t<div class=\"elementor-widget-container\">\n\t\t\t\t\t\t\t\t\t<p><a href=\"https:\/\/alameda.institute\/people\/\" target=\"_blank\" rel=\"noopener\">Voltar para a p\u00e1gina do People<\/a><\/p>\t\t\t\t\t\t\t\t<\/div>\n\t\t\t\t<\/div>\n\t\t\t\t\t<\/div>\n\t\t\t\t<\/div>\n\t\t\t\t<\/div>","protected":false},"excerpt":{"rendered":"<p>Paolo Gerbaudo SENIOR RESEARCHER Paolo Gerbaudo is a Alameda institute Senior Researcher and Senior Researcher at Complutense University in Madrid with a Talento Investigador grant. He was previously a Reader in Digital Politics at King\u2019s College London where he founded the Centre for Digital Culture and a Marie Curie Fellow at Scuola Normale Superiore in [&hellip;]<\/p>\n","protected":false},"author":26,"featured_media":0,"parent":0,"menu_order":0,"comment_status":"closed","ping_status":"closed","template":"","meta":{"footnotes":""},"class_list":["post-24999","page","type-page","status-publish","hentry"],"_links":{"self":[{"href":"https:\/\/alameda.institute\/pt\/wp-json\/wp\/v2\/pages\/24999","targetHints":{"allow":["GET"]}}],"collection":[{"href":"https:\/\/alameda.institute\/pt\/wp-json\/wp\/v2\/pages"}],"about":[{"href":"https:\/\/alameda.institute\/pt\/wp-json\/wp\/v2\/types\/page"}],"author":[{"embeddable":true,"href":"https:\/\/alameda.institute\/pt\/wp-json\/wp\/v2\/users\/26"}],"replies":[{"embeddable":true,"href":"https:\/\/alameda.institute\/pt\/wp-json\/wp\/v2\/comments?post=24999"}],"version-history":[{"count":18,"href":"https:\/\/alameda.institute\/pt\/wp-json\/wp\/v2\/pages\/24999\/revisions"}],"predecessor-version":[{"id":29878,"href":"https:\/\/alameda.institute\/pt\/wp-json\/wp\/v2\/pages\/24999\/revisions\/29878"}],"wp:attachment":[{"href":"https:\/\/alameda.institute\/pt\/wp-json\/wp\/v2\/media?parent=24999"}],"curies":[{"name":"wp","href":"https:\/\/api.w.org\/{rel}","templated":true}]}}