{"id":25001,"date":"2026-01-01T20:52:15","date_gmt":"2026-01-01T20:52:15","guid":{"rendered":"https:\/\/royalblue-hornet-859388.hostingersite.com\/?page_id=17740"},"modified":"2026-04-27T22:24:25","modified_gmt":"2026-04-27T22:24:25","slug":"alex-niven","status":"publish","type":"page","link":"https:\/\/alameda.institute\/pt\/alex-niven\/","title":{"rendered":"Alex Niven"},"content":{"rendered":"<div data-elementor-type=\"wp-page\" data-elementor-id=\"25001\" class=\"elementor elementor-25001\" data-elementor-post-type=\"page\">\n\t\t\t\t<div class=\"elementor-element elementor-element-e6a0a6f elementor-hidden-mobile e-flex e-con-boxed e-con e-parent\" data-id=\"e6a0a6f\" data-element_type=\"container\" data-e-type=\"container\" data-settings=\"{&quot;jet_parallax_layout_list&quot;:[]}\">\n\t\t\t\t\t<div class=\"e-con-inner\">\n\t\t<div class=\"elementor-element elementor-element-40f36ed e-con-full e-flex e-con e-child\" data-id=\"40f36ed\" data-element_type=\"container\" data-e-type=\"container\" data-settings=\"{&quot;jet_parallax_layout_list&quot;:[]}\">\n\t\t<div class=\"elementor-element elementor-element-24f4666 e-con-full elementor-hidden-mobile e-flex e-con e-child\" data-id=\"24f4666\" data-element_type=\"container\" data-e-type=\"container\" data-settings=\"{&quot;jet_parallax_layout_list&quot;:[]}\">\n\t\t\t\t<\/div>\n\t\t<div class=\"elementor-element elementor-element-1d5644f e-con-full e-flex e-con e-child\" data-id=\"1d5644f\" data-element_type=\"container\" data-e-type=\"container\" data-settings=\"{&quot;background_background&quot;:&quot;classic&quot;,&quot;jet_parallax_layout_list&quot;:[]}\">\n\t\t<div class=\"elementor-element elementor-element-f7e5040 e-con-full e-flex e-con e-child\" data-id=\"f7e5040\" data-element_type=\"container\" data-e-type=\"container\" data-settings=\"{&quot;jet_parallax_layout_list&quot;:[]}\">\n\t\t\t\t<div class=\"elementor-element elementor-element-debb431 elementor-widget__width-inherit elementor-widget elementor-widget-jet-headline\" data-id=\"debb431\" data-element_type=\"widget\" data-e-type=\"widget\" data-widget_type=\"jet-headline.default\">\n\t\t\t\t<div class=\"elementor-widget-container\">\n\t\t\t\t\t<h2 class=\"jet-headline jet-headline--direction-vertical\"><span class=\"jet-headline__part jet-headline__first\"><span class=\"jet-headline__label\">Alex Niven<\/span><\/span><\/h2>\t\t\t\t<\/div>\n\t\t\t\t<\/div>\n\t\t\t\t<div class=\"elementor-element elementor-element-c7c36bb elementor-widget-divider--view-line elementor-widget elementor-widget-divider\" data-id=\"c7c36bb\" data-element_type=\"widget\" data-e-type=\"widget\" data-widget_type=\"divider.default\">\n\t\t\t\t<div class=\"elementor-widget-container\">\n\t\t\t\t\t\t\t<div class=\"elementor-divider\">\n\t\t\t<span class=\"elementor-divider-separator\">\n\t\t\t\t\t\t<\/span>\n\t\t<\/div>\n\t\t\t\t\t\t<\/div>\n\t\t\t\t<\/div>\n\t\t\t\t<div class=\"elementor-element elementor-element-0d3fdb3 elementor-widget elementor-widget-text-editor\" data-id=\"0d3fdb3\" data-element_type=\"widget\" data-e-type=\"widget\" data-widget_type=\"text-editor.default\">\n\t\t\t\t<div class=\"elementor-widget-container\">\n\t\t\t\t\t\t\t\t\t<p>EDITOR E ASSESSOR DE IMPRENSA<\/p>\t\t\t\t\t\t\t\t<\/div>\n\t\t\t\t<\/div>\n\t\t\t\t<div class=\"elementor-element elementor-element-9725daa elementor-widget-mobile__width-initial elementor-widget__width-initial elementor-widget elementor-widget-text-editor\" data-id=\"9725daa\" data-element_type=\"widget\" data-e-type=\"widget\" data-widget_type=\"text-editor.default\">\n\t\t\t\t<div class=\"elementor-widget-container\">\n\t\t\t\t\t\t\t\t\t<p><span style=\"font-weight: 400;\">Alex Niven \u00e9 um editor e escritor de Newcastle upon Tyne. Fez doutorado na Universidade de Oxford sobre poesia modernista e \u00e9 autor de livros como <\/span><i><span style=\"font-weight: 400;\">Oposi\u00e7\u00e3o popular<\/span><\/i><span style=\"font-weight: 400;\">,<\/span><i><span style=\"font-weight: 400;\"> Definitely Maybe 33 1\/3<\/span><\/i><span style=\"font-weight: 400;\"> e <\/span><i><span style=\"font-weight: 400;\">Novo modelo de ilha<\/span><\/i><span style=\"font-weight: 400;\">, al\u00e9m de artigos para publica\u00e7\u00f5es como <\/span><i><span style=\"font-weight: 400;\">The Guardian, The New York Times, New Statesman, New Left Review <\/span><\/i><span style=\"font-weight: 400;\">e<\/span><i><span style=\"font-weight: 400;\"> Pitchfork<\/span><\/i><span style=\"font-weight: 400;\">. Ele foi cofundador da editora Repeater Books e da banda pop Everything Everything, e seu livro <\/span><i><span style=\"font-weight: 400;\">O Norte se erguer\u00e1 novamente<\/span><\/i><span style=\"font-weight: 400;\"> inspirou o nome da equipe vencedora da primeira Copa do Mundo de coleta de lixo em 2023.<\/span><\/p>\t\t\t\t\t\t\t\t<\/div>\n\t\t\t\t<\/div>\n\t\t\t\t<div class=\"elementor-element elementor-element-fd68f84 elementor-widget-mobile__width-initial elementor-widget__width-initial elementor-widget elementor-widget-text-editor\" data-id=\"fd68f84\" data-element_type=\"widget\" data-e-type=\"widget\" data-widget_type=\"text-editor.default\">\n\t\t\t\t<div class=\"elementor-widget-container\">\n\t\t\t\t\t\t\t\t\t<p><span style=\"font-weight: 400;\">Para obter informa\u00e7\u00f5es sobre publica\u00e7\u00f5es e imprensa da Alameda, entre em contato com Alex em <a href=\"mailto:alex.niven@alameda.institute\"><strong>alex.niven@alameda.institute<\/strong><\/a>.<\/span><\/p>\t\t\t\t\t\t\t\t<\/div>\n\t\t\t\t<\/div>\n\t\t\t\t<div class=\"elementor-element elementor-element-bdf7089 elementor-shape-circle e-grid-align-left elementor-widget__width-inherit elementor-grid-0 elementor-widget elementor-widget-social-icons\" data-id=\"bdf7089\" data-element_type=\"widget\" data-e-type=\"widget\" data-widget_type=\"social-icons.default\">\n\t\t\t\t<div class=\"elementor-widget-container\">\n\t\t\t\t\t\t\t<div class=\"elementor-social-icons-wrapper elementor-grid\" role=\"list\">\n\t\t\t\t\t\t\t<span class=\"elementor-grid-item\" role=\"listitem\">\n\t\t\t\t\t<a class=\"elementor-icon elementor-social-icon elementor-social-icon-icon-bluesky_2D3040 elementor-repeater-item-eb9492f\" href=\"https:\/\/bsky.app\/profile\/alexniven.bsky.social\" target=\"_blank\">\n\t\t\t\t\t\t<span class=\"elementor-screen-only\">\u00cdcone-bluesky_2D3040<\/span>\n\t\t\t\t\t\t<i aria-hidden=\"true\" class=\"icon icon-bluesky_2D3040\"><\/i>\t\t\t\t\t<\/a>\n\t\t\t\t<\/span>\n\t\t\t\t\t\t\t<span class=\"elementor-grid-item\" role=\"listitem\">\n\t\t\t\t\t<a class=\"elementor-icon elementor-social-icon elementor-social-icon-instagram elementor-repeater-item-5ae6430\" href=\"https:\/\/www.instagram.com\/alexnivenne\/?hl=en\" target=\"_blank\">\n\t\t\t\t\t\t<span class=\"elementor-screen-only\">Instagram<\/span>\n\t\t\t\t\t\t<i aria-hidden=\"true\" class=\"fab fa-instagram\"><\/i>\t\t\t\t\t<\/a>\n\t\t\t\t<\/span>\n\t\t\t\t\t\t\t<span class=\"elementor-grid-item\" role=\"listitem\">\n\t\t\t\t\t<a class=\"elementor-icon elementor-social-icon elementor-social-icon-x-twitter elementor-repeater-item-24be882\" href=\"https:\/\/x.com\/Alex_Niven\" target=\"_blank\">\n\t\t\t\t\t\t<span class=\"elementor-screen-only\">X-twitter<\/span>\n\t\t\t\t\t\t<i aria-hidden=\"true\" class=\"fab fa-x-twitter\"><\/i>\t\t\t\t\t<\/a>\n\t\t\t\t<\/span>\n\t\t\t\t\t<\/div>\n\t\t\t\t\t\t<\/div>\n\t\t\t\t<\/div>\n\t\t\t\t<\/div>\n\t\t<div class=\"elementor-element elementor-element-dec80b9 e-con-full e-flex e-con e-child\" data-id=\"dec80b9\" data-element_type=\"container\" data-e-type=\"container\" data-settings=\"{&quot;background_background&quot;:&quot;classic&quot;,&quot;jet_parallax_layout_list&quot;:[]}\">\n\t\t\t\t<div class=\"elementor-element elementor-element-872354a elementor-widget elementor-widget-image\" data-id=\"872354a\" data-element_type=\"widget\" data-e-type=\"widget\" data-widget_type=\"image.default\">\n\t\t\t\t<div class=\"elementor-widget-container\">\n\t\t\t\t\t\t\t\t\t\t\t\t\t\t\t<img fetchpriority=\"high\" decoding=\"async\" width=\"616\" height=\"616\" src=\"https:\/\/alameda.institute\/wp-content\/uploads\/2026\/04\/Alex-e1776118244521.jpeg\" class=\"attachment-1536x1536 size-1536x1536 wp-image-25104\" alt=\"\" srcset=\"https:\/\/alameda.institute\/wp-content\/uploads\/2026\/04\/Alex-e1776118244521.jpeg 616w, https:\/\/alameda.institute\/wp-content\/uploads\/2026\/04\/Alex-e1776118244521-300x300.jpeg 300w, https:\/\/alameda.institute\/wp-content\/uploads\/2026\/04\/Alex-e1776118244521-150x150.jpeg 150w, https:\/\/alameda.institute\/wp-content\/uploads\/2026\/04\/Alex-e1776118244521-12x12.jpeg 12w, https:\/\/alameda.institute\/wp-content\/uploads\/2026\/04\/Alex-e1776118244521-230x230.jpeg 230w, https:\/\/alameda.institute\/wp-content\/uploads\/2026\/04\/Alex-e1776118244521-400x400.jpeg 400w, https:\/\/alameda.institute\/wp-content\/uploads\/2026\/04\/Alex-e1776118244521-600x600.jpeg 600w\" sizes=\"(max-width: 616px) 100vw, 616px\" \/>\t\t\t\t\t\t\t\t\t\t\t\t\t\t\t<\/div>\n\t\t\t\t<\/div>\n\t\t\t\t<div class=\"elementor-element elementor-element-08e2094 elementor-widget elementor-widget-spacer\" data-id=\"08e2094\" data-element_type=\"widget\" data-e-type=\"widget\" data-widget_type=\"spacer.default\">\n\t\t\t\t<div class=\"elementor-widget-container\">\n\t\t\t\t\t\t\t<div class=\"elementor-spacer\">\n\t\t\t<div class=\"elementor-spacer-inner\"><\/div>\n\t\t<\/div>\n\t\t\t\t\t\t<\/div>\n\t\t\t\t<\/div>\n\t\t\t\t<\/div>\n\t\t\t\t<\/div>\n\t\t\t\t<\/div>\n\t\t\t\t\t<\/div>\n\t\t\t\t<\/div>\n\t\t<div class=\"elementor-element elementor-element-d7445f7 elementor-hidden-desktop elementor-hidden-tablet e-flex e-con-boxed e-con e-parent\" data-id=\"d7445f7\" data-element_type=\"container\" data-e-type=\"container\" data-settings=\"{&quot;jet_parallax_layout_list&quot;:[]}\">\n\t\t\t\t\t<div class=\"e-con-inner\">\n\t\t<div class=\"elementor-element elementor-element-7e4dcf6 e-con-full e-flex e-con e-child\" data-id=\"7e4dcf6\" data-element_type=\"container\" data-e-type=\"container\" data-settings=\"{&quot;jet_parallax_layout_list&quot;:[]}\">\n\t\t<div class=\"elementor-element elementor-element-0f96e15 e-con-full e-flex e-con e-child\" data-id=\"0f96e15\" data-element_type=\"container\" data-e-type=\"container\" data-settings=\"{&quot;jet_parallax_layout_list&quot;:[]}\">\n\t\t\t\t<\/div>\n\t\t\t\t<div class=\"elementor-element elementor-element-bae62d8 elementor-widget elementor-widget-spacer\" data-id=\"bae62d8\" data-element_type=\"widget\" data-e-type=\"widget\" data-widget_type=\"spacer.default\">\n\t\t\t\t<div class=\"elementor-widget-container\">\n\t\t\t\t\t\t\t<div class=\"elementor-spacer\">\n\t\t\t<div class=\"elementor-spacer-inner\"><\/div>\n\t\t<\/div>\n\t\t\t\t\t\t<\/div>\n\t\t\t\t<\/div>\n\t\t<div class=\"elementor-element elementor-element-3c3eae6 e-con-full e-flex e-con e-child\" data-id=\"3c3eae6\" data-element_type=\"container\" data-e-type=\"container\" data-settings=\"{&quot;background_background&quot;:&quot;classic&quot;,&quot;jet_parallax_layout_list&quot;:[]}\">\n\t\t<div class=\"elementor-element elementor-element-f023e78 e-con-full e-flex e-con e-child\" data-id=\"f023e78\" data-element_type=\"container\" data-e-type=\"container\" data-settings=\"{&quot;jet_parallax_layout_list&quot;:[]}\">\n\t\t\t\t<div class=\"elementor-element elementor-element-6d7d408 elementor-widget__width-inherit elementor-widget elementor-widget-jet-headline\" data-id=\"6d7d408\" data-element_type=\"widget\" data-e-type=\"widget\" data-widget_type=\"jet-headline.default\">\n\t\t\t\t<div class=\"elementor-widget-container\">\n\t\t\t\t\t<h2 class=\"jet-headline jet-headline--direction-vertical\"><span class=\"jet-headline__part jet-headline__first\"><span class=\"jet-headline__label\">Alex Niven<\/span><\/span><\/h2>\t\t\t\t<\/div>\n\t\t\t\t<\/div>\n\t\t\t\t<div class=\"elementor-element elementor-element-c8b0593 elementor-widget-divider--view-line elementor-widget elementor-widget-divider\" data-id=\"c8b0593\" data-element_type=\"widget\" data-e-type=\"widget\" data-widget_type=\"divider.default\">\n\t\t\t\t<div class=\"elementor-widget-container\">\n\t\t\t\t\t\t\t<div class=\"elementor-divider\">\n\t\t\t<span class=\"elementor-divider-separator\">\n\t\t\t\t\t\t<\/span>\n\t\t<\/div>\n\t\t\t\t\t\t<\/div>\n\t\t\t\t<\/div>\n\t\t\t\t<div class=\"elementor-element elementor-element-672b440 elementor-widget elementor-widget-text-editor\" data-id=\"672b440\" data-element_type=\"widget\" data-e-type=\"widget\" data-widget_type=\"text-editor.default\">\n\t\t\t\t<div class=\"elementor-widget-container\">\n\t\t\t\t\t\t\t\t\t<p>EDITOR E ASSESSOR DE IMPRENSA<\/p>\t\t\t\t\t\t\t\t<\/div>\n\t\t\t\t<\/div>\n\t\t\t\t<div class=\"elementor-element elementor-element-0dd06b1 elementor-widget-mobile__width-initial elementor-widget__width-initial elementor-widget elementor-widget-text-editor\" data-id=\"0dd06b1\" data-element_type=\"widget\" data-e-type=\"widget\" data-widget_type=\"text-editor.default\">\n\t\t\t\t<div class=\"elementor-widget-container\">\n\t\t\t\t\t\t\t\t\t<p><span style=\"font-weight: 400;\">Alex Niven \u00e9 um editor e escritor de Newcastle upon Tyne. Fez doutorado na Universidade de Oxford sobre poesia modernista e \u00e9 autor de livros como <\/span><i><span style=\"font-weight: 400;\">Oposi\u00e7\u00e3o popular<\/span><\/i><span style=\"font-weight: 400;\">,<\/span><i><span style=\"font-weight: 400;\"> Definitely Maybe 33 1\/3<\/span><\/i><span style=\"font-weight: 400;\"> e <\/span><i><span style=\"font-weight: 400;\">Novo modelo de ilha<\/span><\/i><span style=\"font-weight: 400;\">, al\u00e9m de artigos para publica\u00e7\u00f5es como <\/span><i><span style=\"font-weight: 400;\">The Guardian, The New York Times, New Statesman, New Left Review <\/span><\/i><span style=\"font-weight: 400;\">e<\/span><i><span style=\"font-weight: 400;\"> Pitchfork<\/span><\/i><span style=\"font-weight: 400;\">. Ele foi cofundador da editora Repeater Books e da banda pop Everything Everything, e seu livro <\/span><i><span style=\"font-weight: 400;\">O Norte se erguer\u00e1 novamente<\/span><\/i><span style=\"font-weight: 400;\"> inspirou o nome da equipe vencedora da primeira Copa do Mundo de coleta de lixo em 2023.<\/span><\/p>\t\t\t\t\t\t\t\t<\/div>\n\t\t\t\t<\/div>\n\t\t\t\t<div class=\"elementor-element elementor-element-3fba1ca elementor-widget-mobile__width-initial elementor-widget__width-initial elementor-widget elementor-widget-text-editor\" data-id=\"3fba1ca\" data-element_type=\"widget\" data-e-type=\"widget\" data-widget_type=\"text-editor.default\">\n\t\t\t\t<div class=\"elementor-widget-container\">\n\t\t\t\t\t\t\t\t\t<p><span style=\"font-weight: 400;\">Para obter informa\u00e7\u00f5es sobre publica\u00e7\u00f5es e imprensa da Alameda, entre em contato com Alex em <a href=\"mailto:alex.niven@alameda.institute\"><strong>alex.niven@alameda.institute<\/strong><\/a>.<\/span><\/p>\t\t\t\t\t\t\t\t<\/div>\n\t\t\t\t<\/div>\n\t\t\t\t<div class=\"elementor-element elementor-element-3f8d5a5 elementor-widget elementor-widget-image\" data-id=\"3f8d5a5\" data-element_type=\"widget\" data-e-type=\"widget\" data-widget_type=\"image.default\">\n\t\t\t\t<div class=\"elementor-widget-container\">\n\t\t\t\t\t\t\t\t\t\t\t\t\t\t\t<img fetchpriority=\"high\" decoding=\"async\" width=\"616\" height=\"616\" src=\"https:\/\/alameda.institute\/wp-content\/uploads\/2026\/04\/Alex-e1776118244521.jpeg\" class=\"attachment-1536x1536 size-1536x1536 wp-image-25104\" alt=\"\" srcset=\"https:\/\/alameda.institute\/wp-content\/uploads\/2026\/04\/Alex-e1776118244521.jpeg 616w, https:\/\/alameda.institute\/wp-content\/uploads\/2026\/04\/Alex-e1776118244521-300x300.jpeg 300w, https:\/\/alameda.institute\/wp-content\/uploads\/2026\/04\/Alex-e1776118244521-150x150.jpeg 150w, https:\/\/alameda.institute\/wp-content\/uploads\/2026\/04\/Alex-e1776118244521-12x12.jpeg 12w, https:\/\/alameda.institute\/wp-content\/uploads\/2026\/04\/Alex-e1776118244521-230x230.jpeg 230w, https:\/\/alameda.institute\/wp-content\/uploads\/2026\/04\/Alex-e1776118244521-400x400.jpeg 400w, https:\/\/alameda.institute\/wp-content\/uploads\/2026\/04\/Alex-e1776118244521-600x600.jpeg 600w\" sizes=\"(max-width: 616px) 100vw, 616px\" \/>\t\t\t\t\t\t\t\t\t\t\t\t\t\t\t<\/div>\n\t\t\t\t<\/div>\n\t\t\t\t<div class=\"elementor-element elementor-element-6266bd9 elementor-shape-circle e-grid-align-left elementor-widget__width-inherit e-grid-align-mobile-center elementor-grid-0 elementor-widget elementor-widget-social-icons\" data-id=\"6266bd9\" data-element_type=\"widget\" data-e-type=\"widget\" data-widget_type=\"social-icons.default\">\n\t\t\t\t<div class=\"elementor-widget-container\">\n\t\t\t\t\t\t\t<div class=\"elementor-social-icons-wrapper elementor-grid\" role=\"list\">\n\t\t\t\t\t\t\t<span class=\"elementor-grid-item\" role=\"listitem\">\n\t\t\t\t\t<a class=\"elementor-icon elementor-social-icon elementor-social-icon-icon-bluesky_2D3040 elementor-repeater-item-eb9492f\" href=\"https:\/\/bsky.app\/profile\/alexniven.bsky.social\" target=\"_blank\">\n\t\t\t\t\t\t<span class=\"elementor-screen-only\">\u00cdcone-bluesky_2D3040<\/span>\n\t\t\t\t\t\t<i aria-hidden=\"true\" class=\"icon icon-bluesky_2D3040\"><\/i>\t\t\t\t\t<\/a>\n\t\t\t\t<\/span>\n\t\t\t\t\t\t\t<span class=\"elementor-grid-item\" role=\"listitem\">\n\t\t\t\t\t<a class=\"elementor-icon elementor-social-icon elementor-social-icon-instagram elementor-repeater-item-5ae6430\" href=\"https:\/\/www.instagram.com\/alexnivenne\/?hl=en\" target=\"_blank\">\n\t\t\t\t\t\t<span class=\"elementor-screen-only\">Instagram<\/span>\n\t\t\t\t\t\t<i aria-hidden=\"true\" class=\"fab fa-instagram\"><\/i>\t\t\t\t\t<\/a>\n\t\t\t\t<\/span>\n\t\t\t\t\t\t\t<span class=\"elementor-grid-item\" role=\"listitem\">\n\t\t\t\t\t<a class=\"elementor-icon elementor-social-icon elementor-social-icon-x-twitter elementor-repeater-item-24be882\" href=\"https:\/\/x.com\/Alex_Niven\" target=\"_blank\">\n\t\t\t\t\t\t<span class=\"elementor-screen-only\">X-twitter<\/span>\n\t\t\t\t\t\t<i aria-hidden=\"true\" class=\"fab fa-x-twitter\"><\/i>\t\t\t\t\t<\/a>\n\t\t\t\t<\/span>\n\t\t\t\t\t<\/div>\n\t\t\t\t\t\t<\/div>\n\t\t\t\t<\/div>\n\t\t\t\t<\/div>\n\t\t<div class=\"elementor-element elementor-element-4e6db45 e-con-full e-flex e-con e-child\" data-id=\"4e6db45\" data-element_type=\"container\" data-e-type=\"container\" data-settings=\"{&quot;background_background&quot;:&quot;classic&quot;,&quot;jet_parallax_layout_list&quot;:[]}\">\n\t\t\t\t<div class=\"elementor-element elementor-element-97eac0b elementor-widget elementor-widget-spacer\" data-id=\"97eac0b\" data-element_type=\"widget\" data-e-type=\"widget\" data-widget_type=\"spacer.default\">\n\t\t\t\t<div class=\"elementor-widget-container\">\n\t\t\t\t\t\t\t<div class=\"elementor-spacer\">\n\t\t\t<div class=\"elementor-spacer-inner\"><\/div>\n\t\t<\/div>\n\t\t\t\t\t\t<\/div>\n\t\t\t\t<\/div>\n\t\t\t\t<\/div>\n\t\t\t\t<\/div>\n\t\t\t\t<\/div>\n\t\t\t\t\t<\/div>\n\t\t\t\t<\/div>\n\t\t<div class=\"elementor-element elementor-element-f69f551 e-flex e-con-boxed e-con e-parent\" data-id=\"f69f551\" data-element_type=\"container\" data-e-type=\"container\" data-settings=\"{&quot;jet_parallax_layout_list&quot;:[]}\">\n\t\t\t\t\t<div class=\"e-con-inner\">\n\t\t\t\t<div class=\"elementor-element elementor-element-a2e1360 elementor-widget elementor-widget-text-editor\" data-id=\"a2e1360\" data-element_type=\"widget\" data-e-type=\"widget\" data-widget_type=\"text-editor.default\">\n\t\t\t\t<div class=\"elementor-widget-container\">\n\t\t\t\t\t\t\t\t\t<p><a href=\"https:\/\/alameda.institute\/people\/\" target=\"_blank\" rel=\"noopener\">Voltar para a p\u00e1gina do People<\/a><\/p>\t\t\t\t\t\t\t\t<\/div>\n\t\t\t\t<\/div>\n\t\t\t\t\t<\/div>\n\t\t\t\t<\/div>\n\t\t\t\t<\/div>","protected":false},"excerpt":{"rendered":"<p>Alex Niven EDITOR AND PRESS OFFICER Alex Niven is an editor and writer from Newcastle upon Tyne. He wrote a PhD at the University of Oxford on modernist poetry and is the author of books including Folk Opposition, Definitely Maybe 33 1\/3 and New Model Island, as well as articles for publications including The Guardian, [&hellip;]<\/p>\n","protected":false},"author":26,"featured_media":0,"parent":0,"menu_order":0,"comment_status":"closed","ping_status":"closed","template":"","meta":{"footnotes":""},"class_list":["post-25001","page","type-page","status-publish","hentry"],"_links":{"self":[{"href":"https:\/\/alameda.institute\/pt\/wp-json\/wp\/v2\/pages\/25001","targetHints":{"allow":["GET"]}}],"collection":[{"href":"https:\/\/alameda.institute\/pt\/wp-json\/wp\/v2\/pages"}],"about":[{"href":"https:\/\/alameda.institute\/pt\/wp-json\/wp\/v2\/types\/page"}],"author":[{"embeddable":true,"href":"https:\/\/alameda.institute\/pt\/wp-json\/wp\/v2\/users\/26"}],"replies":[{"embeddable":true,"href":"https:\/\/alameda.institute\/pt\/wp-json\/wp\/v2\/comments?post=25001"}],"version-history":[{"count":69,"href":"https:\/\/alameda.institute\/pt\/wp-json\/wp\/v2\/pages\/25001\/revisions"}],"predecessor-version":[{"id":29893,"href":"https:\/\/alameda.institute\/pt\/wp-json\/wp\/v2\/pages\/25001\/revisions\/29893"}],"wp:attachment":[{"href":"https:\/\/alameda.institute\/pt\/wp-json\/wp\/v2\/media?parent=25001"}],"curies":[{"name":"wp","href":"https:\/\/api.w.org\/{rel}","templated":true}]}}