{"id":26567,"date":"2026-04-15T13:31:18","date_gmt":"2026-04-15T13:31:18","guid":{"rendered":"https:\/\/alameda.institute\/?page_id=26567"},"modified":"2026-04-29T11:33:44","modified_gmt":"2026-04-29T11:33:44","slug":"pessoas","status":"publish","type":"page","link":"https:\/\/alameda.institute\/pt\/people\/","title":{"rendered":"Pessoas"},"content":{"rendered":"<div data-elementor-type=\"wp-page\" data-elementor-id=\"26567\" class=\"elementor elementor-26567\" data-elementor-post-type=\"page\">\n\t\t\t\t<div class=\"elementor-element elementor-element-3b78d8a1 elementor-hidden-mobile e-flex e-con-boxed e-con e-parent\" data-id=\"3b78d8a1\" data-element_type=\"container\" data-e-type=\"container\" data-settings=\"{&quot;jet_parallax_layout_list&quot;:[]}\">\n\t\t\t\t\t<div class=\"e-con-inner\">\n\t\t\t\t<div class=\"elementor-element elementor-element-7a145ce6 elementor-widget elementor-widget-spacer\" data-id=\"7a145ce6\" data-element_type=\"widget\" data-e-type=\"widget\" data-widget_type=\"spacer.default\">\n\t\t\t\t<div class=\"elementor-widget-container\">\n\t\t\t\t\t\t\t<div class=\"elementor-spacer\">\n\t\t\t<div class=\"elementor-spacer-inner\"><\/div>\n\t\t<\/div>\n\t\t\t\t\t\t<\/div>\n\t\t\t\t<\/div>\n\t\t\t\t\t<\/div>\n\t\t\t\t<\/div>\n\t\t<div class=\"elementor-element elementor-element-4bb9a6f e-flex e-con-boxed e-con e-parent\" data-id=\"4bb9a6f\" data-element_type=\"container\" data-e-type=\"container\" data-settings=\"{&quot;jet_parallax_layout_list&quot;:[]}\">\n\t\t\t\t\t<div class=\"e-con-inner\">\n\t\t\t\t<div class=\"elementor-element elementor-element-f29be9f elementor-hidden-desktop elementor-hidden-tablet elementor-widget elementor-widget-spacer\" data-id=\"f29be9f\" data-element_type=\"widget\" data-e-type=\"widget\" data-widget_type=\"spacer.default\">\n\t\t\t\t<div class=\"elementor-widget-container\">\n\t\t\t\t\t\t\t<div class=\"elementor-spacer\">\n\t\t\t<div class=\"elementor-spacer-inner\"><\/div>\n\t\t<\/div>\n\t\t\t\t\t\t<\/div>\n\t\t\t\t<\/div>\n\t\t\t\t\t<\/div>\n\t\t\t\t<\/div>\n\t\t<div class=\"elementor-element elementor-element-7ac8f57c e-con-full elementor-hidden-mobile e-flex e-con e-parent\" data-id=\"7ac8f57c\" data-element_type=\"container\" data-e-type=\"container\" data-settings=\"{&quot;shape_divider_bottom&quot;:&quot;tilt&quot;,&quot;jet_parallax_layout_list&quot;:[]}\">\n\t\t\t\t<div class=\"elementor-shape elementor-shape-bottom\" aria-hidden=\"true\" data-negative=\"false\">\n\t\t\t<svg xmlns=\"http:\/\/www.w3.org\/2000\/svg\" viewbox=\"0 0 1000 100\" preserveaspectratio=\"none\">\n\t<path class=\"elementor-shape-fill\" d=\"M0,6V0h1000v100L0,6z\"\/>\n<\/svg>\t\t<\/div>\n\t\t<div class=\"elementor-element elementor-element-7e244058 e-con-full e-flex e-con e-child\" data-id=\"7e244058\" data-element_type=\"container\" data-e-type=\"container\" data-settings=\"{&quot;jet_parallax_layout_list&quot;:[]}\">\n\t\t\t\t<div class=\"elementor-element elementor-element-12e99c69 elementor-widget elementor-widget-jet-headline\" data-id=\"12e99c69\" data-element_type=\"widget\" data-e-type=\"widget\" data-widget_type=\"jet-headline.default\">\n\t\t\t\t<div class=\"elementor-widget-container\">\n\t\t\t\t\t<h3 class=\"jet-headline jet-headline--direction-vertical\"><span class=\"jet-headline__part jet-headline__first\"><span class=\"jet-headline__label\">QUEM SOMOS<\/span><\/span><span class=\"jet-headline__part jet-headline__second\"><span class=\"jet-headline__label\">___________<\/span><\/span><\/h3>\t\t\t\t<\/div>\n\t\t\t\t<\/div>\n\t\t\t\t<\/div>\n\t\t<div class=\"elementor-element elementor-element-3e486983 e-con-full e-flex e-con e-child\" data-id=\"3e486983\" data-element_type=\"container\" data-e-type=\"container\" data-settings=\"{&quot;jet_parallax_layout_list&quot;:[]}\">\n\t\t\t\t<div class=\"elementor-element elementor-element-75b67bab elementor-widget__width-initial elementor-widget elementor-widget-image\" data-id=\"75b67bab\" data-element_type=\"widget\" data-e-type=\"widget\" data-widget_type=\"image.default\">\n\t\t\t\t<div class=\"elementor-widget-container\">\n\t\t\t\t\t\t\t\t\t\t\t\t\t\t\t<img fetchpriority=\"high\" decoding=\"async\" width=\"1024\" height=\"587\" src=\"https:\/\/alameda.institute\/wp-content\/smush-webp\/2026\/04\/collage-peoples-page-1-1024x587.png.webp\" class=\"attachment-large size-large wp-image-26031\" alt=\"\" srcset=\"https:\/\/alameda.institute\/wp-content\/smush-webp\/2026\/04\/collage-peoples-page-1-1024x587.png.webp 1024w, https:\/\/alameda.institute\/wp-content\/smush-webp\/2026\/04\/collage-peoples-page-1-300x172.png.webp 300w, https:\/\/alameda.institute\/wp-content\/smush-webp\/2026\/04\/collage-peoples-page-1-768x440.png.webp 768w, https:\/\/alameda.institute\/wp-content\/smush-webp\/2026\/04\/collage-peoples-page-1-1536x880.png.webp 1536w, https:\/\/alameda.institute\/wp-content\/smush-webp\/2026\/04\/collage-peoples-page-1-2048x1173.png.webp 2048w, https:\/\/alameda.institute\/wp-content\/smush-webp\/2026\/04\/collage-peoples-page-1-18x10.png.webp 18w, https:\/\/alameda.institute\/wp-content\/smush-webp\/2026\/04\/collage-peoples-page-1-150x85.png.webp 150w, https:\/\/alameda.institute\/wp-content\/smush-webp\/2026\/04\/collage-peoples-page-1-600x344.png.webp 600w\" sizes=\"(max-width: 1024px) 100vw, 1024px\" \/>\t\t\t\t\t\t\t\t\t\t\t\t\t\t\t<\/div>\n\t\t\t\t<\/div>\n\t\t\t\t<div class=\"elementor-element elementor-element-22a3dcc6 elementor-widget elementor-widget-spacer\" data-id=\"22a3dcc6\" data-element_type=\"widget\" data-e-type=\"widget\" data-widget_type=\"spacer.default\">\n\t\t\t\t<div class=\"elementor-widget-container\">\n\t\t\t\t\t\t\t<div class=\"elementor-spacer\">\n\t\t\t<div class=\"elementor-spacer-inner\"><\/div>\n\t\t<\/div>\n\t\t\t\t\t\t<\/div>\n\t\t\t\t<\/div>\n\t\t\t\t<\/div>\n\t\t\t\t<\/div>\n\t\t<div class=\"elementor-element elementor-element-f181701 e-con-full elementor-hidden-tablet elementor-hidden-desktop e-flex e-con e-parent\" data-id=\"f181701\" data-element_type=\"container\" data-e-type=\"container\" data-settings=\"{&quot;shape_divider_bottom&quot;:&quot;tilt&quot;,&quot;jet_parallax_layout_list&quot;:[]}\">\n\t\t\t\t<div class=\"elementor-shape elementor-shape-bottom\" aria-hidden=\"true\" data-negative=\"false\">\n\t\t\t<svg xmlns=\"http:\/\/www.w3.org\/2000\/svg\" viewbox=\"0 0 1000 100\" preserveaspectratio=\"none\">\n\t<path class=\"elementor-shape-fill\" d=\"M0,6V0h1000v100L0,6z\"\/>\n<\/svg>\t\t<\/div>\n\t\t<div class=\"elementor-element elementor-element-85766d0 e-con-full e-flex e-con e-child\" data-id=\"85766d0\" data-element_type=\"container\" data-e-type=\"container\" data-settings=\"{&quot;jet_parallax_layout_list&quot;:[]}\">\n\t\t\t\t<div class=\"elementor-element elementor-element-776e0c4 elementor-widget elementor-widget-jet-headline\" data-id=\"776e0c4\" data-element_type=\"widget\" data-e-type=\"widget\" data-widget_type=\"jet-headline.default\">\n\t\t\t\t<div class=\"elementor-widget-container\">\n\t\t\t\t\t<h3 class=\"jet-headline jet-headline--direction-vertical\"><span class=\"jet-headline__part jet-headline__first\"><span class=\"jet-headline__label\">QUEM SOMOS<\/span><\/span><\/h3>\t\t\t\t<\/div>\n\t\t\t\t<\/div>\n\t\t\t\t<\/div>\n\t\t<div class=\"elementor-element elementor-element-aa0164e e-con-full e-flex e-con e-child\" data-id=\"aa0164e\" data-element_type=\"container\" data-e-type=\"container\" data-settings=\"{&quot;jet_parallax_layout_list&quot;:[]}\">\n\t\t\t\t<div class=\"elementor-element elementor-element-3d48c75 elementor-widget__width-initial elementor-widget elementor-widget-image\" data-id=\"3d48c75\" data-element_type=\"widget\" data-e-type=\"widget\" data-widget_type=\"image.default\">\n\t\t\t\t<div class=\"elementor-widget-container\">\n\t\t\t\t\t\t\t\t\t\t\t\t\t\t\t<img fetchpriority=\"high\" decoding=\"async\" width=\"1024\" height=\"587\" src=\"https:\/\/alameda.institute\/wp-content\/smush-webp\/2026\/04\/collage-peoples-page-1-1024x587.png.webp\" class=\"attachment-large size-large wp-image-26031\" alt=\"\" srcset=\"https:\/\/alameda.institute\/wp-content\/smush-webp\/2026\/04\/collage-peoples-page-1-1024x587.png.webp 1024w, https:\/\/alameda.institute\/wp-content\/smush-webp\/2026\/04\/collage-peoples-page-1-300x172.png.webp 300w, https:\/\/alameda.institute\/wp-content\/smush-webp\/2026\/04\/collage-peoples-page-1-768x440.png.webp 768w, https:\/\/alameda.institute\/wp-content\/smush-webp\/2026\/04\/collage-peoples-page-1-1536x880.png.webp 1536w, https:\/\/alameda.institute\/wp-content\/smush-webp\/2026\/04\/collage-peoples-page-1-2048x1173.png.webp 2048w, https:\/\/alameda.institute\/wp-content\/smush-webp\/2026\/04\/collage-peoples-page-1-18x10.png.webp 18w, https:\/\/alameda.institute\/wp-content\/smush-webp\/2026\/04\/collage-peoples-page-1-150x85.png.webp 150w, https:\/\/alameda.institute\/wp-content\/smush-webp\/2026\/04\/collage-peoples-page-1-600x344.png.webp 600w\" sizes=\"(max-width: 1024px) 100vw, 1024px\" \/>\t\t\t\t\t\t\t\t\t\t\t\t\t\t\t<\/div>\n\t\t\t\t<\/div>\n\t\t\t\t<div class=\"elementor-element elementor-element-cb08548 elementor-widget elementor-widget-spacer\" data-id=\"cb08548\" data-element_type=\"widget\" data-e-type=\"widget\" data-widget_type=\"spacer.default\">\n\t\t\t\t<div class=\"elementor-widget-container\">\n\t\t\t\t\t\t\t<div class=\"elementor-spacer\">\n\t\t\t<div class=\"elementor-spacer-inner\"><\/div>\n\t\t<\/div>\n\t\t\t\t\t\t<\/div>\n\t\t\t\t<\/div>\n\t\t\t\t<\/div>\n\t\t\t\t<\/div>\n\t\t<div class=\"elementor-element elementor-element-6f8f71b8 e-con-full e-flex e-con e-parent\" data-id=\"6f8f71b8\" data-element_type=\"container\" data-e-type=\"container\" data-settings=\"{&quot;jet_parallax_layout_list&quot;:[],&quot;background_background&quot;:&quot;classic&quot;}\">\n\t\t<div class=\"elementor-element elementor-element-71be6e64 e-con-full e-flex e-con e-child\" data-id=\"71be6e64\" data-element_type=\"container\" data-e-type=\"container\" data-settings=\"{&quot;background_background&quot;:&quot;classic&quot;,&quot;jet_parallax_layout_list&quot;:[]}\">\n\t\t<div class=\"elementor-element elementor-element-4ab74995 e-con-full e-flex e-con e-child\" data-id=\"4ab74995\" data-element_type=\"container\" data-e-type=\"container\" data-settings=\"{&quot;jet_parallax_layout_list&quot;:[]}\">\n\t\t\t\t<div class=\"elementor-element elementor-element-680f09eb elementor-widget elementor-widget-text-editor\" data-id=\"680f09eb\" data-element_type=\"widget\" data-e-type=\"widget\" data-widget_type=\"text-editor.default\">\n\t\t\t\t<div class=\"elementor-widget-container\">\n\t\t\t\t\t\t\t\t\t<p><strong>Alameda<\/strong> re\u00fane pessoas e organiza\u00e7\u00f5es para desenvolver uma vis\u00e3o coletiva sobre as transforma\u00e7\u00f5es sociais emergentes e suas implica\u00e7\u00f5es para a estrat\u00e9gia pol\u00edtica<\/p>\t\t\t\t\t\t\t\t<\/div>\n\t\t\t\t<\/div>\n\t\t\t\t<\/div>\n\t\t\t\t<\/div>\n\t\t\t\t<\/div>\n\t\t<div class=\"elementor-element elementor-element-d57438c e-flex e-con-boxed e-con e-parent\" data-id=\"d57438c\" data-element_type=\"container\" data-e-type=\"container\" data-settings=\"{&quot;jet_parallax_layout_list&quot;:[]}\">\n\t\t\t\t\t<div class=\"e-con-inner\">\n\t\t\t\t<div class=\"elementor-element elementor-element-b6407d8 elementor-hidden-desktop elementor-hidden-tablet elementor-widget elementor-widget-spacer\" data-id=\"b6407d8\" data-element_type=\"widget\" data-e-type=\"widget\" data-widget_type=\"spacer.default\">\n\t\t\t\t<div class=\"elementor-widget-container\">\n\t\t\t\t\t\t\t<div class=\"elementor-spacer\">\n\t\t\t<div class=\"elementor-spacer-inner\"><\/div>\n\t\t<\/div>\n\t\t\t\t\t\t<\/div>\n\t\t\t\t<\/div>\n\t\t\t\t\t<\/div>\n\t\t\t\t<\/div>\n\t\t<div class=\"elementor-element elementor-element-1352e492 e-con-full e-flex e-con e-parent\" data-id=\"1352e492\" data-element_type=\"container\" data-e-type=\"container\" data-settings=\"{&quot;jet_parallax_layout_list&quot;:[]}\">\n\t\t\t\t<div class=\"elementor-element elementor-element-5cebc56 elementor-widget__width-initial elementor-widget elementor-widget-jet-accordion\" data-id=\"5cebc56\" data-element_type=\"widget\" data-e-type=\"widget\" data-widget_type=\"jet-accordion.default\">\n\t\t\t\t<div class=\"elementor-widget-container\">\n\t\t\t\t\t\t\t\t\t<div class=\"jet-accordion\" data-settings=\"{&quot;collapsible&quot;:false,&quot;ajaxTemplate&quot;:true,&quot;switchScrolling&quot;:false,&quot;switchScrollingTablet&quot;:false,&quot;switchScrollingMobile&quot;:false,&quot;switchScrollingOffset&quot;:{&quot;size&quot;:0,&quot;unit&quot;:&quot;px&quot;},&quot;switchScrollingOffsetTablet&quot;:{&quot;size&quot;:0,&quot;unit&quot;:&quot;px&quot;},&quot;switchScrollingOffsetMobile&quot;:{&quot;size&quot;:0,&quot;unit&quot;:&quot;px&quot;},&quot;switchScrollingDelay&quot;:500,&quot;switchScrollingDelayTablet&quot;:500,&quot;switchScrollingDelayMobile&quot;:500}\">\n\t\t\t<div class=\"jet-accordion__inner\">\n\t\t\t\t<div class=\"always-active jet-accordion__item jet-toggle jet-toggle-move-up-effect active-toggle\">\n\t\t\t\t\t\t\t<div id=\"jet-toggle-control-9741\" class=\"jet-toggle__control elementor-menu-anchor\" data-toggle=\"1\" role=\"button\" tabindex=\"0\" aria-controls=\"jet-toggle-content-9741\" aria-expanded=\"true\" data-template-id=\"901\">\n\t\t\t\t\t\t\t\t<div class=\"jet-toggle__label-icon jet-toggle-icon-position-right\"><span class=\"jet-toggle__icon icon-normal jet-tabs-icon\"><i class=\"fas fa-angle-down\"><\/i><\/span><span class=\"jet-toggle__icon icon-active jet-tabs-icon\"><i class=\"fas fa-angle-up\"><\/i><\/span><\/div><div class=\"jet-toggle__label-text\">EQUIPE DE ALAMEDA<\/div>\t\t\t\t\t\t\t<\/div>\n\t\t\t\t\t\t\t<div id=\"jet-toggle-content-9741\" class=\"jet-toggle__content\" data-toggle=\"1\" role=\"region\" data-template-id=\"901\">\n\t\t\t\t\t\t\t\t<div class=\"jet-toggle__content-inner\"><div class=\"jet-tabs-loader\"><\/div><\/div>\n\t\t\t\t\t\t\t<\/div>\n\t\t\t\t\t\t<\/div><div class=\"jet-accordion__item jet-toggle jet-toggle-move-up-effect active-toggle\">\n\t\t\t\t\t\t\t<div id=\"jet-toggle-control-9742\" class=\"jet-toggle__control elementor-menu-anchor\" data-toggle=\"2\" role=\"button\" tabindex=\"0\" aria-controls=\"jet-toggle-content-9742\" aria-expanded=\"true\" data-template-id=\"904\">\n\t\t\t\t\t\t\t\t<div class=\"jet-toggle__label-icon jet-toggle-icon-position-right\"><span class=\"jet-toggle__icon icon-normal jet-tabs-icon\"><i class=\"fas fa-angle-down\"><\/i><\/span><span class=\"jet-toggle__icon icon-active jet-tabs-icon\"><i class=\"fas fa-angle-up\"><\/i><\/span><\/div><div class=\"jet-toggle__label-text\">COMIT\u00caS<\/div>\t\t\t\t\t\t\t<\/div>\n\t\t\t\t\t\t\t<div id=\"jet-toggle-content-9742\" class=\"jet-toggle__content\" data-toggle=\"2\" role=\"region\" data-template-id=\"904\">\n\t\t\t\t\t\t\t\t<div class=\"jet-toggle__content-inner\"><div class=\"jet-tabs-loader\"><\/div><\/div>\n\t\t\t\t\t\t\t<\/div>\n\t\t\t\t\t\t<\/div><div class=\"jet-accordion__item jet-toggle jet-toggle-move-up-effect active-toggle\">\n\t\t\t\t\t\t\t<div id=\"jet-toggle-control-9743\" class=\"jet-toggle__control elementor-menu-anchor\" data-toggle=\"3\" role=\"button\" tabindex=\"0\" aria-controls=\"jet-toggle-content-9743\" aria-expanded=\"true\" data-template-id=\"907\">\n\t\t\t\t\t\t\t\t<div class=\"jet-toggle__label-icon jet-toggle-icon-position-right\"><span class=\"jet-toggle__icon icon-normal jet-tabs-icon\"><i class=\"fas fa-angle-down\"><\/i><\/span><span class=\"jet-toggle__icon icon-active jet-tabs-icon\"><i class=\"fas fa-angle-up\"><\/i><\/span><\/div><div class=\"jet-toggle__label-text\">ASSOCIADOS<\/div>\t\t\t\t\t\t\t<\/div>\n\t\t\t\t\t\t\t<div id=\"jet-toggle-content-9743\" class=\"jet-toggle__content\" data-toggle=\"3\" role=\"region\" data-template-id=\"907\">\n\t\t\t\t\t\t\t\t<div class=\"jet-toggle__content-inner\"><div class=\"jet-tabs-loader\"><\/div><\/div>\n\t\t\t\t\t\t\t<\/div>\n\t\t\t\t\t\t<\/div><div class=\"jet-accordion__item jet-toggle jet-toggle-move-up-effect active-toggle\">\n\t\t\t\t\t\t\t<div id=\"jet-toggle-control-9744\" class=\"jet-toggle__control elementor-menu-anchor\" data-toggle=\"4\" role=\"button\" tabindex=\"0\" aria-controls=\"jet-toggle-content-9744\" aria-expanded=\"true\" data-template-id=\"false\">\n\t\t\t\t\t\t\t\t<div class=\"jet-toggle__label-icon jet-toggle-icon-position-right\"><span class=\"jet-toggle__icon icon-normal jet-tabs-icon\"><i class=\"fas fa-angle-down\"><\/i><\/span><span class=\"jet-toggle__icon icon-active jet-tabs-icon\"><i class=\"fas fa-angle-up\"><\/i><\/span><\/div><div class=\"jet-toggle__label-text\">CONTRIBUINTES<\/div>\t\t\t\t\t\t\t<\/div>\n\t\t\t\t\t\t\t<div id=\"jet-toggle-content-9744\" class=\"jet-toggle__content\" data-toggle=\"4\" role=\"region\" data-template-id=\"false\">\n\t\t\t\t\t\t\t\t<div class=\"jet-toggle__content-inner\"><p style=\"font-family: 'Jost', sans-serif; font-size: 1.5em; font-weight: 400;\"><br \/>Os colaboradores n\u00e3o s\u00e3o membros da rede da Alameda, mas j\u00e1 publicaram trabalhos no instituto.<\/p><p style=\"font-size: 18px;\">Annika V\u00f6lkmann, Bruce Baigrie, \u010carna Brkovi\u0107, Dario Guarascio, Cecilia Rikap, Dylan Riley, Jan Eliasson, Jan Urhahn, Jennifer Clapp, Joseph Daher, J\u00falio Holanda , Katrin Geyer, Laura Grigoleit, Mandisa Mbali , Maria Luiza Menezes, Marius Jung, Marla Heidrich, Million Belay, Natalie Sadeq, Pamela McElwee, Philip Proudfoot, Rahmane Idrissa, Ranja Sengupta, Ray Brassier, Svenja Kimpel, Schluwa Sama , Ansar Jasim, Sultan Jalabi, Tr\u00eas militantes na neblina<\/p><\/div>\n\t\t\t\t\t\t\t<\/div>\n\t\t\t\t\t\t<\/div>\t\t\t<\/div>\n\t\t<\/div>\n\t\t\t\t\t\t<\/div>\n\t\t\t\t<\/div>\n\t\t\t\t<\/div>\n\t\t<div class=\"elementor-element elementor-element-81cb5e4 e-flex e-con-boxed e-con e-parent\" data-id=\"81cb5e4\" data-element_type=\"container\" data-e-type=\"container\" data-settings=\"{&quot;jet_parallax_layout_list&quot;:[]}\">\n\t\t\t\t\t<div class=\"e-con-inner\">\n\t\t\t\t<div class=\"elementor-element elementor-element-8315290 elementor-widget elementor-widget-spacer\" data-id=\"8315290\" data-element_type=\"widget\" data-e-type=\"widget\" data-widget_type=\"spacer.default\">\n\t\t\t\t<div class=\"elementor-widget-container\">\n\t\t\t\t\t\t\t<div class=\"elementor-spacer\">\n\t\t\t<div class=\"elementor-spacer-inner\"><\/div>\n\t\t<\/div>\n\t\t\t\t\t\t<\/div>\n\t\t\t\t<\/div>\n\t\t\t\t\t<\/div>\n\t\t\t\t<\/div>\n\t\t\t\t<\/div>","protected":false},"excerpt":{"rendered":"<p>WE ARE___________ WE ARE Alameda brings people and organisations together to build collective insight into emerging social transformations and their implications for political strategy ALAMEDA TEAM COMMITTEES ASSOCIATES CONTRIBUTORS Contributors are not members of Alameda&#8217;s network, but previously published work with the institute. Annika V\u00f6lkmann, Bruce Baigrie, \u010carna Brkovi\u0107, Dario Guarascio, Cecilia Rikap, Dylan Riley, [&hellip;]<\/p>\n","protected":false},"author":26,"featured_media":0,"parent":0,"menu_order":0,"comment_status":"closed","ping_status":"closed","template":"elementor_header_footer","meta":{"footnotes":""},"class_list":["post-26567","page","type-page","status-publish","hentry"],"_links":{"self":[{"href":"https:\/\/alameda.institute\/pt\/wp-json\/wp\/v2\/pages\/26567","targetHints":{"allow":["GET"]}}],"collection":[{"href":"https:\/\/alameda.institute\/pt\/wp-json\/wp\/v2\/pages"}],"about":[{"href":"https:\/\/alameda.institute\/pt\/wp-json\/wp\/v2\/types\/page"}],"author":[{"embeddable":true,"href":"https:\/\/alameda.institute\/pt\/wp-json\/wp\/v2\/users\/26"}],"replies":[{"embeddable":true,"href":"https:\/\/alameda.institute\/pt\/wp-json\/wp\/v2\/comments?post=26567"}],"version-history":[{"count":64,"href":"https:\/\/alameda.institute\/pt\/wp-json\/wp\/v2\/pages\/26567\/revisions"}],"predecessor-version":[{"id":30294,"href":"https:\/\/alameda.institute\/pt\/wp-json\/wp\/v2\/pages\/26567\/revisions\/30294"}],"wp:attachment":[{"href":"https:\/\/alameda.institute\/pt\/wp-json\/wp\/v2\/media?parent=26567"}],"curies":[{"name":"wp","href":"https:\/\/api.w.org\/{rel}","templated":true}]}}