{"id":27372,"date":"2026-04-15T22:02:57","date_gmt":"2026-04-15T22:02:57","guid":{"rendered":"https:\/\/alameda.institute\/?page_id=27372"},"modified":"2026-05-05T18:27:23","modified_gmt":"2026-05-05T18:27:23","slug":"caminhos-da-mudanca","status":"publish","type":"page","link":"https:\/\/alameda.institute\/pt\/pathways-of-change\/","title":{"rendered":"CAMINHOS DA MUDAN\u00c7A"},"content":{"rendered":"<div data-elementor-type=\"wp-page\" data-elementor-id=\"27372\" class=\"elementor elementor-27372\" data-elementor-post-type=\"page\">\n\t\t\t\t<div class=\"elementor-element elementor-element-db7527e e-con-full e-flex e-con e-child\" data-id=\"db7527e\" data-element_type=\"container\" data-e-type=\"container\" data-settings=\"{&quot;jet_parallax_layout_list&quot;:[]}\">\n\t\t\t\t<div class=\"elementor-element elementor-element-420aa44 elementor-widget elementor-widget-spacer\" data-id=\"420aa44\" data-element_type=\"widget\" data-e-type=\"widget\" data-widget_type=\"spacer.default\">\n\t\t\t\t<div class=\"elementor-widget-container\">\n\t\t\t\t\t\t\t<div class=\"elementor-spacer\">\n\t\t\t<div class=\"elementor-spacer-inner\"><\/div>\n\t\t<\/div>\n\t\t\t\t\t\t<\/div>\n\t\t\t\t<\/div>\n\t\t\t\t<div class=\"elementor-element elementor-element-9d47cb6 elementor-widget elementor-widget-jet-headline\" data-id=\"9d47cb6\" data-element_type=\"widget\" data-e-type=\"widget\" data-widget_type=\"jet-headline.default\">\n\t\t\t\t<div class=\"elementor-widget-container\">\n\t\t\t\t\t<h3 class=\"jet-headline jet-headline--direction-vertical\"><span class=\"jet-headline__part jet-headline__first\"><span class=\"jet-headline__label\">CAMINHOS DA MUDAN\u00c7A<\/span><\/span><span class=\"jet-headline__part jet-headline__second\"><span class=\"jet-headline__label\">________________________<\/span><\/span><\/h3>\t\t\t\t<\/div>\n\t\t\t\t<\/div>\n\t\t\t\t<\/div>\n\t\t<div class=\"elementor-element elementor-element-16cae22 e-con-full e-flex e-con e-parent\" data-id=\"16cae22\" data-element_type=\"container\" data-e-type=\"container\" data-settings=\"{&quot;background_background&quot;:&quot;classic&quot;,&quot;jet_parallax_layout_list&quot;:[]}\">\n\t\t<div class=\"elementor-element elementor-element-161783a e-flex e-con-boxed e-con e-child\" data-id=\"161783a\" data-element_type=\"container\" data-e-type=\"container\" data-settings=\"{&quot;jet_parallax_layout_list&quot;:[]}\">\n\t\t\t\t\t<div class=\"e-con-inner\">\n\t\t\t\t<div class=\"elementor-element elementor-element-3754744 elementor-widget elementor-widget-heading\" data-id=\"3754744\" data-element_type=\"widget\" data-e-type=\"widget\" data-widget_type=\"heading.default\">\n\t\t\t\t<div class=\"elementor-widget-container\">\n\t\t\t\t\t<h2 class=\"elementor-heading-title elementor-size-default\">Como a pesquisa pode contribuir para a mudan\u00e7a transformadora?<\/h2>\t\t\t\t<\/div>\n\t\t\t\t<\/div>\n\t\t\t\t<div class=\"elementor-element elementor-element-4e119db elementor-widget elementor-widget-text-editor\" data-id=\"4e119db\" data-element_type=\"widget\" data-e-type=\"widget\" data-widget_type=\"text-editor.default\">\n\t\t\t\t<div class=\"elementor-widget-container\">\n\t\t\t\t\t\t\t\t\t<p>Em vez de seguir uma \u2018teoria da mudan\u00e7a\u2019 linear, que pode limitar o trabalho ambicioso e transformador e refor\u00e7ar as estruturas de poder existentes, a Alameda adotou uma abordagem diferente.<\/p><p>Por meio de pesquisas e atividades relacionadas, a Alameda constr\u00f3i redes e nutre relacionamentos, al\u00e9m de disseminar evid\u00eancias e ideias para moldar debates, estrat\u00e9gias e pol\u00edticas. Acreditamos que a pesquisa engajada hoje em dia n\u00e3o se trata apenas de produzir conhecimento; ela tamb\u00e9m \u00e9 valiosa como meio de criar conex\u00f5es e formar culturas pol\u00edticas e morais que possam orientar estrat\u00e9gias de mudan\u00e7a social.<\/p><p>Assim, embora a pesquisa possa produzir percep\u00e7\u00f5es imediatas para informar pol\u00edticas e pr\u00e1ticas, seus efeitos sociais mais amplos, que podem expandir significativamente seu valor estrat\u00e9gico, geralmente levam mais tempo para se materializar.<\/p><p>Seu impacto se torna vis\u00edvel por meio das formas como redes, organiza\u00e7\u00f5es, infraestruturas e relacionamentos mudam e por meio da influ\u00eancia dessas mudan\u00e7as no discurso e na consci\u00eancia do p\u00fablico.<\/p><p>\u00c9 por isso que a Alameda busca a mudan\u00e7a por meio de v\u00e1rios caminhos, com \u00eanfase na experimenta\u00e7\u00e3o de novas ideias e m\u00e9todos. Isso nos mant\u00e9m receptivos aos contextos em mudan\u00e7a, abertos a novas percep\u00e7\u00f5es e informa\u00e7\u00f5es e dispostos a desafiar nossas pr\u00f3prias suposi\u00e7\u00f5es iniciais.<\/p><p>Em \u00faltima an\u00e1lise, mudar o mundo n\u00e3o \u00e9 um processo linear; requer organiza\u00e7\u00e3o coletiva e abertura \u00e0 conting\u00eancia.<\/p>\t\t\t\t\t\t\t\t<\/div>\n\t\t\t\t<\/div>\n\t\t\t\t\t<\/div>\n\t\t\t\t<\/div>\n\t\t\t\t<\/div>\n\t\t<div class=\"elementor-element elementor-element-b24faff e-flex e-con-boxed e-con e-parent\" data-id=\"b24faff\" data-element_type=\"container\" data-e-type=\"container\" data-settings=\"{&quot;jet_parallax_layout_list&quot;:[]}\">\n\t\t\t\t\t<div class=\"e-con-inner\">\n\t\t\t\t<div class=\"elementor-element elementor-element-f2ea6b2 elementor-widget elementor-widget-spacer\" data-id=\"f2ea6b2\" data-element_type=\"widget\" data-e-type=\"widget\" data-widget_type=\"spacer.default\">\n\t\t\t\t<div class=\"elementor-widget-container\">\n\t\t\t\t\t\t\t<div class=\"elementor-spacer\">\n\t\t\t<div class=\"elementor-spacer-inner\"><\/div>\n\t\t<\/div>\n\t\t\t\t\t\t<\/div>\n\t\t\t\t<\/div>\n\t\t\t\t\t<\/div>\n\t\t\t\t<\/div>\n\t\t<div class=\"elementor-element elementor-element-d4d57c9 e-flex e-con-boxed e-con e-parent\" data-id=\"d4d57c9\" data-element_type=\"container\" data-e-type=\"container\" data-settings=\"{&quot;jet_parallax_layout_list&quot;:[]}\">\n\t\t\t\t\t<div class=\"e-con-inner\">\n\t\t\t\t<div class=\"elementor-element elementor-element-7ff6a1e elementor-widget elementor-widget-video\" data-id=\"7ff6a1e\" data-element_type=\"widget\" data-e-type=\"widget\" data-settings=\"{&quot;video_type&quot;:&quot;hosted&quot;,&quot;show_image_overlay&quot;:&quot;yes&quot;,&quot;image_overlay&quot;:{&quot;url&quot;:&quot;https:\\\/\\\/alameda.institute\\\/wp-content\\\/uploads\\\/2026\\\/05\\\/Diagram-Pathways-of-Change-4.png&quot;,&quot;id&quot;:30495,&quot;size&quot;:&quot;&quot;,&quot;alt&quot;:&quot;&quot;,&quot;source&quot;:&quot;library&quot;},&quot;controls&quot;:&quot;yes&quot;}\" data-widget_type=\"video.default\">\n\t\t\t\t<div class=\"elementor-widget-container\">\n\t\t\t\t\t\t\t<div class=\"e-hosted-video elementor-wrapper elementor-open-inline\">\n\t\t\t\t\t<video class=\"elementor-video\" src=\"https:\/\/alameda.institute\/wp-content\/uploads\/2026\/05\/Diagram-Pathways-of-Change.mp4\" controls=\"\" preload=\"metadata\" controlslist=\"nodownload\"><\/video>\n\t\t\t\t\t\t<div class=\"elementor-custom-embed-image-overlay lazyload\" style=\"background-image:inherit;\" data-bg-image=\"url(https:\/\/alameda.institute\/wp-content\/smush-webp\/2026\/05\/Diagram-Pathways-of-Change-4.jpg.webp)\">\n\t\t\t\t\t\t\t\t\t\t\t\t\t\t\t\t<div class=\"elementor-custom-embed-play\" role=\"button\" aria-label=\"Reproduzir v\u00eddeo\" tabindex=\"0\">\n\t\t\t\t\t\t\t<i aria-hidden=\"true\" class=\"eicon-play\"><\/i>\t\t\t\t\t\t<\/div>\n\t\t\t\t\t\t\t\t\t<\/div>\n\t\t\t\t\t<\/div>\n\t\t\t\t\t\t<\/div>\n\t\t\t\t<\/div>\n\t\t\t\t\t<\/div>\n\t\t\t\t<\/div>\n\t\t<div class=\"elementor-element elementor-element-dcc694d e-flex e-con-boxed e-con e-parent\" data-id=\"dcc694d\" data-element_type=\"container\" data-e-type=\"container\" data-settings=\"{&quot;jet_parallax_layout_list&quot;:[]}\">\n\t\t\t\t\t<div class=\"e-con-inner\">\n\t\t\t\t<div class=\"elementor-element elementor-element-bc7b42e elementor-widget elementor-widget-spacer\" data-id=\"bc7b42e\" data-element_type=\"widget\" data-e-type=\"widget\" data-widget_type=\"spacer.default\">\n\t\t\t\t<div class=\"elementor-widget-container\">\n\t\t\t\t\t\t\t<div class=\"elementor-spacer\">\n\t\t\t<div class=\"elementor-spacer-inner\"><\/div>\n\t\t<\/div>\n\t\t\t\t\t\t<\/div>\n\t\t\t\t<\/div>\n\t\t\t\t\t<\/div>\n\t\t\t\t<\/div>\n\t\t\t\t<\/div>","protected":false},"excerpt":{"rendered":"<p>PATHWAYS OF CHANGE________________________ How can research contribute to transformative change? Rather than following a linear \u2018theory of change\u2019, which can limit ambitious, transformative work and reinforce existing power structures, Alameda has adopted a different approach. Through research and related activities, Alameda builds networks and nurtures relationships, while also disseminating evidence and ideas to shape debates, [&hellip;]<\/p>\n","protected":false},"author":26,"featured_media":0,"parent":0,"menu_order":0,"comment_status":"closed","ping_status":"closed","template":"elementor_header_footer","meta":{"footnotes":""},"class_list":["post-27372","page","type-page","status-publish","hentry"],"_links":{"self":[{"href":"https:\/\/alameda.institute\/pt\/wp-json\/wp\/v2\/pages\/27372","targetHints":{"allow":["GET"]}}],"collection":[{"href":"https:\/\/alameda.institute\/pt\/wp-json\/wp\/v2\/pages"}],"about":[{"href":"https:\/\/alameda.institute\/pt\/wp-json\/wp\/v2\/types\/page"}],"author":[{"embeddable":true,"href":"https:\/\/alameda.institute\/pt\/wp-json\/wp\/v2\/users\/26"}],"replies":[{"embeddable":true,"href":"https:\/\/alameda.institute\/pt\/wp-json\/wp\/v2\/comments?post=27372"}],"version-history":[{"count":37,"href":"https:\/\/alameda.institute\/pt\/wp-json\/wp\/v2\/pages\/27372\/revisions"}],"predecessor-version":[{"id":30498,"href":"https:\/\/alameda.institute\/pt\/wp-json\/wp\/v2\/pages\/27372\/revisions\/30498"}],"wp:attachment":[{"href":"https:\/\/alameda.institute\/pt\/wp-json\/wp\/v2\/media?parent=27372"}],"curies":[{"name":"wp","href":"https:\/\/api.w.org\/{rel}","templated":true}]}}