{"id":3,"date":"2023-01-27T10:02:22","date_gmt":"2023-01-27T10:02:22","guid":{"rendered":"https:\/\/alameda.institute\/?page_id=3"},"modified":"2024-09-30T12:28:39","modified_gmt":"2024-09-30T12:28:39","slug":"politica-de-privacidade","status":"publish","type":"page","link":"https:\/\/alameda.institute\/pt\/privacy-policy\/","title":{"rendered":"Politica de Privacidade"},"content":{"rendered":"<div data-elementor-type=\"wp-page\" data-elementor-id=\"3\" class=\"elementor elementor-3\" data-elementor-post-type=\"page\">\n\t\t\t\t<div class=\"elementor-element elementor-element-3646ee76 e-flex e-con-boxed e-con e-parent\" data-id=\"3646ee76\" data-element_type=\"container\" data-e-type=\"container\" data-settings=\"{&quot;jet_parallax_layout_list&quot;:[]}\">\n\t\t\t\t\t<div class=\"e-con-inner\">\n\t\t\t\t<div class=\"elementor-element elementor-element-2f05220 elementor-widget elementor-widget-heading\" data-id=\"2f05220\" data-element_type=\"widget\" data-e-type=\"widget\" data-widget_type=\"heading.default\">\n\t\t\t\t<div class=\"elementor-widget-container\">\n\t\t\t\t\t<h2 class=\"elementor-heading-title elementor-size-default\">POL\u00cdTICA DE PRIVACIDADE (EN)<\/h2>\t\t\t\t<\/div>\n\t\t\t\t<\/div>\n\t\t\t\t<div class=\"elementor-element elementor-element-4fff61cf elementor-widget elementor-widget-text-editor\" data-id=\"4fff61cf\" data-element_type=\"widget\" data-e-type=\"widget\" data-widget_type=\"text-editor.default\">\n\t\t\t\t<div class=\"elementor-widget-container\">\n\t\t\t\t\t\t\t\t\t<p><\/p>\n<p>\u00daltima atualiza\u00e7\u00e3o: 20.11.2023<\/p>\n<p><\/p>\n<p><\/p>\n<p>Esta Pol\u00edtica de Privacidade descreve as pol\u00edticas do Alameda, e-mail: web(a)alameda.institute, de uso e divulga\u00e7\u00e3o de suas informa\u00e7\u00f5es que coletamos quando voc\u00ea usa nosso site (https:\/\/alameda.institute). Ao acessar ou usar nosso site, voc\u00ea concorda com a coleta, o uso e a divulga\u00e7\u00e3o de suas informa\u00e7\u00f5es de acordo com esta Pol\u00edtica de Privacidade.<\/p>\n<p><\/p>\n<p><\/p>\n<p>Podemos modificar esta Pol\u00edtica de Privacidade a qualquer momento, sem aviso pr\u00e9vio, e publicaremos a Pol\u00edtica de Privacidade revisada no Servi\u00e7o. A Pol\u00edtica revisada entrar\u00e1 em vigor 180 dias ap\u00f3s a publica\u00e7\u00e3o da Pol\u00edtica revisada no Servi\u00e7o, e seu acesso ou uso cont\u00ednuo do Servi\u00e7o ap\u00f3s esse per\u00edodo constituir\u00e1 sua aceita\u00e7\u00e3o da Pol\u00edtica de Privacidade revisada. Portanto, recomendamos que voc\u00ea revise periodicamente esta p\u00e1gina.<\/p>\n<p><\/p>\n<p><\/p>\n<p>Informa\u00e7\u00f5es que coletamos:<br \/>Coletaremos e processaremos as seguintes informa\u00e7\u00f5es pessoais sobre voc\u00ea:<\/p>\n<p><\/p>\n<p><\/p>\n<ul class=\"wp-block-list\">\n<li style=\"list-style-type: none;\">\n<ul><\/ul>\n<\/li>\n<\/ul>\n<ul>\n<li style=\"list-style-type: none;\">\n<ul>\n<li>Nome<\/li>\n<li>E-mail<\/li>\n<li>Organiza\u00e7\u00e3o \/ Institui\u00e7\u00e3o<\/li>\n<li>Idioma<\/li>\n<\/ul>\n<\/li>\n<\/ul>\n<p><\/p>\n<p><\/p>\n<p><\/p>\n<p><\/p>\n<p><\/p>\n<p>Se voc\u00ea estiver se candidatando a uma vaga, tamb\u00e9m coletaremos:<\/p>\n<ul>\n<li>Data de nascimento<\/li>\n<li>N\u00famero de telefone<\/li>\n<li>G\u00eanero<\/li>\n<li>Pa\u00eds de cidadania<\/li>\n<li>Pa\u00eds de resid\u00eancia<\/li>\n<li>Carta de apresenta\u00e7\u00e3o<\/li>\n<li>CV<\/li>\n<li>Carta de recomenda\u00e7\u00e3o<\/li>\n<\/ul>\n<p>Como usamos suas informa\u00e7\u00f5es:<br \/>Usaremos as informa\u00e7\u00f5es que coletamos sobre voc\u00ea para fins de comunica\u00e7\u00e3o e avalia\u00e7\u00e3o.<\/p>\n<p><\/p>\n<p><\/p>\n<p>Se quisermos usar suas informa\u00e7\u00f5es para qualquer outra finalidade, solicitaremos seu consentimento e usaremos suas informa\u00e7\u00f5es somente ap\u00f3s recebermos seu consentimento e, ent\u00e3o, somente para a(s) finalidade(s) para a(s) qual(is) concedemos o consentimento, a menos que sejamos obrigados a fazer o contr\u00e1rio por lei.<\/p>\n<p><\/p>\n<p><\/p>\n<p>Reten\u00e7\u00e3o de suas informa\u00e7\u00f5es:<br \/>Reteremos suas informa\u00e7\u00f5es pessoais conosco por 90 dias a 2 anos, enquanto precisarmos delas para cumprir as finalidades para as quais foram coletadas, conforme detalhado nesta Pol\u00edtica de Privacidade. Talvez precisemos reter determinadas informa\u00e7\u00f5es por per\u00edodos mais longos, como manuten\u00e7\u00e3o de registros\/relat\u00f3rios de acordo com a legisla\u00e7\u00e3o aplic\u00e1vel ou por outros motivos leg\u00edtimos, como aplica\u00e7\u00e3o de direitos legais, preven\u00e7\u00e3o de fraudes etc. Informa\u00e7\u00f5es an\u00f4nimas residuais e informa\u00e7\u00f5es agregadas, nenhuma das quais o identifica (direta ou indiretamente), podem ser armazenadas indefinidamente.<\/p>\n<p><\/p>\n<p><\/p>\n<p>Seus direitos:<br \/>Voc\u00ea tem o direito de acessar e retificar ou apagar seus dados pessoais ou de receber uma c\u00f3pia de seus dados pessoais, restringir ou se opor ao processamento ativo de seus dados, solicitar o compartilhamento (portabilidade) de suas informa\u00e7\u00f5es pessoais para outra entidade, retirar qualquer consentimento que nos tenha fornecido para o processamento de seus dados, o direito de apresentar uma reclama\u00e7\u00e3o a uma autoridade legal e outros direitos que possam ser relevantes de acordo com as leis aplic\u00e1veis. Para exercer esses direitos, voc\u00ea pode nos escrever em web(a)alameda.institute. Responderemos \u00e0 sua solicita\u00e7\u00e3o de acordo com a legisla\u00e7\u00e3o aplic\u00e1vel.<\/p>\n<p><\/p>\n<p><\/p>\n<p>Voc\u00ea pode optar por n\u00e3o receber comunica\u00e7\u00f5es diretas ou a defini\u00e7\u00e3o de perfis que realizamos para fins de marketing escrevendo para web(a)alameda.institute ou clicando no bot\u00e3o de cancelamento de inscri\u00e7\u00e3o abaixo dos e-mails.<\/p>\n<p><\/p>\n<p><\/p>\n<p>Observe que, se voc\u00ea n\u00e3o nos permitir coletar ou processar as informa\u00e7\u00f5es pessoais necess\u00e1rias ou retirar o consentimento para process\u00e1-las para os fins exigidos, talvez n\u00e3o consiga acessar ou usar os servi\u00e7os para os quais suas informa\u00e7\u00f5es foram solicitadas.<\/p>\n<p><\/p>\n<p><\/p>\n<p><\/p>\n<p><\/p>\n<p>Seguran\u00e7a:<br \/>A seguran\u00e7a de suas informa\u00e7\u00f5es \u00e9 importante para n\u00f3s e usaremos medidas de seguran\u00e7a razo\u00e1veis para evitar a perda, o uso indevido ou a altera\u00e7\u00e3o n\u00e3o autorizada de suas informa\u00e7\u00f5es sob nosso controle. Entretanto, dados os riscos inerentes, n\u00e3o podemos garantir seguran\u00e7a absoluta e, consequentemente, n\u00e3o podemos assegurar ou garantir a seguran\u00e7a de qualquer informa\u00e7\u00e3o que voc\u00ea nos transmita, e voc\u00ea o faz por sua pr\u00f3pria conta e risco.<\/p>\n<p><\/p>\n<p><\/p>\n<p>Diretor de reclama\u00e7\u00f5es \/ prote\u00e7\u00e3o de dados:<br \/>Se tiver alguma d\u00favida ou preocupa\u00e7\u00e3o sobre o processamento de suas informa\u00e7\u00f5es que est\u00e3o dispon\u00edveis conosco, envie um e-mail para nosso Diretor de Reclama\u00e7\u00f5es no Alameda Institute, web(a)alameda.institute. Trataremos de suas preocupa\u00e7\u00f5es de acordo com a legisla\u00e7\u00e3o aplic\u00e1vel.<\/p>\n<p><\/p>\t\t\t\t\t\t\t\t<\/div>\n\t\t\t\t<\/div>\n\t\t\t\t\t<\/div>\n\t\t\t\t<\/div>\n\t\t\t\t<\/div>","protected":false},"excerpt":{"rendered":"<p>PRIVACY POLICY Last Updated: 20.11.2023 This Privacy Policy describes the policies of Alameda, email: web(a)alameda.institute, use and disclosure of your information that we collect when you use our website (https:\/\/alameda.institute). By accessing or using our website, you are consenting to the collection, use and disclosure of your information in accordance with this Privacy Policy. We [&hellip;]<\/p>\n","protected":false},"author":1,"featured_media":0,"parent":0,"menu_order":0,"comment_status":"closed","ping_status":"closed","template":"elementor_header_footer","meta":{"footnotes":""},"class_list":["post-3","page","type-page","status-publish","hentry"],"_links":{"self":[{"href":"https:\/\/alameda.institute\/pt\/wp-json\/wp\/v2\/pages\/3","targetHints":{"allow":["GET"]}}],"collection":[{"href":"https:\/\/alameda.institute\/pt\/wp-json\/wp\/v2\/pages"}],"about":[{"href":"https:\/\/alameda.institute\/pt\/wp-json\/wp\/v2\/types\/page"}],"author":[{"embeddable":true,"href":"https:\/\/alameda.institute\/pt\/wp-json\/wp\/v2\/users\/1"}],"replies":[{"embeddable":true,"href":"https:\/\/alameda.institute\/pt\/wp-json\/wp\/v2\/comments?post=3"}],"version-history":[{"count":7,"href":"https:\/\/alameda.institute\/pt\/wp-json\/wp\/v2\/pages\/3\/revisions"}],"predecessor-version":[{"id":9521,"href":"https:\/\/alameda.institute\/pt\/wp-json\/wp\/v2\/pages\/3\/revisions\/9521"}],"wp:attachment":[{"href":"https:\/\/alameda.institute\/pt\/wp-json\/wp\/v2\/media?parent=3"}],"curies":[{"name":"wp","href":"https:\/\/api.w.org\/{rel}","templated":true}]}}