{"id":5955,"date":"2024-06-03T16:31:33","date_gmt":"2024-06-03T16:31:33","guid":{"rendered":"https:\/\/alameda.institute\/?page_id=5955"},"modified":"2025-01-13T22:04:32","modified_gmt":"2025-01-13T22:04:32","slug":"diretrizes-da-marca","status":"publish","type":"page","link":"https:\/\/alameda.institute\/pt\/publishing\/brand-guidelines\/","title":{"rendered":"DIRETRIZES DA MARCA"},"content":{"rendered":"<div data-elementor-type=\"wp-page\" data-elementor-id=\"5955\" class=\"elementor elementor-5955\" data-elementor-post-type=\"page\">\n\t\t\t\t<div class=\"elementor-element elementor-element-22a44f1 e-flex e-con-boxed e-con e-parent\" data-id=\"22a44f1\" data-element_type=\"container\" data-e-type=\"container\" data-settings=\"{&quot;jet_parallax_layout_list&quot;:[]}\">\n\t\t\t\t\t<div class=\"e-con-inner\">\n\t\t\t\t<div class=\"elementor-element elementor-element-1e557ef elementor-widget elementor-widget-jet-headline\" data-id=\"1e557ef\" data-element_type=\"widget\" data-e-type=\"widget\" data-widget_type=\"jet-headline.default\">\n\t\t\t\t<div class=\"elementor-widget-container\">\n\t\t\t\t\t<h2 class=\"jet-headline jet-headline--direction-vertical\"><span class=\"jet-headline__part jet-headline__first\"><span class=\"jet-headline__label\">DIRETRIZES DA MARCA<\/span><\/span><span class=\"jet-headline__part jet-headline__second\"><span class=\"jet-headline__label\">_________________<\/span><\/span><\/h2>\t\t\t\t<\/div>\n\t\t\t\t<\/div>\n\t\t\t\t<div class=\"elementor-element elementor-element-f5a24f8 elementor-widget__width-initial elementor-widget elementor-widget-image\" data-id=\"f5a24f8\" data-element_type=\"widget\" data-e-type=\"widget\" data-widget_type=\"image.default\">\n\t\t\t\t<div class=\"elementor-widget-container\">\n\t\t\t\t\t\t\t\t\t\t\t\t\t\t\t<img fetchpriority=\"high\" decoding=\"async\" width=\"2560\" height=\"1432\" src=\"https:\/\/alameda.institute\/wp-content\/smush-webp\/2024\/06\/Alameda-brand-guidelines-cover-min.jpg.webp\" class=\"attachment-full size-full wp-image-5958\" alt=\"\" srcset=\"https:\/\/alameda.institute\/wp-content\/smush-webp\/2024\/06\/Alameda-brand-guidelines-cover-min.jpg.webp 2560w, https:\/\/alameda.institute\/wp-content\/smush-webp\/2024\/06\/Alameda-brand-guidelines-cover-min-300x168.jpg.webp 300w, https:\/\/alameda.institute\/wp-content\/smush-webp\/2024\/06\/Alameda-brand-guidelines-cover-min-1024x573.jpg.webp 1024w, https:\/\/alameda.institute\/wp-content\/smush-webp\/2024\/06\/Alameda-brand-guidelines-cover-min-768x430.jpg.webp 768w, https:\/\/alameda.institute\/wp-content\/smush-webp\/2024\/06\/Alameda-brand-guidelines-cover-min-1536x859.jpg.webp 1536w, https:\/\/alameda.institute\/wp-content\/smush-webp\/2024\/06\/Alameda-brand-guidelines-cover-min-2048x1146.jpg.webp 2048w, https:\/\/alameda.institute\/wp-content\/smush-webp\/2024\/06\/Alameda-brand-guidelines-cover-min-18x10.jpg.webp 18w, https:\/\/alameda.institute\/wp-content\/smush-webp\/2024\/06\/Alameda-brand-guidelines-cover-min-150x85.jpg.webp 150w, https:\/\/alameda.institute\/wp-content\/smush-webp\/2024\/06\/Alameda-brand-guidelines-cover-min-600x336.jpg.webp 600w\" sizes=\"(max-width: 2560px) 100vw, 2560px\" \/>\t\t\t\t\t\t\t\t\t\t\t\t\t\t\t<\/div>\n\t\t\t\t<\/div>\n\t\t\t\t<div class=\"elementor-element elementor-element-41a7592 elementor-align-justify elementor-widget__width-initial elementor-widget elementor-widget-jet-download-button\" data-id=\"41a7592\" data-element_type=\"widget\" data-e-type=\"widget\" data-widget_type=\"jet-download-button.default\">\n\t\t\t\t<div class=\"elementor-widget-container\">\n\t\t\t\t\t<div class=\"elementor-jet-download-button jet-elements\"><a class=\"elementor-button elementor-size-md jet-download jet-download-icon-position-left\" data-e-disable-page-transition=\"true\" href=\"https:\/\/alameda.institute\/pt\/?jet_download=3504fec356c00b65dca605f27d490fc58a867f0d\" ><span class=\"jet-download__text\"><span class=\"jet-download__label\">Acesse as Diretrizes da marca<\/span><span class=\"jet-download__file-name\"><\/span><small class=\"jet-download__sub-label\"><\/small><\/span><\/a>\n<\/div>\t\t\t\t<\/div>\n\t\t\t\t<\/div>\n\t\t\t\t<div class=\"elementor-element elementor-element-5ce02e7 elementor-align-justify elementor-widget__width-initial elementor-widget elementor-widget-jet-download-button\" data-id=\"5ce02e7\" data-element_type=\"widget\" data-e-type=\"widget\" data-widget_type=\"jet-download-button.default\">\n\t\t\t\t<div class=\"elementor-widget-container\">\n\t\t\t\t\t<div class=\"elementor-jet-download-button jet-elements\"><a class=\"elementor-button elementor-size-md jet-download jet-download-icon-position-left\" data-e-disable-page-transition=\"true\" href=\"https:\/\/alameda.institute\/pt\/?jet_download=77c8e3de780f3df0736afb8edf684f18abe65848\" ><span class=\"jet-download__text\"><span class=\"jet-download__label\">Fa\u00e7a o download dos recursos da marca<\/span><span class=\"jet-download__file-name\"><\/span><small class=\"jet-download__sub-label\"><\/small><\/span><\/a>\n<\/div>\t\t\t\t<\/div>\n\t\t\t\t<\/div>\n\t\t\t\t<div class=\"elementor-element elementor-element-a71b5bf elementor-widget elementor-widget-spacer\" data-id=\"a71b5bf\" data-element_type=\"widget\" data-e-type=\"widget\" data-widget_type=\"spacer.default\">\n\t\t\t\t<div class=\"elementor-widget-container\">\n\t\t\t\t\t\t\t<div class=\"elementor-spacer\">\n\t\t\t<div class=\"elementor-spacer-inner\"><\/div>\n\t\t<\/div>\n\t\t\t\t\t\t<\/div>\n\t\t\t\t<\/div>\n\t\t\t\t<div class=\"elementor-element elementor-element-9c24cf0 elementor-widget elementor-widget-heading\" data-id=\"9c24cf0\" data-element_type=\"widget\" data-e-type=\"widget\" data-widget_type=\"heading.default\">\n\t\t\t\t<div class=\"elementor-widget-container\">\n\t\t\t\t\t<h2 class=\"elementor-heading-title elementor-size-default\">Os links para nossas contas de m\u00eddia social est\u00e3o dispon\u00edveis no rodap\u00e9 desta p\u00e1gina.<\/h2>\t\t\t\t<\/div>\n\t\t\t\t<\/div>\n\t\t\t\t\t<\/div>\n\t\t\t\t<\/div>\n\t\t\t\t<\/div>","protected":false},"excerpt":{"rendered":"<p>Diretrizes da marca_________________ acesse as Diretrizes da marca Fa\u00e7a o download dos Recursos da marca Os links para nossas contas de m\u00eddia social est\u00e3o dispon\u00edveis no rodap\u00e9 desta p\u00e1gina.<\/p>","protected":false},"author":1,"featured_media":0,"parent":480,"menu_order":0,"comment_status":"closed","ping_status":"closed","template":"","meta":{"footnotes":""},"class_list":["post-5955","page","type-page","status-publish","hentry"],"_links":{"self":[{"href":"https:\/\/alameda.institute\/pt\/wp-json\/wp\/v2\/pages\/5955","targetHints":{"allow":["GET"]}}],"collection":[{"href":"https:\/\/alameda.institute\/pt\/wp-json\/wp\/v2\/pages"}],"about":[{"href":"https:\/\/alameda.institute\/pt\/wp-json\/wp\/v2\/types\/page"}],"author":[{"embeddable":true,"href":"https:\/\/alameda.institute\/pt\/wp-json\/wp\/v2\/users\/1"}],"replies":[{"embeddable":true,"href":"https:\/\/alameda.institute\/pt\/wp-json\/wp\/v2\/comments?post=5955"}],"version-history":[{"count":28,"href":"https:\/\/alameda.institute\/pt\/wp-json\/wp\/v2\/pages\/5955\/revisions"}],"predecessor-version":[{"id":9764,"href":"https:\/\/alameda.institute\/pt\/wp-json\/wp\/v2\/pages\/5955\/revisions\/9764"}],"up":[{"embeddable":true,"href":"https:\/\/alameda.institute\/pt\/wp-json\/wp\/v2\/pages\/480"}],"wp:attachment":[{"href":"https:\/\/alameda.institute\/pt\/wp-json\/wp\/v2\/media?parent=5955"}],"curies":[{"name":"wp","href":"https:\/\/api.w.org\/{rel}","templated":true}]}}