{"id":954,"date":"2023-03-31T10:02:00","date_gmt":"2023-03-31T10:02:00","guid":{"rendered":"https:\/\/alameda.institute\/?page_id=954"},"modified":"2023-07-31T08:54:54","modified_gmt":"2023-07-31T08:54:54","slug":"prazo-de-gestao","status":"publish","type":"page","link":"https:\/\/alameda.institute\/pt\/prazo-de-gestao\/","title":{"rendered":"Termos de compromisso para afiliados"},"content":{"rendered":"<p><\/p>\n\n\n\n<p><strong>Termos de compromisso para afiliados<\/strong><strong><br><\/strong><\/p>\n\n\n\n<p><em>1. Defini\u00e7\u00e3o de afiliado<\/em><br><br>Um \u2018afiliado\u2019 \u00e9 definido como algu\u00e9m que se tornou parte da Alameda ao firmar uma parceria formal, estabelecida por meio de um Memorando de Entendimento, e que, portanto, tem o direito de participar dos processos de sele\u00e7\u00e3o c\u00edclicos internos que escolhem projetos de pesquisa para financiamento direto.<br><\/p>\n\n\n\n<p>2. <em>Responsabilidades<\/em><br><br>Espera-se que todo afiliado contribua ativamente para a Alameda e para sua rede de afiliados das seguintes maneiras:<\/p>\n\n\n\n<p><br>(1) Promover o nome da Alameda em publica\u00e7\u00f5es relevantes e apari\u00e7\u00f5es p\u00fablicas;<br><br>(2) Produzir regularmente um resumo atualizado da pesquisa e das informa\u00e7\u00f5es biogr\u00e1ficas, a ser compartilhado por meio do boletim informativo e do site da Alameda;<\/p>\n\n\n\n<p>(3) Participar de atividades organizadas pela Alameda para promover a integra\u00e7\u00e3o e a interlocu\u00e7\u00e3o entre os afiliados;<br><br>(4) Participar de atividades internas organizadas pela Alameda em parceria com seus colaboradores pol\u00edticos, nas quais as organiza\u00e7\u00f5es relatam suas diferentes experi\u00eancias pol\u00edticas;<br><br>(5) Participar de atividades organizadas pela Alameda em parceria com outras organiza\u00e7\u00f5es, como workshops, semin\u00e1rios e apresenta\u00e7\u00f5es de pesquisas;<br><br>(6) Contribuir para as publica\u00e7\u00f5es internas da Alameda - como dossi\u00eas, podcasts, entrevistas em seu canal do YouTube, etc. - e participar dos eventos p\u00fablicos e fechados nos quais essas publica\u00e7\u00f5es s\u00e3o debatidas;<br><br>(7) Prestar ajuda ocasional a outros afiliados que precisem de orienta\u00e7\u00e3o e aconselhamento intelectual;<\/p>\n\n\n\n<p>Propor um projeto de pesquisa para poss\u00edvel financiamento n\u00e3o \u00e9 um requisito necess\u00e1rio para os afiliados, assim como ser um afiliado, embora seja uma condi\u00e7\u00e3o para se tornar um bolsista de pesquisa, n\u00e3o garante que um projeto proposto seja eventualmente selecionado.<br><\/p>\n\n\n\n<p><em>3. Prazo de afilia\u00e7\u00e3o<\/em><br><br>A avalia\u00e7\u00e3o do cumprimento desses compromissos deve ser feita caso a caso pela equipe de coordena\u00e7\u00e3o da Alameda, considerando o contexto particular de cada afiliado, que muitas vezes pesa sobre sua disponibilidade para se envolver com a rede da Alameda e suas diversas atividades. Se um afiliado for considerado excessivamente inativo, sem raz\u00f5es contextuais que o justifiquem, sua parceria com o instituto ser\u00e1 encerrada.<br><br>A afilia\u00e7\u00e3o \u00e0 Alameda \u00e9 v\u00e1lida por um ano. Ap\u00f3s esse per\u00edodo, \u00e9 poss\u00edvel que o comit\u00ea da Alameda ofere\u00e7a ao afiliado uma renova\u00e7\u00e3o para outro ciclo anual. Nos casos em que o afiliado tenha um projeto sendo financiado pela Alameda, ou em parceria com ela, a parceria de afilia\u00e7\u00e3o \u00e9 prorrogada automaticamente pela dura\u00e7\u00e3o do projeto financiado.<br><br>Se alguma acusa\u00e7\u00e3o de m\u00e1 conduta for levantada contra um afiliado, o assunto ser\u00e1 analisado pelo secretariado da Alameda e, se necess\u00e1rio, levado ao conselho da Alameda para uma decis\u00e3o sobre a poss\u00edvel remo\u00e7\u00e3o da rede e a interrup\u00e7\u00e3o de projetos em andamento. O c\u00f3digo de conduta da Alameda est\u00e1 dispon\u00edvel em seu site.<\/p>\n\n\n\n<p><br><em>4. O papel da Alameda<\/em><br><br>A Alameda garante a seus afiliados a oportunidade de enviar propostas de pesquisa para financiamento durante suas chamadas c\u00edclicas para projetos (CFP). Al\u00e9m das oportunidades de financiamento direto, os afiliados podem contar com a Alameda:<br><\/p>\n\n\n\n<p>(1) Fornecer regularmente informa\u00e7\u00f5es sobre as atividades atuais e futuras do instituto;<br><br>(2) Buscar ativamente, em nome do afiliado, oportunidades remuneradas de publica\u00e7\u00e3o de seu trabalho;<\/p>\n\n\n\n<p>(3) Buscar ativamente oportunidades de financiamento indireto para projetos de pesquisa para a afiliada, por meio de parcerias com outras institui\u00e7\u00f5es de financiamento;<\/p>\n\n\n\n<p><br>(4) Oferecer servi\u00e7os editoriais aos afiliados que precisam de ajuda para escrever e desenvolver ideias;<br><br>(5) Coordenar regularmente reuni\u00f5es e eventos dedicados a encontrar pontos de sinergia entre os membros da rede de afiliados;<\/p>\n\n\n\n<p><br>(6) Coordenar reuni\u00f5es e eventos regulares dedicados a apresentar e debater a experi\u00eancia de diferentes organiza\u00e7\u00f5es pol\u00edticas que est\u00e3o colaborando com a Alameda;<br><br>(7) Oferecer espa\u00e7o em suas plataformas de m\u00eddia para promover o trabalho dos afiliados - por meio de m\u00eddias sociais, entrevistas, podcasts, lan\u00e7amentos de livros, etc;<\/p>\n\n\n\n<p><em>5. Financeiro <br><\/em><br>O Memorando de Entendimento que formaliza o envolvimento do afiliado com a Alameda n\u00e3o inclui quaisquer transi\u00e7\u00f5es financeiras. As atribui\u00e7\u00f5es de publica\u00e7\u00e3o paga intermediadas pela Alameda com outros canais de m\u00eddia estabelecer\u00e3o seus pr\u00f3prios acordos contratuais separados com as afiliadas.\u00a0<\/p>\n\n\n\n<p>O compromisso do afiliado com as responsabilidades listadas na se\u00e7\u00e3o 2 deste documento garante, em troca, acesso aos benef\u00edcios oferecidos pela Alameda e listados na se\u00e7\u00e3o 4. Isso inclui a possibilidade de propor projetos para financiamento em uma das tr\u00eas categorias:<br><br>Projetos de n\u00edvel A: Projetos emblem\u00e1ticos com dura\u00e7\u00e3o entre um e tr\u00eas anos, com subs\u00eddios que variam entre \u00a320.000 e \u00a3120.000. As chamadas para propostas de projetos de N\u00edvel A s\u00e3o abertas em ciclos fixos.<\/p>\n\n\n\n<p><em><br><\/em>N\u00edvel B<strong> <\/strong>Projetos: Projetos de grande escala com dura\u00e7\u00e3o entre meio e um ano, com subs\u00eddios que variam entre \u00a35.000 e \u00a320.000. As chamadas para propostas de projetos de N\u00edvel B s\u00e3o abertas em ciclos fixos.<br><br>Projetos de n\u00edvel C: Pequenos projetos de curto prazo, com subs\u00eddios que variam entre \u00a3500 e \u00a35.000. Eles podem ser propostos a qualquer momento para a Alameda.<\/p>\n\n\n\n<p><br>Os afiliados podem solicitar financiamento seguindo o protocolo apropriado para propostas e solicita\u00e7\u00f5es. Quando um projeto for selecionado para financiamento, um contrato separado ser\u00e1 estabelecido, descrevendo os termos desse projeto de pesquisa espec\u00edfico.<\/p>","protected":false},"excerpt":{"rendered":"<p>Terms of Engagement for Affiliates 1. Definition of affiliate An &#8216;affiliate&#8217; is defined as someone who has become a part of Alameda by entering into a formal partnership, established through a Memorandum of Understanding, and who thereby becomes entitled to participate in the in-house cyclical selection processes that chooses research projects for direct funding. 2. [&hellip;]<\/p>\n","protected":false},"author":1,"featured_media":0,"parent":0,"menu_order":0,"comment_status":"closed","ping_status":"closed","template":"elementor_theme","meta":{"footnotes":""},"class_list":["post-954","page","type-page","status-publish","hentry"],"_links":{"self":[{"href":"https:\/\/alameda.institute\/pt\/wp-json\/wp\/v2\/pages\/954","targetHints":{"allow":["GET"]}}],"collection":[{"href":"https:\/\/alameda.institute\/pt\/wp-json\/wp\/v2\/pages"}],"about":[{"href":"https:\/\/alameda.institute\/pt\/wp-json\/wp\/v2\/types\/page"}],"author":[{"embeddable":true,"href":"https:\/\/alameda.institute\/pt\/wp-json\/wp\/v2\/users\/1"}],"replies":[{"embeddable":true,"href":"https:\/\/alameda.institute\/pt\/wp-json\/wp\/v2\/comments?post=954"}],"version-history":[{"count":0,"href":"https:\/\/alameda.institute\/pt\/wp-json\/wp\/v2\/pages\/954\/revisions"}],"wp:attachment":[{"href":"https:\/\/alameda.institute\/pt\/wp-json\/wp\/v2\/media?parent=954"}],"curies":[{"name":"wp","href":"https:\/\/api.w.org\/{rel}","templated":true}]}}