{"id":9791,"date":"2025-02-13T18:52:29","date_gmt":"2025-02-13T18:52:29","guid":{"rendered":"https:\/\/alameda.institute\/?page_id=9791"},"modified":"2025-06-20T10:51:07","modified_gmt":"2025-06-20T10:51:07","slug":"feedback-da-conferencia-pos-pedido","status":"publish","type":"page","link":"https:\/\/alameda.institute\/pt\/research-old\/after-order-conferece-feedback\/","title":{"rendered":"Confer\u00eancia ap\u00f3s o pedido"},"content":{"rendered":"<div data-elementor-type=\"wp-page\" data-elementor-id=\"9791\" class=\"elementor elementor-9791\" data-elementor-post-type=\"page\">\n\t\t\t\t<div class=\"elementor-element elementor-element-6b165eb e-flex e-con-boxed e-con e-parent\" data-id=\"6b165eb\" data-element_type=\"container\" data-e-type=\"container\" data-settings=\"{&quot;jet_parallax_layout_list&quot;:[]}\">\n\t\t\t\t\t<div class=\"e-con-inner\">\n\t\t\t\t<div class=\"elementor-element elementor-element-bbd673c elementor-widget elementor-widget-heading\" data-id=\"bbd673c\" data-element_type=\"widget\" data-e-type=\"widget\" data-widget_type=\"heading.default\">\n\t\t\t\t<div class=\"elementor-widget-container\">\n\t\t\t\t\t<h2 class=\"elementor-heading-title elementor-size-default\">DEPOIS DA ORDEM<\/h2>\t\t\t\t<\/div>\n\t\t\t\t<\/div>\n\t\t\t\t<div class=\"elementor-element elementor-element-5fcf346 elementor-widget elementor-widget-heading\" data-id=\"5fcf346\" data-element_type=\"widget\" data-e-type=\"widget\" data-widget_type=\"heading.default\">\n\t\t\t\t<div class=\"elementor-widget-container\">\n\t\t\t\t\t<h2 class=\"elementor-heading-title elementor-size-default\"> Feedback da Reuni\u00e3o de Converg\u00eancia<\/h2>\t\t\t\t<\/div>\n\t\t\t\t<\/div>\n\t\t\t\t\t<\/div>\n\t\t\t\t<\/div>\n\t\t<div class=\"elementor-element elementor-element-1831c41 e-flex e-con-boxed e-con e-parent\" data-id=\"1831c41\" data-element_type=\"container\" data-e-type=\"container\" data-settings=\"{&quot;jet_parallax_layout_list&quot;:[]}\">\n\t\t\t\t\t<div class=\"e-con-inner\">\n\t\t\t\t<div class=\"elementor-element elementor-element-88450e4 elementor-widget elementor-widget-shortcode\" data-id=\"88450e4\" data-element_type=\"widget\" data-e-type=\"widget\" data-widget_type=\"shortcode.default\">\n\t\t\t\t<div class=\"elementor-widget-container\">\n\t\t\t\t\t\t\t<div class=\"elementor-shortcode\"><div class=\"forminator-ui forminator-custom-form forminator-custom-form-10370 forminator-design--default forminator-custom forminator_ajax\" data-forminator-render=\"0\" data-form=\"forminator-module-10370\" data-uid=\"69f2d35d654d6\"><br\/><\/div><form\r\n\t\t\t\tid=\"forminator-module-10370\"\r\n\t\t\t\tclass=\"forminator-ui forminator-custom-form forminator-custom-form-10370 forminator-design--default forminator-custom forminator_ajax\"\r\n\t\t\t\tmethod=\"post\"\r\n\t\t\t\tdata-forminator-render=\"0\"\r\n\t\t\t\tdata-form-id=\"10370\"\r\n\t\t\t\t data-color-option=\"theme\" data-design=\"default\" data-grid=\"custom\" style=\"display: none;\"\r\n\t\t\t\tdata-uid=\"69f2d35d654d6\" action=\"\"\r\n\t\t\t><div role=\"alert\" aria-live=\"polite\" class=\"forminator-response-message forminator-error\" aria-hidden=\"true\"><\/div><div class=\"forminator-row\"><div id=\"name-1\" class=\"forminator-field-name forminator-col forminator-col-6\"><div class=\"forminator-field\"><label for=\"forminator-field-name-1_69f2d35d654d6\" id=\"forminator-field-name-1_69f2d35d654d6-label\" class=\"forminator-label\">Nome <span class=\"forminator-required\">*<\/span><\/label><input type=\"text\" name=\"name-1\" value=\"\" placeholder=\"Por exemplo, John Doe\" id=\"forminator-field-name-1_69f2d35d654d6\" class=\"forminator-input forminator-name--field\" aria-required=\"true\" autocomplete=\"name\" \/><\/div><\/div><div id=\"email-1\" class=\"forminator-field-email forminator-col forminator-col-6\"><div class=\"forminator-field\"><label for=\"forminator-field-email-1_69f2d35d654d6\" id=\"forminator-field-email-1_69f2d35d654d6-label\" class=\"forminator-label\">Email <span class=\"forminator-required\">*<\/span><\/label><input type=\"email\" name=\"email-1\" value=\"\" placeholder=\"Por exemplo, john@doe.com\" id=\"forminator-field-email-1_69f2d35d654d6\" class=\"forminator-input forminator-email--field\" data-required=\"1\" aria-required=\"true\" autocomplete=\"email\" \/><\/div><\/div><\/div><div class=\"forminator-row\"><div id=\"textarea-1\" class=\"forminator-field-textarea forminator-col forminator-col-12\"><div class=\"forminator-field\"><label for=\"forminator-field-textarea-1_69f2d35d654d6\" id=\"forminator-field-textarea-1_69f2d35d654d6-label\" class=\"forminator-label\">Ap\u00f3s a sua participa\u00e7\u00e3o no workshop, voc\u00ea consegue identificar algum caminho espec\u00edfico para a colabora\u00e7\u00e3o entre a Alameda e voc\u00ea (ou sua organiza\u00e7\u00e3o)?<\/label><textarea name=\"textarea-1\" placeholder=\"Por favor, digite sua resposta aqui\" id=\"forminator-field-textarea-1_69f2d35d654d6\" class=\"forminator-textarea\" rows=\"6\" style=\"--forminator-textarea-min-height:140px;\" ><\/textarea><\/div><\/div><\/div><div class=\"forminator-row\"><div id=\"textarea-2\" class=\"forminator-field-textarea forminator-col forminator-col-12\"><div class=\"forminator-field\"><label for=\"forminator-field-textarea-2_69f2d35d654d6\" id=\"forminator-field-textarea-2_69f2d35d654d6-label\" class=\"forminator-label\">Com rela\u00e7\u00e3o ao projeto After Order e seus temas centrais, voc\u00ea estaria interessado\/dispon\u00edvel para se conectar a outros elementos do projeto, como publica\u00e7\u00f5es e m\u00eddia, at\u00e9 mar\u00e7o de 2026?<\/label><textarea name=\"textarea-2\" placeholder=\"Por favor, digite sua resposta aqui\" id=\"forminator-field-textarea-2_69f2d35d654d6\" class=\"forminator-textarea\" rows=\"6\" style=\"--forminator-textarea-min-height:140px;\" ><\/textarea><\/div><\/div><\/div><div class=\"forminator-row\"><div id=\"textarea-3\" class=\"forminator-field-textarea forminator-col forminator-col-12\"><div class=\"forminator-field\"><label for=\"forminator-field-textarea-3_69f2d35d654d6\" id=\"forminator-field-textarea-3_69f2d35d654d6-label\" class=\"forminator-label\">H\u00e1 pessoas com as quais voc\u00ea sugere que nos conectemos \u00e0 medida que avan\u00e7amos em um programa de pesquisa baseado nos t\u00f3picos discutidos no workshop? Em caso afirmativo, poderia citar alguns nomes?<\/label><textarea name=\"textarea-3\" placeholder=\"Por favor, digite sua resposta aqui\" id=\"forminator-field-textarea-3_69f2d35d654d6\" class=\"forminator-textarea\" rows=\"6\" style=\"--forminator-textarea-min-height:140px;\" ><\/textarea><\/div><\/div><\/div><div class=\"forminator-row\"><div id=\"textarea-4\" class=\"forminator-field-textarea forminator-col forminator-col-12\"><div class=\"forminator-field\"><label for=\"forminator-field-textarea-4_69f2d35d654d6\" id=\"forminator-field-textarea-4_69f2d35d654d6-label\" class=\"forminator-label\">Voc\u00ea gostaria de fazer algum coment\u00e1rio sobre o formato, a organiza\u00e7\u00e3o ou o conte\u00fado do Workshop?<\/label><textarea name=\"textarea-4\" placeholder=\"Por favor, digite sua resposta aqui\" id=\"forminator-field-textarea-4_69f2d35d654d6\" class=\"forminator-textarea\" rows=\"6\" style=\"--forminator-textarea-min-height:140px;\" ><\/textarea><\/div><\/div><\/div><input type=\"hidden\" name=\"referer_url\" value=\"\" \/><div class=\"forminator-row forminator-row-last\"><div class=\"forminator-col\"><div class=\"forminator-field\"><button class=\"forminator-button forminator-button-submit\">Enviar coment\u00e1rios - Voc\u00ea ser\u00e1 redirecionado para uma unidade com as fotos do evento.<\/button><\/div><\/div><\/div><input type=\"hidden\" id=\"forminator_nonce\" name=\"forminator_nonce\" value=\"67baaf25f2\" \/><input type=\"hidden\" name=\"_wp_http_referer\" value=\"\/pt\/wp-json\/wp\/v2\/pages\/9791\" \/><input type=\"hidden\" name=\"form_id\" value=\"10370\"><input type=\"hidden\" name=\"page_id\" value=\"9791\"><input type=\"hidden\" name=\"form_type\" value=\"default\"><input type=\"hidden\" name=\"current_url\" value=\"https:\/\/alameda.institute\/pt\/research-old\/after-order-conferece-feedback\/\"><input type=\"hidden\" name=\"render_id\" value=\"0\"><input type=\"hidden\" name=\"action\" value=\"forminator_submit_form_custom-forms\"><input type=\"hidden\" name=\"trp-form-language\" value=\"pt\"\/><\/form> <\/div>\n\t\t\t\t\t\t<\/div>\n\t\t\t\t<\/div>\n\t\t\t\t\t<\/div>\n\t\t\t\t<\/div>\n\t\t\t\t<\/div>","protected":false},"excerpt":{"rendered":"<p>Feedback da Reuni\u00e3o de Converg\u00eancia AP\u00d3S O PEDIDO<\/p>","protected":false},"author":1,"featured_media":0,"parent":287,"menu_order":0,"comment_status":"closed","ping_status":"closed","template":"","meta":{"footnotes":""},"class_list":["post-9791","page","type-page","status-publish","hentry"],"_links":{"self":[{"href":"https:\/\/alameda.institute\/pt\/wp-json\/wp\/v2\/pages\/9791","targetHints":{"allow":["GET"]}}],"collection":[{"href":"https:\/\/alameda.institute\/pt\/wp-json\/wp\/v2\/pages"}],"about":[{"href":"https:\/\/alameda.institute\/pt\/wp-json\/wp\/v2\/types\/page"}],"author":[{"embeddable":true,"href":"https:\/\/alameda.institute\/pt\/wp-json\/wp\/v2\/users\/1"}],"replies":[{"embeddable":true,"href":"https:\/\/alameda.institute\/pt\/wp-json\/wp\/v2\/comments?post=9791"}],"version-history":[{"count":20,"href":"https:\/\/alameda.institute\/pt\/wp-json\/wp\/v2\/pages\/9791\/revisions"}],"predecessor-version":[{"id":10379,"href":"https:\/\/alameda.institute\/pt\/wp-json\/wp\/v2\/pages\/9791\/revisions\/10379"}],"up":[{"embeddable":true,"href":"https:\/\/alameda.institute\/pt\/wp-json\/wp\/v2\/pages\/287"}],"wp:attachment":[{"href":"https:\/\/alameda.institute\/pt\/wp-json\/wp\/v2\/media?parent=9791"}],"curies":[{"name":"wp","href":"https:\/\/api.w.org\/{rel}","templated":true}]}}